


{"id":551,"date":"2023-06-01T13:42:19","date_gmt":"2023-06-01T11:42:19","guid":{"rendered":"https:\/\/spacewell.com\/juridik\/cookiepolicy\/"},"modified":"2023-10-25T09:01:48","modified_gmt":"2023-10-25T07:01:48","slug":"cookiepolicy","status":"publish","type":"page","link":"https:\/\/spacewell.com\/sv\/juridik\/cookiepolicy\/","title":{"rendered":"Cookiepolicy"},"content":{"rendered":"<div class=\"gb-container gb-container-be2333f1 gb-container-5731d80c\">\n\n<h1 class=\"gb-headline gb-headline-f12419ca gb-headline-text\">Cookiepolicy<\/h1>\n\n\n\n<p>Datum f\u00f6r ikrafttr\u00e4dande: 21 maj 2018<\/p>\n\n<\/div><div class=\"gb-container gb-container-33963922 gb-container-5731d80c\">\n\n<button type=\"button\" id=\"hs_show_banner_button\" style=\"  display: inline-flex; flex-direction: row; align-items: center; justify-content: center; text-align: center; font-size: 16px; font-weight: 600; padding: 15px 20px; border-radius: 4px; border: 1px solid var(--accent); background-color: var(--accent); color: #ffffff; margin-bottom: 32px;\" onclick=\"(function(){ var _hsp = window._hsp = window._hsp || []; _hsp.push(['showBanner']); })()\">\n Uppdatera mina cookie-inst\u00e4llningar\n<\/button>\n\n\n\n<p>P\u00e5 Spacewell tror vi p\u00e5 transparens n\u00e4r det g\u00e4ller att skydda dina personuppgifter. Genom cookiepolicyn ger vi dig detaljerad information om hur och n\u00e4r vi anv\u00e4nder cookies, vilka sorters cookies och tekniker vi anv\u00e4nder och hur allt detta till\u00e4mpas p\u00e5 Spacewells hemsida. D\u00e5 vi str\u00e4var efter att h\u00e5lla oss aktuella med den senaste dataskyddstekniken och dataskyddslagstiftningen s\u00e5 kan vi komma att justera v\u00e5r cookiepolicy med tiden. Se datumet f\u00f6r ikrafttr\u00e4dande h\u00f6gst upp p\u00e5 sidan f\u00f6r att se n\u00e4r cookiepolicyn senast \u00e4ndrades.<\/p>\n\n\n\n<h2 class=\"gb-headline gb-headline-ee582b71 gb-headline-text\">Tack f\u00f6r den fina introduktionen, men vad \u00e4r cookies egentligen?<\/h2>\n\n\n\n<p>Cookies, eller kakor, \u00e4r sm\u00e5 filer som lagras i en anv\u00e4ndares dator. De \u00e4r utformade f\u00f6r att inneh\u00e5lla sm\u00e5 m\u00e4ngder data som \u00e4r specifika f\u00f6r en klient och hemsidan, och de kan n\u00e5s antingen via webbservern eller klientdatorn. Varje cookie \u00e4r i princip en liten s\u00f6ktabell som inneh\u00e5ller dataparv\u00e4rden (nyckel, data) \u2013 till exempel (f\u00f6rnamn Lars) (efternamn Johansson). N\u00e4r cookien har l\u00e4sts av koden p\u00e5 servern eller klientdatorn, s\u00e5 kan dess data h\u00e4mtas in och anv\u00e4ndas f\u00f6r att anpassa hemsidan p\u00e5 ett l\u00e4mpligt vis.<\/p>\n\n\n\n<h2 class=\"gb-headline gb-headline-b3c0e4f0 gb-headline-text\">Ok, s\u00e5 en cookie \u00e4r inget mer \u00e4n liten bit data som ni lagrar i min enhet. Men varf\u00f6r skulle ni vilja g\u00f6ra det, och varf\u00f6r skulle jag vilja det?<\/h2>\n\n\n\n<p>Vi anv\u00e4nder cookies f\u00f6r att exempelvis g\u00f6ra v\u00e5r hemsida mer anv\u00e4ndarv\u00e4nlig genom att skr\u00e4ddarsy den efter dina \u00f6nskem\u00e5l och preferenser. Med cookies kan vi exempelvis komma ih\u00e5g vilket spr\u00e5k du f\u00f6redrar. P\u00e5 s\u00e5 vis beh\u00f6ver du inte, n\u00e4r du bes\u00f6ker hemsidan i framtiden, tala om igen f\u00f6r oss vilket spr\u00e5k du f\u00f6redrar, och du f\u00e5r en b\u00e4ttre upplevelse.<\/p>\n\n\n\n<p>Vi anv\u00e4nder ocks\u00e5 cookies f\u00f6r att samla in information om hur du anv\u00e4nder v\u00e5r hemsida. Vi sp\u00e5rar antalet bes\u00f6kare, vilka sidor som \u00e4r popul\u00e4ra och hur l\u00e5ng tid bes\u00f6kare stannar p\u00e5 en sida. Utifr\u00e5n hur bes\u00f6karna beter sig p\u00e5 hemsidan s\u00e5 kan vi optimera och personanpassa anv\u00e4ndarens upplevelser. Utifr\u00e5n hur bes\u00f6karna beter sig p\u00e5 hemsidan s\u00e5 kan vi optimera och personanpassa anv\u00e4ndarens upplevelser. Det finns alla m\u00f6jliga slags cookies, och de kan klassificeras efter funktion, ursprung och livsl\u00e4ngd. F\u00f6r en fullst\u00e4ndig \u00f6verblick \u00f6ver de olika cookie-typerna kan du g\u00e5 till http:\/\/www.allaboutcookies.org.<\/p>\n\n\n\n<h2 class=\"gb-headline gb-headline-1f347003 gb-headline-text\">Jag f\u00f6rst\u00e5r tanken med cookies, men jag vill \u00e4nd\u00e5 att ni talar om exakt vilka cookies ni kommer lagra p\u00e5 min dator.<\/h2>\n\n\n\n<h3 class=\"gb-headline gb-headline-0f800802 gb-headline-text\">Viktiga cookies<\/h3>\n\n\n\n<p>Det h\u00e4r \u00e4r cookies du inte vill vara utan. De beh\u00f6vs f\u00f6r att driva v\u00e5r webbplats och s\u00e5 att du kan ta dig runt p\u00e5 hemsidan och anv\u00e4nda funktionerna d\u00e4r. Det kan bland annat vara cookies som g\u00f6r att du kan logga in p\u00e5 skyddade delar av webbplatsen. Utan dessa cookies kan inte webbplatsen fungera helt som den ska.<\/p>\n\n\n\n<figure class=\"wp-block-table\"><table><tbody><tr><td><strong>Namn p\u00e5 cookien<\/strong><\/td><td><strong>Varf\u00f6r placerar vi ut den h\u00e4r cookien?<\/strong><\/td><td><strong>N\u00e4r utg\u00e5r cookien?<\/strong><\/td><td><strong>Cookie fr\u00e5n f\u00f6rsta eller tredje part?<\/strong><\/td><\/tr><tr><td>PHPSESSID (MODX)<\/td><td>F\u00f6r att lagra den inloggade anv\u00e4ndarens anv\u00e4ndarnamn och krypterade nyckel. Utan den h\u00e4r cookien kan inte en anv\u00e4ndare komma in p\u00e5 delar av hemsidan som kr\u00e4ver autentiserad \u00e5tkomst.<\/td><td>Utg\u00e5r 30 minuter efter att anv\u00e4ndarens webbl\u00e4sare st\u00e4ngts.<\/td><td>F\u00f6rsta part<\/td><\/tr><\/tbody><\/table><\/figure>\n\n\n\n<h3 class=\"gb-headline gb-headline-9d907590 gb-headline-text\">Funktionscookies<\/h3>\n\n\n\n<p>Dessa anv\u00e4nds f\u00f6r att k\u00e4nna igen dig n\u00e4r du \u00e5terv\u00e4nder till v\u00e5ra webbplatser och appar s\u00e5 att vi kan komma ih\u00e5g vilka val du gjorde n\u00e4r du anv\u00e4nde dem. Det h\u00e4r g\u00f6r att vi kan personanpassa v\u00e5rt inneh\u00e5ll till dig, vi kan h\u00e4lsa dig vid namn och komma ih\u00e5g dina preferenser (till exempel ditt val av spr\u00e5k eller region).<\/p>\n\n\n\n<p>Funktionscookies g\u00f6r det i princip l\u00e4ttare f\u00f6r v\u00e5ra webbplatser och appar att fungera och ge dig en personanpassad upplevelse. Utan dem fungerar fortfarande hemsidan, men den kommer inte vara lika personligt anpassad och kommer inte vara lika smidig.<\/p>\n\n\n\n<figure class=\"wp-block-table\"><table><tbody><tr><td><strong>Namn p\u00e5 cookien<\/strong><\/td><td><strong>Varf\u00f6r placerar vi ut den h\u00e4r cookien?<\/strong><\/td><td><strong>N\u00e4r utg\u00e5r cookien?<\/strong><\/td><td><strong>Cookie fr\u00e5n f\u00f6rsta eller tredje part?<\/strong><\/td><\/tr><tr><td>_icl_current_language<\/td><td>F\u00f6r att komma ih\u00e5g vilket spr\u00e5k du f\u00f6redrar<\/td><td>Utg\u00e5r efter 2 \u00e5r<\/td><td>F\u00f6rsta part<\/td><\/tr><tr><td>euCookie<\/td><td>F\u00f6r att visa f\u00f6rstag\u00e5ngsbes\u00f6karen att v\u00e5r hemsida anv\u00e4nder sig av cookies<\/td><td>Utg\u00e5r efter 1 \u00e5r<\/td><td>F\u00f6rsta part<\/td><\/tr><\/tbody><\/table><\/figure>\n\n\n\n<h3 class=\"gb-headline gb-headline-fd2bf865 gb-headline-text\">Cookies f\u00f6r sociala medier<\/h3>\n\n\n\n<p>Om du anv\u00e4nder m\u00f6jligheten att dela inneh\u00e5ll fr\u00e5n v\u00e5r hemsida via v\u00e5ra sociala knappar (t.ex. Facebook, Twitter, LinkedIn, YouTube m.m.) s\u00e5 beh\u00f6ver du k\u00e4nna till att de webbplatserna sannolikt samlar in information om dina aktiviteter online. Detta har inte vi n\u00e5gon kontroll \u00f6ver. Informationen de samlar in lagras anonymt. Informationen skickas av och till Twitter, Facebook, YouTube och LinkedIn p\u00e5 servrar som befinner sig i Storbritannien. En l\u00e4mplig skyddsniv\u00e5 f\u00f6r hur alla eventuella personuppgifter anv\u00e4nds till\u00e4mpas.<\/p>\n\n\n\n<p>Vi f\u00f6resl\u00e5r att du kontrollerar integritetspolicyn hos dessa webbplatser fr\u00e5n tredje part f\u00f6r mer information om hur de anv\u00e4nder din information och\/eller hur du kan v\u00e4lja bort eller radera s\u00e5dan information.<\/p>\n\n\n\n<figure class=\"wp-block-table\"><table><tbody><tr><td><strong>Namn p\u00e5 cookien<\/strong><\/td><td><strong>Varf\u00f6r placerar vi ut den h\u00e4r cookien?<\/strong><\/td><td><strong>N\u00e4r utg\u00e5r cookien?<\/strong><\/td><td><strong>Cookie fr\u00e5n f\u00f6rsta eller tredje part?<\/strong><\/td><\/tr><tr><td>__stid<\/td><td>V\u00e5r hemsida anv\u00e4nder ett till\u00e4gg fr\u00e5n ShareThis som g\u00f6r det enkelt och snabbt att dela v\u00e5rt inneh\u00e5ll i sociala n\u00e4tverk.<\/td><td>Utg\u00e5r efter 1 \u00e5r<\/td><td>Tredje part<\/td><\/tr><tr><td>__unam<\/td><td>Den h\u00e4r cookien kommer ocks\u00e5 fr\u00e5n ShareThis; den \u00f6vervakar klickstr\u00f6mmen, som hur mycket tid som tillbringas p\u00e5 sidan.<\/td><td>Utg\u00e5r efter 9 m\u00e5nader<\/td><td>Tredje part<\/td><\/tr><tr><td>wd<\/td><td>Den h\u00e4r cookien kommer fr\u00e5n <a href=\"https:\/\/www.facebook.com\/policies\/cookies\/\" target=\"_blank\" rel=\"noreferrer noopener\">Facebook<\/a> och den sp\u00e5rar medlemmar\/icke-medlemmar p\u00e5 sociala medier f\u00f6r beteenderelaterad annonsering, analyser och marknadsunders\u00f6kning.<\/td><td>Slutet p\u00e5 sessionen<\/td><td>Tredje part<\/td><\/tr><tr><td>fr<\/td><td>Den h\u00e4r cookien kommer fr\u00e5n <a href=\"https:\/\/www.facebook.com\/policies\/cookies\/\" target=\"_blank\" rel=\"noreferrer noopener\">Facebook<\/a> och den sp\u00e5rar medlemmar\/icke-medlemmar p\u00e5 sociala medier f\u00f6r beteenderelaterad annonsering, analyser och marknadsunders\u00f6kning.<\/td><td>Utg\u00e5r efter 2 m\u00e5nader<\/td><td>Tredje part<\/td><\/tr><\/tbody><\/table><\/figure>\n\n\n\n<h3 class=\"gb-headline gb-headline-f6284111 gb-headline-text\">Analysrelaterade cookies<\/h3>\n\n\n\n<p>Dessa cookies samlar in information om hur v\u00e5ra hemsidor anv\u00e4nds, som exempelvis antalet bes\u00f6kare, vilka sidor som \u00e4r popul\u00e4ra och hur l\u00e5ng tid anv\u00e4ndare stannar p\u00e5 en viss sida. Baserat p\u00e5 v\u00e5ra anv\u00e4ndares beteenden kan vi f\u00f6rb\u00e4ttra hur v\u00e5ra hemsidor och appar fungerar, till exempel genom att s\u00e4kerst\u00e4lla att anv\u00e4ndare enkelt hittar det de s\u00f6ker efter. Vi f\u00f6rlitar oss ocks\u00e5 p\u00e5 cookies fr\u00e5n tredje part s\u00e5 som:<\/p>\n\n\n\n<figure class=\"wp-block-table\"><table><tbody><tr><td><strong>Namn p\u00e5 cookien<\/strong><\/td><td><strong>Redskap<\/strong><\/td><td><strong>Varf\u00f6r placerar vi ut den h\u00e4r cookien?<\/strong><\/td><td><strong>N\u00e4r utg\u00e5r cookien?<\/strong><\/td><td><strong>Cookie fr\u00e5n f\u00f6rsta eller tredje part?<\/strong><\/td><\/tr><tr><td>_ga<\/td><td>Google analytics<\/td><td>Sp\u00e5rning av webbtrafik<\/td><td>Utg\u00e5r efter 2 \u00e5r<\/td><td>Tredje part<\/td><\/tr><tr><td>_gid<\/td><td>Google analytics<\/td><td>Sp\u00e5rning av webbtrafik<\/td><td>Utg\u00e5r efter 2 \u00e5r<\/td><td>Tredje part<\/td><\/tr><tr><td>_dc_gtm_ua<\/td><td>Google analytics<\/td><td>Sp\u00e5rning av webbtrafik<\/td><td>Utg\u00e5r efter 2 \u00e5r<\/td><td>Tredje part<\/td><\/tr><\/tbody><\/table><\/figure>\n\n\n\n<h3 class=\"gb-headline gb-headline-7a4d9c64 gb-headline-text\">Marknadsf\u00f6ringscookies<\/h3>\n\n\n\n<p>Dessa cookies anv\u00e4nds i marknadsf\u00f6ringssyften. De registrerar ditt bes\u00f6k p\u00e5 v\u00e5r webbplats, vilka sidor du bes\u00f6ker och vilka l\u00e4nkar du klickat p\u00e5. Med hj\u00e4lp av dessa cookies kan vi skicka inneh\u00e5ll eller f\u00f6rfr\u00e5gningar till dig som \u00e4r mer relevanta f\u00f6r dina intressen.<\/p>\n\n\n\n<figure class=\"wp-block-table\"><table><tbody><tr><td><strong>Namn p\u00e5 cookien<\/strong><\/td><td><strong>Redskap<\/strong><\/td><td><strong>Varf\u00f6r placerar vi ut den h\u00e4r cookien?<\/strong><\/td><td><strong>N\u00e4r utg\u00e5r cookien?<\/strong><\/td><td><strong>Cookie fr\u00e5n f\u00f6rsta eller tredje part?<\/strong><\/td><\/tr><tr><td>__hs_cookie_cat_pref<\/td><td>Hubspot<\/td><td>Denna cookie anv\u00e4nds f\u00f6r att registrera de kategorier som en bes\u00f6kare har samtyckt till.<\/td><td>Den upph\u00f6r att g\u00e4lla efter 6 m\u00e5nader.<\/td><td>Tredje part<\/td><\/tr><tr><td>__cf_bm<\/td><td>Hubspot<\/td><td>Denna cookie st\u00e4lls in av HubSpots CDN-leverant\u00f6r och \u00e4r en n\u00f6dv\u00e4ndig cookie f\u00f6r botskydd.<\/td><td>Den upph\u00f6r att g\u00e4lla om 30 minuter.<\/td><td>Tredje part<\/td><\/tr><tr><td>__hstc<\/td><td>Hubspot<\/td><td>Den viktigaste cookien f\u00f6r att sp\u00e5ra bes\u00f6kare.<\/td><td>Den upph\u00f6r att g\u00e4lla efter 6 m\u00e5nader.<\/td><td>Tredje part<\/td><\/tr><tr><td>hubspotutk<\/td><td>Hubspot<\/td><td>Denna cookie h\u00e5ller reda p\u00e5 en bes\u00f6kares identitet. Den skickas till HubSpot n\u00e4r formul\u00e4ret skickas in och anv\u00e4nds vid deduplicering av kontakter. <\/td><td>Den upph\u00f6r att g\u00e4lla efter 6 m\u00e5nader.<\/td><td>Tredje part<\/td><\/tr><tr><td>__hssc<\/td><td>Hubspot<\/td><td>Denna cookie h\u00e5ller reda p\u00e5 sessioner.<\/td><td>Den upph\u00f6r att g\u00e4lla efter 6 m\u00e5nader.<\/td><td>Tredje part<\/td><\/tr><tr><td>__hssrc<\/td><td>Hubspot<\/td><td>N\u00e4r HubSpot \u00e4ndrar sessionscookien st\u00e4lls \u00e4ven denna cookie in f\u00f6r att avg\u00f6ra om bes\u00f6karen har startat om sin webbl\u00e4sare.<\/td><td>Expires at the end of the session.<\/td><td>Tredje part<\/td><\/tr><\/tbody><\/table><\/figure>\n\n\n\n<h3 class=\"gb-headline gb-headline-caf69558 gb-headline-text\">Okej, jag \u00e4r med. Ber\u00e4tta nu f\u00f6r mig hur jag godk\u00e4nner cookies.<\/h3>\n\n\n\n<p>Du kan v\u00e4lja att godk\u00e4nna cookies genom v\u00e5r cookieruta eller via inst\u00e4llningarna i din webbl\u00e4sare. Om du v\u00e4ljer att inaktivera den h\u00e4r funktionen kanske du inte kan anv\u00e4nda v\u00e5r webbplats p\u00e5 ett optimalt s\u00e4tt. F\u00f6r att se om din webbl\u00e4sare till\u00e5ter cookies kan du g\u00e5 till Cookie checker. Den h\u00e4r sidan kommer f\u00f6rs\u00f6ka skapa en cookie och talar sedan om ifall det lyckades eller inte.<\/p>\n\n\n\n<h3 class=\"gb-headline gb-headline-cd87fe70 gb-headline-text\">Jag har \u00e4ndrat mig. Hur inaktiverar jag cookies?<\/h3>\n\n\n\n<p>Du kan inaktivera cookies fr\u00e5n v\u00e5r hemsida n\u00e4r du vill. H\u00e4r f\u00f6rklarar vi hur du kan inaktivera eller ta bort cookies: <a href=\"http:\/\/www.allaboutcookies.org\">http:\/\/www.allaboutcookies.org<\/a> eller <a href=\"http:\/\/aboutcookies.org\">http:\/\/aboutcookies.org<\/a>. Observera att n\u00e4r cookies \u00e4r inaktiverade s\u00e5 kanske inte hemsidan eller vissa element i den fungerar optimalt.<\/p>\n\n\n\n<h3 class=\"gb-headline gb-headline-71b2e4b3 gb-headline-text\">Jag skulle vilja veta mer\u2026<\/h3>\n\n\n\n<p>Om du har fr\u00e5gor vad g\u00e4ller v\u00e5r cookiepolicy kan du ta kontakt med oss via e-post p\u00e5 <a href=\"mailto:dataprotection@spacewell.com\">dataprotection@spacewell.com<\/a><\/p>\n\n<\/div>","protected":false},"excerpt":{"rendered":"<p>Cookiepolicy Datum f\u00f6r ikrafttr\u00e4dande: 21 maj 2018 Uppdatera mina cookie-inst\u00e4llningar P\u00e5 Spacewell tror vi p\u00e5 transparens n\u00e4r det g\u00e4ller att skydda dina personuppgifter. Genom cookiepolicyn ger vi dig detaljerad information om hur och n\u00e4r vi anv\u00e4nder cookies, vilka sorters cookies och tekniker vi anv\u00e4nder och hur allt detta till\u00e4mpas p\u00e5 Spacewells hemsida. D\u00e5 vi str\u00e4var &#8230; <a title=\"Cookiepolicy\" class=\"read-more\" href=\"https:\/\/spacewell.com\/sv\/juridik\/cookiepolicy\/\" aria-label=\"L\u00e4s mer om Cookiepolicy\">L\u00e4s mer<\/a><\/p>\n","protected":false},"author":29,"featured_media":23747,"parent":527,"menu_order":0,"comment_status":"closed","ping_status":"closed","template":"","meta":{"_acf_changed":false,"footnotes":""},"class_list":{"0":"post-551","1":"page","2":"type-page","3":"status-publish","4":"has-post-thumbnail","6":"no-featured-image-padding"},"acf":[],"yoast_head":"<!-- This site is optimized with the Yoast SEO Premium plugin v26.0 (Yoast SEO v27.4) - https:\/\/yoast.com\/product\/yoast-seo-premium-wordpress\/ -->\n<title>Cookiepolicy - Spacewell | A Nemetschek Company<\/title>\n<meta name=\"description\" content=\"Genom cookiepolicyn ger vi dig information om hur och n\u00e4r vi anv\u00e4nder cookies, vilka sorters cookies och tekniker vi anv\u00e4nder och hur allt detta till\u00e4mpas p\u00e5 Spacewells hemsida.\" \/>\n<meta name=\"robots\" content=\"index, follow, max-snippet:-1, max-image-preview:large, max-video-preview:-1\" \/>\n<link rel=\"canonical\" href=\"https:\/\/spacewell.com\/sv\/juridik\/cookiepolicy\/\" \/>\n<meta property=\"og:locale\" content=\"sv_SE\" \/>\n<meta property=\"og:type\" content=\"article\" \/>\n<meta property=\"og:title\" content=\"Cookiepolicy\" \/>\n<meta property=\"og:description\" content=\"Genom cookiepolicyn ger vi dig information om hur och n\u00e4r vi anv\u00e4nder cookies, vilka sorters cookies och tekniker vi anv\u00e4nder och hur allt detta till\u00e4mpas p\u00e5 Spacewells hemsida.\" \/>\n<meta property=\"og:url\" content=\"https:\/\/spacewell.com\/sv\/juridik\/cookiepolicy\/\" \/>\n<meta property=\"og:site_name\" content=\"Spacewell | A Nemetschek Company\" \/>\n<meta property=\"article:publisher\" content=\"https:\/\/www.facebook.com\/SpacewellHQ\" \/>\n<meta property=\"article:modified_time\" content=\"2023-10-25T07:01:48+00:00\" \/>\n<meta property=\"og:image\" content=\"https:\/\/spacewell.com\/wp-content\/uploads\/2023\/10\/open-meeting-space-1200x630-1.png\" \/>\n\t<meta property=\"og:image:width\" content=\"1200\" \/>\n\t<meta property=\"og:image:height\" content=\"630\" \/>\n\t<meta property=\"og:image:type\" content=\"image\/png\" \/>\n<meta name=\"twitter:card\" content=\"summary_large_image\" \/>\n<meta name=\"twitter:site\" content=\"@Spacewell_HQ\" \/>\n<meta name=\"twitter:label1\" content=\"Ber\u00e4knad l\u00e4stid\" \/>\n\t<meta name=\"twitter:data1\" content=\"8 minuter\" \/>\n<script type=\"application\/ld+json\" class=\"yoast-schema-graph\">{\"@context\":\"https:\\\/\\\/schema.org\",\"@graph\":[{\"@type\":\"WebPage\",\"@id\":\"https:\\\/\\\/spacewell.com\\\/sv\\\/juridik\\\/cookiepolicy\\\/\",\"url\":\"https:\\\/\\\/spacewell.com\\\/sv\\\/juridik\\\/cookiepolicy\\\/\",\"name\":\"Cookiepolicy - Spacewell | A Nemetschek Company\",\"isPartOf\":{\"@id\":\"https:\\\/\\\/spacewell.com\\\/sv\\\/#website\"},\"primaryImageOfPage\":{\"@id\":\"https:\\\/\\\/spacewell.com\\\/sv\\\/juridik\\\/cookiepolicy\\\/#primaryimage\"},\"image\":{\"@id\":\"https:\\\/\\\/spacewell.com\\\/sv\\\/juridik\\\/cookiepolicy\\\/#primaryimage\"},\"thumbnailUrl\":\"https:\\\/\\\/spacewell.com\\\/wp-content\\\/uploads\\\/2023\\\/10\\\/open-meeting-space-1200x630-1.png\",\"datePublished\":\"2023-06-01T11:42:19+00:00\",\"dateModified\":\"2023-10-25T07:01:48+00:00\",\"description\":\"Genom cookiepolicyn ger vi dig information om hur och n\u00e4r vi anv\u00e4nder cookies, vilka sorters cookies och tekniker vi anv\u00e4nder och hur allt detta till\u00e4mpas p\u00e5 Spacewells hemsida.\",\"breadcrumb\":{\"@id\":\"https:\\\/\\\/spacewell.com\\\/sv\\\/juridik\\\/cookiepolicy\\\/#breadcrumb\"},\"inLanguage\":\"sv-SE\",\"potentialAction\":[{\"@type\":\"ReadAction\",\"target\":[\"https:\\\/\\\/spacewell.com\\\/sv\\\/juridik\\\/cookiepolicy\\\/\"]}]},{\"@type\":\"ImageObject\",\"inLanguage\":\"sv-SE\",\"@id\":\"https:\\\/\\\/spacewell.com\\\/sv\\\/juridik\\\/cookiepolicy\\\/#primaryimage\",\"url\":\"https:\\\/\\\/spacewell.com\\\/wp-content\\\/uploads\\\/2023\\\/10\\\/open-meeting-space-1200x630-1.png\",\"contentUrl\":\"https:\\\/\\\/spacewell.com\\\/wp-content\\\/uploads\\\/2023\\\/10\\\/open-meeting-space-1200x630-1.png\",\"width\":1200,\"height\":630,\"caption\":\"\u00d6ppen m\u00f6tesplats med m\u00e4nniskor som sitter och g\u00e5r f\u00f6rbi\"},{\"@type\":\"BreadcrumbList\",\"@id\":\"https:\\\/\\\/spacewell.com\\\/sv\\\/juridik\\\/cookiepolicy\\\/#breadcrumb\",\"itemListElement\":[{\"@type\":\"ListItem\",\"position\":1,\"name\":\"Home\",\"item\":\"https:\\\/\\\/spacewell.com\\\/sv\\\/\"},{\"@type\":\"ListItem\",\"position\":2,\"name\":\"Juridik\",\"item\":\"https:\\\/\\\/spacewell.com\\\/sv\\\/legal\\\/\"},{\"@type\":\"ListItem\",\"position\":3,\"name\":\"Cookiepolicy\"}]},{\"@type\":\"WebSite\",\"@id\":\"https:\\\/\\\/spacewell.com\\\/sv\\\/#website\",\"url\":\"https:\\\/\\\/spacewell.com\\\/sv\\\/\",\"name\":\"Spacewell | A Nemetschek Company\",\"description\":\"Make buildings work for people\",\"publisher\":{\"@id\":\"https:\\\/\\\/spacewell.com\\\/sv\\\/#organization\"},\"potentialAction\":[{\"@type\":\"SearchAction\",\"target\":{\"@type\":\"EntryPoint\",\"urlTemplate\":\"https:\\\/\\\/spacewell.com\\\/sv\\\/?s={search_term_string}\"},\"query-input\":{\"@type\":\"PropertyValueSpecification\",\"valueRequired\":true,\"valueName\":\"search_term_string\"}}],\"inLanguage\":\"sv-SE\"},{\"@type\":\"Organization\",\"@id\":\"https:\\\/\\\/spacewell.com\\\/sv\\\/#organization\",\"name\":\"Spacewell | A Nemetschek Company\",\"url\":\"https:\\\/\\\/spacewell.com\\\/sv\\\/\",\"logo\":{\"@type\":\"ImageObject\",\"inLanguage\":\"sv-SE\",\"@id\":\"https:\\\/\\\/spacewell.com\\\/sv\\\/#\\\/schema\\\/logo\\\/image\\\/\",\"url\":\"https:\\\/\\\/spacewell.com\\\/wp-content\\\/uploads\\\/2023\\\/05\\\/spacewell-logo-500x88-1.webp\",\"contentUrl\":\"https:\\\/\\\/spacewell.com\\\/wp-content\\\/uploads\\\/2023\\\/05\\\/spacewell-logo-500x88-1.webp\",\"width\":500,\"height\":88,\"caption\":\"Spacewell | A Nemetschek Company\"},\"image\":{\"@id\":\"https:\\\/\\\/spacewell.com\\\/sv\\\/#\\\/schema\\\/logo\\\/image\\\/\"},\"sameAs\":[\"https:\\\/\\\/www.facebook.com\\\/SpacewellHQ\",\"https:\\\/\\\/x.com\\\/Spacewell_HQ\"]}]}<\/script>\n<!-- \/ Yoast SEO Premium plugin. -->","yoast_head_json":{"title":"Cookiepolicy - Spacewell | A Nemetschek Company","description":"Genom cookiepolicyn ger vi dig information om hur och n\u00e4r vi anv\u00e4nder cookies, vilka sorters cookies och tekniker vi anv\u00e4nder och hur allt detta till\u00e4mpas p\u00e5 Spacewells hemsida.","robots":{"index":"index","follow":"follow","max-snippet":"max-snippet:-1","max-image-preview":"max-image-preview:large","max-video-preview":"max-video-preview:-1"},"canonical":"https:\/\/spacewell.com\/sv\/juridik\/cookiepolicy\/","og_locale":"sv_SE","og_type":"article","og_title":"Cookiepolicy","og_description":"Genom cookiepolicyn ger vi dig information om hur och n\u00e4r vi anv\u00e4nder cookies, vilka sorters cookies och tekniker vi anv\u00e4nder och hur allt detta till\u00e4mpas p\u00e5 Spacewells hemsida.","og_url":"https:\/\/spacewell.com\/sv\/juridik\/cookiepolicy\/","og_site_name":"Spacewell | A Nemetschek Company","article_publisher":"https:\/\/www.facebook.com\/SpacewellHQ","article_modified_time":"2023-10-25T07:01:48+00:00","og_image":[{"width":1200,"height":630,"url":"https:\/\/spacewell.com\/wp-content\/uploads\/2023\/10\/open-meeting-space-1200x630-1.png","type":"image\/png"}],"twitter_card":"summary_large_image","twitter_site":"@Spacewell_HQ","twitter_misc":{"Ber\u00e4knad l\u00e4stid":"8 minuter"},"schema":{"@context":"https:\/\/schema.org","@graph":[{"@type":"WebPage","@id":"https:\/\/spacewell.com\/sv\/juridik\/cookiepolicy\/","url":"https:\/\/spacewell.com\/sv\/juridik\/cookiepolicy\/","name":"Cookiepolicy - Spacewell | A Nemetschek Company","isPartOf":{"@id":"https:\/\/spacewell.com\/sv\/#website"},"primaryImageOfPage":{"@id":"https:\/\/spacewell.com\/sv\/juridik\/cookiepolicy\/#primaryimage"},"image":{"@id":"https:\/\/spacewell.com\/sv\/juridik\/cookiepolicy\/#primaryimage"},"thumbnailUrl":"https:\/\/spacewell.com\/wp-content\/uploads\/2023\/10\/open-meeting-space-1200x630-1.png","datePublished":"2023-06-01T11:42:19+00:00","dateModified":"2023-10-25T07:01:48+00:00","description":"Genom cookiepolicyn ger vi dig information om hur och n\u00e4r vi anv\u00e4nder cookies, vilka sorters cookies och tekniker vi anv\u00e4nder och hur allt detta till\u00e4mpas p\u00e5 Spacewells hemsida.","breadcrumb":{"@id":"https:\/\/spacewell.com\/sv\/juridik\/cookiepolicy\/#breadcrumb"},"inLanguage":"sv-SE","potentialAction":[{"@type":"ReadAction","target":["https:\/\/spacewell.com\/sv\/juridik\/cookiepolicy\/"]}]},{"@type":"ImageObject","inLanguage":"sv-SE","@id":"https:\/\/spacewell.com\/sv\/juridik\/cookiepolicy\/#primaryimage","url":"https:\/\/spacewell.com\/wp-content\/uploads\/2023\/10\/open-meeting-space-1200x630-1.png","contentUrl":"https:\/\/spacewell.com\/wp-content\/uploads\/2023\/10\/open-meeting-space-1200x630-1.png","width":1200,"height":630,"caption":"\u00d6ppen m\u00f6tesplats med m\u00e4nniskor som sitter och g\u00e5r f\u00f6rbi"},{"@type":"BreadcrumbList","@id":"https:\/\/spacewell.com\/sv\/juridik\/cookiepolicy\/#breadcrumb","itemListElement":[{"@type":"ListItem","position":1,"name":"Home","item":"https:\/\/spacewell.com\/sv\/"},{"@type":"ListItem","position":2,"name":"Juridik","item":"https:\/\/spacewell.com\/sv\/legal\/"},{"@type":"ListItem","position":3,"name":"Cookiepolicy"}]},{"@type":"WebSite","@id":"https:\/\/spacewell.com\/sv\/#website","url":"https:\/\/spacewell.com\/sv\/","name":"Spacewell | A Nemetschek Company","description":"Make buildings work for people","publisher":{"@id":"https:\/\/spacewell.com\/sv\/#organization"},"potentialAction":[{"@type":"SearchAction","target":{"@type":"EntryPoint","urlTemplate":"https:\/\/spacewell.com\/sv\/?s={search_term_string}"},"query-input":{"@type":"PropertyValueSpecification","valueRequired":true,"valueName":"search_term_string"}}],"inLanguage":"sv-SE"},{"@type":"Organization","@id":"https:\/\/spacewell.com\/sv\/#organization","name":"Spacewell | A Nemetschek Company","url":"https:\/\/spacewell.com\/sv\/","logo":{"@type":"ImageObject","inLanguage":"sv-SE","@id":"https:\/\/spacewell.com\/sv\/#\/schema\/logo\/image\/","url":"https:\/\/spacewell.com\/wp-content\/uploads\/2023\/05\/spacewell-logo-500x88-1.webp","contentUrl":"https:\/\/spacewell.com\/wp-content\/uploads\/2023\/05\/spacewell-logo-500x88-1.webp","width":500,"height":88,"caption":"Spacewell | A Nemetschek Company"},"image":{"@id":"https:\/\/spacewell.com\/sv\/#\/schema\/logo\/image\/"},"sameAs":["https:\/\/www.facebook.com\/SpacewellHQ","https:\/\/x.com\/Spacewell_HQ"]}]}},"_links":{"self":[{"href":"https:\/\/spacewell.com\/sv\/wp-json\/wp\/v2\/pages\/551","targetHints":{"allow":["GET"]}}],"collection":[{"href":"https:\/\/spacewell.com\/sv\/wp-json\/wp\/v2\/pages"}],"about":[{"href":"https:\/\/spacewell.com\/sv\/wp-json\/wp\/v2\/types\/page"}],"author":[{"embeddable":true,"href":"https:\/\/spacewell.com\/sv\/wp-json\/wp\/v2\/users\/29"}],"replies":[{"embeddable":true,"href":"https:\/\/spacewell.com\/sv\/wp-json\/wp\/v2\/comments?post=551"}],"version-history":[{"count":0,"href":"https:\/\/spacewell.com\/sv\/wp-json\/wp\/v2\/pages\/551\/revisions"}],"up":[{"embeddable":true,"href":"https:\/\/spacewell.com\/sv\/wp-json\/wp\/v2\/pages\/527"}],"wp:featuredmedia":[{"embeddable":true,"href":"https:\/\/spacewell.com\/sv\/wp-json\/wp\/v2\/media\/23747"}],"wp:attachment":[{"href":"https:\/\/spacewell.com\/sv\/wp-json\/wp\/v2\/media?parent=551"}],"curies":[{"name":"wp","href":"https:\/\/api.w.org\/{rel}","templated":true}]}}