


{"id":48620,"date":"2025-10-16T12:18:00","date_gmt":"2025-10-16T10:18:00","guid":{"rendered":"https:\/\/spacewell.com\/o-prognose\/"},"modified":"2026-03-23T15:27:11","modified_gmt":"2026-03-23T14:27:11","slug":"o-prognose","status":"publish","type":"page","link":"https:\/\/spacewell.com\/sv\/o-prognose\/","title":{"rendered":"O-Prognose \u00e4r nu en del av Spacewell"},"content":{"rendered":"\n<div class=\"wp-block-columns is-layout-flex wp-container-core-columns-is-layout-9d6595d7 wp-block-columns-is-layout-flex\">\n<div class=\"wp-block-column is-layout-flow wp-block-column-is-layout-flow\" style=\"flex-basis:100%\"><div class=\"gb-container gb-container-bf6ce8c2\"><\/div>\n\n<div class=\"gb-container gb-container-c5680ef1\">\n\n<h2 class=\"gb-headline gb-headline-0da7e5de gb-headline-text gb-headline-902a6ace\">Fr\u00e5n O-Prognose till planering av underh\u00e5ll av Spacewell<\/h2>\n\n<\/div><\/div>\n<\/div>\n\n<h2 class=\"gb-headline gb-headline-09291e12 gb-headline-text gb-headline-902a6ace\">Den betrodda stiftelsen Plandatis, nu en del av Spacewell<\/h2>\n\n<div class=\"wp-block-media-text has-media-on-the-right is-stacked-on-mobile\"><div class=\"wp-block-media-text__content\">\n<pre class=\"wp-block-preformatted\"><strong>Plandatis, som grundades 1989 i Nederl\u00e4nderna, \u00e4r en pionj\u00e4r inom programvara f\u00f6r l\u00e5ngsiktig underh\u00e5llsplanering.<\/strong><br\/><br\/>F\u00f6retagets flaggskeppsprodukt, O-Prognose, s\u00e4tter standarden f\u00f6r tillf\u00f6rlitliga, datadrivna underh\u00e5llsprognoser och ger tusentals organisationer m\u00f6jlighet att planera budgetar, f\u00f6lja lagar och regler och f\u00f6rl\u00e4nga livsl\u00e4ngden p\u00e5 sina byggnader med tillf\u00f6rsikt.<br\/><br\/>Idag forts\u00e4tter O-Prognose att utvecklas fr\u00e5n ett specialistverktyg till en betrodd partner f\u00f6r organisationer inom b\u00e5de den offentliga och privata sektorn, fr\u00e5n bostadsr\u00e4ttsf\u00f6reningar till universitet och kommuner. Verktyget \u00e4r fortfarande unikt i sitt tillv\u00e4gag\u00e5ngss\u00e4tt: att \u00f6vers\u00e4tta tekniska byggnadsdata till tydliga, anv\u00e4ndbara insikter som \u00f6verbryggar klyftan mellan ingenj\u00f6rer, ekonomer och beslutsfattare. <br\/><br\/>Under 2019 ansluter sig Plandatis till <strong>Spacewell<\/strong>, en del av <strong>Nemetschek Group<\/strong>, ett av Europas ledande mjukvaruf\u00f6retag f\u00f6r den byggda milj\u00f6n. Detta \u00f6gonblick markerar b\u00f6rjan p\u00e5 ett nytt kapitel som f\u00f6renar Plandatis djupa dom\u00e4nexpertis med Spacewells bredare ekosystem f\u00f6r <strong>Asset-, Workplace- och Energy Management.<\/strong> Tillsammans forts\u00e4tter vi det uppdrag som startade f\u00f6r mer \u00e4n 30 \u00e5r sedan: att hj\u00e4lpa organisationer att f\u00e5 byggnader att fungera b\u00e4ttre, f\u00f6r m\u00e4nniskor och f\u00f6r planeten.  <\/pre>\n<\/div><figure class=\"wp-block-media-text__media\"><img loading=\"lazy\" decoding=\"async\" width=\"1024\" height=\"700\" src=\"https:\/\/spacewell.com\/wp-content\/uploads\/2025\/06\/Asset-Maintenance-Planning-Update-Adjust-Anytime-White-1024x700.webp\" alt=\"\" class=\"wp-image-34244 size-full\" srcset=\"https:\/\/spacewell.com\/wp-content\/uploads\/2025\/06\/Asset-Maintenance-Planning-Update-Adjust-Anytime-White-1024x700.webp 1024w, https:\/\/spacewell.com\/wp-content\/uploads\/2025\/06\/Asset-Maintenance-Planning-Update-Adjust-Anytime-White-500x342.webp 500w, https:\/\/spacewell.com\/wp-content\/uploads\/2025\/06\/Asset-Maintenance-Planning-Update-Adjust-Anytime-White-768x525.webp 768w, https:\/\/spacewell.com\/wp-content\/uploads\/2025\/06\/Asset-Maintenance-Planning-Update-Adjust-Anytime-White-1536x1050.webp 1536w, https:\/\/spacewell.com\/wp-content\/uploads\/2025\/06\/Asset-Maintenance-Planning-Update-Adjust-Anytime-White-2048x1399.webp 2048w\" sizes=\"auto, (max-width: 1024px) 100vw, 1024px\" \/><\/figure><\/div>\n<div class=\"gb-container gb-container-a893a51d\">\n<div class=\"gb-container gb-container-11919da1 gb-container-6bcb6de9\">\n\n<h3 class=\"gb-headline gb-headline-073914e0 gb-headline-text m-0\">Plandatis-teamet \u00e4r nu en del av Spacewell. L\u00f6sningarna finns kvar och st\u00f6ds av samma personer. F\u00e5 bredare innovation, effektiva funktioner och starkare support.  <\/h3>\n\n\n<div class=\"gb-container gb-container-5acbf036\">\n<div class=\"gb-grid-wrapper gb-grid-wrapper-2b68a45c\">\n<div class=\"gb-grid-column gb-grid-column-898fc539 gb-grid-column-6bcb6de9\"><div class=\"gb-container gb-container-898fc539 gb-container-6bcb6de9\"><\/div><\/div>\n\n<div class=\"gb-grid-column gb-grid-column-0dcfc61b gb-grid-column-6bcb6de9\"><div class=\"gb-container gb-container-0dcfc61b gb-container-6bcb6de9\">\n\n<figure class=\"gb-block-image gb-block-image-63f33936\"><img loading=\"lazy\" decoding=\"async\" width=\"501\" height=\"463\" class=\"gb-image gb-image-63f33936\" src=\"https:\/\/spacewell.com\/wp-content\/uploads\/2025\/10\/o-prognose.jpg\" alt=\"\" title=\"o-prognos\"><\/figure>\n\n<\/div><\/div>\n\n<div class=\"gb-grid-column gb-grid-column-6485170f gb-grid-column-6bcb6de9\"><div class=\"gb-container gb-container-6485170f gb-container-6bcb6de9\">\n\n<figure class=\"gb-block-image gb-block-image-7d45f25a\"><img loading=\"lazy\" decoding=\"async\" width=\"501\" height=\"463\" class=\"gb-image gb-image-7d45f25a\" src=\"https:\/\/spacewell.com\/wp-content\/uploads\/2025\/10\/Plus.png\" alt=\"\" title=\"Plus\"><\/figure>\n\n<\/div><\/div>\n\n<div class=\"gb-grid-column gb-grid-column-420d9bd9 gb-grid-column-6bcb6de9\"><div class=\"gb-container gb-container-420d9bd9 gb-container-6bcb6de9\">\n\n<figure class=\"gb-block-image gb-block-image-5766502f\"><img loading=\"lazy\" decoding=\"async\" width=\"512\" height=\"512\" class=\"gb-image gb-image-5766502f\" src=\"https:\/\/spacewell.com\/wp-content\/uploads\/2023\/05\/cropped-spacewell-avatar-512x512-1.png\" alt=\"\" title=\"cropped-spacewell-avatar-512x512-1.png\" srcset=\"https:\/\/spacewell.com\/wp-content\/uploads\/2023\/05\/cropped-spacewell-avatar-512x512-1.png 512w, https:\/\/spacewell.com\/wp-content\/uploads\/2023\/05\/cropped-spacewell-avatar-512x512-1-300x300.png 300w, https:\/\/spacewell.com\/wp-content\/uploads\/2023\/05\/cropped-spacewell-avatar-512x512-1-150x150.png 150w, https:\/\/spacewell.com\/wp-content\/uploads\/2023\/05\/cropped-spacewell-avatar-512x512-1-270x270.png 270w, https:\/\/spacewell.com\/wp-content\/uploads\/2023\/05\/cropped-spacewell-avatar-512x512-1-192x192.png 192w, https:\/\/spacewell.com\/wp-content\/uploads\/2023\/05\/cropped-spacewell-avatar-512x512-1-180x180.png 180w, https:\/\/spacewell.com\/wp-content\/uploads\/2023\/05\/cropped-spacewell-avatar-512x512-1-32x32.png 32w\" sizes=\"auto, (max-width: 512px) 100vw, 512px\" \/><\/figure>\n\n<\/div><\/div>\n\n<div class=\"gb-grid-column gb-grid-column-2185c708 gb-grid-column-6bcb6de9\"><div class=\"gb-container gb-container-2185c708 gb-container-6bcb6de9\"><\/div><\/div>\n<\/div>\n<\/div>\n<\/div>\n<\/div><div class=\"gb-container gb-container-a10f64bb\">\n\n<p><\/p>\n\n\n\n<h4 class=\"gb-headline gb-headline-4429fb73 gb-headline-text\">Utvecklas med syfte<\/h4>\n\n\n\n<p>Idag utvecklas O-Prognose till <strong>Spacewell Maintenance Planning (O-Prognose)<\/strong>: en modern, molnbaserad plattform som \u00e4r utformad f\u00f6r framtidens underh\u00e5llshantering. Den bygger p\u00e5 samma p\u00e5litliga DNA och samlar allt som kunderna \u00e4lskade med O-Prognose, f\u00f6rb\u00e4ttrat med skalbarheten, integrationerna och analyskraften hos Spacewell. <\/p>\n\n\n\n<h3 class=\"gb-headline gb-headline-65573509 gb-headline-text\">Vad \u00e4r nytt och vad f\u00f6rblir detsamma<\/h3>\n\n\n\n<p>&#x2705; <strong>Samma tillf\u00f6rlitlighet<\/strong> med st\u00f6d av \u00e5rtionden av teknik- och underh\u00e5llsexpertis<br\/>&#x2705; <strong>Nytt gr\u00e4nssnitt<\/strong>; en ny, intuitiv design som \u00e4r i linje med Spacewells anv\u00e4ndarupplevelse<br\/>&#x2705; T\u00e4tare <strong>integration;<\/strong> fungerar s\u00f6ml\u00f6st med Spacewell Asset f\u00f6r fullst\u00e4ndig livscykelhantering<br\/>&#x2705; <strong>Framtidss\u00e4ker SaaS<\/strong>; s\u00e4ker, skalbar och alltid uppdaterad i molnet<\/p>\n\n\n\n<p>Denna utveckling inneb\u00e4r att kunderna kan forts\u00e4tta att f\u00f6rlita sig p\u00e5 den v\u00e4lbekanta logiken och noggrannheten hos O-Prognose samtidigt som de f\u00e5r tillg\u00e5ng till n\u00e4sta generations funktioner f\u00f6r digital underh\u00e5llsplanering.<\/p>\n\n<\/div><div class=\"gb-container gb-container-d75f8d0f gb-container-6bcb6de9\">\n\n<h3 class=\"gb-headline gb-headline-19e02963 gb-headline-text\">Betrodda av ledande organisationer.<\/h3>\n\n\n\n<p>O-Prognose och Spacewell Maintenance Planning (O-Prognose) anv\u00e4nds av hundratals organisationer f\u00f6r att s\u00e4kerst\u00e4lla kvaliteten och livsl\u00e4ngden p\u00e5 deras fastighetsportf\u00f6ljer.<\/p>\n\n\n<div class=\"gb-container gb-container-fde3baec\">\n<div class=\"gb-grid-wrapper gb-grid-wrapper-d58c56f1\">\n<div class=\"gb-grid-column gb-grid-column-e8c1b443 gb-grid-column-6bcb6de9\"><div class=\"gb-container gb-container-e8c1b443 gb-container-6bcb6de9\">\n\n<figure class=\"gb-block-image gb-block-image-9191be0d\"><img loading=\"lazy\" decoding=\"async\" width=\"500\" height=\"281\" class=\"gb-image gb-image-9191be0d\" src=\"https:\/\/spacewell.com\/wp-content\/uploads\/2025\/10\/utrecht-university.jpg\" alt=\"\" title=\"universitetet i utrecht\"><\/figure>\n\n<\/div><\/div>\n\n<div class=\"gb-grid-column gb-grid-column-a5fcba76 gb-grid-column-6bcb6de9\"><div class=\"gb-container gb-container-a5fcba76 gb-container-6bcb6de9\">\n\n<figure class=\"gb-block-image gb-block-image-afa5b959\"><img loading=\"lazy\" decoding=\"async\" width=\"500\" height=\"281\" class=\"gb-image gb-image-afa5b959\" src=\"https:\/\/spacewell.com\/wp-content\/uploads\/2025\/10\/gemeente-deventer-1.jpg\" alt=\"\" title=\"kommunen deventer\"><\/figure>\n\n<\/div><\/div>\n\n<div class=\"gb-grid-column gb-grid-column-3fd29e0d gb-grid-column-6bcb6de9\"><div class=\"gb-container gb-container-3fd29e0d gb-container-6bcb6de9\">\n\n<figure class=\"gb-block-image gb-block-image-2be81995\"><img loading=\"lazy\" decoding=\"async\" width=\"500\" height=\"281\" class=\"gb-image gb-image-2be81995\" src=\"https:\/\/spacewell.com\/wp-content\/uploads\/2025\/10\/vereniging-eigen-huis.jpg\" alt=\"\" title=\"f\u00f6rening eget hus\"><\/figure>\n\n<\/div><\/div>\n\n<div class=\"gb-grid-column gb-grid-column-cbc8bf97 gb-grid-column-6bcb6de9\"><div class=\"gb-container gb-container-cbc8bf97 gb-container-6bcb6de9\">\n\n<figure class=\"gb-block-image gb-block-image-339ccfc0\"><img loading=\"lazy\" decoding=\"async\" width=\"500\" height=\"281\" class=\"gb-image gb-image-339ccfc0\" src=\"https:\/\/spacewell.com\/wp-content\/uploads\/2025\/10\/NRG-pallas.jpg\" alt=\"\" title=\"NRG pallas\"><\/figure>\n\n<\/div><\/div>\n\n<div class=\"gb-grid-column gb-grid-column-b6af6326 gb-grid-column-6bcb6de9\"><div class=\"gb-container gb-container-b6af6326 gb-container-6bcb6de9\">\n\n<figure class=\"gb-block-image gb-block-image-c7041019\"><img loading=\"lazy\" decoding=\"async\" width=\"500\" height=\"281\" class=\"gb-image gb-image-c7041019\" src=\"https:\/\/spacewell.com\/wp-content\/uploads\/2025\/10\/gemeente-oosterhout.jpg\" alt=\"\" title=\"kommunen oosterhout\"><\/figure>\n\n<\/div><\/div>\n\n<div class=\"gb-grid-column gb-grid-column-4a6ff36f gb-grid-column-6bcb6de9\"><div class=\"gb-container gb-container-4a6ff36f gb-container-6bcb6de9\">\n\n<figure class=\"gb-block-image gb-block-image-c5b8e67a\"><img loading=\"lazy\" decoding=\"async\" width=\"500\" height=\"281\" class=\"gb-image gb-image-c5b8e67a\" src=\"https:\/\/spacewell.com\/wp-content\/uploads\/2025\/10\/erasmus-universiteit-rotterdam.jpg\" alt=\"\" title=\"erasmus universitet rotterdam\"><\/figure>\n\n<\/div><\/div>\n<\/div>\n<\/div>\n\n\n<p><em>Dessa logotyper representerar det arv av f\u00f6rtroende som forts\u00e4tter under namnet Spacewell.<\/em><\/p>\n\n<\/div><div class=\"gb-container gb-container-b439a613\">\n<div class=\"gb-grid-wrapper gb-grid-wrapper-0b8554ba\">\n<div class=\"gb-grid-column gb-grid-column-84017347\"><div class=\"gb-container gb-container-84017347\">\n\n<figure class=\"gb-block-image gb-block-image-f6010fe5\"><img loading=\"lazy\" decoding=\"async\" width=\"500\" height=\"500\" class=\"gb-image gb-image-f6010fe5 gb-image-b19acb23\" src=\"https:\/\/spacewell.com\/wp-content\/uploads\/2025\/06\/Energy-Option-1-_-All-Energy-Related-Pages-Platform-Solutions-500x500.webp\" alt=\"\" title=\"Energy - Option 1 _ Alla sidor relaterade till Energy (plattformar och l\u00f6sningar)\" srcset=\"https:\/\/spacewell.com\/wp-content\/uploads\/2025\/06\/Energy-Option-1-_-All-Energy-Related-Pages-Platform-Solutions-500x500.webp 500w, https:\/\/spacewell.com\/wp-content\/uploads\/2025\/06\/Energy-Option-1-_-All-Energy-Related-Pages-Platform-Solutions-1024x1024.webp 1024w, https:\/\/spacewell.com\/wp-content\/uploads\/2025\/06\/Energy-Option-1-_-All-Energy-Related-Pages-Platform-Solutions-250x250.webp 250w, https:\/\/spacewell.com\/wp-content\/uploads\/2025\/06\/Energy-Option-1-_-All-Energy-Related-Pages-Platform-Solutions-768x768.webp 768w, https:\/\/spacewell.com\/wp-content\/uploads\/2025\/06\/Energy-Option-1-_-All-Energy-Related-Pages-Platform-Solutions-1536x1536.webp 1536w, https:\/\/spacewell.com\/wp-content\/uploads\/2025\/06\/Energy-Option-1-_-All-Energy-Related-Pages-Platform-Solutions.webp 1700w\" sizes=\"auto, (max-width: 500px) 100vw, 500px\" \/><\/figure>\n\n<\/div><\/div>\n\n<div class=\"gb-grid-column gb-grid-column-a6728a11 gb-grid-column-6bcb6de9\"><div class=\"gb-container gb-container-a6728a11 gb-container-6bcb6de9\">\n\n<h5 class=\"gb-headline gb-headline-fce5f685 gb-headline-text gb-headline-902a6ace\">V\u00e4lkommen till Spacewell Underh\u00e5llsplanering.<\/h5>\n\n\n<div class=\"gb-container gb-container-ada3c05d\">\n\n<p>O-Prognoses p\u00e5litliga grund lever vidare: starkare, smartare och s\u00f6ml\u00f6st ansluten.<\/p>\n\n\n\n<script charset=\"utf-8\" type=\"text\/javascript\" src=\"\/\/js.hsforms.net\/forms\/embed\/v2.js\"><\/script><script>hbspt.forms.create({\n    portalId: \"437281\",\n    formId: \"0ad06476-449e-433e-b57b-cce106e4b7cd\",\n    region: \"na1\"\n  });\n<\/script>\n\n<\/div>\n<\/div><\/div>\n<\/div>\n<\/div><div class=\"gb-container gb-container-929b256e\">\n<div class=\"gb-container gb-container-7c92b900\">\n<div class=\"gb-grid-wrapper gb-grid-wrapper-31302c15\">\n<div class=\"gb-grid-column gb-grid-column-7042952c\"><div class=\"gb-container gb-container-7042952c\">\n\n<p><\/p>\n\n\n<div class=\"gb-container gb-container-f186ee3d\">\n<div class=\"gb-container gb-container-2b330a21\">\n\n<h1 class=\"wp-block-heading has-text-align-center has-medium-font-size\" id=\"h-discover-spacewell-maintenance-planning\"><a href=\"https:\/\/spacewell.com\/sv\/asset-facility-management-software\/maintenance-planning-software\/\">Uppt\u00e4ck underh\u00e5llsplanering f\u00f6r Spacewell<\/a><\/h1>\n\n<\/div>\n<\/div>\n\n\n<p class=\"has-text-align-center\"><a href=\"https:\/\/spacewell.com\/sv\/\">Utforska alla Spacewell-l\u00f6sningar<\/a><\/p>\n\n\n\n<p><\/p>\n\n\n\n<p>Plandatis och O-Prognose \u00e4r nu en del av Spacewell, ett f\u00f6retag inom Nemetschek Group.<br\/>L\u00e4nkar: <a href=\"https:\/\/spacewell.com\/sv\/customer-support\/\">Kontakta support<\/a> | <a href=\"https:\/\/spacewell.com\/sv\/\">Spacewell.com<\/a><\/p>\n\n<\/div><\/div>\n<\/div>\n<\/div>\n<\/div>\n<p><\/p>\n","protected":false},"excerpt":{"rendered":"<p>Fr\u00e5n O-Prognose till planering av underh\u00e5ll av Spacewell Den betrodda stiftelsen Plandatis, nu en del av Spacewell Plandatis, som grundades 1989 i Nederl\u00e4nderna, \u00e4r en pionj\u00e4r inom programvara f\u00f6r l\u00e5ngsiktig underh\u00e5llsplanering.F\u00f6retagets flaggskeppsprodukt, O-Prognose, s\u00e4tter standarden f\u00f6r tillf\u00f6rlitliga, datadrivna underh\u00e5llsprognoser och ger tusentals organisationer m\u00f6jlighet att planera budgetar, f\u00f6lja lagar och regler och f\u00f6rl\u00e4nga livsl\u00e4ngden p\u00e5 &#8230; <a title=\"O-Prognose \u00e4r nu en del av Spacewell\" class=\"read-more\" href=\"https:\/\/spacewell.com\/sv\/o-prognose\/\" aria-label=\"L\u00e4s mer om O-Prognose \u00e4r nu en del av Spacewell\">L\u00e4s mer<\/a><\/p>\n","protected":false},"author":45,"featured_media":0,"parent":0,"menu_order":0,"comment_status":"closed","ping_status":"closed","template":"","meta":{"_acf_changed":false,"footnotes":""},"class_list":{"0":"post-48620","1":"page","2":"type-page","3":"status-publish","5":"no-featured-image-padding"},"acf":[],"yoast_head":"<!-- This site is optimized with the Yoast SEO Premium plugin v26.0 (Yoast SEO v27.4) - https:\/\/yoast.com\/product\/yoast-seo-premium-wordpress\/ -->\n<title>O-Prognose | Spacewell<\/title>\n<meta name=\"description\" content=\"Plandatis grundades 1989 i Nederl\u00e4nderna och blev en pionj\u00e4r inom programvara f\u00f6r l\u00e5ngsiktig underh\u00e5llsplanering.\" \/>\n<meta name=\"robots\" content=\"index, follow, max-snippet:-1, max-image-preview:large, max-video-preview:-1\" \/>\n<link rel=\"canonical\" href=\"https:\/\/spacewell.com\/sv\/o-prognose\/\" \/>\n<meta property=\"og:locale\" content=\"sv_SE\" \/>\n<meta property=\"og:type\" content=\"article\" \/>\n<meta property=\"og:title\" content=\"O-Prognose \u00e4r nu en del av Spacewell\" \/>\n<meta property=\"og:description\" content=\"Plandatis grundades 1989 i Nederl\u00e4nderna och blev en pionj\u00e4r inom programvara f\u00f6r l\u00e5ngsiktig underh\u00e5llsplanering.\" \/>\n<meta property=\"og:url\" content=\"https:\/\/spacewell.com\/sv\/o-prognose\/\" \/>\n<meta property=\"og:site_name\" content=\"Spacewell | A Nemetschek Company\" \/>\n<meta property=\"article:publisher\" content=\"https:\/\/www.facebook.com\/SpacewellHQ\" \/>\n<meta property=\"article:modified_time\" content=\"2026-03-23T14:27:11+00:00\" \/>\n<meta property=\"og:image\" content=\"https:\/\/spacewell.com\/wp-content\/uploads\/2025\/06\/Asset-Maintenance-Planning-Update-Adjust-Anytime-White.webp\" \/>\n\t<meta property=\"og:image:width\" content=\"2400\" \/>\n\t<meta property=\"og:image:height\" content=\"1640\" \/>\n\t<meta property=\"og:image:type\" content=\"image\/webp\" \/>\n<meta name=\"twitter:card\" content=\"summary_large_image\" \/>\n<meta name=\"twitter:site\" content=\"@Spacewell_HQ\" \/>\n<meta name=\"twitter:label1\" content=\"Ber\u00e4knad l\u00e4stid\" \/>\n\t<meta name=\"twitter:data1\" content=\"2 minuter\" \/>\n<script type=\"application\/ld+json\" class=\"yoast-schema-graph\">{\"@context\":\"https:\\\/\\\/schema.org\",\"@graph\":[{\"@type\":\"WebPage\",\"@id\":\"https:\\\/\\\/spacewell.com\\\/sv\\\/o-prognose\\\/\",\"url\":\"https:\\\/\\\/spacewell.com\\\/sv\\\/o-prognose\\\/\",\"name\":\"O-Prognose | Spacewell\",\"isPartOf\":{\"@id\":\"https:\\\/\\\/spacewell.com\\\/sv\\\/#website\"},\"primaryImageOfPage\":{\"@id\":\"https:\\\/\\\/spacewell.com\\\/sv\\\/o-prognose\\\/#primaryimage\"},\"image\":{\"@id\":\"https:\\\/\\\/spacewell.com\\\/sv\\\/o-prognose\\\/#primaryimage\"},\"thumbnailUrl\":\"https:\\\/\\\/spacewell.com\\\/wp-content\\\/uploads\\\/2025\\\/06\\\/Asset-Maintenance-Planning-Update-Adjust-Anytime-White-1024x700.webp\",\"datePublished\":\"2025-10-16T10:18:00+00:00\",\"dateModified\":\"2026-03-23T14:27:11+00:00\",\"description\":\"Plandatis grundades 1989 i Nederl\u00e4nderna och blev en pionj\u00e4r inom programvara f\u00f6r l\u00e5ngsiktig underh\u00e5llsplanering.\",\"breadcrumb\":{\"@id\":\"https:\\\/\\\/spacewell.com\\\/sv\\\/o-prognose\\\/#breadcrumb\"},\"inLanguage\":\"sv-SE\",\"potentialAction\":[{\"@type\":\"ReadAction\",\"target\":[\"https:\\\/\\\/spacewell.com\\\/sv\\\/o-prognose\\\/\"]}]},{\"@type\":\"ImageObject\",\"inLanguage\":\"sv-SE\",\"@id\":\"https:\\\/\\\/spacewell.com\\\/sv\\\/o-prognose\\\/#primaryimage\",\"url\":\"https:\\\/\\\/spacewell.com\\\/wp-content\\\/uploads\\\/2025\\\/06\\\/Asset-Maintenance-Planning-Update-Adjust-Anytime-White-1024x700.webp\",\"contentUrl\":\"https:\\\/\\\/spacewell.com\\\/wp-content\\\/uploads\\\/2025\\\/06\\\/Asset-Maintenance-Planning-Update-Adjust-Anytime-White-1024x700.webp\"},{\"@type\":\"BreadcrumbList\",\"@id\":\"https:\\\/\\\/spacewell.com\\\/sv\\\/o-prognose\\\/#breadcrumb\",\"itemListElement\":[{\"@type\":\"ListItem\",\"position\":1,\"name\":\"Home\",\"item\":\"https:\\\/\\\/spacewell.com\\\/sv\\\/\"},{\"@type\":\"ListItem\",\"position\":2,\"name\":\"O-Prognose \u00e4r nu en del av Spacewell\"}]},{\"@type\":\"WebSite\",\"@id\":\"https:\\\/\\\/spacewell.com\\\/sv\\\/#website\",\"url\":\"https:\\\/\\\/spacewell.com\\\/sv\\\/\",\"name\":\"Spacewell | A Nemetschek Company\",\"description\":\"Make buildings work for people\",\"publisher\":{\"@id\":\"https:\\\/\\\/spacewell.com\\\/sv\\\/#organization\"},\"potentialAction\":[{\"@type\":\"SearchAction\",\"target\":{\"@type\":\"EntryPoint\",\"urlTemplate\":\"https:\\\/\\\/spacewell.com\\\/sv\\\/?s={search_term_string}\"},\"query-input\":{\"@type\":\"PropertyValueSpecification\",\"valueRequired\":true,\"valueName\":\"search_term_string\"}}],\"inLanguage\":\"sv-SE\"},{\"@type\":\"Organization\",\"@id\":\"https:\\\/\\\/spacewell.com\\\/sv\\\/#organization\",\"name\":\"Spacewell | A Nemetschek Company\",\"url\":\"https:\\\/\\\/spacewell.com\\\/sv\\\/\",\"logo\":{\"@type\":\"ImageObject\",\"inLanguage\":\"sv-SE\",\"@id\":\"https:\\\/\\\/spacewell.com\\\/sv\\\/#\\\/schema\\\/logo\\\/image\\\/\",\"url\":\"https:\\\/\\\/spacewell.com\\\/wp-content\\\/uploads\\\/2023\\\/05\\\/spacewell-logo-500x88-1.webp\",\"contentUrl\":\"https:\\\/\\\/spacewell.com\\\/wp-content\\\/uploads\\\/2023\\\/05\\\/spacewell-logo-500x88-1.webp\",\"width\":500,\"height\":88,\"caption\":\"Spacewell | A Nemetschek Company\"},\"image\":{\"@id\":\"https:\\\/\\\/spacewell.com\\\/sv\\\/#\\\/schema\\\/logo\\\/image\\\/\"},\"sameAs\":[\"https:\\\/\\\/www.facebook.com\\\/SpacewellHQ\",\"https:\\\/\\\/x.com\\\/Spacewell_HQ\"]}]}<\/script>\n<!-- \/ Yoast SEO Premium plugin. -->","yoast_head_json":{"title":"O-Prognose | Spacewell","description":"Plandatis grundades 1989 i Nederl\u00e4nderna och blev en pionj\u00e4r inom programvara f\u00f6r l\u00e5ngsiktig underh\u00e5llsplanering.","robots":{"index":"index","follow":"follow","max-snippet":"max-snippet:-1","max-image-preview":"max-image-preview:large","max-video-preview":"max-video-preview:-1"},"canonical":"https:\/\/spacewell.com\/sv\/o-prognose\/","og_locale":"sv_SE","og_type":"article","og_title":"O-Prognose \u00e4r nu en del av Spacewell","og_description":"Plandatis grundades 1989 i Nederl\u00e4nderna och blev en pionj\u00e4r inom programvara f\u00f6r l\u00e5ngsiktig underh\u00e5llsplanering.","og_url":"https:\/\/spacewell.com\/sv\/o-prognose\/","og_site_name":"Spacewell | A Nemetschek Company","article_publisher":"https:\/\/www.facebook.com\/SpacewellHQ","article_modified_time":"2026-03-23T14:27:11+00:00","og_image":[{"width":2400,"height":1640,"url":"https:\/\/spacewell.com\/wp-content\/uploads\/2025\/06\/Asset-Maintenance-Planning-Update-Adjust-Anytime-White.webp","type":"image\/webp"}],"twitter_card":"summary_large_image","twitter_site":"@Spacewell_HQ","twitter_misc":{"Ber\u00e4knad l\u00e4stid":"2 minuter"},"schema":{"@context":"https:\/\/schema.org","@graph":[{"@type":"WebPage","@id":"https:\/\/spacewell.com\/sv\/o-prognose\/","url":"https:\/\/spacewell.com\/sv\/o-prognose\/","name":"O-Prognose | Spacewell","isPartOf":{"@id":"https:\/\/spacewell.com\/sv\/#website"},"primaryImageOfPage":{"@id":"https:\/\/spacewell.com\/sv\/o-prognose\/#primaryimage"},"image":{"@id":"https:\/\/spacewell.com\/sv\/o-prognose\/#primaryimage"},"thumbnailUrl":"https:\/\/spacewell.com\/wp-content\/uploads\/2025\/06\/Asset-Maintenance-Planning-Update-Adjust-Anytime-White-1024x700.webp","datePublished":"2025-10-16T10:18:00+00:00","dateModified":"2026-03-23T14:27:11+00:00","description":"Plandatis grundades 1989 i Nederl\u00e4nderna och blev en pionj\u00e4r inom programvara f\u00f6r l\u00e5ngsiktig underh\u00e5llsplanering.","breadcrumb":{"@id":"https:\/\/spacewell.com\/sv\/o-prognose\/#breadcrumb"},"inLanguage":"sv-SE","potentialAction":[{"@type":"ReadAction","target":["https:\/\/spacewell.com\/sv\/o-prognose\/"]}]},{"@type":"ImageObject","inLanguage":"sv-SE","@id":"https:\/\/spacewell.com\/sv\/o-prognose\/#primaryimage","url":"https:\/\/spacewell.com\/wp-content\/uploads\/2025\/06\/Asset-Maintenance-Planning-Update-Adjust-Anytime-White-1024x700.webp","contentUrl":"https:\/\/spacewell.com\/wp-content\/uploads\/2025\/06\/Asset-Maintenance-Planning-Update-Adjust-Anytime-White-1024x700.webp"},{"@type":"BreadcrumbList","@id":"https:\/\/spacewell.com\/sv\/o-prognose\/#breadcrumb","itemListElement":[{"@type":"ListItem","position":1,"name":"Home","item":"https:\/\/spacewell.com\/sv\/"},{"@type":"ListItem","position":2,"name":"O-Prognose \u00e4r nu en del av Spacewell"}]},{"@type":"WebSite","@id":"https:\/\/spacewell.com\/sv\/#website","url":"https:\/\/spacewell.com\/sv\/","name":"Spacewell | A Nemetschek Company","description":"Make buildings work for people","publisher":{"@id":"https:\/\/spacewell.com\/sv\/#organization"},"potentialAction":[{"@type":"SearchAction","target":{"@type":"EntryPoint","urlTemplate":"https:\/\/spacewell.com\/sv\/?s={search_term_string}"},"query-input":{"@type":"PropertyValueSpecification","valueRequired":true,"valueName":"search_term_string"}}],"inLanguage":"sv-SE"},{"@type":"Organization","@id":"https:\/\/spacewell.com\/sv\/#organization","name":"Spacewell | A Nemetschek Company","url":"https:\/\/spacewell.com\/sv\/","logo":{"@type":"ImageObject","inLanguage":"sv-SE","@id":"https:\/\/spacewell.com\/sv\/#\/schema\/logo\/image\/","url":"https:\/\/spacewell.com\/wp-content\/uploads\/2023\/05\/spacewell-logo-500x88-1.webp","contentUrl":"https:\/\/spacewell.com\/wp-content\/uploads\/2023\/05\/spacewell-logo-500x88-1.webp","width":500,"height":88,"caption":"Spacewell | A Nemetschek Company"},"image":{"@id":"https:\/\/spacewell.com\/sv\/#\/schema\/logo\/image\/"},"sameAs":["https:\/\/www.facebook.com\/SpacewellHQ","https:\/\/x.com\/Spacewell_HQ"]}]}},"_links":{"self":[{"href":"https:\/\/spacewell.com\/sv\/wp-json\/wp\/v2\/pages\/48620","targetHints":{"allow":["GET"]}}],"collection":[{"href":"https:\/\/spacewell.com\/sv\/wp-json\/wp\/v2\/pages"}],"about":[{"href":"https:\/\/spacewell.com\/sv\/wp-json\/wp\/v2\/types\/page"}],"author":[{"embeddable":true,"href":"https:\/\/spacewell.com\/sv\/wp-json\/wp\/v2\/users\/45"}],"replies":[{"embeddable":true,"href":"https:\/\/spacewell.com\/sv\/wp-json\/wp\/v2\/comments?post=48620"}],"version-history":[{"count":11,"href":"https:\/\/spacewell.com\/sv\/wp-json\/wp\/v2\/pages\/48620\/revisions"}],"predecessor-version":[{"id":48628,"href":"https:\/\/spacewell.com\/sv\/wp-json\/wp\/v2\/pages\/48620\/revisions\/48628"}],"wp:attachment":[{"href":"https:\/\/spacewell.com\/sv\/wp-json\/wp\/v2\/media?parent=48620"}],"curies":[{"name":"wp","href":"https:\/\/api.w.org\/{rel}","templated":true}]}}