


{"id":460,"date":"2023-06-01T12:39:55","date_gmt":"2023-06-01T10:39:55","guid":{"rendered":"https:\/\/spacewell.com\/hjalpcenter\/"},"modified":"2026-03-11T10:55:12","modified_gmt":"2026-03-11T09:55:12","slug":"customer-support","status":"publish","type":"page","link":"https:\/\/spacewell.com\/sv\/customer-support\/","title":{"rendered":"Kundtj\u00e4nst"},"content":{"rendered":"<div class=\"gb-container gb-container-174a0b63 gb-container-6bcb6de9\">\n<div class=\"gb-container gb-container-05bc57a6\">\n\n<h1 class=\"gb-headline gb-headline-2da60f8c gb-headline-text gb-headline-902a6ace\">Hj\u00e4lpcenter<\/h1>\n\n\n\n<p>Har du en supportfr\u00e5ga? Troligtvis hittar du svaret p\u00e5 din fr\u00e5ga p\u00e5 v\u00e5r supportwebbplats. <\/p>\n\n\n\n<a class=\"gb-button gb-button-0143350a gb-button-6182fe5e\" href=\"https:\/\/support.spacewell.com\" target=\"_blank\" rel=\"noopener noreferrer\"><span class=\"gb-button-text\">G\u00e5 till supportwebbplatsen (Workplace och Asset)<\/span><span class=\"gb-icon\"><svg xmlns=\"http:\/\/www.w3.org\/2000\/svg\" xml:space=\"preserve\" viewbox=\"0 0 1000 1000\">\n  <path d=\"M506.8 128.4c-30.9 30.9-30.9 80.8 0 111.6l181 181H88.9c-43.5.1-78.9 35.4-78.9 79s35.4 78.9 78.9 78.9h598.9l-181 181c-30.9 30.9-30.9 80.8 0 111.6 15.4 15.4 35.6 23.1 55.8 23.1 20.2 0 40.4-7.7 55.8-23.1L990 500 618.4 128.4c-30.9-30.8-80.7-30.8-111.6 0z\"><\/path>\n<\/svg><\/span><\/a>\n\n\n\n<p><\/p>\n\n\n\n<a class=\"gb-button gb-button-36e56614 gb-button-6182fe5e\" href=\"https:\/\/support.dexma.com\/hc\/en-gb\" target=\"_blank\" rel=\"noopener noreferrer\"><span class=\"gb-button-text\">G\u00e5 till supportwebbplatsen (Energy)<\/span><span class=\"gb-icon\"><svg xmlns=\"http:\/\/www.w3.org\/2000\/svg\" xml:space=\"preserve\" viewbox=\"0 0 1000 1000\">\n  <path d=\"M506.8 128.4c-30.9 30.9-30.9 80.8 0 111.6l181 181H88.9c-43.5.1-78.9 35.4-78.9 79s35.4 78.9 78.9 78.9h598.9l-181 181c-30.9 30.9-30.9 80.8 0 111.6 15.4 15.4 35.6 23.1 55.8 23.1 20.2 0 40.4-7.7 55.8-23.1L990 500 618.4 128.4c-30.9-30.8-80.7-30.8-111.6 0z\"><\/path>\n<\/svg><\/span><\/a>\n\n\n\n<p><\/p>\n\n\n\n<p>Hittade du inte vad du letade efter? Vi \u00e4r h\u00e4r f\u00f6r att hj\u00e4lpa dig.  <\/p>\n\n\n\n<h3 class=\"wp-block-heading\" id=\"h-mail-us-for-support\">Maila oss f\u00f6r support<\/h3>\n\n\n\n<a class=\"gb-button gb-button-db104dd1 gb-button-6182fe5e smooth-scroll\" href=\"mailto:support@spacewell.com\"><span class=\"gb-button-text\">support@spacewell.com<\/span><span class=\"gb-icon\"><svg xmlns=\"http:\/\/www.w3.org\/2000\/svg\" xml:space=\"preserve\" viewbox=\"0 0 1000 1000\">\n  <path d=\"M506.8 128.4c-30.9 30.9-30.9 80.8 0 111.6l181 181H88.9c-43.5.1-78.9 35.4-78.9 79s35.4 78.9 78.9 78.9h598.9l-181 181c-30.9 30.9-30.9 80.8 0 111.6 15.4 15.4 35.6 23.1 55.8 23.1 20.2 0 40.4-7.7 55.8-23.1L990 500 618.4 128.4c-30.9-30.8-80.7-30.8-111.6 0z\"><\/path>\n<\/svg><\/span><\/a>\n\n\n\n<h3 class=\"gb-headline gb-headline-9664a463 gb-headline-text\"><br>Kom i kontakt med s\u00e4ljavdelningen<\/h3>\n\n\n\n<a class=\"gb-button gb-button-a1970395 gb-button-6182fe5e\" href=\"https:\/\/spacewell.com\/sv\/kontakta-forsaljning\/\" target=\"_blank\" rel=\"noopener noreferrer\"><span class=\"gb-button-text\">Beg\u00e4r en demo<\/span><span class=\"gb-icon\"><svg xmlns=\"http:\/\/www.w3.org\/2000\/svg\" xml:space=\"preserve\" viewbox=\"0 0 1000 1000\">\n  <path d=\"M506.8 128.4c-30.9 30.9-30.9 80.8 0 111.6l181 181H88.9c-43.5.1-78.9 35.4-78.9 79s35.4 78.9 78.9 78.9h598.9l-181 181c-30.9 30.9-30.9 80.8 0 111.6 15.4 15.4 35.6 23.1 55.8 23.1 20.2 0 40.4-7.7 55.8-23.1L990 500 618.4 128.4c-30.9-30.8-80.7-30.8-111.6 0z\"><\/path>\n<\/svg><\/span><\/a>\n\n<\/div>\n\n\n<a class=\"gb-button gb-button-063bee76 gb-button-6182fe5e\" href=\"mailto:marketing@spacewell.com\" target=\"_blank\" rel=\"noopener noreferrer\"><span class=\"gb-button-text\">marketing@spacewell.com<\/span><span class=\"gb-icon\"><svg xmlns=\"http:\/\/www.w3.org\/2000\/svg\" xml:space=\"preserve\" viewbox=\"0 0 1000 1000\">\n  <path d=\"M506.8 128.4c-30.9 30.9-30.9 80.8 0 111.6l181 181H88.9c-43.5.1-78.9 35.4-78.9 79s35.4 78.9 78.9 78.9h598.9l-181 181c-30.9 30.9-30.9 80.8 0 111.6 15.4 15.4 35.6 23.1 55.8 23.1 20.2 0 40.4-7.7 55.8-23.1L990 500 618.4 128.4c-30.9-30.8-80.7-30.8-111.6 0z\"><\/path>\n<\/svg><\/span><\/a>\n\n\n\n<h3 class=\"gb-headline gb-headline-a29e1694 gb-headline-text\"><br>Avtalsvillkor<\/h3>\n\n\n\n<a class=\"gb-button gb-button-747bba2f gb-button-6182fe5e\" href=\"\/company\/contact-us\/contractual-conditions\/\"><span class=\"gb-button-text\">H\u00e4mta avtalsvillkoren<\/span><span class=\"gb-icon\"><svg xmlns=\"http:\/\/www.w3.org\/2000\/svg\" xml:space=\"preserve\" viewbox=\"0 0 1000 1000\">\n  <path d=\"M506.8 128.4c-30.9 30.9-30.9 80.8 0 111.6l181 181H88.9c-43.5.1-78.9 35.4-78.9 79s35.4 78.9 78.9 78.9h598.9l-181 181c-30.9 30.9-30.9 80.8 0 111.6 15.4 15.4 35.6 23.1 55.8 23.1 20.2 0 40.4-7.7 55.8-23.1L990 500 618.4 128.4c-30.9-30.8-80.7-30.8-111.6 0z\"><\/path>\n<\/svg><\/span><\/a>\n\n\n\n<h3 class=\"gb-headline gb-headline-70341c55 gb-headline-text\"><br>Information om partnerskap<\/h3>\n\n\n\n<a class=\"gb-button gb-button-747bba2f gb-button-6182fe5e\" href=\"https:\/\/spacewell.com\/sv\/foretag\/partnerships-2\/\"><span class=\"gb-button-text\">Se sidan Partnerskap<\/span><span class=\"gb-icon\"><svg xmlns=\"http:\/\/www.w3.org\/2000\/svg\" xml:space=\"preserve\" viewbox=\"0 0 1000 1000\">\n  <path d=\"M506.8 128.4c-30.9 30.9-30.9 80.8 0 111.6l181 181H88.9c-43.5.1-78.9 35.4-78.9 79s35.4 78.9 78.9 78.9h598.9l-181 181c-30.9 30.9-30.9 80.8 0 111.6 15.4 15.4 35.6 23.1 55.8 23.1 20.2 0 40.4-7.7 55.8-23.1L990 500 618.4 128.4c-30.9-30.8-80.7-30.8-111.6 0z\"><\/path>\n<\/svg><\/span><\/a>\n\n<\/div>\n<p><\/p>\n","protected":false},"excerpt":{"rendered":"<p>Hj\u00e4lpcenter Har du en supportfr\u00e5ga? Troligtvis hittar du svaret p\u00e5 din fr\u00e5ga p\u00e5 v\u00e5r supportwebbplats. Hittade du inte vad du letade efter? Vi \u00e4r h\u00e4r f\u00f6r att hj\u00e4lpa dig. Maila oss f\u00f6r support Kom i kontakt med s\u00e4ljavdelningen Avtalsvillkor Information om partnerskap<\/p>\n","protected":false},"author":29,"featured_media":23945,"parent":0,"menu_order":0,"comment_status":"closed","ping_status":"closed","template":"","meta":{"_acf_changed":false,"footnotes":""},"class_list":{"0":"post-460","1":"page","2":"type-page","3":"status-publish","4":"has-post-thumbnail","6":"no-featured-image-padding"},"acf":[],"yoast_head":"<!-- This site is optimized with the Yoast SEO Premium plugin v26.0 (Yoast SEO v27.5) - https:\/\/yoast.com\/product\/yoast-seo-premium-wordpress\/ -->\n<title>Kundtj\u00e4nst - Spacewell | A Nemetschek Company<\/title>\n<meta name=\"description\" content=\"Har du en fr\u00e5ga om support? G\u00e5 till Spacewells hj\u00e4lpcenter s\u00e5 att vi kan ge dig den support du beh\u00f6ver.\" \/>\n<meta name=\"robots\" content=\"index, follow, max-snippet:-1, max-image-preview:large, max-video-preview:-1\" \/>\n<link rel=\"canonical\" href=\"https:\/\/spacewell.com\/sv\/customer-support\/\" \/>\n<meta property=\"og:locale\" content=\"sv_SE\" \/>\n<meta property=\"og:type\" content=\"article\" \/>\n<meta property=\"og:title\" content=\"Kundtj\u00e4nst\" \/>\n<meta property=\"og:description\" content=\"Har du en fr\u00e5ga om support? G\u00e5 till Spacewells hj\u00e4lpcenter s\u00e5 att vi kan ge dig den support du beh\u00f6ver.\" \/>\n<meta property=\"og:url\" content=\"https:\/\/spacewell.com\/sv\/customer-support\/\" \/>\n<meta property=\"og:site_name\" content=\"Spacewell | A Nemetschek Company\" \/>\n<meta property=\"article:publisher\" content=\"https:\/\/www.facebook.com\/SpacewellHQ\" \/>\n<meta property=\"article:modified_time\" content=\"2026-03-11T09:55:12+00:00\" \/>\n<meta property=\"og:image\" content=\"https:\/\/spacewell.com\/wp-content\/uploads\/2023\/10\/support-operator-1200x630-1.jpg\" \/>\n\t<meta property=\"og:image:width\" content=\"1200\" \/>\n\t<meta property=\"og:image:height\" content=\"630\" \/>\n\t<meta property=\"og:image:type\" content=\"image\/jpeg\" \/>\n<meta name=\"twitter:card\" content=\"summary_large_image\" \/>\n<meta name=\"twitter:site\" content=\"@Spacewell_HQ\" \/>\n<meta name=\"twitter:label1\" content=\"Ber\u00e4knad l\u00e4stid\" \/>\n\t<meta name=\"twitter:data1\" content=\"1 minut\" \/>\n<script type=\"application\/ld+json\" class=\"yoast-schema-graph\">{\"@context\":\"https:\\\/\\\/schema.org\",\"@graph\":[{\"@type\":\"WebPage\",\"@id\":\"https:\\\/\\\/spacewell.com\\\/sv\\\/customer-support\\\/\",\"url\":\"https:\\\/\\\/spacewell.com\\\/sv\\\/customer-support\\\/\",\"name\":\"Kundtj\u00e4nst - Spacewell | A Nemetschek Company\",\"isPartOf\":{\"@id\":\"https:\\\/\\\/spacewell.com\\\/sv\\\/#website\"},\"primaryImageOfPage\":{\"@id\":\"https:\\\/\\\/spacewell.com\\\/sv\\\/customer-support\\\/#primaryimage\"},\"image\":{\"@id\":\"https:\\\/\\\/spacewell.com\\\/sv\\\/customer-support\\\/#primaryimage\"},\"thumbnailUrl\":\"https:\\\/\\\/spacewell.com\\\/wp-content\\\/uploads\\\/2023\\\/10\\\/support-operator-1200x630-1.jpg\",\"datePublished\":\"2023-06-01T10:39:55+00:00\",\"dateModified\":\"2026-03-11T09:55:12+00:00\",\"description\":\"Har du en fr\u00e5ga om support? G\u00e5 till Spacewells hj\u00e4lpcenter s\u00e5 att vi kan ge dig den support du beh\u00f6ver.\",\"breadcrumb\":{\"@id\":\"https:\\\/\\\/spacewell.com\\\/sv\\\/customer-support\\\/#breadcrumb\"},\"inLanguage\":\"sv-SE\",\"potentialAction\":[{\"@type\":\"ReadAction\",\"target\":[\"https:\\\/\\\/spacewell.com\\\/sv\\\/customer-support\\\/\"]}]},{\"@type\":\"ImageObject\",\"inLanguage\":\"sv-SE\",\"@id\":\"https:\\\/\\\/spacewell.com\\\/sv\\\/customer-support\\\/#primaryimage\",\"url\":\"https:\\\/\\\/spacewell.com\\\/wp-content\\\/uploads\\\/2023\\\/10\\\/support-operator-1200x630-1.jpg\",\"contentUrl\":\"https:\\\/\\\/spacewell.com\\\/wp-content\\\/uploads\\\/2023\\\/10\\\/support-operator-1200x630-1.jpg\",\"width\":1200,\"height\":630,\"caption\":\"Support desk operat\u00f6rer\"},{\"@type\":\"BreadcrumbList\",\"@id\":\"https:\\\/\\\/spacewell.com\\\/sv\\\/customer-support\\\/#breadcrumb\",\"itemListElement\":[{\"@type\":\"ListItem\",\"position\":1,\"name\":\"Home\",\"item\":\"https:\\\/\\\/spacewell.com\\\/sv\\\/\"},{\"@type\":\"ListItem\",\"position\":2,\"name\":\"Kundtj\u00e4nst\"}]},{\"@type\":\"WebSite\",\"@id\":\"https:\\\/\\\/spacewell.com\\\/sv\\\/#website\",\"url\":\"https:\\\/\\\/spacewell.com\\\/sv\\\/\",\"name\":\"Spacewell | A Nemetschek Company\",\"description\":\"Make buildings work for people\",\"publisher\":{\"@id\":\"https:\\\/\\\/spacewell.com\\\/sv\\\/#organization\"},\"potentialAction\":[{\"@type\":\"SearchAction\",\"target\":{\"@type\":\"EntryPoint\",\"urlTemplate\":\"https:\\\/\\\/spacewell.com\\\/sv\\\/?s={search_term_string}\"},\"query-input\":{\"@type\":\"PropertyValueSpecification\",\"valueRequired\":true,\"valueName\":\"search_term_string\"}}],\"inLanguage\":\"sv-SE\"},{\"@type\":\"Organization\",\"@id\":\"https:\\\/\\\/spacewell.com\\\/sv\\\/#organization\",\"name\":\"Spacewell | A Nemetschek Company\",\"url\":\"https:\\\/\\\/spacewell.com\\\/sv\\\/\",\"logo\":{\"@type\":\"ImageObject\",\"inLanguage\":\"sv-SE\",\"@id\":\"https:\\\/\\\/spacewell.com\\\/sv\\\/#\\\/schema\\\/logo\\\/image\\\/\",\"url\":\"https:\\\/\\\/spacewell.com\\\/wp-content\\\/uploads\\\/2023\\\/05\\\/spacewell-logo-500x88-1.webp\",\"contentUrl\":\"https:\\\/\\\/spacewell.com\\\/wp-content\\\/uploads\\\/2023\\\/05\\\/spacewell-logo-500x88-1.webp\",\"width\":500,\"height\":88,\"caption\":\"Spacewell | A Nemetschek Company\"},\"image\":{\"@id\":\"https:\\\/\\\/spacewell.com\\\/sv\\\/#\\\/schema\\\/logo\\\/image\\\/\"},\"sameAs\":[\"https:\\\/\\\/www.facebook.com\\\/SpacewellHQ\",\"https:\\\/\\\/x.com\\\/Spacewell_HQ\"]}]}<\/script>\n<!-- \/ Yoast SEO Premium plugin. -->","yoast_head_json":{"title":"Kundtj\u00e4nst - Spacewell | A Nemetschek Company","description":"Har du en fr\u00e5ga om support? G\u00e5 till Spacewells hj\u00e4lpcenter s\u00e5 att vi kan ge dig den support du beh\u00f6ver.","robots":{"index":"index","follow":"follow","max-snippet":"max-snippet:-1","max-image-preview":"max-image-preview:large","max-video-preview":"max-video-preview:-1"},"canonical":"https:\/\/spacewell.com\/sv\/customer-support\/","og_locale":"sv_SE","og_type":"article","og_title":"Kundtj\u00e4nst","og_description":"Har du en fr\u00e5ga om support? G\u00e5 till Spacewells hj\u00e4lpcenter s\u00e5 att vi kan ge dig den support du beh\u00f6ver.","og_url":"https:\/\/spacewell.com\/sv\/customer-support\/","og_site_name":"Spacewell | A Nemetschek Company","article_publisher":"https:\/\/www.facebook.com\/SpacewellHQ","article_modified_time":"2026-03-11T09:55:12+00:00","og_image":[{"width":1200,"height":630,"url":"https:\/\/spacewell.com\/wp-content\/uploads\/2023\/10\/support-operator-1200x630-1.jpg","type":"image\/jpeg"}],"twitter_card":"summary_large_image","twitter_site":"@Spacewell_HQ","twitter_misc":{"Ber\u00e4knad l\u00e4stid":"1 minut"},"schema":{"@context":"https:\/\/schema.org","@graph":[{"@type":"WebPage","@id":"https:\/\/spacewell.com\/sv\/customer-support\/","url":"https:\/\/spacewell.com\/sv\/customer-support\/","name":"Kundtj\u00e4nst - Spacewell | A Nemetschek Company","isPartOf":{"@id":"https:\/\/spacewell.com\/sv\/#website"},"primaryImageOfPage":{"@id":"https:\/\/spacewell.com\/sv\/customer-support\/#primaryimage"},"image":{"@id":"https:\/\/spacewell.com\/sv\/customer-support\/#primaryimage"},"thumbnailUrl":"https:\/\/spacewell.com\/wp-content\/uploads\/2023\/10\/support-operator-1200x630-1.jpg","datePublished":"2023-06-01T10:39:55+00:00","dateModified":"2026-03-11T09:55:12+00:00","description":"Har du en fr\u00e5ga om support? G\u00e5 till Spacewells hj\u00e4lpcenter s\u00e5 att vi kan ge dig den support du beh\u00f6ver.","breadcrumb":{"@id":"https:\/\/spacewell.com\/sv\/customer-support\/#breadcrumb"},"inLanguage":"sv-SE","potentialAction":[{"@type":"ReadAction","target":["https:\/\/spacewell.com\/sv\/customer-support\/"]}]},{"@type":"ImageObject","inLanguage":"sv-SE","@id":"https:\/\/spacewell.com\/sv\/customer-support\/#primaryimage","url":"https:\/\/spacewell.com\/wp-content\/uploads\/2023\/10\/support-operator-1200x630-1.jpg","contentUrl":"https:\/\/spacewell.com\/wp-content\/uploads\/2023\/10\/support-operator-1200x630-1.jpg","width":1200,"height":630,"caption":"Support desk operat\u00f6rer"},{"@type":"BreadcrumbList","@id":"https:\/\/spacewell.com\/sv\/customer-support\/#breadcrumb","itemListElement":[{"@type":"ListItem","position":1,"name":"Home","item":"https:\/\/spacewell.com\/sv\/"},{"@type":"ListItem","position":2,"name":"Kundtj\u00e4nst"}]},{"@type":"WebSite","@id":"https:\/\/spacewell.com\/sv\/#website","url":"https:\/\/spacewell.com\/sv\/","name":"Spacewell | A Nemetschek Company","description":"Make buildings work for people","publisher":{"@id":"https:\/\/spacewell.com\/sv\/#organization"},"potentialAction":[{"@type":"SearchAction","target":{"@type":"EntryPoint","urlTemplate":"https:\/\/spacewell.com\/sv\/?s={search_term_string}"},"query-input":{"@type":"PropertyValueSpecification","valueRequired":true,"valueName":"search_term_string"}}],"inLanguage":"sv-SE"},{"@type":"Organization","@id":"https:\/\/spacewell.com\/sv\/#organization","name":"Spacewell | A Nemetschek Company","url":"https:\/\/spacewell.com\/sv\/","logo":{"@type":"ImageObject","inLanguage":"sv-SE","@id":"https:\/\/spacewell.com\/sv\/#\/schema\/logo\/image\/","url":"https:\/\/spacewell.com\/wp-content\/uploads\/2023\/05\/spacewell-logo-500x88-1.webp","contentUrl":"https:\/\/spacewell.com\/wp-content\/uploads\/2023\/05\/spacewell-logo-500x88-1.webp","width":500,"height":88,"caption":"Spacewell | A Nemetschek Company"},"image":{"@id":"https:\/\/spacewell.com\/sv\/#\/schema\/logo\/image\/"},"sameAs":["https:\/\/www.facebook.com\/SpacewellHQ","https:\/\/x.com\/Spacewell_HQ"]}]}},"_links":{"self":[{"href":"https:\/\/spacewell.com\/sv\/wp-json\/wp\/v2\/pages\/460","targetHints":{"allow":["GET"]}}],"collection":[{"href":"https:\/\/spacewell.com\/sv\/wp-json\/wp\/v2\/pages"}],"about":[{"href":"https:\/\/spacewell.com\/sv\/wp-json\/wp\/v2\/types\/page"}],"author":[{"embeddable":true,"href":"https:\/\/spacewell.com\/sv\/wp-json\/wp\/v2\/users\/29"}],"replies":[{"embeddable":true,"href":"https:\/\/spacewell.com\/sv\/wp-json\/wp\/v2\/comments?post=460"}],"version-history":[{"count":22,"href":"https:\/\/spacewell.com\/sv\/wp-json\/wp\/v2\/pages\/460\/revisions"}],"predecessor-version":[{"id":48202,"href":"https:\/\/spacewell.com\/sv\/wp-json\/wp\/v2\/pages\/460\/revisions\/48202"}],"wp:featuredmedia":[{"embeddable":true,"href":"https:\/\/spacewell.com\/sv\/wp-json\/wp\/v2\/media\/23945"}],"wp:attachment":[{"href":"https:\/\/spacewell.com\/sv\/wp-json\/wp\/v2\/media?parent=460"}],"curies":[{"name":"wp","href":"https:\/\/api.w.org\/{rel}","templated":true}]}}