


{"id":420,"date":"2023-06-01T11:20:10","date_gmt":"2023-06-01T09:20:10","guid":{"rendered":"https:\/\/spacewell.com\/foretag\/foretagets-ansvar-och-hallbar-utveckling\/"},"modified":"2023-10-25T13:58:26","modified_gmt":"2023-10-25T11:58:26","slug":"foretagets-ansvar-och-hallbar-utveckling","status":"publish","type":"page","link":"https:\/\/spacewell.com\/sv\/foretag\/foretagets-ansvar-och-hallbar-utveckling\/","title":{"rendered":"F\u00f6retagets ansvar och h\u00e5llbar utveckling"},"content":{"rendered":"<div class=\"gb-container gb-container-7e55cbd5\">\n<figure class=\"gb-block-image gb-block-image-818228c0\"><img loading=\"lazy\" decoding=\"async\" width=\"1200\" height=\"630\" src=\"https:\/\/spacewell.com\/wp-content\/uploads\/2023\/08\/gmao-1200x630-1.jpg\" class=\"gb-image-818228c0\" alt=\"GMAO\" srcset=\"https:\/\/spacewell.com\/wp-content\/uploads\/2023\/08\/gmao-1200x630-1.jpg 1200w, https:\/\/spacewell.com\/wp-content\/uploads\/2023\/08\/gmao-1200x630-1-500x263.jpg 500w, https:\/\/spacewell.com\/wp-content\/uploads\/2023\/08\/gmao-1200x630-1-1024x538.jpg 1024w, https:\/\/spacewell.com\/wp-content\/uploads\/2023\/08\/gmao-1200x630-1-768x403.jpg 768w\" sizes=\"auto, (max-width: 1200px) 100vw, 1200px\" \/><\/figure>\n\n<div class=\"gb-container gb-container-25f7f753\">\n<h1 class=\"gb-headline gb-headline-c67ae295 gb-headline-text\">F\u00f6retagets ansvar och h\u00e5llbar utveckling<\/h1>\n<\/div>\n<\/div><div class=\"gb-container gb-container-cbb31126 gb-container-5731d80c\">\n\n<p>Nu \u00e4r det r\u00e4tt tid att realisera digitala och tekniska m\u00f6jligheter<\/p>\n\n\n\n<h2 class=\"gb-headline gb-headline-55b950a0 gb-headline-text gb-headline-bf2940e3\">Ett ansvarstagande f\u00f6retag<\/h2>\n\n\n\n<p>Spacewell | A Nemetschek Company har som m\u00e5l att bedriva sin verksamhet med socialt ansvar och bidra till en h\u00e5llbar utveckling, i enlighet med den internationella standarden <a href=\"https:\/\/www.iso.org\/iso-26000-social-responsibility.html\" target=\"_blank\" rel=\"noreferrer noopener\">ISO 26000 Guidance on Social Responsibility<\/a>. <br\/><br\/>F\u00f6r att fr\u00e4mja etik, integritet och f\u00f6rtroende har Nemetschek Group definierat standarder f\u00f6r den l\u00f6pande verksamheten i sin <a href=\"https:\/\/www.nemetschek.com\/sites\/default\/files\/documents\/2021_Code%20of%20Conduct%20-%20Nemetschek%20Group%20-%20EN.pdf\">uppf\u00f6randekod<\/a>, som anger skyldigheterna f\u00f6r anst\u00e4llda, inklusive skyddet av naturtillg\u00e5ngar, korruptionsmotverkande f\u00f6reskrifter och skyldighet att avst\u00e5 fr\u00e5n alla former av diskriminering.<\/p>\n\n\n\n<h2 class=\"gb-headline gb-headline-c7608849 gb-headline-text gb-headline-bf2940e3\">Anst\u00e4llda<\/h2>\n\n\n\n<p>V\u00e5ra anst\u00e4llda \u00e4r v\u00e5r st\u00f6rsta tillg\u00e5ng. Som arbetsgivare uppmuntrar Spacewell m\u00e5ngfald i sina arbetsgrupper och skapar en milj\u00f6 f\u00f6r l\u00e4rande d\u00e4r de anst\u00e4llda ges m\u00f6jlighet att utvecklas b\u00e5de yrkesm\u00e4ssigt och personligt. <\/p>\n\n\n\n<p>Vi anser att m\u00e5ngfald, inkludering och samarbete \u00e4r av grundl\u00e4ggande betydelse n\u00e4r det g\u00e4ller att skapa extraordin\u00e4ra arbetsgrupper. Vi f\u00f6rv\u00e4ntar oss inte att v\u00e5ra anst\u00e4llda ska vara perfekta eller extraordin\u00e4ra. Men vi tror att de kan n\u00e5 extraordin\u00e4ra resultat n\u00e4r de arbetar tillsammans med ett gemensamt m\u00e5l. <br\/><br\/>Spacewell erbjuder karri\u00e4rm\u00f6jligheter f\u00f6r m\u00e4nniskor med olika kulturella och sociala bakgrunder. V\u00e5r rekryteringspolicy \u00e4r neutral n\u00e4r det g\u00e4ller k\u00f6n, sexuell l\u00e4ggning, \u00e5lder, etnicitet, nationalitet och religi\u00f6s tro. Vi v\u00e4rnar om en bra balans och en kultur av \u00f6ppenhet med respekt f\u00f6r allas personlighet och \u00e5sikter.<\/p>\n\n<\/div>\n<figure class=\"gb-block-image gb-block-image-844201f2\"><img loading=\"lazy\" decoding=\"async\" width=\"1200\" height=\"630\" class=\"gb-image gb-image-844201f2 is-style-default\" src=\"\/wp-content\/uploads\/2023\/08\/corporate-responsibility-1200x630-1.jpg\" alt=\"Byggnader med tr\u00e4d \u00f6verlagrade\" srcset=\"https:\/\/spacewell.com\/wp-content\/uploads\/2023\/08\/corporate-responsibility-1200x630-1.jpg 1200w, https:\/\/spacewell.com\/wp-content\/uploads\/2023\/08\/corporate-responsibility-1200x630-1-500x263.jpg 500w, https:\/\/spacewell.com\/wp-content\/uploads\/2023\/08\/corporate-responsibility-1200x630-1-1024x538.jpg 1024w, https:\/\/spacewell.com\/wp-content\/uploads\/2023\/08\/corporate-responsibility-1200x630-1-768x403.jpg 768w\" sizes=\"auto, (max-width: 1200px) 100vw, 1200px\" \/><\/figure>\n<div class=\"gb-container gb-container-4e33f7e1\">\n<div class=\"gb-container gb-container-26e99ff3 gb-container-5731d80c\">\n\n<h2 class=\"gb-headline gb-headline-0bf022b0 gb-headline-text\">H\u00e5llbarhet och klimatf\u00f6r\u00e4ndring<\/h2>\n\n<\/div>\n<\/div><div class=\"gb-container gb-container-66bae623 gb-container-5731d80c\">\n\n<h3 class=\"gb-headline gb-headline-5c2a992f gb-headline-text\">Vi hj\u00e4lper organisationer att minska sitt koldioxidavtryck<\/h3>\n\n\n\n<p>Spacewells k\u00e4rnkompetens finns p\u00e5 omr\u00e5det effektiv och h\u00e5llbar hantering av byggnader och fastigheter. Vi hj\u00e4lper alla typer av organisationer \u2013 b\u00e5de sm\u00e5 och stora \u2013 att minska sitt koldioxidavtryck genom att optimera utrymme och energieffektivitet. Vi hj\u00e4lper dem att skapa anv\u00e4ndarinriktade, samarbetsfokuserade och h\u00e4lsosamma arbetsplatser.<\/p>\n\n\n\n<p><strong>L\u00e4s v\u00e5r <a href=\"https:\/\/spacewell.com\/sv\/resurser\/forskning-och-insikter\/datadriven-esg-strategi-hur-fastighetsforvaltning-kan-visa-vagen\/\">e-guide om ESG inom fastighetsf\u00f6rvaltning<\/a><\/strong>: \u201dDatadriven ESG-strategi: Hur fastighetsf\u00f6rvaltning kan visa v\u00e4gen\u201d<\/p>\n\n\n<div class=\"gb-container gb-container-59481ee3 cursor-pointer\" id=\"open-video-overlay-1\">\n\n<figure class=\"gb-block-image gb-block-image-b00b3e76\"><img loading=\"lazy\" decoding=\"async\" width=\"1280\" height=\"720\" class=\"gb-image gb-image-b00b3e76 gb-image-b19acb23\" src=\"\/wp-content\/uploads\/2023\/08\/maxresdefault.webp\" alt=\"50 Sustainability &amp; Climate Leaders initiative Thumbnail \" title=\"maxresdefault\" srcset=\"https:\/\/spacewell.com\/wp-content\/uploads\/2023\/08\/maxresdefault.webp 1280w, https:\/\/spacewell.com\/wp-content\/uploads\/2023\/08\/maxresdefault-500x281.webp 500w, https:\/\/spacewell.com\/wp-content\/uploads\/2023\/08\/maxresdefault-1024x576.webp 1024w, https:\/\/spacewell.com\/wp-content\/uploads\/2023\/08\/maxresdefault-768x432.webp 768w\" sizes=\"auto, (max-width: 1280px) 100vw, 1280px\" \/><\/figure>\n\n\n<div class=\"gb-container gb-container-6afed2ea play-button\"><\/div>\n<\/div>\n\n<div id=\"video-overlay-1\" data-video-id=\"fcgoPRqDGJY\" class=\"wp-block-sw-blocks-modal-video\">\n  \n\n<div class=\"modal-header\">\n      <div class=\"modal-header-left\">\n      <\/div> \n      <div class=\"modal-header-right\">\n        <button class=\"close-button video-close-button\">\n          <svg xmlns=\"http:\/\/www.w3.org\/2000\/svg\" viewBox=\"0 0 512 512\">\n            <path\n              d=\"M175 175C184.4 165.7 199.6 165.7 208.1 175L255.1 222.1L303 175C312.4 165.7 327.6 165.7 336.1 175C346.3 184.4 346.3 199.6 336.1 208.1L289.9 255.1L336.1 303C346.3 312.4 346.3 327.6 336.1 336.1C327.6 346.3 312.4 346.3 303 336.1L255.1 289.9L208.1 336.1C199.6 346.3 184.4 346.3 175 336.1C165.7 327.6 165.7 312.4 175 303L222.1 255.1L175 208.1C165.7 199.6 165.7 184.4 175 175V175zM512 256C512 397.4 397.4 512 256 512C114.6 512 0 397.4 0 256C0 114.6 114.6 0 256 0C397.4 0 512 114.6 512 256zM256 48C141.1 48 48 141.1 48 256C48 370.9 141.1 464 256 464C370.9 464 464 370.9 464 256C464 141.1 370.9 48 256 48z\"\n              fill=\"currentcolor\" \/>\n          <\/svg>\n        <\/button>\n      <\/div>\n    <\/div>\n    \n    <div class=\"modal video-modal\">\n\n    <div class=\"modal-content-box\">\n      <div class=\"video-content\">\n      <\/div>\n    <\/div>\n\n  <\/div>\n<\/div>\n\n\n<h3 class=\"gb-headline gb-headline-ed48889e gb-headline-text\">Initiativet \u201d50 Sustainability &amp; Climate Leaders\u201d<\/h3>\n\n\n\n<p>Klimatf\u00f6r\u00e4ndringen \u00e4r v\u00e5r tids stora fr\u00e5ga. Nemetschek Group \u00e4r en av 50 ledande akt\u00f6rer p\u00e5 h\u00e5llbarhets- och klimatomr\u00e5det som utsetts av FN, och som till\u00e4mpar b\u00e4sta praxis och genomf\u00f6r \u00e5tg\u00e4rder som \u00e4r positiva f\u00f6r klimatet.<\/p>\n\n\n\n<h3 class=\"gb-headline gb-headline-c6d70c55 gb-headline-text\">En Spacewell-skog ska inspirera ansvarstagandet f\u00f6r v\u00e5r planet<\/h3>\n\n\n\n<p>Vi st\u00f6der Treedom, en organisation som kombinerar milj\u00f6projekt med ett socialt engagemang i utvecklingsl\u00e4nder. Plantering av tr\u00e4d bidrar till upptagningen av v\u00e4xthusgasen koldioxid fr\u00e5n atmosf\u00e4ren och till att motverka milj\u00f6f\u00f6rst\u00f6ring, avskogning och jorderosion. Treedoms m\u00e5l \u00e4r d\u00e4remot inte bara att plantera tr\u00e4d. <\/p>\n\n\n\n<p>I b\u00f6rjan av 2021 erbj\u00f6ds alla Spacewell-anst\u00e4llda att adoptera ett eget tr\u00e4d. P\u00e5 detta s\u00e4tt planterar Spacewell och andra varum\u00e4rken i Nemetschek Group en virtuell f\u00f6retagsskog med \u00f6ver 2 000 tr\u00e4d. Varje tr\u00e4d fotograferas, geolokaliseras och visas p\u00e5 en egen profilsida. Detta g\u00f6r v\u00e5ra medarbetare engagerade p\u00e5 ett lekfullt s\u00e4tt, ber\u00f6r dem k\u00e4nslom\u00e4ssigt och p\u00e5minner dem \u2013 genom regelbundna uppdateringar \u2013 om v\u00e5r organisations l\u00e5ngsiktiga \u00e5tagande om h\u00e5llbarhet.<\/p>\n\n<\/div>\n<figure class=\"gb-block-image gb-block-image-3145370a\"><img loading=\"lazy\" decoding=\"async\" width=\"1200\" height=\"700\" class=\"gb-image gb-image-3145370a\" src=\"\/wp-content\/uploads\/2023\/08\/treedom-kenya-1200-700.jpg\" alt=\"Kenyanska m\u00e4nniskor som h\u00e5ller i tr\u00e4dplantor\" srcset=\"https:\/\/spacewell.com\/wp-content\/uploads\/2023\/08\/treedom-kenya-1200-700.jpg 1200w, https:\/\/spacewell.com\/wp-content\/uploads\/2023\/08\/treedom-kenya-1200-700-500x292.jpg 500w, https:\/\/spacewell.com\/wp-content\/uploads\/2023\/08\/treedom-kenya-1200-700-1024x597.jpg 1024w, https:\/\/spacewell.com\/wp-content\/uploads\/2023\/08\/treedom-kenya-1200-700-768x448.jpg 768w\" sizes=\"auto, (max-width: 1200px) 100vw, 1200px\" \/><\/figure>\n","protected":false},"excerpt":{"rendered":"<p>F\u00f6retagets ansvar och h\u00e5llbar utveckling Nu \u00e4r det r\u00e4tt tid att realisera digitala och tekniska m\u00f6jligheter Ett ansvarstagande f\u00f6retag Spacewell | A Nemetschek Company har som m\u00e5l att bedriva sin verksamhet med socialt ansvar och bidra till en h\u00e5llbar utveckling, i enlighet med den internationella standarden ISO 26000 Guidance on Social Responsibility. F\u00f6r att fr\u00e4mja &#8230; <a title=\"F\u00f6retagets ansvar och h\u00e5llbar utveckling\" class=\"read-more\" href=\"https:\/\/spacewell.com\/sv\/foretag\/foretagets-ansvar-och-hallbar-utveckling\/\" aria-label=\"L\u00e4s mer om F\u00f6retagets ansvar och h\u00e5llbar utveckling\">L\u00e4s mer<\/a><\/p>\n","protected":false},"author":29,"featured_media":13188,"parent":281,"menu_order":0,"comment_status":"closed","ping_status":"closed","template":"","meta":{"_acf_changed":false,"footnotes":""},"class_list":{"0":"post-420","1":"page","2":"type-page","3":"status-publish","4":"has-post-thumbnail","6":"no-featured-image-padding"},"acf":[],"yoast_head":"<!-- This site is optimized with the Yoast SEO Premium plugin v26.0 (Yoast SEO v27.5) - https:\/\/yoast.com\/product\/yoast-seo-premium-wordpress\/ -->\n<title>F\u00f6retagets ansvar \u2013 SPACEWELL | A Nemetschek Company<\/title>\n<meta name=\"description\" content=\"Spacewell har som m\u00e5l att bedriva sin verksamhet med socialt ansvar, som fr\u00e4mjar etiska aff\u00e4rsmetoder och bidrar till h\u00e5llbar utveckling\" \/>\n<meta name=\"robots\" content=\"index, follow, max-snippet:-1, max-image-preview:large, max-video-preview:-1\" \/>\n<link rel=\"canonical\" href=\"https:\/\/spacewell.com\/sv\/foretag\/foretagets-ansvar-och-hallbar-utveckling\/\" \/>\n<meta property=\"og:locale\" content=\"sv_SE\" \/>\n<meta property=\"og:type\" content=\"article\" \/>\n<meta property=\"og:title\" content=\"F\u00f6retagets ansvar och h\u00e5llbar utveckling\" \/>\n<meta property=\"og:description\" content=\"Spacewell har som m\u00e5l att bedriva sin verksamhet med socialt ansvar, som fr\u00e4mjar etiska aff\u00e4rsmetoder och bidrar till h\u00e5llbar utveckling\" \/>\n<meta property=\"og:url\" content=\"https:\/\/spacewell.com\/sv\/foretag\/foretagets-ansvar-och-hallbar-utveckling\/\" \/>\n<meta property=\"og:site_name\" content=\"Spacewell | A Nemetschek Company\" \/>\n<meta property=\"article:publisher\" content=\"https:\/\/www.facebook.com\/SpacewellHQ\" \/>\n<meta property=\"article:modified_time\" content=\"2023-10-25T11:58:26+00:00\" \/>\n<meta property=\"og:image\" content=\"https:\/\/spacewell.com\/wp-content\/uploads\/2023\/08\/gmao-1200x630-1.jpg\" \/>\n\t<meta property=\"og:image:width\" content=\"1200\" \/>\n\t<meta property=\"og:image:height\" content=\"630\" \/>\n\t<meta property=\"og:image:type\" content=\"image\/jpeg\" \/>\n<meta name=\"twitter:card\" content=\"summary_large_image\" \/>\n<meta name=\"twitter:site\" content=\"@Spacewell_HQ\" \/>\n<meta name=\"twitter:label1\" content=\"Ber\u00e4knad l\u00e4stid\" \/>\n\t<meta name=\"twitter:data1\" content=\"3 minuter\" \/>\n<script type=\"application\/ld+json\" class=\"yoast-schema-graph\">{\"@context\":\"https:\\\/\\\/schema.org\",\"@graph\":[{\"@type\":\"WebPage\",\"@id\":\"https:\\\/\\\/spacewell.com\\\/sv\\\/foretag\\\/foretagets-ansvar-och-hallbar-utveckling\\\/\",\"url\":\"https:\\\/\\\/spacewell.com\\\/sv\\\/foretag\\\/foretagets-ansvar-och-hallbar-utveckling\\\/\",\"name\":\"F\u00f6retagets ansvar \u2013 SPACEWELL | A Nemetschek Company\",\"isPartOf\":{\"@id\":\"https:\\\/\\\/spacewell.com\\\/sv\\\/#website\"},\"primaryImageOfPage\":{\"@id\":\"https:\\\/\\\/spacewell.com\\\/sv\\\/foretag\\\/foretagets-ansvar-och-hallbar-utveckling\\\/#primaryimage\"},\"image\":{\"@id\":\"https:\\\/\\\/spacewell.com\\\/sv\\\/foretag\\\/foretagets-ansvar-och-hallbar-utveckling\\\/#primaryimage\"},\"thumbnailUrl\":\"https:\\\/\\\/spacewell.com\\\/wp-content\\\/uploads\\\/2023\\\/08\\\/gmao-1200x630-1.jpg\",\"datePublished\":\"2023-06-01T09:20:10+00:00\",\"dateModified\":\"2023-10-25T11:58:26+00:00\",\"description\":\"Spacewell har som m\u00e5l att bedriva sin verksamhet med socialt ansvar, som fr\u00e4mjar etiska aff\u00e4rsmetoder och bidrar till h\u00e5llbar utveckling\",\"breadcrumb\":{\"@id\":\"https:\\\/\\\/spacewell.com\\\/sv\\\/foretag\\\/foretagets-ansvar-och-hallbar-utveckling\\\/#breadcrumb\"},\"inLanguage\":\"sv-SE\",\"potentialAction\":[{\"@type\":\"ReadAction\",\"target\":[\"https:\\\/\\\/spacewell.com\\\/sv\\\/foretag\\\/foretagets-ansvar-och-hallbar-utveckling\\\/\"]}]},{\"@type\":\"ImageObject\",\"inLanguage\":\"sv-SE\",\"@id\":\"https:\\\/\\\/spacewell.com\\\/sv\\\/foretag\\\/foretagets-ansvar-och-hallbar-utveckling\\\/#primaryimage\",\"url\":\"https:\\\/\\\/spacewell.com\\\/wp-content\\\/uploads\\\/2023\\\/08\\\/gmao-1200x630-1.jpg\",\"contentUrl\":\"https:\\\/\\\/spacewell.com\\\/wp-content\\\/uploads\\\/2023\\\/08\\\/gmao-1200x630-1.jpg\",\"width\":1200,\"height\":630,\"caption\":\"GMAO\"},{\"@type\":\"BreadcrumbList\",\"@id\":\"https:\\\/\\\/spacewell.com\\\/sv\\\/foretag\\\/foretagets-ansvar-och-hallbar-utveckling\\\/#breadcrumb\",\"itemListElement\":[{\"@type\":\"ListItem\",\"position\":1,\"name\":\"Home\",\"item\":\"https:\\\/\\\/spacewell.com\\\/sv\\\/\"},{\"@type\":\"ListItem\",\"position\":2,\"name\":\"F\u00f6retag\",\"item\":\"https:\\\/\\\/spacewell.com\\\/sv\\\/foretag\\\/\"},{\"@type\":\"ListItem\",\"position\":3,\"name\":\"F\u00f6retagets ansvar och h\u00e5llbar utveckling\"}]},{\"@type\":\"WebSite\",\"@id\":\"https:\\\/\\\/spacewell.com\\\/sv\\\/#website\",\"url\":\"https:\\\/\\\/spacewell.com\\\/sv\\\/\",\"name\":\"Spacewell | A Nemetschek Company\",\"description\":\"Make buildings work for people\",\"publisher\":{\"@id\":\"https:\\\/\\\/spacewell.com\\\/sv\\\/#organization\"},\"potentialAction\":[{\"@type\":\"SearchAction\",\"target\":{\"@type\":\"EntryPoint\",\"urlTemplate\":\"https:\\\/\\\/spacewell.com\\\/sv\\\/?s={search_term_string}\"},\"query-input\":{\"@type\":\"PropertyValueSpecification\",\"valueRequired\":true,\"valueName\":\"search_term_string\"}}],\"inLanguage\":\"sv-SE\"},{\"@type\":\"Organization\",\"@id\":\"https:\\\/\\\/spacewell.com\\\/sv\\\/#organization\",\"name\":\"Spacewell | A Nemetschek Company\",\"url\":\"https:\\\/\\\/spacewell.com\\\/sv\\\/\",\"logo\":{\"@type\":\"ImageObject\",\"inLanguage\":\"sv-SE\",\"@id\":\"https:\\\/\\\/spacewell.com\\\/sv\\\/#\\\/schema\\\/logo\\\/image\\\/\",\"url\":\"https:\\\/\\\/spacewell.com\\\/wp-content\\\/uploads\\\/2023\\\/05\\\/spacewell-logo-500x88-1.webp\",\"contentUrl\":\"https:\\\/\\\/spacewell.com\\\/wp-content\\\/uploads\\\/2023\\\/05\\\/spacewell-logo-500x88-1.webp\",\"width\":500,\"height\":88,\"caption\":\"Spacewell | A Nemetschek Company\"},\"image\":{\"@id\":\"https:\\\/\\\/spacewell.com\\\/sv\\\/#\\\/schema\\\/logo\\\/image\\\/\"},\"sameAs\":[\"https:\\\/\\\/www.facebook.com\\\/SpacewellHQ\",\"https:\\\/\\\/x.com\\\/Spacewell_HQ\"]}]}<\/script>\n<!-- \/ Yoast SEO Premium plugin. -->","yoast_head_json":{"title":"F\u00f6retagets ansvar \u2013 SPACEWELL | A Nemetschek Company","description":"Spacewell har som m\u00e5l att bedriva sin verksamhet med socialt ansvar, som fr\u00e4mjar etiska aff\u00e4rsmetoder och bidrar till h\u00e5llbar utveckling","robots":{"index":"index","follow":"follow","max-snippet":"max-snippet:-1","max-image-preview":"max-image-preview:large","max-video-preview":"max-video-preview:-1"},"canonical":"https:\/\/spacewell.com\/sv\/foretag\/foretagets-ansvar-och-hallbar-utveckling\/","og_locale":"sv_SE","og_type":"article","og_title":"F\u00f6retagets ansvar och h\u00e5llbar utveckling","og_description":"Spacewell har som m\u00e5l att bedriva sin verksamhet med socialt ansvar, som fr\u00e4mjar etiska aff\u00e4rsmetoder och bidrar till h\u00e5llbar utveckling","og_url":"https:\/\/spacewell.com\/sv\/foretag\/foretagets-ansvar-och-hallbar-utveckling\/","og_site_name":"Spacewell | A Nemetschek Company","article_publisher":"https:\/\/www.facebook.com\/SpacewellHQ","article_modified_time":"2023-10-25T11:58:26+00:00","og_image":[{"width":1200,"height":630,"url":"https:\/\/spacewell.com\/wp-content\/uploads\/2023\/08\/gmao-1200x630-1.jpg","type":"image\/jpeg"}],"twitter_card":"summary_large_image","twitter_site":"@Spacewell_HQ","twitter_misc":{"Ber\u00e4knad l\u00e4stid":"3 minuter"},"schema":{"@context":"https:\/\/schema.org","@graph":[{"@type":"WebPage","@id":"https:\/\/spacewell.com\/sv\/foretag\/foretagets-ansvar-och-hallbar-utveckling\/","url":"https:\/\/spacewell.com\/sv\/foretag\/foretagets-ansvar-och-hallbar-utveckling\/","name":"F\u00f6retagets ansvar \u2013 SPACEWELL | A Nemetschek Company","isPartOf":{"@id":"https:\/\/spacewell.com\/sv\/#website"},"primaryImageOfPage":{"@id":"https:\/\/spacewell.com\/sv\/foretag\/foretagets-ansvar-och-hallbar-utveckling\/#primaryimage"},"image":{"@id":"https:\/\/spacewell.com\/sv\/foretag\/foretagets-ansvar-och-hallbar-utveckling\/#primaryimage"},"thumbnailUrl":"https:\/\/spacewell.com\/wp-content\/uploads\/2023\/08\/gmao-1200x630-1.jpg","datePublished":"2023-06-01T09:20:10+00:00","dateModified":"2023-10-25T11:58:26+00:00","description":"Spacewell har som m\u00e5l att bedriva sin verksamhet med socialt ansvar, som fr\u00e4mjar etiska aff\u00e4rsmetoder och bidrar till h\u00e5llbar utveckling","breadcrumb":{"@id":"https:\/\/spacewell.com\/sv\/foretag\/foretagets-ansvar-och-hallbar-utveckling\/#breadcrumb"},"inLanguage":"sv-SE","potentialAction":[{"@type":"ReadAction","target":["https:\/\/spacewell.com\/sv\/foretag\/foretagets-ansvar-och-hallbar-utveckling\/"]}]},{"@type":"ImageObject","inLanguage":"sv-SE","@id":"https:\/\/spacewell.com\/sv\/foretag\/foretagets-ansvar-och-hallbar-utveckling\/#primaryimage","url":"https:\/\/spacewell.com\/wp-content\/uploads\/2023\/08\/gmao-1200x630-1.jpg","contentUrl":"https:\/\/spacewell.com\/wp-content\/uploads\/2023\/08\/gmao-1200x630-1.jpg","width":1200,"height":630,"caption":"GMAO"},{"@type":"BreadcrumbList","@id":"https:\/\/spacewell.com\/sv\/foretag\/foretagets-ansvar-och-hallbar-utveckling\/#breadcrumb","itemListElement":[{"@type":"ListItem","position":1,"name":"Home","item":"https:\/\/spacewell.com\/sv\/"},{"@type":"ListItem","position":2,"name":"F\u00f6retag","item":"https:\/\/spacewell.com\/sv\/foretag\/"},{"@type":"ListItem","position":3,"name":"F\u00f6retagets ansvar och h\u00e5llbar utveckling"}]},{"@type":"WebSite","@id":"https:\/\/spacewell.com\/sv\/#website","url":"https:\/\/spacewell.com\/sv\/","name":"Spacewell | A Nemetschek Company","description":"Make buildings work for people","publisher":{"@id":"https:\/\/spacewell.com\/sv\/#organization"},"potentialAction":[{"@type":"SearchAction","target":{"@type":"EntryPoint","urlTemplate":"https:\/\/spacewell.com\/sv\/?s={search_term_string}"},"query-input":{"@type":"PropertyValueSpecification","valueRequired":true,"valueName":"search_term_string"}}],"inLanguage":"sv-SE"},{"@type":"Organization","@id":"https:\/\/spacewell.com\/sv\/#organization","name":"Spacewell | A Nemetschek Company","url":"https:\/\/spacewell.com\/sv\/","logo":{"@type":"ImageObject","inLanguage":"sv-SE","@id":"https:\/\/spacewell.com\/sv\/#\/schema\/logo\/image\/","url":"https:\/\/spacewell.com\/wp-content\/uploads\/2023\/05\/spacewell-logo-500x88-1.webp","contentUrl":"https:\/\/spacewell.com\/wp-content\/uploads\/2023\/05\/spacewell-logo-500x88-1.webp","width":500,"height":88,"caption":"Spacewell | A Nemetschek Company"},"image":{"@id":"https:\/\/spacewell.com\/sv\/#\/schema\/logo\/image\/"},"sameAs":["https:\/\/www.facebook.com\/SpacewellHQ","https:\/\/x.com\/Spacewell_HQ"]}]}},"_links":{"self":[{"href":"https:\/\/spacewell.com\/sv\/wp-json\/wp\/v2\/pages\/420","targetHints":{"allow":["GET"]}}],"collection":[{"href":"https:\/\/spacewell.com\/sv\/wp-json\/wp\/v2\/pages"}],"about":[{"href":"https:\/\/spacewell.com\/sv\/wp-json\/wp\/v2\/types\/page"}],"author":[{"embeddable":true,"href":"https:\/\/spacewell.com\/sv\/wp-json\/wp\/v2\/users\/29"}],"replies":[{"embeddable":true,"href":"https:\/\/spacewell.com\/sv\/wp-json\/wp\/v2\/comments?post=420"}],"version-history":[{"count":0,"href":"https:\/\/spacewell.com\/sv\/wp-json\/wp\/v2\/pages\/420\/revisions"}],"up":[{"embeddable":true,"href":"https:\/\/spacewell.com\/sv\/wp-json\/wp\/v2\/pages\/281"}],"wp:featuredmedia":[{"embeddable":true,"href":"https:\/\/spacewell.com\/sv\/wp-json\/wp\/v2\/media\/13188"}],"wp:attachment":[{"href":"https:\/\/spacewell.com\/sv\/wp-json\/wp\/v2\/media?parent=420"}],"curies":[{"name":"wp","href":"https:\/\/api.w.org\/{rel}","templated":true}]}}