


{"id":408,"date":"2023-06-01T11:09:45","date_gmt":"2023-06-01T09:09:45","guid":{"rendered":"https:\/\/spacewell.com\/foretag\/kontakta-oss\/prenumerera-pa-uppdateringar\/"},"modified":"2023-10-25T13:45:18","modified_gmt":"2023-10-25T11:45:18","slug":"prenumerera-pa-uppdateringar","status":"publish","type":"page","link":"https:\/\/spacewell.com\/sv\/platser\/prenumerera-pa-uppdateringar\/","title":{"rendered":"Prenumerera p\u00e5 uppdateringar"},"content":{"rendered":"<div class=\"gb-container gb-container-917b3cf8\">\n<div class=\"gb-grid-wrapper gb-grid-wrapper-f590b7f2\">\n<div class=\"gb-grid-column gb-grid-column-fab2d728\"><div class=\"gb-container gb-container-fab2d728\">\n\n<h1 class=\"gb-headline gb-headline-bed02155 gb-headline-text gb-headline-902a6ace\">PRENUMERERA P\u00c5 UPPDATERINGAR<\/h1>\n\n\n\n<p>Varje m\u00e5nad skickar vi nyheter om marknaden och f\u00f6retaget till dig.<\/p>\n\n<\/div><\/div>\n\n<div class=\"gb-grid-column gb-grid-column-b1dff77e\"><div class=\"gb-container gb-container-b1dff77e\">\n\n<script charset=\"utf-8\" type=\"text\/javascript\" src=\"\/\/js.hsforms.net\/forms\/embed\/v2.js\"><\/script>\n<script>\n  hbspt.forms.create({\n    region: \"na1\",\n    portalId: \"437281\",\n    formId: \"11c66002-660b-4b21-8851-05a6d862c26d\"\n  });\n<\/script>\n\n<\/div><\/div>\n<\/div>\n<\/div>\n\n<div class=\"gb-container gb-container-a73479a3\">\n<div class=\"gb-grid-wrapper gb-grid-wrapper-cbc47478\">\n<div class=\"gb-grid-column gb-grid-column-8453d043\"><div class=\"gb-container gb-container-8453d043\">\n\n<h1 class=\"gb-headline gb-headline-0f1ba607 gb-headline-text gb-headline-902a6ace\">PRENUMERERA P\u00c5 UPPDATERINGAR<\/h1>\n\n\n\n<p>Varje m\u00e5nad skickar vi nyheter om marknaden och f\u00f6retaget till dig.<\/p>\n\n<\/div><\/div>\n\n<div class=\"gb-grid-column gb-grid-column-e5dcb19b\"><div class=\"gb-container gb-container-e5dcb19b\">\n\n<script charset=\"utf-8\" type=\"text\/javascript\" src=\"\/\/js.hsforms.net\/forms\/embed\/v2.js\"><\/script><script data-hubspot-rendered=\"true\">hbspt.forms.create({\n    region: \"na1\",\n    portalId: \"437281\",\n    formId: \"6ae9aab6-a304-47d9-bb9d-870adc2d7655\"\n  });\n<\/script>\n\n<\/div><\/div>\n<\/div>\n<\/div>","protected":false},"excerpt":{"rendered":"","protected":false},"author":29,"featured_media":23915,"parent":331,"menu_order":0,"comment_status":"closed","ping_status":"closed","template":"","meta":{"_acf_changed":false,"footnotes":""},"class_list":{"0":"post-408","1":"page","2":"type-page","3":"status-publish","4":"has-post-thumbnail","6":"no-featured-image-padding"},"acf":[],"yoast_head":"<!-- This site is optimized with the Yoast SEO Premium plugin v26.0 (Yoast SEO v27.4) - https:\/\/yoast.com\/product\/yoast-seo-premium-wordpress\/ -->\n<title>Prenumerera p\u00e5 uppdateringar - Spacewell | A Nemetschek Company<\/title>\n<meta name=\"description\" content=\"Fyll i de obligatoriska f\u00e4lten i formul\u00e4ret nedan s\u00e5 skickar vi nyheter om marknaden och f\u00f6retaget till dig varje m\u00e5nad.\" \/>\n<meta name=\"robots\" content=\"index, follow, max-snippet:-1, max-image-preview:large, max-video-preview:-1\" \/>\n<link rel=\"canonical\" href=\"https:\/\/spacewell.com\/sv\/platser\/prenumerera-pa-uppdateringar\/\" \/>\n<meta property=\"og:locale\" content=\"sv_SE\" \/>\n<meta property=\"og:type\" content=\"article\" \/>\n<meta property=\"og:title\" content=\"Prenumerera p\u00e5 uppdateringar\" \/>\n<meta property=\"og:description\" content=\"Fyll i de obligatoriska f\u00e4lten i formul\u00e4ret nedan s\u00e5 skickar vi nyheter om marknaden och f\u00f6retaget till dig varje m\u00e5nad.\" \/>\n<meta property=\"og:url\" content=\"https:\/\/spacewell.com\/sv\/platser\/prenumerera-pa-uppdateringar\/\" \/>\n<meta property=\"og:site_name\" content=\"Spacewell | A Nemetschek Company\" \/>\n<meta property=\"article:publisher\" content=\"https:\/\/www.facebook.com\/SpacewellHQ\" \/>\n<meta property=\"article:modified_time\" content=\"2023-10-25T11:45:18+00:00\" \/>\n<meta property=\"og:image\" content=\"https:\/\/spacewell.com\/wp-content\/uploads\/2023\/10\/person-with-laptop-smiling-1200x630-1.png\" \/>\n\t<meta property=\"og:image:width\" content=\"1200\" \/>\n\t<meta property=\"og:image:height\" content=\"630\" \/>\n\t<meta property=\"og:image:type\" content=\"image\/png\" \/>\n<meta name=\"twitter:card\" content=\"summary_large_image\" \/>\n<meta name=\"twitter:site\" content=\"@Spacewell_HQ\" \/>\n<script type=\"application\/ld+json\" class=\"yoast-schema-graph\">{\"@context\":\"https:\\\/\\\/schema.org\",\"@graph\":[{\"@type\":\"WebPage\",\"@id\":\"https:\\\/\\\/spacewell.com\\\/sv\\\/platser\\\/prenumerera-pa-uppdateringar\\\/\",\"url\":\"https:\\\/\\\/spacewell.com\\\/sv\\\/platser\\\/prenumerera-pa-uppdateringar\\\/\",\"name\":\"Prenumerera p\u00e5 uppdateringar - Spacewell | A Nemetschek Company\",\"isPartOf\":{\"@id\":\"https:\\\/\\\/spacewell.com\\\/sv\\\/#website\"},\"primaryImageOfPage\":{\"@id\":\"https:\\\/\\\/spacewell.com\\\/sv\\\/platser\\\/prenumerera-pa-uppdateringar\\\/#primaryimage\"},\"image\":{\"@id\":\"https:\\\/\\\/spacewell.com\\\/sv\\\/platser\\\/prenumerera-pa-uppdateringar\\\/#primaryimage\"},\"thumbnailUrl\":\"https:\\\/\\\/spacewell.com\\\/wp-content\\\/uploads\\\/2023\\\/10\\\/person-with-laptop-smiling-1200x630-1.png\",\"datePublished\":\"2023-06-01T09:09:45+00:00\",\"dateModified\":\"2023-10-25T11:45:18+00:00\",\"description\":\"Fyll i de obligatoriska f\u00e4lten i formul\u00e4ret nedan s\u00e5 skickar vi nyheter om marknaden och f\u00f6retaget till dig varje m\u00e5nad.\",\"breadcrumb\":{\"@id\":\"https:\\\/\\\/spacewell.com\\\/sv\\\/platser\\\/prenumerera-pa-uppdateringar\\\/#breadcrumb\"},\"inLanguage\":\"sv-SE\",\"potentialAction\":[{\"@type\":\"ReadAction\",\"target\":[\"https:\\\/\\\/spacewell.com\\\/sv\\\/platser\\\/prenumerera-pa-uppdateringar\\\/\"]}]},{\"@type\":\"ImageObject\",\"inLanguage\":\"sv-SE\",\"@id\":\"https:\\\/\\\/spacewell.com\\\/sv\\\/platser\\\/prenumerera-pa-uppdateringar\\\/#primaryimage\",\"url\":\"https:\\\/\\\/spacewell.com\\\/wp-content\\\/uploads\\\/2023\\\/10\\\/person-with-laptop-smiling-1200x630-1.png\",\"contentUrl\":\"https:\\\/\\\/spacewell.com\\\/wp-content\\\/uploads\\\/2023\\\/10\\\/person-with-laptop-smiling-1200x630-1.png\",\"width\":1200,\"height\":630,\"caption\":\"Person with laptop smiling\"},{\"@type\":\"BreadcrumbList\",\"@id\":\"https:\\\/\\\/spacewell.com\\\/sv\\\/platser\\\/prenumerera-pa-uppdateringar\\\/#breadcrumb\",\"itemListElement\":[{\"@type\":\"ListItem\",\"position\":1,\"name\":\"Home\",\"item\":\"https:\\\/\\\/spacewell.com\\\/sv\\\/\"},{\"@type\":\"ListItem\",\"position\":2,\"name\":\"Platser\",\"item\":\"https:\\\/\\\/spacewell.com\\\/sv\\\/platser\\\/\"},{\"@type\":\"ListItem\",\"position\":3,\"name\":\"Prenumerera p\u00e5 uppdateringar\"}]},{\"@type\":\"WebSite\",\"@id\":\"https:\\\/\\\/spacewell.com\\\/sv\\\/#website\",\"url\":\"https:\\\/\\\/spacewell.com\\\/sv\\\/\",\"name\":\"Spacewell | A Nemetschek Company\",\"description\":\"Make buildings work for people\",\"publisher\":{\"@id\":\"https:\\\/\\\/spacewell.com\\\/sv\\\/#organization\"},\"potentialAction\":[{\"@type\":\"SearchAction\",\"target\":{\"@type\":\"EntryPoint\",\"urlTemplate\":\"https:\\\/\\\/spacewell.com\\\/sv\\\/?s={search_term_string}\"},\"query-input\":{\"@type\":\"PropertyValueSpecification\",\"valueRequired\":true,\"valueName\":\"search_term_string\"}}],\"inLanguage\":\"sv-SE\"},{\"@type\":\"Organization\",\"@id\":\"https:\\\/\\\/spacewell.com\\\/sv\\\/#organization\",\"name\":\"Spacewell | A Nemetschek Company\",\"url\":\"https:\\\/\\\/spacewell.com\\\/sv\\\/\",\"logo\":{\"@type\":\"ImageObject\",\"inLanguage\":\"sv-SE\",\"@id\":\"https:\\\/\\\/spacewell.com\\\/sv\\\/#\\\/schema\\\/logo\\\/image\\\/\",\"url\":\"https:\\\/\\\/spacewell.com\\\/wp-content\\\/uploads\\\/2023\\\/05\\\/spacewell-logo-500x88-1.webp\",\"contentUrl\":\"https:\\\/\\\/spacewell.com\\\/wp-content\\\/uploads\\\/2023\\\/05\\\/spacewell-logo-500x88-1.webp\",\"width\":500,\"height\":88,\"caption\":\"Spacewell | A Nemetschek Company\"},\"image\":{\"@id\":\"https:\\\/\\\/spacewell.com\\\/sv\\\/#\\\/schema\\\/logo\\\/image\\\/\"},\"sameAs\":[\"https:\\\/\\\/www.facebook.com\\\/SpacewellHQ\",\"https:\\\/\\\/x.com\\\/Spacewell_HQ\"]}]}<\/script>\n<!-- \/ Yoast SEO Premium plugin. -->","yoast_head_json":{"title":"Prenumerera p\u00e5 uppdateringar - Spacewell | A Nemetschek Company","description":"Fyll i de obligatoriska f\u00e4lten i formul\u00e4ret nedan s\u00e5 skickar vi nyheter om marknaden och f\u00f6retaget till dig varje m\u00e5nad.","robots":{"index":"index","follow":"follow","max-snippet":"max-snippet:-1","max-image-preview":"max-image-preview:large","max-video-preview":"max-video-preview:-1"},"canonical":"https:\/\/spacewell.com\/sv\/platser\/prenumerera-pa-uppdateringar\/","og_locale":"sv_SE","og_type":"article","og_title":"Prenumerera p\u00e5 uppdateringar","og_description":"Fyll i de obligatoriska f\u00e4lten i formul\u00e4ret nedan s\u00e5 skickar vi nyheter om marknaden och f\u00f6retaget till dig varje m\u00e5nad.","og_url":"https:\/\/spacewell.com\/sv\/platser\/prenumerera-pa-uppdateringar\/","og_site_name":"Spacewell | A Nemetschek Company","article_publisher":"https:\/\/www.facebook.com\/SpacewellHQ","article_modified_time":"2023-10-25T11:45:18+00:00","og_image":[{"width":1200,"height":630,"url":"https:\/\/spacewell.com\/wp-content\/uploads\/2023\/10\/person-with-laptop-smiling-1200x630-1.png","type":"image\/png"}],"twitter_card":"summary_large_image","twitter_site":"@Spacewell_HQ","schema":{"@context":"https:\/\/schema.org","@graph":[{"@type":"WebPage","@id":"https:\/\/spacewell.com\/sv\/platser\/prenumerera-pa-uppdateringar\/","url":"https:\/\/spacewell.com\/sv\/platser\/prenumerera-pa-uppdateringar\/","name":"Prenumerera p\u00e5 uppdateringar - Spacewell | A Nemetschek Company","isPartOf":{"@id":"https:\/\/spacewell.com\/sv\/#website"},"primaryImageOfPage":{"@id":"https:\/\/spacewell.com\/sv\/platser\/prenumerera-pa-uppdateringar\/#primaryimage"},"image":{"@id":"https:\/\/spacewell.com\/sv\/platser\/prenumerera-pa-uppdateringar\/#primaryimage"},"thumbnailUrl":"https:\/\/spacewell.com\/wp-content\/uploads\/2023\/10\/person-with-laptop-smiling-1200x630-1.png","datePublished":"2023-06-01T09:09:45+00:00","dateModified":"2023-10-25T11:45:18+00:00","description":"Fyll i de obligatoriska f\u00e4lten i formul\u00e4ret nedan s\u00e5 skickar vi nyheter om marknaden och f\u00f6retaget till dig varje m\u00e5nad.","breadcrumb":{"@id":"https:\/\/spacewell.com\/sv\/platser\/prenumerera-pa-uppdateringar\/#breadcrumb"},"inLanguage":"sv-SE","potentialAction":[{"@type":"ReadAction","target":["https:\/\/spacewell.com\/sv\/platser\/prenumerera-pa-uppdateringar\/"]}]},{"@type":"ImageObject","inLanguage":"sv-SE","@id":"https:\/\/spacewell.com\/sv\/platser\/prenumerera-pa-uppdateringar\/#primaryimage","url":"https:\/\/spacewell.com\/wp-content\/uploads\/2023\/10\/person-with-laptop-smiling-1200x630-1.png","contentUrl":"https:\/\/spacewell.com\/wp-content\/uploads\/2023\/10\/person-with-laptop-smiling-1200x630-1.png","width":1200,"height":630,"caption":"Person with laptop smiling"},{"@type":"BreadcrumbList","@id":"https:\/\/spacewell.com\/sv\/platser\/prenumerera-pa-uppdateringar\/#breadcrumb","itemListElement":[{"@type":"ListItem","position":1,"name":"Home","item":"https:\/\/spacewell.com\/sv\/"},{"@type":"ListItem","position":2,"name":"Platser","item":"https:\/\/spacewell.com\/sv\/platser\/"},{"@type":"ListItem","position":3,"name":"Prenumerera p\u00e5 uppdateringar"}]},{"@type":"WebSite","@id":"https:\/\/spacewell.com\/sv\/#website","url":"https:\/\/spacewell.com\/sv\/","name":"Spacewell | A Nemetschek Company","description":"Make buildings work for people","publisher":{"@id":"https:\/\/spacewell.com\/sv\/#organization"},"potentialAction":[{"@type":"SearchAction","target":{"@type":"EntryPoint","urlTemplate":"https:\/\/spacewell.com\/sv\/?s={search_term_string}"},"query-input":{"@type":"PropertyValueSpecification","valueRequired":true,"valueName":"search_term_string"}}],"inLanguage":"sv-SE"},{"@type":"Organization","@id":"https:\/\/spacewell.com\/sv\/#organization","name":"Spacewell | A Nemetschek Company","url":"https:\/\/spacewell.com\/sv\/","logo":{"@type":"ImageObject","inLanguage":"sv-SE","@id":"https:\/\/spacewell.com\/sv\/#\/schema\/logo\/image\/","url":"https:\/\/spacewell.com\/wp-content\/uploads\/2023\/05\/spacewell-logo-500x88-1.webp","contentUrl":"https:\/\/spacewell.com\/wp-content\/uploads\/2023\/05\/spacewell-logo-500x88-1.webp","width":500,"height":88,"caption":"Spacewell | A Nemetschek Company"},"image":{"@id":"https:\/\/spacewell.com\/sv\/#\/schema\/logo\/image\/"},"sameAs":["https:\/\/www.facebook.com\/SpacewellHQ","https:\/\/x.com\/Spacewell_HQ"]}]}},"_links":{"self":[{"href":"https:\/\/spacewell.com\/sv\/wp-json\/wp\/v2\/pages\/408","targetHints":{"allow":["GET"]}}],"collection":[{"href":"https:\/\/spacewell.com\/sv\/wp-json\/wp\/v2\/pages"}],"about":[{"href":"https:\/\/spacewell.com\/sv\/wp-json\/wp\/v2\/types\/page"}],"author":[{"embeddable":true,"href":"https:\/\/spacewell.com\/sv\/wp-json\/wp\/v2\/users\/29"}],"replies":[{"embeddable":true,"href":"https:\/\/spacewell.com\/sv\/wp-json\/wp\/v2\/comments?post=408"}],"version-history":[{"count":0,"href":"https:\/\/spacewell.com\/sv\/wp-json\/wp\/v2\/pages\/408\/revisions"}],"up":[{"embeddable":true,"href":"https:\/\/spacewell.com\/sv\/wp-json\/wp\/v2\/pages\/331"}],"wp:featuredmedia":[{"embeddable":true,"href":"https:\/\/spacewell.com\/sv\/wp-json\/wp\/v2\/media\/23915"}],"wp:attachment":[{"href":"https:\/\/spacewell.com\/sv\/wp-json\/wp\/v2\/media?parent=408"}],"curies":[{"name":"wp","href":"https:\/\/api.w.org\/{rel}","templated":true}]}}