


{"id":380,"date":"2023-06-01T09:22:17","date_gmt":"2023-06-01T07:22:17","guid":{"rendered":"https:\/\/spacewell.com\/foretag\/kontakta-oss\/demobegaran\/"},"modified":"2024-03-08T18:31:01","modified_gmt":"2024-03-08T17:31:01","slug":"demobegaran","status":"publish","type":"page","link":"https:\/\/spacewell.com\/sv\/platser\/demobegaran\/","title":{"rendered":"Demobeg\u00e4ran"},"content":{"rendered":"<div class=\"gb-container gb-container-25d59f89\">\n<div class=\"gb-grid-wrapper gb-grid-wrapper-35974b55\">\n<div class=\"gb-grid-column gb-grid-column-0f1952d4\"><div class=\"gb-container gb-container-0f1952d4\">\n\n<h1 class=\"gb-headline gb-headline-d25ae97a gb-headline-text gb-headline-902a6ace\">Schemal\u00e4gg en kostnadsfri, personlig demonstration<\/h1>\n\n\n\n<p>Boka en kostnadsfri live-demonstration med en produktspecialist<\/p>\n\n\n\n<ul class=\"wp-block-list\">\n<li>Du f\u00f6rbinder dig <strong>inte till n\u00e5got<\/strong><\/li>\n\n\n\n<li>Du f\u00e5r <strong>personlig kontakt med en expert<\/strong><\/li>\n\n\n\n<li>Du f\u00e5r <strong>snabbt svar p\u00e5 alla dina fr\u00e5gor<\/strong><\/li>\n<\/ul>\n\n<\/div><\/div>\n\n<div class=\"gb-grid-column gb-grid-column-2d2394af\"><div class=\"gb-container gb-container-2d2394af\">\n\n<figure class=\"gb-block-image gb-block-image-4ce3e84e\"><img loading=\"lazy\" decoding=\"async\" width=\"1024\" height=\"1024\" class=\"gb-image gb-image-4ce3e84e\" src=\"\/wp-content\/uploads\/2023\/09\/lady-sitting-at-desk-smiling-1024x1024-1.png\" alt=\"Lady sitting at desk smiling.\" srcset=\"https:\/\/spacewell.com\/wp-content\/uploads\/2023\/09\/lady-sitting-at-desk-smiling-1024x1024-1.png 1024w, https:\/\/spacewell.com\/wp-content\/uploads\/2023\/09\/lady-sitting-at-desk-smiling-1024x1024-1-500x500.png 500w, https:\/\/spacewell.com\/wp-content\/uploads\/2023\/09\/lady-sitting-at-desk-smiling-1024x1024-1-250x250.png 250w, https:\/\/spacewell.com\/wp-content\/uploads\/2023\/09\/lady-sitting-at-desk-smiling-1024x1024-1-768x768.png 768w\" sizes=\"auto, (max-width: 1024px) 100vw, 1024px\" \/><\/figure>\n\n<\/div><\/div>\n<\/div>\n<\/div>\n\n<div class=\"gb-container gb-container-3dbe651b\">\n<div class=\"gb-grid-wrapper gb-grid-wrapper-8d7a578a\">\n<div class=\"gb-grid-column gb-grid-column-db4611e5\"><div class=\"gb-container gb-container-db4611e5\">\n\n<p>Vi \u00e4r h\u00e4r f\u00f6r att hj\u00e4lpa dig att hitta r\u00e4tt l\u00f6sningar f\u00f6r dig. Ber\u00e4tta f\u00f6r oss om dina intresseomr\u00e5den s\u00e5 skr\u00e4ddarsyr vi din demo f\u00f6r att ta itu med dina unika aff\u00e4rsutmaningar.<\/p>\n\n<\/div><\/div>\n\n<div class=\"gb-grid-column gb-grid-column-a8025aaa\"><div class=\"gb-container gb-container-a8025aaa\">\n\n<script charset=\"utf-8\" type=\"text\/javascript\" src=\"\/\/js.hsforms.net\/forms\/embed\/v2.js\"><\/script>\n<script>\n  hbspt.forms.create({\n    region: \"na1\",\n    portalId: \"437281\",\n    formId: \"8bc95ffc-1e9e-4612-a4f6-2db4bd731de0\"\n  });\n<\/script>\n\n<\/div><\/div>\n<\/div>\n<\/div>","protected":false},"excerpt":{"rendered":"","protected":false},"author":29,"featured_media":23906,"parent":331,"menu_order":0,"comment_status":"closed","ping_status":"closed","template":"","meta":{"_acf_changed":false,"footnotes":""},"class_list":{"0":"post-380","1":"page","2":"type-page","3":"status-publish","4":"has-post-thumbnail","6":"no-featured-image-padding"},"acf":[],"yoast_head":"<!-- This site is optimized with the Yoast SEO Premium plugin v26.0 (Yoast SEO v27.5) - https:\/\/yoast.com\/product\/yoast-seo-premium-wordpress\/ -->\n<title>Demobeg\u00e4ran - Spacewell<\/title>\n<meta name=\"description\" content=\"Fyll i alla obligatoriska f\u00e4lt nedan f\u00f6r att beg\u00e4ra en gratis demonstration av v\u00e5r programvara och vi \u00e5terkommer till dig.\" \/>\n<meta name=\"robots\" content=\"index, follow, max-snippet:-1, max-image-preview:large, max-video-preview:-1\" \/>\n<link rel=\"canonical\" href=\"https:\/\/spacewell.com\/sv\/platser\/demobegaran\/\" \/>\n<meta property=\"og:locale\" content=\"sv_SE\" \/>\n<meta property=\"og:type\" content=\"article\" \/>\n<meta property=\"og:title\" content=\"Demobeg\u00e4ran\" \/>\n<meta property=\"og:description\" content=\"Fyll i alla obligatoriska f\u00e4lt nedan f\u00f6r att beg\u00e4ra en gratis demonstration av v\u00e5r programvara och vi \u00e5terkommer till dig.\" \/>\n<meta property=\"og:url\" content=\"https:\/\/spacewell.com\/sv\/platser\/demobegaran\/\" \/>\n<meta property=\"og:site_name\" content=\"Spacewell | A Nemetschek Company\" \/>\n<meta property=\"article:publisher\" content=\"https:\/\/www.facebook.com\/SpacewellHQ\" \/>\n<meta property=\"article:modified_time\" content=\"2024-03-08T17:31:01+00:00\" \/>\n<meta property=\"og:image\" content=\"https:\/\/spacewell.com\/wp-content\/uploads\/2023\/10\/lady-sitting-at-desk-smiling-1200x630-1.png\" \/>\n\t<meta property=\"og:image:width\" content=\"1200\" \/>\n\t<meta property=\"og:image:height\" content=\"630\" \/>\n\t<meta property=\"og:image:type\" content=\"image\/png\" \/>\n<meta name=\"twitter:card\" content=\"summary_large_image\" \/>\n<meta name=\"twitter:site\" content=\"@Spacewell_HQ\" \/>\n<meta name=\"twitter:label1\" content=\"Ber\u00e4knad l\u00e4stid\" \/>\n\t<meta name=\"twitter:data1\" content=\"1 minut\" \/>\n<script type=\"application\/ld+json\" class=\"yoast-schema-graph\">{\"@context\":\"https:\\\/\\\/schema.org\",\"@graph\":[{\"@type\":\"WebPage\",\"@id\":\"https:\\\/\\\/spacewell.com\\\/sv\\\/platser\\\/demobegaran\\\/\",\"url\":\"https:\\\/\\\/spacewell.com\\\/sv\\\/platser\\\/demobegaran\\\/\",\"name\":\"Demobeg\u00e4ran - Spacewell\",\"isPartOf\":{\"@id\":\"https:\\\/\\\/spacewell.com\\\/sv\\\/#website\"},\"primaryImageOfPage\":{\"@id\":\"https:\\\/\\\/spacewell.com\\\/sv\\\/platser\\\/demobegaran\\\/#primaryimage\"},\"image\":{\"@id\":\"https:\\\/\\\/spacewell.com\\\/sv\\\/platser\\\/demobegaran\\\/#primaryimage\"},\"thumbnailUrl\":\"https:\\\/\\\/spacewell.com\\\/wp-content\\\/uploads\\\/2023\\\/10\\\/lady-sitting-at-desk-smiling-1200x630-1.png\",\"datePublished\":\"2023-06-01T07:22:17+00:00\",\"dateModified\":\"2024-03-08T17:31:01+00:00\",\"description\":\"Fyll i alla obligatoriska f\u00e4lt nedan f\u00f6r att beg\u00e4ra en gratis demonstration av v\u00e5r programvara och vi \u00e5terkommer till dig.\",\"breadcrumb\":{\"@id\":\"https:\\\/\\\/spacewell.com\\\/sv\\\/platser\\\/demobegaran\\\/#breadcrumb\"},\"inLanguage\":\"sv-SE\",\"potentialAction\":[{\"@type\":\"ReadAction\",\"target\":[\"https:\\\/\\\/spacewell.com\\\/sv\\\/platser\\\/demobegaran\\\/\"]}]},{\"@type\":\"ImageObject\",\"inLanguage\":\"sv-SE\",\"@id\":\"https:\\\/\\\/spacewell.com\\\/sv\\\/platser\\\/demobegaran\\\/#primaryimage\",\"url\":\"https:\\\/\\\/spacewell.com\\\/wp-content\\\/uploads\\\/2023\\\/10\\\/lady-sitting-at-desk-smiling-1200x630-1.png\",\"contentUrl\":\"https:\\\/\\\/spacewell.com\\\/wp-content\\\/uploads\\\/2023\\\/10\\\/lady-sitting-at-desk-smiling-1200x630-1.png\",\"width\":1200,\"height\":630,\"caption\":\"Lady sitting at desk smiling.\"},{\"@type\":\"BreadcrumbList\",\"@id\":\"https:\\\/\\\/spacewell.com\\\/sv\\\/platser\\\/demobegaran\\\/#breadcrumb\",\"itemListElement\":[{\"@type\":\"ListItem\",\"position\":1,\"name\":\"Home\",\"item\":\"https:\\\/\\\/spacewell.com\\\/sv\\\/\"},{\"@type\":\"ListItem\",\"position\":2,\"name\":\"Platser\",\"item\":\"https:\\\/\\\/spacewell.com\\\/sv\\\/platser\\\/\"},{\"@type\":\"ListItem\",\"position\":3,\"name\":\"Demobeg\u00e4ran\"}]},{\"@type\":\"WebSite\",\"@id\":\"https:\\\/\\\/spacewell.com\\\/sv\\\/#website\",\"url\":\"https:\\\/\\\/spacewell.com\\\/sv\\\/\",\"name\":\"Spacewell | A Nemetschek Company\",\"description\":\"Make buildings work for people\",\"publisher\":{\"@id\":\"https:\\\/\\\/spacewell.com\\\/sv\\\/#organization\"},\"potentialAction\":[{\"@type\":\"SearchAction\",\"target\":{\"@type\":\"EntryPoint\",\"urlTemplate\":\"https:\\\/\\\/spacewell.com\\\/sv\\\/?s={search_term_string}\"},\"query-input\":{\"@type\":\"PropertyValueSpecification\",\"valueRequired\":true,\"valueName\":\"search_term_string\"}}],\"inLanguage\":\"sv-SE\"},{\"@type\":\"Organization\",\"@id\":\"https:\\\/\\\/spacewell.com\\\/sv\\\/#organization\",\"name\":\"Spacewell | A Nemetschek Company\",\"url\":\"https:\\\/\\\/spacewell.com\\\/sv\\\/\",\"logo\":{\"@type\":\"ImageObject\",\"inLanguage\":\"sv-SE\",\"@id\":\"https:\\\/\\\/spacewell.com\\\/sv\\\/#\\\/schema\\\/logo\\\/image\\\/\",\"url\":\"https:\\\/\\\/spacewell.com\\\/wp-content\\\/uploads\\\/2023\\\/05\\\/spacewell-logo-500x88-1.webp\",\"contentUrl\":\"https:\\\/\\\/spacewell.com\\\/wp-content\\\/uploads\\\/2023\\\/05\\\/spacewell-logo-500x88-1.webp\",\"width\":500,\"height\":88,\"caption\":\"Spacewell | A Nemetschek Company\"},\"image\":{\"@id\":\"https:\\\/\\\/spacewell.com\\\/sv\\\/#\\\/schema\\\/logo\\\/image\\\/\"},\"sameAs\":[\"https:\\\/\\\/www.facebook.com\\\/SpacewellHQ\",\"https:\\\/\\\/x.com\\\/Spacewell_HQ\"]}]}<\/script>\n<!-- \/ Yoast SEO Premium plugin. -->","yoast_head_json":{"title":"Demobeg\u00e4ran - Spacewell","description":"Fyll i alla obligatoriska f\u00e4lt nedan f\u00f6r att beg\u00e4ra en gratis demonstration av v\u00e5r programvara och vi \u00e5terkommer till dig.","robots":{"index":"index","follow":"follow","max-snippet":"max-snippet:-1","max-image-preview":"max-image-preview:large","max-video-preview":"max-video-preview:-1"},"canonical":"https:\/\/spacewell.com\/sv\/platser\/demobegaran\/","og_locale":"sv_SE","og_type":"article","og_title":"Demobeg\u00e4ran","og_description":"Fyll i alla obligatoriska f\u00e4lt nedan f\u00f6r att beg\u00e4ra en gratis demonstration av v\u00e5r programvara och vi \u00e5terkommer till dig.","og_url":"https:\/\/spacewell.com\/sv\/platser\/demobegaran\/","og_site_name":"Spacewell | A Nemetschek Company","article_publisher":"https:\/\/www.facebook.com\/SpacewellHQ","article_modified_time":"2024-03-08T17:31:01+00:00","og_image":[{"width":1200,"height":630,"url":"https:\/\/spacewell.com\/wp-content\/uploads\/2023\/10\/lady-sitting-at-desk-smiling-1200x630-1.png","type":"image\/png"}],"twitter_card":"summary_large_image","twitter_site":"@Spacewell_HQ","twitter_misc":{"Ber\u00e4knad l\u00e4stid":"1 minut"},"schema":{"@context":"https:\/\/schema.org","@graph":[{"@type":"WebPage","@id":"https:\/\/spacewell.com\/sv\/platser\/demobegaran\/","url":"https:\/\/spacewell.com\/sv\/platser\/demobegaran\/","name":"Demobeg\u00e4ran - Spacewell","isPartOf":{"@id":"https:\/\/spacewell.com\/sv\/#website"},"primaryImageOfPage":{"@id":"https:\/\/spacewell.com\/sv\/platser\/demobegaran\/#primaryimage"},"image":{"@id":"https:\/\/spacewell.com\/sv\/platser\/demobegaran\/#primaryimage"},"thumbnailUrl":"https:\/\/spacewell.com\/wp-content\/uploads\/2023\/10\/lady-sitting-at-desk-smiling-1200x630-1.png","datePublished":"2023-06-01T07:22:17+00:00","dateModified":"2024-03-08T17:31:01+00:00","description":"Fyll i alla obligatoriska f\u00e4lt nedan f\u00f6r att beg\u00e4ra en gratis demonstration av v\u00e5r programvara och vi \u00e5terkommer till dig.","breadcrumb":{"@id":"https:\/\/spacewell.com\/sv\/platser\/demobegaran\/#breadcrumb"},"inLanguage":"sv-SE","potentialAction":[{"@type":"ReadAction","target":["https:\/\/spacewell.com\/sv\/platser\/demobegaran\/"]}]},{"@type":"ImageObject","inLanguage":"sv-SE","@id":"https:\/\/spacewell.com\/sv\/platser\/demobegaran\/#primaryimage","url":"https:\/\/spacewell.com\/wp-content\/uploads\/2023\/10\/lady-sitting-at-desk-smiling-1200x630-1.png","contentUrl":"https:\/\/spacewell.com\/wp-content\/uploads\/2023\/10\/lady-sitting-at-desk-smiling-1200x630-1.png","width":1200,"height":630,"caption":"Lady sitting at desk smiling."},{"@type":"BreadcrumbList","@id":"https:\/\/spacewell.com\/sv\/platser\/demobegaran\/#breadcrumb","itemListElement":[{"@type":"ListItem","position":1,"name":"Home","item":"https:\/\/spacewell.com\/sv\/"},{"@type":"ListItem","position":2,"name":"Platser","item":"https:\/\/spacewell.com\/sv\/platser\/"},{"@type":"ListItem","position":3,"name":"Demobeg\u00e4ran"}]},{"@type":"WebSite","@id":"https:\/\/spacewell.com\/sv\/#website","url":"https:\/\/spacewell.com\/sv\/","name":"Spacewell | A Nemetschek Company","description":"Make buildings work for people","publisher":{"@id":"https:\/\/spacewell.com\/sv\/#organization"},"potentialAction":[{"@type":"SearchAction","target":{"@type":"EntryPoint","urlTemplate":"https:\/\/spacewell.com\/sv\/?s={search_term_string}"},"query-input":{"@type":"PropertyValueSpecification","valueRequired":true,"valueName":"search_term_string"}}],"inLanguage":"sv-SE"},{"@type":"Organization","@id":"https:\/\/spacewell.com\/sv\/#organization","name":"Spacewell | A Nemetschek Company","url":"https:\/\/spacewell.com\/sv\/","logo":{"@type":"ImageObject","inLanguage":"sv-SE","@id":"https:\/\/spacewell.com\/sv\/#\/schema\/logo\/image\/","url":"https:\/\/spacewell.com\/wp-content\/uploads\/2023\/05\/spacewell-logo-500x88-1.webp","contentUrl":"https:\/\/spacewell.com\/wp-content\/uploads\/2023\/05\/spacewell-logo-500x88-1.webp","width":500,"height":88,"caption":"Spacewell | A Nemetschek Company"},"image":{"@id":"https:\/\/spacewell.com\/sv\/#\/schema\/logo\/image\/"},"sameAs":["https:\/\/www.facebook.com\/SpacewellHQ","https:\/\/x.com\/Spacewell_HQ"]}]}},"_links":{"self":[{"href":"https:\/\/spacewell.com\/sv\/wp-json\/wp\/v2\/pages\/380","targetHints":{"allow":["GET"]}}],"collection":[{"href":"https:\/\/spacewell.com\/sv\/wp-json\/wp\/v2\/pages"}],"about":[{"href":"https:\/\/spacewell.com\/sv\/wp-json\/wp\/v2\/types\/page"}],"author":[{"embeddable":true,"href":"https:\/\/spacewell.com\/sv\/wp-json\/wp\/v2\/users\/29"}],"replies":[{"embeddable":true,"href":"https:\/\/spacewell.com\/sv\/wp-json\/wp\/v2\/comments?post=380"}],"version-history":[{"count":11,"href":"https:\/\/spacewell.com\/sv\/wp-json\/wp\/v2\/pages\/380\/revisions"}],"predecessor-version":[{"id":28676,"href":"https:\/\/spacewell.com\/sv\/wp-json\/wp\/v2\/pages\/380\/revisions\/28676"}],"up":[{"embeddable":true,"href":"https:\/\/spacewell.com\/sv\/wp-json\/wp\/v2\/pages\/331"}],"wp:featuredmedia":[{"embeddable":true,"href":"https:\/\/spacewell.com\/sv\/wp-json\/wp\/v2\/media\/23906"}],"wp:attachment":[{"href":"https:\/\/spacewell.com\/sv\/wp-json\/wp\/v2\/media?parent=380"}],"curies":[{"name":"wp","href":"https:\/\/api.w.org\/{rel}","templated":true}]}}