


{"id":368,"date":"2023-06-01T09:13:34","date_gmt":"2023-06-01T07:13:34","guid":{"rendered":"https:\/\/spacewell.com\/foretag\/kontakta-oss\/avtalsvillkor\/"},"modified":"2023-10-25T13:36:39","modified_gmt":"2023-10-25T11:36:39","slug":"avtalsvillkor","status":"publish","type":"page","link":"https:\/\/spacewell.com\/sv\/platser\/avtalsvillkor\/","title":{"rendered":"Avtalsvillkor"},"content":{"rendered":"<div class=\"gb-container gb-container-b8ed4593\">\n<div class=\"gb-grid-wrapper gb-grid-wrapper-bf866bef\">\n<div class=\"gb-grid-column gb-grid-column-8f1e649e\"><div class=\"gb-container gb-container-8f1e649e\">\n\n<h1 class=\"gb-headline gb-headline-51c1a115 gb-headline-text gb-headline-902a6ace\">BEG\u00c4RAN OM AVTALLSVILKOR<\/h1>\n\n\n\n<p>Fyll i formul\u00e4ret. Sedan f\u00e5r du ett mejl d\u00e4r du kan ladda ned avtalsvillkoren.<\/p>\n\n<\/div><\/div>\n\n<div class=\"gb-grid-column gb-grid-column-2991807f\"><div class=\"gb-container gb-container-2991807f\">\n\n<script charset=\"utf-8\" type=\"text\/javascript\" src=\"\/\/js.hsforms.net\/forms\/embed\/v2.js\"><\/script>\n<script>\n  hbspt.forms.create({\n    region: \"na1\",\n    portalId: \"437281\",\n    formId: \"9575edd7-d672-4f6a-bad1-2b9c5bffcd87\"\n  });\n<\/script>\n\n<\/div><\/div>\n<\/div>\n<\/div>\n\n<div class=\"gb-container gb-container-2a1f4bb1\">\n<div class=\"gb-container gb-container-d3944479\">\n\n<h2 class=\"gb-headline gb-headline-d9f05e23 gb-headline-text\">BEG\u00c4RAN OM AVTALLSVILKOR<\/h2>\n\n\n\n<p>Fyll i formul\u00e4ret. Sedan f\u00e5r du ett mejl d\u00e4r du kan ladda ned avtalsvillkoren.<\/p>\n\n<\/div>\n\n<div class=\"gb-container gb-container-25d7aabc\">\n\n<script charset=\"utf-8\" type=\"text\/javascript\" src=\"\/\/js.hsforms.net\/forms\/v2-legacy.js\"><\/script><script charset=\"utf-8\" type=\"text\/javascript\" src=\"\/\/js.hsforms.net\/forms\/v2.js\"><\/script><script data-hubspot-rendered=\"true\">hbspt.forms.create({\n\tregion: \"na1\",\n\tportalId: \"437281\",\n\tformId: \"0d12aeb4-1999-4431-aba9-2f5f4405f511\"\n});\n<\/script>\n\n<\/div>\n<\/div>","protected":false},"excerpt":{"rendered":"<p>BEG\u00c4RAN OM AVTALLSVILKOR Fyll i formul\u00e4ret. Sedan f\u00e5r du ett mejl d\u00e4r du kan ladda ned avtalsvillkoren.<\/p>\n","protected":false},"author":29,"featured_media":23747,"parent":331,"menu_order":0,"comment_status":"closed","ping_status":"closed","template":"","meta":{"_acf_changed":false,"footnotes":""},"class_list":{"0":"post-368","1":"page","2":"type-page","3":"status-publish","4":"has-post-thumbnail","6":"no-featured-image-padding"},"acf":[],"yoast_head":"<!-- This site is optimized with the Yoast SEO Premium plugin v26.0 (Yoast SEO v27.4) - https:\/\/yoast.com\/product\/yoast-seo-premium-wordpress\/ -->\n<title>Avtalsvillkor - Spacewell | A Nemetschek Company<\/title>\n<meta name=\"description\" content=\"Fyll i alla obligatoriska f\u00e4lt. Sedan f\u00e5r du ett mejl d\u00e4r du kan ladda ned avtalsvillkoren.\" \/>\n<meta name=\"robots\" content=\"index, follow, max-snippet:-1, max-image-preview:large, max-video-preview:-1\" \/>\n<link rel=\"canonical\" href=\"https:\/\/spacewell.com\/sv\/platser\/avtalsvillkor\/\" \/>\n<meta property=\"og:locale\" content=\"sv_SE\" \/>\n<meta property=\"og:type\" content=\"article\" \/>\n<meta property=\"og:title\" content=\"Avtalsvillkor\" \/>\n<meta property=\"og:description\" content=\"Fyll i alla obligatoriska f\u00e4lt. Sedan f\u00e5r du ett mejl d\u00e4r du kan ladda ned avtalsvillkoren.\" \/>\n<meta property=\"og:url\" content=\"https:\/\/spacewell.com\/sv\/platser\/avtalsvillkor\/\" \/>\n<meta property=\"og:site_name\" content=\"Spacewell | A Nemetschek Company\" \/>\n<meta property=\"article:publisher\" content=\"https:\/\/www.facebook.com\/SpacewellHQ\" \/>\n<meta property=\"article:modified_time\" content=\"2023-10-25T11:36:39+00:00\" \/>\n<meta property=\"og:image\" content=\"https:\/\/spacewell.com\/wp-content\/uploads\/2023\/10\/open-meeting-space-1200x630-1.png\" \/>\n\t<meta property=\"og:image:width\" content=\"1200\" \/>\n\t<meta property=\"og:image:height\" content=\"630\" \/>\n\t<meta property=\"og:image:type\" content=\"image\/png\" \/>\n<meta name=\"twitter:card\" content=\"summary_large_image\" \/>\n<meta name=\"twitter:site\" content=\"@Spacewell_HQ\" \/>\n<script type=\"application\/ld+json\" class=\"yoast-schema-graph\">{\"@context\":\"https:\\\/\\\/schema.org\",\"@graph\":[{\"@type\":\"WebPage\",\"@id\":\"https:\\\/\\\/spacewell.com\\\/sv\\\/platser\\\/avtalsvillkor\\\/\",\"url\":\"https:\\\/\\\/spacewell.com\\\/sv\\\/platser\\\/avtalsvillkor\\\/\",\"name\":\"Avtalsvillkor - Spacewell | A Nemetschek Company\",\"isPartOf\":{\"@id\":\"https:\\\/\\\/spacewell.com\\\/sv\\\/#website\"},\"primaryImageOfPage\":{\"@id\":\"https:\\\/\\\/spacewell.com\\\/sv\\\/platser\\\/avtalsvillkor\\\/#primaryimage\"},\"image\":{\"@id\":\"https:\\\/\\\/spacewell.com\\\/sv\\\/platser\\\/avtalsvillkor\\\/#primaryimage\"},\"thumbnailUrl\":\"https:\\\/\\\/spacewell.com\\\/wp-content\\\/uploads\\\/2023\\\/10\\\/open-meeting-space-1200x630-1.png\",\"datePublished\":\"2023-06-01T07:13:34+00:00\",\"dateModified\":\"2023-10-25T11:36:39+00:00\",\"description\":\"Fyll i alla obligatoriska f\u00e4lt. Sedan f\u00e5r du ett mejl d\u00e4r du kan ladda ned avtalsvillkoren.\",\"breadcrumb\":{\"@id\":\"https:\\\/\\\/spacewell.com\\\/sv\\\/platser\\\/avtalsvillkor\\\/#breadcrumb\"},\"inLanguage\":\"sv-SE\",\"potentialAction\":[{\"@type\":\"ReadAction\",\"target\":[\"https:\\\/\\\/spacewell.com\\\/sv\\\/platser\\\/avtalsvillkor\\\/\"]}]},{\"@type\":\"ImageObject\",\"inLanguage\":\"sv-SE\",\"@id\":\"https:\\\/\\\/spacewell.com\\\/sv\\\/platser\\\/avtalsvillkor\\\/#primaryimage\",\"url\":\"https:\\\/\\\/spacewell.com\\\/wp-content\\\/uploads\\\/2023\\\/10\\\/open-meeting-space-1200x630-1.png\",\"contentUrl\":\"https:\\\/\\\/spacewell.com\\\/wp-content\\\/uploads\\\/2023\\\/10\\\/open-meeting-space-1200x630-1.png\",\"width\":1200,\"height\":630,\"caption\":\"\u00d6ppen m\u00f6tesplats med m\u00e4nniskor som sitter och g\u00e5r f\u00f6rbi\"},{\"@type\":\"BreadcrumbList\",\"@id\":\"https:\\\/\\\/spacewell.com\\\/sv\\\/platser\\\/avtalsvillkor\\\/#breadcrumb\",\"itemListElement\":[{\"@type\":\"ListItem\",\"position\":1,\"name\":\"Home\",\"item\":\"https:\\\/\\\/spacewell.com\\\/sv\\\/\"},{\"@type\":\"ListItem\",\"position\":2,\"name\":\"Platser\",\"item\":\"https:\\\/\\\/spacewell.com\\\/sv\\\/platser\\\/\"},{\"@type\":\"ListItem\",\"position\":3,\"name\":\"Avtalsvillkor\"}]},{\"@type\":\"WebSite\",\"@id\":\"https:\\\/\\\/spacewell.com\\\/sv\\\/#website\",\"url\":\"https:\\\/\\\/spacewell.com\\\/sv\\\/\",\"name\":\"Spacewell | A Nemetschek Company\",\"description\":\"Make buildings work for people\",\"publisher\":{\"@id\":\"https:\\\/\\\/spacewell.com\\\/sv\\\/#organization\"},\"potentialAction\":[{\"@type\":\"SearchAction\",\"target\":{\"@type\":\"EntryPoint\",\"urlTemplate\":\"https:\\\/\\\/spacewell.com\\\/sv\\\/?s={search_term_string}\"},\"query-input\":{\"@type\":\"PropertyValueSpecification\",\"valueRequired\":true,\"valueName\":\"search_term_string\"}}],\"inLanguage\":\"sv-SE\"},{\"@type\":\"Organization\",\"@id\":\"https:\\\/\\\/spacewell.com\\\/sv\\\/#organization\",\"name\":\"Spacewell | A Nemetschek Company\",\"url\":\"https:\\\/\\\/spacewell.com\\\/sv\\\/\",\"logo\":{\"@type\":\"ImageObject\",\"inLanguage\":\"sv-SE\",\"@id\":\"https:\\\/\\\/spacewell.com\\\/sv\\\/#\\\/schema\\\/logo\\\/image\\\/\",\"url\":\"https:\\\/\\\/spacewell.com\\\/wp-content\\\/uploads\\\/2023\\\/05\\\/spacewell-logo-500x88-1.webp\",\"contentUrl\":\"https:\\\/\\\/spacewell.com\\\/wp-content\\\/uploads\\\/2023\\\/05\\\/spacewell-logo-500x88-1.webp\",\"width\":500,\"height\":88,\"caption\":\"Spacewell | A Nemetschek Company\"},\"image\":{\"@id\":\"https:\\\/\\\/spacewell.com\\\/sv\\\/#\\\/schema\\\/logo\\\/image\\\/\"},\"sameAs\":[\"https:\\\/\\\/www.facebook.com\\\/SpacewellHQ\",\"https:\\\/\\\/x.com\\\/Spacewell_HQ\"]}]}<\/script>\n<!-- \/ Yoast SEO Premium plugin. -->","yoast_head_json":{"title":"Avtalsvillkor - Spacewell | A Nemetschek Company","description":"Fyll i alla obligatoriska f\u00e4lt. Sedan f\u00e5r du ett mejl d\u00e4r du kan ladda ned avtalsvillkoren.","robots":{"index":"index","follow":"follow","max-snippet":"max-snippet:-1","max-image-preview":"max-image-preview:large","max-video-preview":"max-video-preview:-1"},"canonical":"https:\/\/spacewell.com\/sv\/platser\/avtalsvillkor\/","og_locale":"sv_SE","og_type":"article","og_title":"Avtalsvillkor","og_description":"Fyll i alla obligatoriska f\u00e4lt. Sedan f\u00e5r du ett mejl d\u00e4r du kan ladda ned avtalsvillkoren.","og_url":"https:\/\/spacewell.com\/sv\/platser\/avtalsvillkor\/","og_site_name":"Spacewell | A Nemetschek Company","article_publisher":"https:\/\/www.facebook.com\/SpacewellHQ","article_modified_time":"2023-10-25T11:36:39+00:00","og_image":[{"width":1200,"height":630,"url":"https:\/\/spacewell.com\/wp-content\/uploads\/2023\/10\/open-meeting-space-1200x630-1.png","type":"image\/png"}],"twitter_card":"summary_large_image","twitter_site":"@Spacewell_HQ","schema":{"@context":"https:\/\/schema.org","@graph":[{"@type":"WebPage","@id":"https:\/\/spacewell.com\/sv\/platser\/avtalsvillkor\/","url":"https:\/\/spacewell.com\/sv\/platser\/avtalsvillkor\/","name":"Avtalsvillkor - Spacewell | A Nemetschek Company","isPartOf":{"@id":"https:\/\/spacewell.com\/sv\/#website"},"primaryImageOfPage":{"@id":"https:\/\/spacewell.com\/sv\/platser\/avtalsvillkor\/#primaryimage"},"image":{"@id":"https:\/\/spacewell.com\/sv\/platser\/avtalsvillkor\/#primaryimage"},"thumbnailUrl":"https:\/\/spacewell.com\/wp-content\/uploads\/2023\/10\/open-meeting-space-1200x630-1.png","datePublished":"2023-06-01T07:13:34+00:00","dateModified":"2023-10-25T11:36:39+00:00","description":"Fyll i alla obligatoriska f\u00e4lt. Sedan f\u00e5r du ett mejl d\u00e4r du kan ladda ned avtalsvillkoren.","breadcrumb":{"@id":"https:\/\/spacewell.com\/sv\/platser\/avtalsvillkor\/#breadcrumb"},"inLanguage":"sv-SE","potentialAction":[{"@type":"ReadAction","target":["https:\/\/spacewell.com\/sv\/platser\/avtalsvillkor\/"]}]},{"@type":"ImageObject","inLanguage":"sv-SE","@id":"https:\/\/spacewell.com\/sv\/platser\/avtalsvillkor\/#primaryimage","url":"https:\/\/spacewell.com\/wp-content\/uploads\/2023\/10\/open-meeting-space-1200x630-1.png","contentUrl":"https:\/\/spacewell.com\/wp-content\/uploads\/2023\/10\/open-meeting-space-1200x630-1.png","width":1200,"height":630,"caption":"\u00d6ppen m\u00f6tesplats med m\u00e4nniskor som sitter och g\u00e5r f\u00f6rbi"},{"@type":"BreadcrumbList","@id":"https:\/\/spacewell.com\/sv\/platser\/avtalsvillkor\/#breadcrumb","itemListElement":[{"@type":"ListItem","position":1,"name":"Home","item":"https:\/\/spacewell.com\/sv\/"},{"@type":"ListItem","position":2,"name":"Platser","item":"https:\/\/spacewell.com\/sv\/platser\/"},{"@type":"ListItem","position":3,"name":"Avtalsvillkor"}]},{"@type":"WebSite","@id":"https:\/\/spacewell.com\/sv\/#website","url":"https:\/\/spacewell.com\/sv\/","name":"Spacewell | A Nemetschek Company","description":"Make buildings work for people","publisher":{"@id":"https:\/\/spacewell.com\/sv\/#organization"},"potentialAction":[{"@type":"SearchAction","target":{"@type":"EntryPoint","urlTemplate":"https:\/\/spacewell.com\/sv\/?s={search_term_string}"},"query-input":{"@type":"PropertyValueSpecification","valueRequired":true,"valueName":"search_term_string"}}],"inLanguage":"sv-SE"},{"@type":"Organization","@id":"https:\/\/spacewell.com\/sv\/#organization","name":"Spacewell | A Nemetschek Company","url":"https:\/\/spacewell.com\/sv\/","logo":{"@type":"ImageObject","inLanguage":"sv-SE","@id":"https:\/\/spacewell.com\/sv\/#\/schema\/logo\/image\/","url":"https:\/\/spacewell.com\/wp-content\/uploads\/2023\/05\/spacewell-logo-500x88-1.webp","contentUrl":"https:\/\/spacewell.com\/wp-content\/uploads\/2023\/05\/spacewell-logo-500x88-1.webp","width":500,"height":88,"caption":"Spacewell | A Nemetschek Company"},"image":{"@id":"https:\/\/spacewell.com\/sv\/#\/schema\/logo\/image\/"},"sameAs":["https:\/\/www.facebook.com\/SpacewellHQ","https:\/\/x.com\/Spacewell_HQ"]}]}},"_links":{"self":[{"href":"https:\/\/spacewell.com\/sv\/wp-json\/wp\/v2\/pages\/368","targetHints":{"allow":["GET"]}}],"collection":[{"href":"https:\/\/spacewell.com\/sv\/wp-json\/wp\/v2\/pages"}],"about":[{"href":"https:\/\/spacewell.com\/sv\/wp-json\/wp\/v2\/types\/page"}],"author":[{"embeddable":true,"href":"https:\/\/spacewell.com\/sv\/wp-json\/wp\/v2\/users\/29"}],"replies":[{"embeddable":true,"href":"https:\/\/spacewell.com\/sv\/wp-json\/wp\/v2\/comments?post=368"}],"version-history":[{"count":0,"href":"https:\/\/spacewell.com\/sv\/wp-json\/wp\/v2\/pages\/368\/revisions"}],"up":[{"embeddable":true,"href":"https:\/\/spacewell.com\/sv\/wp-json\/wp\/v2\/pages\/331"}],"wp:featuredmedia":[{"embeddable":true,"href":"https:\/\/spacewell.com\/sv\/wp-json\/wp\/v2\/media\/23747"}],"wp:attachment":[{"href":"https:\/\/spacewell.com\/sv\/wp-json\/wp\/v2\/media?parent=368"}],"curies":[{"name":"wp","href":"https:\/\/api.w.org\/{rel}","templated":true}]}}