


{"id":27783,"date":"2023-11-20T14:31:51","date_gmt":"2023-11-20T13:31:51","guid":{"rendered":"https:\/\/spacewell.com\/prenumeration-nyhetsbrev-tack\/"},"modified":"2023-11-20T14:49:39","modified_gmt":"2023-11-20T13:49:39","slug":"prenumeration-nyhetsbrev-tack","status":"publish","type":"page","link":"https:\/\/spacewell.com\/sv\/prenumeration-nyhetsbrev-tack\/","title":{"rendered":"Prenumeration nyhetsbrev tack"},"content":{"rendered":"<div class=\"gb-container gb-container-4bf91dd9 gb-container-5731d80c\">\n\n<h1 class=\"gb-headline gb-headline-2031a84f gb-headline-text\">V\u00e4lkommen till Spacewell<\/h1>\n\n\n\n<p>Tack f\u00f6r din prenumeration p\u00e5 v\u00e5rt nyhetsbrev. Vi kommer att skicka dig information som \u00e4r av intresse f\u00f6r dig. <\/p>\n\n\n\n<p>Kanske kan detta webinar vara intressant: <a href=\"https:\/\/spacewell.com\/sv\/resurser\/webinarier\/hur-digital-tvillingteknik-haller-pa-att-forandra-byggnadshanteringen\/\">Hur digital tvillingteknik h\u00e5ller p\u00e5 att f\u00f6r\u00e4ndra byggnadshanteringen.<\/a><\/p>\n\n\n\n<a class=\"gb-button gb-button-d398f0ee gb-button-text gb-button-c33bffb9\" href=\"https:\/\/spacewell.com\/sv\/resurser\/webinarier\/hur-digital-tvillingteknik-haller-pa-att-forandra-byggnadshanteringen\/\">Titta p\u00e5 inspelningen<\/a>\n\n\n\n<p>Vill du f\u00e5 mer information?<\/p>\n\n\n\n<a class=\"gb-button gb-button-60a2b6a2 gb-button-text gb-button-c33bffb9\" href=\"https:\/\/spacewell.com\/sv\/resurser\/\">Uppt\u00e4ck v\u00e5ra resurser<\/a>\n\n\n\n<p>Med v\u00e4nlig h\u00e4lsning,<br\/>Spacewell-teamet<\/p>\n\n<\/div>","protected":false},"excerpt":{"rendered":"<p>V\u00e4lkommen till Spacewell Tack f\u00f6r din prenumeration p\u00e5 v\u00e5rt nyhetsbrev. Vi kommer att skicka dig information som \u00e4r av intresse f\u00f6r dig. Kanske kan detta webinar vara intressant: Hur digital tvillingteknik h\u00e5ller p\u00e5 att f\u00f6r\u00e4ndra byggnadshanteringen. Vill du f\u00e5 mer information? Med v\u00e4nlig h\u00e4lsning,Spacewell-teamet<\/p>\n","protected":false},"author":29,"featured_media":23747,"parent":0,"menu_order":0,"comment_status":"closed","ping_status":"closed","template":"","meta":{"_acf_changed":false,"footnotes":""},"class_list":{"0":"post-27783","1":"page","2":"type-page","3":"status-publish","4":"has-post-thumbnail","6":"no-featured-image-padding"},"acf":[],"yoast_head":"<!-- This site is optimized with the Yoast SEO Premium plugin v26.0 (Yoast SEO v27.4) - https:\/\/yoast.com\/product\/yoast-seo-premium-wordpress\/ -->\n<title>Prenumeration nyhetsbrev tack - Spacewell | A Nemetschek Company<\/title>\n<meta name=\"robots\" content=\"index, follow, max-snippet:-1, max-image-preview:large, max-video-preview:-1\" \/>\n<link rel=\"canonical\" href=\"https:\/\/spacewell.com\/sv\/prenumeration-nyhetsbrev-tack\/\" \/>\n<meta property=\"og:locale\" content=\"sv_SE\" \/>\n<meta property=\"og:type\" content=\"article\" \/>\n<meta property=\"og:title\" content=\"Prenumeration nyhetsbrev tack\" \/>\n<meta property=\"og:description\" content=\"V\u00e4lkommen till Spacewell Tack f\u00f6r din prenumeration p\u00e5 v\u00e5rt nyhetsbrev. Vi kommer att skicka dig information som \u00e4r av intresse f\u00f6r dig. Kanske kan detta webinar vara intressant: Hur digital tvillingteknik h\u00e5ller p\u00e5 att f\u00f6r\u00e4ndra byggnadshanteringen. Vill du f\u00e5 mer information? Med v\u00e4nlig h\u00e4lsning,Spacewell-teamet\" \/>\n<meta property=\"og:url\" content=\"https:\/\/spacewell.com\/sv\/prenumeration-nyhetsbrev-tack\/\" \/>\n<meta property=\"og:site_name\" content=\"Spacewell | A Nemetschek Company\" \/>\n<meta property=\"article:publisher\" content=\"https:\/\/www.facebook.com\/SpacewellHQ\" \/>\n<meta property=\"article:modified_time\" content=\"2023-11-20T13:49:39+00:00\" \/>\n<meta property=\"og:image\" content=\"https:\/\/spacewell.com\/wp-content\/uploads\/2023\/10\/open-meeting-space-1200x630-1.png\" \/>\n\t<meta property=\"og:image:width\" content=\"1200\" \/>\n\t<meta property=\"og:image:height\" content=\"630\" \/>\n\t<meta property=\"og:image:type\" content=\"image\/png\" \/>\n<meta name=\"twitter:card\" content=\"summary_large_image\" \/>\n<meta name=\"twitter:site\" content=\"@Spacewell_HQ\" \/>\n<meta name=\"twitter:label1\" content=\"Ber\u00e4knad l\u00e4stid\" \/>\n\t<meta name=\"twitter:data1\" content=\"1 minut\" \/>\n<script type=\"application\/ld+json\" class=\"yoast-schema-graph\">{\"@context\":\"https:\\\/\\\/schema.org\",\"@graph\":[{\"@type\":\"WebPage\",\"@id\":\"https:\\\/\\\/spacewell.com\\\/sv\\\/prenumeration-nyhetsbrev-tack\\\/\",\"url\":\"https:\\\/\\\/spacewell.com\\\/sv\\\/prenumeration-nyhetsbrev-tack\\\/\",\"name\":\"Prenumeration nyhetsbrev tack - Spacewell | A Nemetschek Company\",\"isPartOf\":{\"@id\":\"https:\\\/\\\/spacewell.com\\\/sv\\\/#website\"},\"primaryImageOfPage\":{\"@id\":\"https:\\\/\\\/spacewell.com\\\/sv\\\/prenumeration-nyhetsbrev-tack\\\/#primaryimage\"},\"image\":{\"@id\":\"https:\\\/\\\/spacewell.com\\\/sv\\\/prenumeration-nyhetsbrev-tack\\\/#primaryimage\"},\"thumbnailUrl\":\"https:\\\/\\\/spacewell.com\\\/wp-content\\\/uploads\\\/2023\\\/10\\\/open-meeting-space-1200x630-1.png\",\"datePublished\":\"2023-11-20T13:31:51+00:00\",\"dateModified\":\"2023-11-20T13:49:39+00:00\",\"breadcrumb\":{\"@id\":\"https:\\\/\\\/spacewell.com\\\/sv\\\/prenumeration-nyhetsbrev-tack\\\/#breadcrumb\"},\"inLanguage\":\"sv-SE\",\"potentialAction\":[{\"@type\":\"ReadAction\",\"target\":[\"https:\\\/\\\/spacewell.com\\\/sv\\\/prenumeration-nyhetsbrev-tack\\\/\"]}]},{\"@type\":\"ImageObject\",\"inLanguage\":\"sv-SE\",\"@id\":\"https:\\\/\\\/spacewell.com\\\/sv\\\/prenumeration-nyhetsbrev-tack\\\/#primaryimage\",\"url\":\"https:\\\/\\\/spacewell.com\\\/wp-content\\\/uploads\\\/2023\\\/10\\\/open-meeting-space-1200x630-1.png\",\"contentUrl\":\"https:\\\/\\\/spacewell.com\\\/wp-content\\\/uploads\\\/2023\\\/10\\\/open-meeting-space-1200x630-1.png\",\"width\":1200,\"height\":630,\"caption\":\"\u00d6ppen m\u00f6tesplats med m\u00e4nniskor som sitter och g\u00e5r f\u00f6rbi\"},{\"@type\":\"BreadcrumbList\",\"@id\":\"https:\\\/\\\/spacewell.com\\\/sv\\\/prenumeration-nyhetsbrev-tack\\\/#breadcrumb\",\"itemListElement\":[{\"@type\":\"ListItem\",\"position\":1,\"name\":\"Home\",\"item\":\"https:\\\/\\\/spacewell.com\\\/sv\\\/\"},{\"@type\":\"ListItem\",\"position\":2,\"name\":\"Prenumeration nyhetsbrev tack\"}]},{\"@type\":\"WebSite\",\"@id\":\"https:\\\/\\\/spacewell.com\\\/sv\\\/#website\",\"url\":\"https:\\\/\\\/spacewell.com\\\/sv\\\/\",\"name\":\"Spacewell | A Nemetschek Company\",\"description\":\"Make buildings work for people\",\"publisher\":{\"@id\":\"https:\\\/\\\/spacewell.com\\\/sv\\\/#organization\"},\"potentialAction\":[{\"@type\":\"SearchAction\",\"target\":{\"@type\":\"EntryPoint\",\"urlTemplate\":\"https:\\\/\\\/spacewell.com\\\/sv\\\/?s={search_term_string}\"},\"query-input\":{\"@type\":\"PropertyValueSpecification\",\"valueRequired\":true,\"valueName\":\"search_term_string\"}}],\"inLanguage\":\"sv-SE\"},{\"@type\":\"Organization\",\"@id\":\"https:\\\/\\\/spacewell.com\\\/sv\\\/#organization\",\"name\":\"Spacewell | A Nemetschek Company\",\"url\":\"https:\\\/\\\/spacewell.com\\\/sv\\\/\",\"logo\":{\"@type\":\"ImageObject\",\"inLanguage\":\"sv-SE\",\"@id\":\"https:\\\/\\\/spacewell.com\\\/sv\\\/#\\\/schema\\\/logo\\\/image\\\/\",\"url\":\"https:\\\/\\\/spacewell.com\\\/wp-content\\\/uploads\\\/2023\\\/05\\\/spacewell-logo-500x88-1.webp\",\"contentUrl\":\"https:\\\/\\\/spacewell.com\\\/wp-content\\\/uploads\\\/2023\\\/05\\\/spacewell-logo-500x88-1.webp\",\"width\":500,\"height\":88,\"caption\":\"Spacewell | A Nemetschek Company\"},\"image\":{\"@id\":\"https:\\\/\\\/spacewell.com\\\/sv\\\/#\\\/schema\\\/logo\\\/image\\\/\"},\"sameAs\":[\"https:\\\/\\\/www.facebook.com\\\/SpacewellHQ\",\"https:\\\/\\\/x.com\\\/Spacewell_HQ\"]}]}<\/script>\n<!-- \/ Yoast SEO Premium plugin. -->","yoast_head_json":{"title":"Prenumeration nyhetsbrev tack - Spacewell | A Nemetschek Company","robots":{"index":"index","follow":"follow","max-snippet":"max-snippet:-1","max-image-preview":"max-image-preview:large","max-video-preview":"max-video-preview:-1"},"canonical":"https:\/\/spacewell.com\/sv\/prenumeration-nyhetsbrev-tack\/","og_locale":"sv_SE","og_type":"article","og_title":"Prenumeration nyhetsbrev tack","og_description":"V\u00e4lkommen till Spacewell Tack f\u00f6r din prenumeration p\u00e5 v\u00e5rt nyhetsbrev. Vi kommer att skicka dig information som \u00e4r av intresse f\u00f6r dig. Kanske kan detta webinar vara intressant: Hur digital tvillingteknik h\u00e5ller p\u00e5 att f\u00f6r\u00e4ndra byggnadshanteringen. Vill du f\u00e5 mer information? Med v\u00e4nlig h\u00e4lsning,Spacewell-teamet","og_url":"https:\/\/spacewell.com\/sv\/prenumeration-nyhetsbrev-tack\/","og_site_name":"Spacewell | A Nemetschek Company","article_publisher":"https:\/\/www.facebook.com\/SpacewellHQ","article_modified_time":"2023-11-20T13:49:39+00:00","og_image":[{"width":1200,"height":630,"url":"https:\/\/spacewell.com\/wp-content\/uploads\/2023\/10\/open-meeting-space-1200x630-1.png","type":"image\/png"}],"twitter_card":"summary_large_image","twitter_site":"@Spacewell_HQ","twitter_misc":{"Ber\u00e4knad l\u00e4stid":"1 minut"},"schema":{"@context":"https:\/\/schema.org","@graph":[{"@type":"WebPage","@id":"https:\/\/spacewell.com\/sv\/prenumeration-nyhetsbrev-tack\/","url":"https:\/\/spacewell.com\/sv\/prenumeration-nyhetsbrev-tack\/","name":"Prenumeration nyhetsbrev tack - Spacewell | A Nemetschek Company","isPartOf":{"@id":"https:\/\/spacewell.com\/sv\/#website"},"primaryImageOfPage":{"@id":"https:\/\/spacewell.com\/sv\/prenumeration-nyhetsbrev-tack\/#primaryimage"},"image":{"@id":"https:\/\/spacewell.com\/sv\/prenumeration-nyhetsbrev-tack\/#primaryimage"},"thumbnailUrl":"https:\/\/spacewell.com\/wp-content\/uploads\/2023\/10\/open-meeting-space-1200x630-1.png","datePublished":"2023-11-20T13:31:51+00:00","dateModified":"2023-11-20T13:49:39+00:00","breadcrumb":{"@id":"https:\/\/spacewell.com\/sv\/prenumeration-nyhetsbrev-tack\/#breadcrumb"},"inLanguage":"sv-SE","potentialAction":[{"@type":"ReadAction","target":["https:\/\/spacewell.com\/sv\/prenumeration-nyhetsbrev-tack\/"]}]},{"@type":"ImageObject","inLanguage":"sv-SE","@id":"https:\/\/spacewell.com\/sv\/prenumeration-nyhetsbrev-tack\/#primaryimage","url":"https:\/\/spacewell.com\/wp-content\/uploads\/2023\/10\/open-meeting-space-1200x630-1.png","contentUrl":"https:\/\/spacewell.com\/wp-content\/uploads\/2023\/10\/open-meeting-space-1200x630-1.png","width":1200,"height":630,"caption":"\u00d6ppen m\u00f6tesplats med m\u00e4nniskor som sitter och g\u00e5r f\u00f6rbi"},{"@type":"BreadcrumbList","@id":"https:\/\/spacewell.com\/sv\/prenumeration-nyhetsbrev-tack\/#breadcrumb","itemListElement":[{"@type":"ListItem","position":1,"name":"Home","item":"https:\/\/spacewell.com\/sv\/"},{"@type":"ListItem","position":2,"name":"Prenumeration nyhetsbrev tack"}]},{"@type":"WebSite","@id":"https:\/\/spacewell.com\/sv\/#website","url":"https:\/\/spacewell.com\/sv\/","name":"Spacewell | A Nemetschek Company","description":"Make buildings work for people","publisher":{"@id":"https:\/\/spacewell.com\/sv\/#organization"},"potentialAction":[{"@type":"SearchAction","target":{"@type":"EntryPoint","urlTemplate":"https:\/\/spacewell.com\/sv\/?s={search_term_string}"},"query-input":{"@type":"PropertyValueSpecification","valueRequired":true,"valueName":"search_term_string"}}],"inLanguage":"sv-SE"},{"@type":"Organization","@id":"https:\/\/spacewell.com\/sv\/#organization","name":"Spacewell | A Nemetschek Company","url":"https:\/\/spacewell.com\/sv\/","logo":{"@type":"ImageObject","inLanguage":"sv-SE","@id":"https:\/\/spacewell.com\/sv\/#\/schema\/logo\/image\/","url":"https:\/\/spacewell.com\/wp-content\/uploads\/2023\/05\/spacewell-logo-500x88-1.webp","contentUrl":"https:\/\/spacewell.com\/wp-content\/uploads\/2023\/05\/spacewell-logo-500x88-1.webp","width":500,"height":88,"caption":"Spacewell | A Nemetschek Company"},"image":{"@id":"https:\/\/spacewell.com\/sv\/#\/schema\/logo\/image\/"},"sameAs":["https:\/\/www.facebook.com\/SpacewellHQ","https:\/\/x.com\/Spacewell_HQ"]}]}},"_links":{"self":[{"href":"https:\/\/spacewell.com\/sv\/wp-json\/wp\/v2\/pages\/27783","targetHints":{"allow":["GET"]}}],"collection":[{"href":"https:\/\/spacewell.com\/sv\/wp-json\/wp\/v2\/pages"}],"about":[{"href":"https:\/\/spacewell.com\/sv\/wp-json\/wp\/v2\/types\/page"}],"author":[{"embeddable":true,"href":"https:\/\/spacewell.com\/sv\/wp-json\/wp\/v2\/users\/29"}],"replies":[{"embeddable":true,"href":"https:\/\/spacewell.com\/sv\/wp-json\/wp\/v2\/comments?post=27783"}],"version-history":[{"count":11,"href":"https:\/\/spacewell.com\/sv\/wp-json\/wp\/v2\/pages\/27783\/revisions"}],"predecessor-version":[{"id":27786,"href":"https:\/\/spacewell.com\/sv\/wp-json\/wp\/v2\/pages\/27783\/revisions\/27786"}],"wp:featuredmedia":[{"embeddable":true,"href":"https:\/\/spacewell.com\/sv\/wp-json\/wp\/v2\/media\/23747"}],"wp:attachment":[{"href":"https:\/\/spacewell.com\/sv\/wp-json\/wp\/v2\/media?parent=27783"}],"curies":[{"name":"wp","href":"https:\/\/api.w.org\/{rel}","templated":true}]}}