


{"id":27756,"date":"2023-11-20T13:25:58","date_gmt":"2023-11-20T12:25:58","guid":{"rendered":"https:\/\/spacewell.com\/kontakta-oss-tack\/"},"modified":"2023-11-20T14:04:47","modified_gmt":"2023-11-20T13:04:47","slug":"kontakta-oss-tack","status":"publish","type":"page","link":"https:\/\/spacewell.com\/sv\/kontakta-oss-tack\/","title":{"rendered":"Kontakta oss tack"},"content":{"rendered":"<div class=\"gb-container gb-container-25bf619c gb-container-5731d80c\">\n\n<h1 class=\"gb-headline gb-headline-8e03bb65 gb-headline-text\">V\u00e4lkommen till Spacewell<\/h1>\n\n\n\n<p>Tack f\u00f6r att du kontaktar oss. En representant f\u00f6r Spacewell kommer att kontakta dig inom kort. <\/p>\n\n\n\n<p>Under tiden kan du ocks\u00e5 om du vill bes\u00f6ka v\u00e5rt resurscenter och b\u00f6rja l\u00e4sa v\u00e5r<\/p>\n\n\n\n<ul class=\"wp-block-list\">\n<li><a href=\"https:\/\/spacewell.com\/sv\/resurser\/blogg\/\">bloggserie om hybridarbetsplatsen<\/a><\/li>\n\n\n\n<li><a href=\"https:\/\/spacewell.com\/sv\/resurser\/forskning-och-insikter\/utmaningar-och-losningar-for-hybridarbetsplatsen-e-bok\/\">Utmaningar och l\u00f6sningar f\u00f6r hybridarbetsplatsen (e-bok)<\/a><\/li>\n<\/ul>\n\n<\/div>","protected":false},"excerpt":{"rendered":"<p>V\u00e4lkommen till Spacewell Tack f\u00f6r att du kontaktar oss. En representant f\u00f6r Spacewell kommer att kontakta dig inom kort. Under tiden kan du ocks\u00e5 om du vill bes\u00f6ka v\u00e5rt resurscenter och b\u00f6rja l\u00e4sa v\u00e5r<\/p>\n","protected":false},"author":29,"featured_media":23747,"parent":0,"menu_order":0,"comment_status":"closed","ping_status":"closed","template":"","meta":{"_acf_changed":false,"footnotes":""},"class_list":{"0":"post-27756","1":"page","2":"type-page","3":"status-publish","4":"has-post-thumbnail","6":"no-featured-image-padding"},"acf":[],"yoast_head":"<!-- This site is optimized with the Yoast SEO Premium plugin v26.0 (Yoast SEO v27.5) - https:\/\/yoast.com\/product\/yoast-seo-premium-wordpress\/ -->\n<title>Kontakta oss tack - Spacewell | A Nemetschek Company<\/title>\n<meta name=\"robots\" content=\"index, follow, max-snippet:-1, max-image-preview:large, max-video-preview:-1\" \/>\n<link rel=\"canonical\" href=\"https:\/\/spacewell.com\/sv\/kontakta-oss-tack\/\" \/>\n<meta property=\"og:locale\" content=\"sv_SE\" \/>\n<meta property=\"og:type\" content=\"article\" \/>\n<meta property=\"og:title\" content=\"Kontakta oss tack\" \/>\n<meta property=\"og:description\" content=\"V\u00e4lkommen till Spacewell Tack f\u00f6r att du kontaktar oss. En representant f\u00f6r Spacewell kommer att kontakta dig inom kort. Under tiden kan du ocks\u00e5 om du vill bes\u00f6ka v\u00e5rt resurscenter och b\u00f6rja l\u00e4sa v\u00e5r\" \/>\n<meta property=\"og:url\" content=\"https:\/\/spacewell.com\/sv\/kontakta-oss-tack\/\" \/>\n<meta property=\"og:site_name\" content=\"Spacewell | A Nemetschek Company\" \/>\n<meta property=\"article:publisher\" content=\"https:\/\/www.facebook.com\/SpacewellHQ\" \/>\n<meta property=\"article:modified_time\" content=\"2023-11-20T13:04:47+00:00\" \/>\n<meta property=\"og:image\" content=\"https:\/\/spacewell.com\/wp-content\/uploads\/2023\/10\/open-meeting-space-1200x630-1.png\" \/>\n\t<meta property=\"og:image:width\" content=\"1200\" \/>\n\t<meta property=\"og:image:height\" content=\"630\" \/>\n\t<meta property=\"og:image:type\" content=\"image\/png\" \/>\n<meta name=\"twitter:card\" content=\"summary_large_image\" \/>\n<meta name=\"twitter:site\" content=\"@Spacewell_HQ\" \/>\n<meta name=\"twitter:label1\" content=\"Ber\u00e4knad l\u00e4stid\" \/>\n\t<meta name=\"twitter:data1\" content=\"1 minut\" \/>\n<script type=\"application\/ld+json\" class=\"yoast-schema-graph\">{\"@context\":\"https:\\\/\\\/schema.org\",\"@graph\":[{\"@type\":\"WebPage\",\"@id\":\"https:\\\/\\\/spacewell.com\\\/sv\\\/kontakta-oss-tack\\\/\",\"url\":\"https:\\\/\\\/spacewell.com\\\/sv\\\/kontakta-oss-tack\\\/\",\"name\":\"Kontakta oss tack - Spacewell | A Nemetschek Company\",\"isPartOf\":{\"@id\":\"https:\\\/\\\/spacewell.com\\\/sv\\\/#website\"},\"primaryImageOfPage\":{\"@id\":\"https:\\\/\\\/spacewell.com\\\/sv\\\/kontakta-oss-tack\\\/#primaryimage\"},\"image\":{\"@id\":\"https:\\\/\\\/spacewell.com\\\/sv\\\/kontakta-oss-tack\\\/#primaryimage\"},\"thumbnailUrl\":\"https:\\\/\\\/spacewell.com\\\/wp-content\\\/uploads\\\/2023\\\/10\\\/open-meeting-space-1200x630-1.png\",\"datePublished\":\"2023-11-20T12:25:58+00:00\",\"dateModified\":\"2023-11-20T13:04:47+00:00\",\"breadcrumb\":{\"@id\":\"https:\\\/\\\/spacewell.com\\\/sv\\\/kontakta-oss-tack\\\/#breadcrumb\"},\"inLanguage\":\"sv-SE\",\"potentialAction\":[{\"@type\":\"ReadAction\",\"target\":[\"https:\\\/\\\/spacewell.com\\\/sv\\\/kontakta-oss-tack\\\/\"]}]},{\"@type\":\"ImageObject\",\"inLanguage\":\"sv-SE\",\"@id\":\"https:\\\/\\\/spacewell.com\\\/sv\\\/kontakta-oss-tack\\\/#primaryimage\",\"url\":\"https:\\\/\\\/spacewell.com\\\/wp-content\\\/uploads\\\/2023\\\/10\\\/open-meeting-space-1200x630-1.png\",\"contentUrl\":\"https:\\\/\\\/spacewell.com\\\/wp-content\\\/uploads\\\/2023\\\/10\\\/open-meeting-space-1200x630-1.png\",\"width\":1200,\"height\":630,\"caption\":\"\u00d6ppen m\u00f6tesplats med m\u00e4nniskor som sitter och g\u00e5r f\u00f6rbi\"},{\"@type\":\"BreadcrumbList\",\"@id\":\"https:\\\/\\\/spacewell.com\\\/sv\\\/kontakta-oss-tack\\\/#breadcrumb\",\"itemListElement\":[{\"@type\":\"ListItem\",\"position\":1,\"name\":\"Home\",\"item\":\"https:\\\/\\\/spacewell.com\\\/sv\\\/\"},{\"@type\":\"ListItem\",\"position\":2,\"name\":\"Kontakta oss tack\"}]},{\"@type\":\"WebSite\",\"@id\":\"https:\\\/\\\/spacewell.com\\\/sv\\\/#website\",\"url\":\"https:\\\/\\\/spacewell.com\\\/sv\\\/\",\"name\":\"Spacewell | A Nemetschek Company\",\"description\":\"Make buildings work for people\",\"publisher\":{\"@id\":\"https:\\\/\\\/spacewell.com\\\/sv\\\/#organization\"},\"potentialAction\":[{\"@type\":\"SearchAction\",\"target\":{\"@type\":\"EntryPoint\",\"urlTemplate\":\"https:\\\/\\\/spacewell.com\\\/sv\\\/?s={search_term_string}\"},\"query-input\":{\"@type\":\"PropertyValueSpecification\",\"valueRequired\":true,\"valueName\":\"search_term_string\"}}],\"inLanguage\":\"sv-SE\"},{\"@type\":\"Organization\",\"@id\":\"https:\\\/\\\/spacewell.com\\\/sv\\\/#organization\",\"name\":\"Spacewell | A Nemetschek Company\",\"url\":\"https:\\\/\\\/spacewell.com\\\/sv\\\/\",\"logo\":{\"@type\":\"ImageObject\",\"inLanguage\":\"sv-SE\",\"@id\":\"https:\\\/\\\/spacewell.com\\\/sv\\\/#\\\/schema\\\/logo\\\/image\\\/\",\"url\":\"https:\\\/\\\/spacewell.com\\\/wp-content\\\/uploads\\\/2023\\\/05\\\/spacewell-logo-500x88-1.webp\",\"contentUrl\":\"https:\\\/\\\/spacewell.com\\\/wp-content\\\/uploads\\\/2023\\\/05\\\/spacewell-logo-500x88-1.webp\",\"width\":500,\"height\":88,\"caption\":\"Spacewell | A Nemetschek Company\"},\"image\":{\"@id\":\"https:\\\/\\\/spacewell.com\\\/sv\\\/#\\\/schema\\\/logo\\\/image\\\/\"},\"sameAs\":[\"https:\\\/\\\/www.facebook.com\\\/SpacewellHQ\",\"https:\\\/\\\/x.com\\\/Spacewell_HQ\"]}]}<\/script>\n<!-- \/ Yoast SEO Premium plugin. -->","yoast_head_json":{"title":"Kontakta oss tack - Spacewell | A Nemetschek Company","robots":{"index":"index","follow":"follow","max-snippet":"max-snippet:-1","max-image-preview":"max-image-preview:large","max-video-preview":"max-video-preview:-1"},"canonical":"https:\/\/spacewell.com\/sv\/kontakta-oss-tack\/","og_locale":"sv_SE","og_type":"article","og_title":"Kontakta oss tack","og_description":"V\u00e4lkommen till Spacewell Tack f\u00f6r att du kontaktar oss. En representant f\u00f6r Spacewell kommer att kontakta dig inom kort. Under tiden kan du ocks\u00e5 om du vill bes\u00f6ka v\u00e5rt resurscenter och b\u00f6rja l\u00e4sa v\u00e5r","og_url":"https:\/\/spacewell.com\/sv\/kontakta-oss-tack\/","og_site_name":"Spacewell | A Nemetschek Company","article_publisher":"https:\/\/www.facebook.com\/SpacewellHQ","article_modified_time":"2023-11-20T13:04:47+00:00","og_image":[{"width":1200,"height":630,"url":"https:\/\/spacewell.com\/wp-content\/uploads\/2023\/10\/open-meeting-space-1200x630-1.png","type":"image\/png"}],"twitter_card":"summary_large_image","twitter_site":"@Spacewell_HQ","twitter_misc":{"Ber\u00e4knad l\u00e4stid":"1 minut"},"schema":{"@context":"https:\/\/schema.org","@graph":[{"@type":"WebPage","@id":"https:\/\/spacewell.com\/sv\/kontakta-oss-tack\/","url":"https:\/\/spacewell.com\/sv\/kontakta-oss-tack\/","name":"Kontakta oss tack - Spacewell | A Nemetschek Company","isPartOf":{"@id":"https:\/\/spacewell.com\/sv\/#website"},"primaryImageOfPage":{"@id":"https:\/\/spacewell.com\/sv\/kontakta-oss-tack\/#primaryimage"},"image":{"@id":"https:\/\/spacewell.com\/sv\/kontakta-oss-tack\/#primaryimage"},"thumbnailUrl":"https:\/\/spacewell.com\/wp-content\/uploads\/2023\/10\/open-meeting-space-1200x630-1.png","datePublished":"2023-11-20T12:25:58+00:00","dateModified":"2023-11-20T13:04:47+00:00","breadcrumb":{"@id":"https:\/\/spacewell.com\/sv\/kontakta-oss-tack\/#breadcrumb"},"inLanguage":"sv-SE","potentialAction":[{"@type":"ReadAction","target":["https:\/\/spacewell.com\/sv\/kontakta-oss-tack\/"]}]},{"@type":"ImageObject","inLanguage":"sv-SE","@id":"https:\/\/spacewell.com\/sv\/kontakta-oss-tack\/#primaryimage","url":"https:\/\/spacewell.com\/wp-content\/uploads\/2023\/10\/open-meeting-space-1200x630-1.png","contentUrl":"https:\/\/spacewell.com\/wp-content\/uploads\/2023\/10\/open-meeting-space-1200x630-1.png","width":1200,"height":630,"caption":"\u00d6ppen m\u00f6tesplats med m\u00e4nniskor som sitter och g\u00e5r f\u00f6rbi"},{"@type":"BreadcrumbList","@id":"https:\/\/spacewell.com\/sv\/kontakta-oss-tack\/#breadcrumb","itemListElement":[{"@type":"ListItem","position":1,"name":"Home","item":"https:\/\/spacewell.com\/sv\/"},{"@type":"ListItem","position":2,"name":"Kontakta oss tack"}]},{"@type":"WebSite","@id":"https:\/\/spacewell.com\/sv\/#website","url":"https:\/\/spacewell.com\/sv\/","name":"Spacewell | A Nemetschek Company","description":"Make buildings work for people","publisher":{"@id":"https:\/\/spacewell.com\/sv\/#organization"},"potentialAction":[{"@type":"SearchAction","target":{"@type":"EntryPoint","urlTemplate":"https:\/\/spacewell.com\/sv\/?s={search_term_string}"},"query-input":{"@type":"PropertyValueSpecification","valueRequired":true,"valueName":"search_term_string"}}],"inLanguage":"sv-SE"},{"@type":"Organization","@id":"https:\/\/spacewell.com\/sv\/#organization","name":"Spacewell | A Nemetschek Company","url":"https:\/\/spacewell.com\/sv\/","logo":{"@type":"ImageObject","inLanguage":"sv-SE","@id":"https:\/\/spacewell.com\/sv\/#\/schema\/logo\/image\/","url":"https:\/\/spacewell.com\/wp-content\/uploads\/2023\/05\/spacewell-logo-500x88-1.webp","contentUrl":"https:\/\/spacewell.com\/wp-content\/uploads\/2023\/05\/spacewell-logo-500x88-1.webp","width":500,"height":88,"caption":"Spacewell | A Nemetschek Company"},"image":{"@id":"https:\/\/spacewell.com\/sv\/#\/schema\/logo\/image\/"},"sameAs":["https:\/\/www.facebook.com\/SpacewellHQ","https:\/\/x.com\/Spacewell_HQ"]}]}},"_links":{"self":[{"href":"https:\/\/spacewell.com\/sv\/wp-json\/wp\/v2\/pages\/27756","targetHints":{"allow":["GET"]}}],"collection":[{"href":"https:\/\/spacewell.com\/sv\/wp-json\/wp\/v2\/pages"}],"about":[{"href":"https:\/\/spacewell.com\/sv\/wp-json\/wp\/v2\/types\/page"}],"author":[{"embeddable":true,"href":"https:\/\/spacewell.com\/sv\/wp-json\/wp\/v2\/users\/29"}],"replies":[{"embeddable":true,"href":"https:\/\/spacewell.com\/sv\/wp-json\/wp\/v2\/comments?post=27756"}],"version-history":[{"count":11,"href":"https:\/\/spacewell.com\/sv\/wp-json\/wp\/v2\/pages\/27756\/revisions"}],"predecessor-version":[{"id":27759,"href":"https:\/\/spacewell.com\/sv\/wp-json\/wp\/v2\/pages\/27756\/revisions\/27759"}],"wp:featuredmedia":[{"embeddable":true,"href":"https:\/\/spacewell.com\/sv\/wp-json\/wp\/v2\/media\/23747"}],"wp:attachment":[{"href":"https:\/\/spacewell.com\/sv\/wp-json\/wp\/v2\/media?parent=27756"}],"curies":[{"name":"wp","href":"https:\/\/api.w.org\/{rel}","templated":true}]}}