


{"id":545,"date":"2023-06-01T13:42:19","date_gmt":"2023-06-01T11:42:19","guid":{"rendered":"https:\/\/spacewell.com\/legale\/politique-relative-aux-cookies\/"},"modified":"2023-10-25T08:37:28","modified_gmt":"2023-10-25T06:37:28","slug":"politique-relative-aux-cookies","status":"publish","type":"page","link":"https:\/\/spacewell.com\/fr\/mentions-legales\/politique-relative-aux-cookies\/","title":{"rendered":"Politique relative aux cookies"},"content":{"rendered":"<div class=\"gb-container gb-container-be2333f1 gb-container-5731d80c\">\n\n<h1 class=\"gb-headline gb-headline-f12419ca gb-headline-text\">Politique relative aux cookies<\/h1>\n\n\n\n<p>Date d&rsquo;entr\u00e9e en vigueur : le 15 mars 2021<\/p>\n\n<\/div><div class=\"gb-container gb-container-33963922 gb-container-5731d80c\">\n\n<button type=\"button\" id=\"hs_show_banner_button\" style=\"  display: inline-flex; flex-direction: row; align-items: center; justify-content: center; text-align: center; font-size: 16px; font-weight: 600; padding: 15px 20px; border-radius: 4px; border: 1px solid var(--accent); background-color: var(--accent); color: #ffffff; margin-bottom: 32px;\" onclick=\"(function(){ var _hsp = window._hsp = window._hsp || []; _hsp.push(['showBanner']); })()\">\n Mettre \u00e0 jour mes param\u00e8tres de cookies\n<\/button>\n\n\n\n<p>Chez Spacewell, nous jouons la transparence lorsqu\u2019il s\u2019agit de la protection de vos donn\u00e9es personnelles. La pr\u00e9sente politique relative aux cookies contient des informations d\u00e9taill\u00e9es sur la mani\u00e8re dont nous utilisons les cookies, les situations dans lesquelles nous les utilisons, les diff\u00e9rents types de cookies et les technologies que nous utilisons, et la mani\u00e8re dont tout ceci s\u2019applique au site Web de Spacewell Comme nous tenons \u00e0 utiliser les technologies de protection des donn\u00e9es les plus r\u00e9centes et \u00e0 respecter la l\u00e9gislation en vigueur, nous pouvons modifier de temps \u00e0 autre notre politique relative aux cookies. Veuillez v\u00e9rifier la \u2018date d\u2019entr\u00e9e en vigueur\u2019 indiqu\u00e9e en haut de cette page pour conna\u00eetre la date de la derni\u00e8re modification de la politique.<\/p>\n\n\n\n<h2 class=\"gb-headline gb-headline-ee582b71 gb-headline-text\">Merci pour cette introduction, mais \u00e0 quoi servent les cookies en fait ?<\/h2>\n\n\n\n<p>Les cookies sont de petits fichiers qui sont sauvegard\u00e9s sur l\u2019ordinateur de l\u2019utilisateur. Ils sont con\u00e7us pour conserver une petite quantit\u00e9 de donn\u00e9es sp\u00e9cifiques \u00e0 un client et \u00e0 un site Web et sont accessibles soit via le serveur Web, soit par l\u2019ordinateur du client. Chaque cookie est en fait un petit tableau contenant des paires de valeurs (cl\u00e9s, donn\u00e9es) telles que par exemple (pr\u00e9nom, Christophe) (nom, Richard). Lorsque le cookie est lu par le code sur le serveur ou sur l\u2019ordinateur du client, l\u2019information peut \u00eatre r\u00e9cup\u00e9r\u00e9e et utilis\u00e9e pour personnaliser une page Web.<\/p>\n\n\n\n<h2 class=\"gb-headline gb-headline-b3c0e4f0 gb-headline-text\">OK, donc un cookie n\u2019est rien d\u2019autre qu\u2019un petit ensemble de donn\u00e9es que vous installez sur mon ordinateur. Mais pourquoi voulez-vous faire cela, et pourquoi est-ce que j\u2019accepterais leur utilisation ?<\/h2>\n\n\n\n<p>Nous utilisons des cookies, par exemple, pour faciliter la navigation sur notre site Web en l\u2019adaptant plus pr\u00e9cis\u00e9ment \u00e0 vos souhaits et \u00e0 vos pr\u00e9f\u00e9rences. Par exemple, les cookies nous rappellent vos choix de langue. Ainsi, lorsque vous revenez sur notre site, vous n\u2019avez plus \u00e0 s\u00e9lectionner votre langue et votre navigation sera plus agr\u00e9able.<\/p>\n\n\n\n<p>Nous utilisons \u00e9galement des cookies pour recueillir des informations sur la fa\u00e7on dont vous utilisez notre site Web. Nous relevons le nombre de visiteurs, les pages les plus visit\u00e9es et le temps que les visiteurs passent sur une page. Gr\u00e2ce aux informations sur le comportement de nos utilisateurs sur notre site Web, nous pouvons optimiser et personnaliser l\u2019exp\u00e9rience utilisateur. Il existe toutes sortes de cookies qui peuvent \u00eatre class\u00e9s par fonction, origine et dur\u00e9e de vie. Pour une description d\u00e9taill\u00e9e des types de cookies, rendez-vous sur le site http:\/\/www.allaboutcookies.org.<\/p>\n\n\n\n<h2 class=\"gb-headline gb-headline-1f347003 gb-headline-text\">Bon, je comprends l\u2019utilit\u00e9 des cookies, mais j\u2019aimerais quand m\u00eame que vous me disiez exactement quels sont les cookies que vous allez conserver sur mon appareil.<\/h2>\n\n\n\n<h3 class=\"gb-headline gb-headline-0f800802 gb-headline-text\">Cookies essentiels<\/h3>\n\n\n\n<p>Ce sont les cookies qui vous sont r\u00e9ellement utiles. Ils sont n\u00e9cessaires au bon fonctionnement de notre site : ils vous permettent de naviguer sur le site d\u2019utiliser ses fonctionnalit\u00e9s. Par exemple, certains cookies vous permettent d\u2019acc\u00e9der \u00e0 des zones s\u00e9curis\u00e9es de notre site. Sans ces cookies, le site ne pourrait pas \u00eatre pleinement op\u00e9rationnel.<\/p>\n\n\n\n<figure class=\"wp-block-table\"><table><tbody><tr><td><strong>Nom du cookie<\/strong><\/td><td><strong>Pourquoi installons-nous ce cookie ?<\/strong><\/td><td><strong>Quand les cookies expirent-ils ?<\/strong><\/td><td><strong>Cookie nominatif ou cookie tierce partie ?<\/strong><\/td><\/tr><tr><td>PHPSESSID (MODX)<\/td><td>Pour conserver le nom d\u2019utilisateur et la cl\u00e9 chiffr\u00e9e de l\u2019utilisateur connect\u00e9. Sans ce cookie, l\u2019utilisateur ne peut pas acc\u00e9der aux zones du site n\u00e9cessitant un acc\u00e8s authentifi\u00e9.<\/td><td>Ce cookie expire 30 minutes apr\u00e8s la fermeture du navigateur de l\u2019utilisateur.<\/td><td>Cookie nominatif<\/td><\/tr><\/tbody><\/table><\/figure>\n\n\n\n<h3 class=\"gb-headline gb-headline-9d907590 gb-headline-text\">Cookies fonctionnels<\/h3>\n\n\n\n<p>On utilise ces cookies pour vous reconna\u00eetre lorsque vous revenez sur nos sites et applications, afin de r\u00e9cup\u00e9rer les choix que vous avez faits. Ceci nous permet de personnaliser nos contenus pour vous, de vous accueillir par votre pr\u00e9nom et de retrouver vos pr\u00e9f\u00e9rences (par exemple, votre choix de langue ou de r\u00e9gion).<\/p>\n\n\n\n<p>En bref, les cookies fonctionnels facilitent le fonctionnement de nos sites Web et applications et vous assurent une exp\u00e9rience de navigation personnalis\u00e9e. Sans eux, le site fonctionne, mais il sera moins personnalis\u00e9 et moins ais\u00e9 de le surfer.<\/p>\n\n\n\n<figure class=\"wp-block-table\"><table><tbody><tr><td><strong>Nom du cookie<\/strong><\/td><td><strong>Pourquoi installons-nous ce cookie ?<\/strong><\/td><td><strong>Quand les cookies expirent-ils ?<\/strong><\/td><td><strong>Cookie nominatif ou cookie tierce partie ?<\/strong><\/td><\/tr><tr><td>_icl_current_language<\/td><td>Pour conna\u00eetre votre choix de langue<\/td><td>Expire apr\u00e8s 24 mois<\/td><td>Cookie nominatif<\/td><\/tr><tr><td>euCookie<\/td><td>Pour avertir les nouveaux utilisateurs que notre site Web utilise des cookies<\/td><td>Expire apr\u00e8s 12 mois<\/td><td>Cookie nominatif<\/td><\/tr><\/tbody><\/table><\/figure>\n\n\n\n<h3 class=\"gb-headline gb-headline-fd2bf865 gb-headline-text\">Cookies de r\u00e9seaux sociaux<\/h3>\n\n\n\n<p>Si vous choisissez de partager le contenu de notre site en utilisant l\u2019un de nos boutons de r\u00e9seaux sociaux (Facebook, Twitter, LinkedIn, YouTube, etc.), vous devez savoir que ces sites peuvent recueillir des informations sur vos activit\u00e9s en ligne. Nous n\u2019avons aucun contr\u00f4le sur cela. Les informations qu\u2019ils recueillent sont conserv\u00e9es de mani\u00e8re anonyme. Les informations sont envoy\u00e9es par et \u00e0 Twitter, Facebook, YouTube et LinkedIn sur des serveurs situ\u00e9s aux \u00c9tats-Unis. Un niveau ad\u00e9quat de protection de l\u2019utilisation de toutes donn\u00e9es personnelles est appliqu\u00e9.<\/p>\n\n\n\n<p>Nous vous invitons \u00e0 consulter les politiques de confidentialit\u00e9 (le cas \u00e9ch\u00e9ant) de ces sites tiers pour obtenir des informations compl\u00e9mentaires sur leur utilisation de vos donn\u00e9es et\/ou sur la mani\u00e8re de refuser ou supprimer ces informations.<\/p>\n\n\n\n<figure class=\"wp-block-table\"><table><tbody><tr><td><strong>Nom du cookie<\/strong><\/td><td><strong>Pourquoi installons-nous ce cookie ?<\/strong><\/td><td><strong>Quand les cookies expirent-ils ?<\/strong><\/td><td><strong>Cookie nominatif ou cookie tierce partie ?<\/strong><\/td><\/tr><tr><td>__stid<\/td><td>Notre site Web utilise un widget de ShareThis qui permet de partager rapidement et facilement nos contenus sur les r\u00e9seaux sociaux.<\/td><td>Expire apr\u00e8s 12 mois<\/td><td>Les cookies tiers<\/td><\/tr><tr><td>__unam<\/td><td>Ce cookie provient \u00e9galement de ShareThis ; il surveille les flux de clics, comme le temps pass\u00e9 sur la page.<\/td><td>Expire apr\u00e8s 9 mois<\/td><td>Les cookies tiers<\/td><\/tr><tr><td>wd<\/td><td>Ce cookie provient de <a href=\"https:\/\/www.facebook.com\/policies\/cookies\/\" target=\"_blank\" rel=\"noreferrer noopener\">Facebook<\/a> et r\u00e9pertorie les membres et non-membres de r\u00e9seaux sociaux pour d\u00e9terminer leurs comportements en mati\u00e8re de publicit\u00e9, \u00e0 des fins d\u2019analyse et de prospection commerciale.<\/td><td>Fin de la session<\/td><td>Les cookies tiers<\/td><\/tr><tr><td>fr<\/td><td>Ce cookie provient de <a href=\"https:\/\/www.facebook.com\/policies\/cookies\/\" target=\"_blank\" rel=\"noreferrer noopener\">Facebook<\/a> et r\u00e9pertorie les membres et non-membres de r\u00e9seaux sociaux pour d\u00e9terminer leurs comportements en mati\u00e8re de publicit\u00e9, \u00e0 des fins d\u2019analyse et de prospection commerciale.<\/td><td>Expire apr\u00e8s 2 mois<\/td><td>Les cookies tiers<\/td><\/tr><\/tbody><\/table><\/figure>\n\n\n\n<h3 class=\"gb-headline gb-headline-f6284111 gb-headline-text\">Cookies analytiques<\/h3>\n\n\n\n<p>Ces cookies collectent des informations sur l\u2019utilisation de nos sites Web, notamment le nombre de visiteurs, les pages les plus visit\u00e9es et le temps pass\u00e9 sur une page particuli\u00e8re. Sur la base du comportement de nos utilisateurs, nous pouvons am\u00e9liorer le fonctionnement de nos sites Web et applications, par exemple en faisant en sorte que les utilisateurs trouvent facilement ce qu\u2019ils cherchent. Nous utilisons \u00e9galement des cookies de tierces parties tels que :<\/p>\n\n\n\n<figure class=\"wp-block-table\"><table><tbody><tr><td><strong>Nom du cookie<\/strong><\/td><td><strong>Outil<\/strong><\/td><td><strong>Pourquoi installons-nous ce cookie ?<\/strong><\/td><td><strong>Quand les cookies expirent-ils ?<\/strong><\/td><td><strong>Cookie nominatif ou cookie tierce partie ?<\/strong><\/td><\/tr><tr><td>_ga<\/td><td>Google analytics<\/td><td>Suivi du trafic Web<\/td><td>Expire apr\u00e8s 24 mois<\/td><td>Les cookies tiers<\/td><\/tr><tr><td>_gid<\/td><td>Google analytics<\/td><td>Suivi du trafic Web<\/td><td>Expire apr\u00e8s 24 mois<\/td><td>Les cookies tiers<\/td><\/tr><tr><td>_dc_gtm_ua<\/td><td>Google analytics<\/td><td>Suivi du trafic Web<\/td><td>Expire apr\u00e8s 24 mois<\/td><td>Les cookies tiers<\/td><\/tr><\/tbody><\/table><\/figure>\n\n\n\n<h3 class=\"gb-headline gb-headline-7a4d9c64 gb-headline-text\">Cookies de marketing<\/h3>\n\n\n\n<p>Ces cookies sont utilis\u00e9s \u00e0 des fins de marketing. Ils enregistrent votre visite sur notre site, les pages que vous avez consult\u00e9es et les liens que vous avez suivis. Ces cookies nous permettent de vous envoyer du contenu ou des questions adapt\u00e9s \u00e0 vos int\u00e9r\u00eats.<\/p>\n\n\n\n<figure class=\"wp-block-table\"><table><tbody><tr><td><strong>Nom du cookie<\/strong><\/td><td><strong>Outil<\/strong><\/td><td><strong>Pourquoi installons-nous ce cookie ?<\/strong><\/td><td><strong>Quand les cookies expirent-ils ?<\/strong><\/td><td><strong>Cookie nominatif ou cookie tierce partie ?<\/strong><\/td><\/tr><tr><td>__hs_cookie_cat_pref<\/td><td>Hubspot<\/td><td>Ce cookie est utilis\u00e9 pour enregistrer les cat\u00e9gories auxquelles un visiteur a consenti.<\/td><td>Il expire sous 6 mois.<\/td><td>Les cookies tiers<\/td><\/tr><tr><td>__cf_bm<\/td><td>Hubspot<\/td><td>Ce cookie est d\u00e9fini par le fournisseur du r\u00e9seau de diffusion de contenu de HubSpot et est n\u00e9cessaire \u00e0 la protection des bots.<\/td><td>Il expire sous 30 minutes.<\/td><td>Les cookies tiers<\/td><\/tr><tr><td>__hstc<\/td><td>Hubspot<\/td><td>Le cookie principal de suivi des visiteurs.<\/td><td>Il expire sous 6 mois.<\/td><td>Les cookies tiers<\/td><\/tr><tr><td>hubspotutk<\/td><td>Hubspot<\/td><td>Ce cookie garde une trace de l&rsquo;identit\u00e9 d&rsquo;un visiteur. Il est transmis \u00e0 HubSpot lors d&rsquo;une soumission de formulaire et est utilis\u00e9 lors de la d\u00e9duplication de contacts. <\/td><td>Il expire sous 6 mois.<\/td><td>Les cookies tiers<\/td><\/tr><tr><td>__hssc<\/td><td>Hubspot<\/td><td>Ce cookie assure le suivi des sessions.<\/td><td>Il expire sous 6 mois.<\/td><td>Les cookies tiers<\/td><\/tr><tr><td>__hssrc<\/td><td>Hubspot<\/td><td>Lorsque HubSpot modifie le cookie de la session, ce cookie est \u00e9galement d\u00e9fini pour d\u00e9terminer si le visiteur a r\u00e9initialis\u00e9 son navigateur.<\/td><td>Il expire \u00e0 la fin de la session.<\/td><td>Les cookies tiers<\/td><\/tr><\/tbody><\/table><\/figure>\n\n\n\n<h3 class=\"gb-headline gb-headline-caf69558 gb-headline-text\">OK, vous m\u2019avez convaincu. Maintenant, dites-moi comment accepter les cookies.<\/h3>\n\n\n\n<p>Vous pouvez choisir d\u2019accepter les cookies via notre barre de cookies ou dans les param\u00e8tres de votre navigateur. Si vous d\u00e9cidez de d\u00e9sactiver cette fonction, vous pourriez \u00eatre dans l\u2019incapacit\u00e9 d\u2019utiliser notre site de fa\u00e7on optimale. Pour v\u00e9rifier si votre navigateur est param\u00e9tr\u00e9 pour accepter les cookies, veuillez visiter le v\u00e9rificateur de cookies. Cette page tentera de cr\u00e9er un cookie et vous indiquera si l\u2019op\u00e9ration a r\u00e9ussi.<\/p>\n\n\n\n<h3 class=\"gb-headline gb-headline-cd87fe70 gb-headline-text\">J\u2019ai chang\u00e9 d\u2019avis. Comment d\u00e9sactiver les cookies ?<\/h3>\n\n\n\n<p>Vous pouvez d\u00e9sactiver les cookies de notre site Web \u00e0 tout moment. Pour d\u00e9sactiver ou supprimer les cookies, veuillez consulter le site suivant : <a href=\"http:\/\/www.allaboutcookies.org\">http:\/\/www.allaboutcookies.org<\/a> ou <a href=\"http:\/\/aboutcookies.org\">http:\/\/aboutcookies.org<\/a>. Veuillez noter que lorsque les cookies sont d\u00e9sactiv\u00e9s, le site ou certains \u00e9l\u00e9ments du site pourraient ne pas fonctionner correctement.<\/p>\n\n\n\n<h3 class=\"gb-headline gb-headline-71b2e4b3 gb-headline-text\">Je voudrais en savoir plus\u2026<\/h3>\n\n\n\n<p>Si vous avez des questions concernant notre politique relative aux cookies, veuillez nous contacter par e-mail \u00e0 <a href=\"mailto:dataprotection@spacewell.com\">dataprotection@spacewell.com<\/a>.<\/p>\n\n<\/div>","protected":false},"excerpt":{"rendered":"<p>Politique relative aux cookies Date d&rsquo;entr\u00e9e en vigueur : le 15 mars 2021 Mettre \u00e0 jour mes param\u00e8tres de cookies Chez Spacewell, nous jouons la transparence lorsqu\u2019il s\u2019agit de la protection de vos donn\u00e9es personnelles. La pr\u00e9sente politique relative aux cookies contient des informations d\u00e9taill\u00e9es sur la mani\u00e8re dont nous utilisons les cookies, les situations &#8230; <a title=\"Politique relative aux cookies\" class=\"read-more\" href=\"https:\/\/spacewell.com\/fr\/mentions-legales\/politique-relative-aux-cookies\/\" aria-label=\"En savoir plus sur Politique relative aux cookies\">Lire plus<\/a><\/p>\n","protected":false},"author":29,"featured_media":23744,"parent":521,"menu_order":0,"comment_status":"closed","ping_status":"closed","template":"","meta":{"_acf_changed":false,"footnotes":""},"class_list":{"0":"post-545","1":"page","2":"type-page","3":"status-publish","4":"has-post-thumbnail","6":"no-featured-image-padding"},"acf":[],"yoast_head":"<!-- This site is optimized with the Yoast SEO Premium plugin v26.0 (Yoast SEO v27.5) - https:\/\/yoast.com\/product\/yoast-seo-premium-wordpress\/ -->\n<title>Politique relative aux cookies - Spacewell | A Nemetschek Company<\/title>\n<meta name=\"description\" content=\"La pr\u00e9sente politique relative aux cookies contient des informations d\u00e9taill\u00e9es sur la mani\u00e8re dont nous utilisons les cookies.\" \/>\n<meta name=\"robots\" content=\"index, follow, max-snippet:-1, max-image-preview:large, max-video-preview:-1\" \/>\n<link rel=\"canonical\" href=\"https:\/\/spacewell.com\/fr\/mentions-legales\/politique-relative-aux-cookies\/\" \/>\n<meta property=\"og:locale\" content=\"fr_FR\" \/>\n<meta property=\"og:type\" content=\"article\" \/>\n<meta property=\"og:title\" content=\"Politique relative aux cookies\" \/>\n<meta property=\"og:description\" content=\"La pr\u00e9sente politique relative aux cookies contient des informations d\u00e9taill\u00e9es sur la mani\u00e8re dont nous utilisons les cookies.\" \/>\n<meta property=\"og:url\" content=\"https:\/\/spacewell.com\/fr\/mentions-legales\/politique-relative-aux-cookies\/\" \/>\n<meta property=\"og:site_name\" content=\"Spacewell | A Nemetschek Company\" \/>\n<meta property=\"article:publisher\" content=\"https:\/\/www.facebook.com\/SpacewellHQ\" \/>\n<meta property=\"article:modified_time\" content=\"2023-10-25T06:37:28+00:00\" \/>\n<meta property=\"og:image\" content=\"https:\/\/spacewell.com\/wp-content\/uploads\/2023\/10\/open-meeting-space-1200x630-1.png\" \/>\n\t<meta property=\"og:image:width\" content=\"1200\" \/>\n\t<meta property=\"og:image:height\" content=\"630\" \/>\n\t<meta property=\"og:image:type\" content=\"image\/png\" \/>\n<meta name=\"twitter:card\" content=\"summary_large_image\" \/>\n<meta name=\"twitter:site\" content=\"@Spacewell_HQ\" \/>\n<script type=\"application\/ld+json\" class=\"yoast-schema-graph\">{\"@context\":\"https:\\\/\\\/schema.org\",\"@graph\":[{\"@type\":\"WebPage\",\"@id\":\"https:\\\/\\\/spacewell.com\\\/fr\\\/mentions-legales\\\/politique-relative-aux-cookies\\\/\",\"url\":\"https:\\\/\\\/spacewell.com\\\/fr\\\/mentions-legales\\\/politique-relative-aux-cookies\\\/\",\"name\":\"Politique relative aux cookies - Spacewell | A Nemetschek Company\",\"isPartOf\":{\"@id\":\"https:\\\/\\\/spacewell.com\\\/fr\\\/#website\"},\"primaryImageOfPage\":{\"@id\":\"https:\\\/\\\/spacewell.com\\\/fr\\\/mentions-legales\\\/politique-relative-aux-cookies\\\/#primaryimage\"},\"image\":{\"@id\":\"https:\\\/\\\/spacewell.com\\\/fr\\\/mentions-legales\\\/politique-relative-aux-cookies\\\/#primaryimage\"},\"thumbnailUrl\":\"https:\\\/\\\/spacewell.com\\\/wp-content\\\/uploads\\\/2023\\\/10\\\/open-meeting-space-1200x630-1.png\",\"datePublished\":\"2023-06-01T11:42:19+00:00\",\"dateModified\":\"2023-10-25T06:37:28+00:00\",\"description\":\"La pr\u00e9sente politique relative aux cookies contient des informations d\u00e9taill\u00e9es sur la mani\u00e8re dont nous utilisons les cookies.\",\"breadcrumb\":{\"@id\":\"https:\\\/\\\/spacewell.com\\\/fr\\\/mentions-legales\\\/politique-relative-aux-cookies\\\/#breadcrumb\"},\"inLanguage\":\"fr-FR\",\"potentialAction\":[{\"@type\":\"ReadAction\",\"target\":[\"https:\\\/\\\/spacewell.com\\\/fr\\\/mentions-legales\\\/politique-relative-aux-cookies\\\/\"]}]},{\"@type\":\"ImageObject\",\"inLanguage\":\"fr-FR\",\"@id\":\"https:\\\/\\\/spacewell.com\\\/fr\\\/mentions-legales\\\/politique-relative-aux-cookies\\\/#primaryimage\",\"url\":\"https:\\\/\\\/spacewell.com\\\/wp-content\\\/uploads\\\/2023\\\/10\\\/open-meeting-space-1200x630-1.png\",\"contentUrl\":\"https:\\\/\\\/spacewell.com\\\/wp-content\\\/uploads\\\/2023\\\/10\\\/open-meeting-space-1200x630-1.png\",\"width\":1200,\"height\":630,\"caption\":\"Espace de rencontre ouvert o\u00f9 les gens s'assoient et se prom\u00e8nent\"},{\"@type\":\"BreadcrumbList\",\"@id\":\"https:\\\/\\\/spacewell.com\\\/fr\\\/mentions-legales\\\/politique-relative-aux-cookies\\\/#breadcrumb\",\"itemListElement\":[{\"@type\":\"ListItem\",\"position\":1,\"name\":\"Home\",\"item\":\"https:\\\/\\\/spacewell.com\\\/fr\\\/\"},{\"@type\":\"ListItem\",\"position\":2,\"name\":\"Legale\",\"item\":\"https:\\\/\\\/spacewell.com\\\/fr\\\/legal\\\/\"},{\"@type\":\"ListItem\",\"position\":3,\"name\":\"Politique relative aux cookies\"}]},{\"@type\":\"WebSite\",\"@id\":\"https:\\\/\\\/spacewell.com\\\/fr\\\/#website\",\"url\":\"https:\\\/\\\/spacewell.com\\\/fr\\\/\",\"name\":\"Spacewell | A Nemetschek Company\",\"description\":\"Make buildings work for people\",\"publisher\":{\"@id\":\"https:\\\/\\\/spacewell.com\\\/fr\\\/#organization\"},\"potentialAction\":[{\"@type\":\"SearchAction\",\"target\":{\"@type\":\"EntryPoint\",\"urlTemplate\":\"https:\\\/\\\/spacewell.com\\\/fr\\\/?s={search_term_string}\"},\"query-input\":{\"@type\":\"PropertyValueSpecification\",\"valueRequired\":true,\"valueName\":\"search_term_string\"}}],\"inLanguage\":\"fr-FR\"},{\"@type\":\"Organization\",\"@id\":\"https:\\\/\\\/spacewell.com\\\/fr\\\/#organization\",\"name\":\"Spacewell | A Nemetschek Company\",\"url\":\"https:\\\/\\\/spacewell.com\\\/fr\\\/\",\"logo\":{\"@type\":\"ImageObject\",\"inLanguage\":\"fr-FR\",\"@id\":\"https:\\\/\\\/spacewell.com\\\/fr\\\/#\\\/schema\\\/logo\\\/image\\\/\",\"url\":\"https:\\\/\\\/spacewell.com\\\/wp-content\\\/uploads\\\/2023\\\/05\\\/spacewell-logo-500x88-1.webp\",\"contentUrl\":\"https:\\\/\\\/spacewell.com\\\/wp-content\\\/uploads\\\/2023\\\/05\\\/spacewell-logo-500x88-1.webp\",\"width\":500,\"height\":88,\"caption\":\"Spacewell | A Nemetschek Company\"},\"image\":{\"@id\":\"https:\\\/\\\/spacewell.com\\\/fr\\\/#\\\/schema\\\/logo\\\/image\\\/\"},\"sameAs\":[\"https:\\\/\\\/www.facebook.com\\\/SpacewellHQ\",\"https:\\\/\\\/x.com\\\/Spacewell_HQ\"]}]}<\/script>\n<!-- \/ Yoast SEO Premium plugin. -->","yoast_head_json":{"title":"Politique relative aux cookies - Spacewell | A Nemetschek Company","description":"La pr\u00e9sente politique relative aux cookies contient des informations d\u00e9taill\u00e9es sur la mani\u00e8re dont nous utilisons les cookies.","robots":{"index":"index","follow":"follow","max-snippet":"max-snippet:-1","max-image-preview":"max-image-preview:large","max-video-preview":"max-video-preview:-1"},"canonical":"https:\/\/spacewell.com\/fr\/mentions-legales\/politique-relative-aux-cookies\/","og_locale":"fr_FR","og_type":"article","og_title":"Politique relative aux cookies","og_description":"La pr\u00e9sente politique relative aux cookies contient des informations d\u00e9taill\u00e9es sur la mani\u00e8re dont nous utilisons les cookies.","og_url":"https:\/\/spacewell.com\/fr\/mentions-legales\/politique-relative-aux-cookies\/","og_site_name":"Spacewell | A Nemetschek Company","article_publisher":"https:\/\/www.facebook.com\/SpacewellHQ","article_modified_time":"2023-10-25T06:37:28+00:00","og_image":[{"width":1200,"height":630,"url":"https:\/\/spacewell.com\/wp-content\/uploads\/2023\/10\/open-meeting-space-1200x630-1.png","type":"image\/png"}],"twitter_card":"summary_large_image","twitter_site":"@Spacewell_HQ","schema":{"@context":"https:\/\/schema.org","@graph":[{"@type":"WebPage","@id":"https:\/\/spacewell.com\/fr\/mentions-legales\/politique-relative-aux-cookies\/","url":"https:\/\/spacewell.com\/fr\/mentions-legales\/politique-relative-aux-cookies\/","name":"Politique relative aux cookies - Spacewell | A Nemetschek Company","isPartOf":{"@id":"https:\/\/spacewell.com\/fr\/#website"},"primaryImageOfPage":{"@id":"https:\/\/spacewell.com\/fr\/mentions-legales\/politique-relative-aux-cookies\/#primaryimage"},"image":{"@id":"https:\/\/spacewell.com\/fr\/mentions-legales\/politique-relative-aux-cookies\/#primaryimage"},"thumbnailUrl":"https:\/\/spacewell.com\/wp-content\/uploads\/2023\/10\/open-meeting-space-1200x630-1.png","datePublished":"2023-06-01T11:42:19+00:00","dateModified":"2023-10-25T06:37:28+00:00","description":"La pr\u00e9sente politique relative aux cookies contient des informations d\u00e9taill\u00e9es sur la mani\u00e8re dont nous utilisons les cookies.","breadcrumb":{"@id":"https:\/\/spacewell.com\/fr\/mentions-legales\/politique-relative-aux-cookies\/#breadcrumb"},"inLanguage":"fr-FR","potentialAction":[{"@type":"ReadAction","target":["https:\/\/spacewell.com\/fr\/mentions-legales\/politique-relative-aux-cookies\/"]}]},{"@type":"ImageObject","inLanguage":"fr-FR","@id":"https:\/\/spacewell.com\/fr\/mentions-legales\/politique-relative-aux-cookies\/#primaryimage","url":"https:\/\/spacewell.com\/wp-content\/uploads\/2023\/10\/open-meeting-space-1200x630-1.png","contentUrl":"https:\/\/spacewell.com\/wp-content\/uploads\/2023\/10\/open-meeting-space-1200x630-1.png","width":1200,"height":630,"caption":"Espace de rencontre ouvert o\u00f9 les gens s'assoient et se prom\u00e8nent"},{"@type":"BreadcrumbList","@id":"https:\/\/spacewell.com\/fr\/mentions-legales\/politique-relative-aux-cookies\/#breadcrumb","itemListElement":[{"@type":"ListItem","position":1,"name":"Home","item":"https:\/\/spacewell.com\/fr\/"},{"@type":"ListItem","position":2,"name":"Legale","item":"https:\/\/spacewell.com\/fr\/legal\/"},{"@type":"ListItem","position":3,"name":"Politique relative aux cookies"}]},{"@type":"WebSite","@id":"https:\/\/spacewell.com\/fr\/#website","url":"https:\/\/spacewell.com\/fr\/","name":"Spacewell | A Nemetschek Company","description":"Make buildings work for people","publisher":{"@id":"https:\/\/spacewell.com\/fr\/#organization"},"potentialAction":[{"@type":"SearchAction","target":{"@type":"EntryPoint","urlTemplate":"https:\/\/spacewell.com\/fr\/?s={search_term_string}"},"query-input":{"@type":"PropertyValueSpecification","valueRequired":true,"valueName":"search_term_string"}}],"inLanguage":"fr-FR"},{"@type":"Organization","@id":"https:\/\/spacewell.com\/fr\/#organization","name":"Spacewell | A Nemetschek Company","url":"https:\/\/spacewell.com\/fr\/","logo":{"@type":"ImageObject","inLanguage":"fr-FR","@id":"https:\/\/spacewell.com\/fr\/#\/schema\/logo\/image\/","url":"https:\/\/spacewell.com\/wp-content\/uploads\/2023\/05\/spacewell-logo-500x88-1.webp","contentUrl":"https:\/\/spacewell.com\/wp-content\/uploads\/2023\/05\/spacewell-logo-500x88-1.webp","width":500,"height":88,"caption":"Spacewell | A Nemetschek Company"},"image":{"@id":"https:\/\/spacewell.com\/fr\/#\/schema\/logo\/image\/"},"sameAs":["https:\/\/www.facebook.com\/SpacewellHQ","https:\/\/x.com\/Spacewell_HQ"]}]}},"_links":{"self":[{"href":"https:\/\/spacewell.com\/fr\/wp-json\/wp\/v2\/pages\/545","targetHints":{"allow":["GET"]}}],"collection":[{"href":"https:\/\/spacewell.com\/fr\/wp-json\/wp\/v2\/pages"}],"about":[{"href":"https:\/\/spacewell.com\/fr\/wp-json\/wp\/v2\/types\/page"}],"author":[{"embeddable":true,"href":"https:\/\/spacewell.com\/fr\/wp-json\/wp\/v2\/users\/29"}],"replies":[{"embeddable":true,"href":"https:\/\/spacewell.com\/fr\/wp-json\/wp\/v2\/comments?post=545"}],"version-history":[{"count":0,"href":"https:\/\/spacewell.com\/fr\/wp-json\/wp\/v2\/pages\/545\/revisions"}],"up":[{"embeddable":true,"href":"https:\/\/spacewell.com\/fr\/wp-json\/wp\/v2\/pages\/521"}],"wp:featuredmedia":[{"embeddable":true,"href":"https:\/\/spacewell.com\/fr\/wp-json\/wp\/v2\/media\/23744"}],"wp:attachment":[{"href":"https:\/\/spacewell.com\/fr\/wp-json\/wp\/v2\/media?parent=545"}],"curies":[{"name":"wp","href":"https:\/\/api.w.org\/{rel}","templated":true}]}}