


{"id":521,"date":"2023-06-01T13:33:58","date_gmt":"2023-06-01T11:33:58","guid":{"rendered":"https:\/\/spacewell.com\/legale\/"},"modified":"2023-11-22T14:18:32","modified_gmt":"2023-11-22T13:18:32","slug":"mentions-legales","status":"publish","type":"page","link":"https:\/\/spacewell.com\/fr\/mentions-legales\/","title":{"rendered":"Legale"},"content":{"rendered":"<div class=\"gb-container gb-container-9115b388 gb-container-5731d80c\">\n\n<h1 class=\"gb-headline gb-headline-f78d9b60 gb-headline-text\">Legale<\/h1>\n\n\n\n<p>Les pages l\u00e9gales publi\u00e9es sur ce site<\/p>\n\n<\/div>\n\n<div class=\"gb-container gb-container-38efb51e\">\n<div class=\"gb-grid-wrapper gb-grid-wrapper-3461ef97\">\n<div class=\"gb-grid-column gb-grid-column-b8b17a04\"><div class=\"gb-container gb-container-b8b17a04\">\n\n<a class=\"gb-button gb-button-00c580bd gb-button-text gb-button-c33bffb9 pointer\" href=\"https:\/\/spacewell.com\/fr\/mentions-legales\/politique-relative-aux-cookies\/\">Politique relative aux cookies<\/a>\n\n<\/div><\/div>\n\n<div class=\"gb-grid-column gb-grid-column-5809d48f\"><div class=\"gb-container gb-container-5809d48f\">\n\n<a class=\"gb-button gb-button-de18f37e gb-button-text gb-button-c33bffb9 pointer\" href=\"https:\/\/spacewell.com\/fr\/mentions-legales\/declaration-de-confidentialite\/\">D\u00e9claration de confidentialit\u00e9<\/a>\n\n<\/div><\/div>\n\n<div class=\"gb-grid-column gb-grid-column-fd6c7d3b\"><div class=\"gb-container gb-container-fd6c7d3b\">\n\n<a class=\"gb-button gb-button-74e4b6e5 gb-button-text gb-button-c33bffb9 pointer\" href=\"https:\/\/spacewell.com\/fr\/mentions-legales\/conditions-dutilisation\/\">Conditions d&rsquo;utilisation<\/a>\n\n<\/div><\/div>\n\n<div class=\"gb-grid-column gb-grid-column-a4ab3ff1\"><div class=\"gb-container gb-container-a4ab3ff1\">\n\n<a class=\"gb-button gb-button-f4df2b23 gb-button-text gb-button-c33bffb9 pointer\" href=\"https:\/\/spacewell.com\/fr\/mentions-legales\/avis-juridique-pour-les-applications-spacewell\/\">Avis juridique pour les applications Spacewell<\/a>\n\n<\/div><\/div>\n<\/div>\n<\/div>","protected":false},"excerpt":{"rendered":"<p>Legale Les pages l\u00e9gales publi\u00e9es sur ce site<\/p>\n","protected":false},"author":29,"featured_media":23744,"parent":0,"menu_order":0,"comment_status":"closed","ping_status":"closed","template":"","meta":{"_acf_changed":false,"footnotes":""},"class_list":{"0":"post-521","1":"page","2":"type-page","3":"status-publish","4":"has-post-thumbnail","6":"no-featured-image-padding"},"acf":[],"yoast_head":"<!-- This site is optimized with the Yoast SEO Premium plugin v26.0 (Yoast SEO v27.4) - https:\/\/yoast.com\/product\/yoast-seo-premium-wordpress\/ -->\n<title>Legale - Spacewell | A Nemetschek Company<\/title>\n<meta name=\"description\" content=\"Politique en mati\u00e8re de cookies, politique de confidentialit\u00e9 et conditions d&#039;utilisation - pour une compr\u00e9hension claire de la mani\u00e8re dont nous traitons vos informations et de nos lignes directrices en mati\u00e8re de services.\" \/>\n<meta name=\"robots\" content=\"index, follow, max-snippet:-1, max-image-preview:large, max-video-preview:-1\" \/>\n<link rel=\"canonical\" href=\"https:\/\/spacewell.com\/fr\/mentions-legales\/\" \/>\n<meta property=\"og:locale\" content=\"fr_FR\" \/>\n<meta property=\"og:type\" content=\"article\" \/>\n<meta property=\"og:title\" content=\"Legale\" \/>\n<meta property=\"og:description\" content=\"Politique en mati\u00e8re de cookies, politique de confidentialit\u00e9 et conditions d&#039;utilisation - pour une compr\u00e9hension claire de la mani\u00e8re dont nous traitons vos informations et de nos lignes directrices en mati\u00e8re de services.\" \/>\n<meta property=\"og:url\" content=\"https:\/\/spacewell.com\/fr\/mentions-legales\/\" \/>\n<meta property=\"og:site_name\" content=\"Spacewell | A Nemetschek Company\" \/>\n<meta property=\"article:publisher\" content=\"https:\/\/www.facebook.com\/SpacewellHQ\" \/>\n<meta property=\"article:modified_time\" content=\"2023-11-22T13:18:32+00:00\" \/>\n<meta property=\"og:image\" content=\"https:\/\/spacewell.com\/wp-content\/uploads\/2023\/10\/open-meeting-space-1200x630-1.png\" \/>\n\t<meta property=\"og:image:width\" content=\"1200\" \/>\n\t<meta property=\"og:image:height\" content=\"630\" \/>\n\t<meta property=\"og:image:type\" content=\"image\/png\" \/>\n<meta name=\"twitter:card\" content=\"summary_large_image\" \/>\n<meta name=\"twitter:site\" content=\"@Spacewell_HQ\" \/>\n<meta name=\"twitter:label1\" content=\"Dur\u00e9e de lecture estim\u00e9e\" \/>\n\t<meta name=\"twitter:data1\" content=\"1 minute\" \/>\n<script type=\"application\/ld+json\" class=\"yoast-schema-graph\">{\"@context\":\"https:\\\/\\\/schema.org\",\"@graph\":[{\"@type\":\"WebPage\",\"@id\":\"https:\\\/\\\/spacewell.com\\\/fr\\\/mentions-legales\\\/\",\"url\":\"https:\\\/\\\/spacewell.com\\\/fr\\\/mentions-legales\\\/\",\"name\":\"Legale - Spacewell | A Nemetschek Company\",\"isPartOf\":{\"@id\":\"https:\\\/\\\/spacewell.com\\\/fr\\\/#website\"},\"primaryImageOfPage\":{\"@id\":\"https:\\\/\\\/spacewell.com\\\/fr\\\/mentions-legales\\\/#primaryimage\"},\"image\":{\"@id\":\"https:\\\/\\\/spacewell.com\\\/fr\\\/mentions-legales\\\/#primaryimage\"},\"thumbnailUrl\":\"https:\\\/\\\/spacewell.com\\\/wp-content\\\/uploads\\\/2023\\\/10\\\/open-meeting-space-1200x630-1.png\",\"datePublished\":\"2023-06-01T11:33:58+00:00\",\"dateModified\":\"2023-11-22T13:18:32+00:00\",\"description\":\"Politique en mati\u00e8re de cookies, politique de confidentialit\u00e9 et conditions d'utilisation - pour une compr\u00e9hension claire de la mani\u00e8re dont nous traitons vos informations et de nos lignes directrices en mati\u00e8re de services.\",\"breadcrumb\":{\"@id\":\"https:\\\/\\\/spacewell.com\\\/fr\\\/mentions-legales\\\/#breadcrumb\"},\"inLanguage\":\"fr-FR\",\"potentialAction\":[{\"@type\":\"ReadAction\",\"target\":[\"https:\\\/\\\/spacewell.com\\\/fr\\\/mentions-legales\\\/\"]}]},{\"@type\":\"ImageObject\",\"inLanguage\":\"fr-FR\",\"@id\":\"https:\\\/\\\/spacewell.com\\\/fr\\\/mentions-legales\\\/#primaryimage\",\"url\":\"https:\\\/\\\/spacewell.com\\\/wp-content\\\/uploads\\\/2023\\\/10\\\/open-meeting-space-1200x630-1.png\",\"contentUrl\":\"https:\\\/\\\/spacewell.com\\\/wp-content\\\/uploads\\\/2023\\\/10\\\/open-meeting-space-1200x630-1.png\",\"width\":1200,\"height\":630,\"caption\":\"Espace de rencontre ouvert o\u00f9 les gens s'assoient et se prom\u00e8nent\"},{\"@type\":\"BreadcrumbList\",\"@id\":\"https:\\\/\\\/spacewell.com\\\/fr\\\/mentions-legales\\\/#breadcrumb\",\"itemListElement\":[{\"@type\":\"ListItem\",\"position\":1,\"name\":\"Home\",\"item\":\"https:\\\/\\\/spacewell.com\\\/fr\\\/\"},{\"@type\":\"ListItem\",\"position\":2,\"name\":\"Legale\"}]},{\"@type\":\"WebSite\",\"@id\":\"https:\\\/\\\/spacewell.com\\\/fr\\\/#website\",\"url\":\"https:\\\/\\\/spacewell.com\\\/fr\\\/\",\"name\":\"Spacewell | A Nemetschek Company\",\"description\":\"Make buildings work for people\",\"publisher\":{\"@id\":\"https:\\\/\\\/spacewell.com\\\/fr\\\/#organization\"},\"potentialAction\":[{\"@type\":\"SearchAction\",\"target\":{\"@type\":\"EntryPoint\",\"urlTemplate\":\"https:\\\/\\\/spacewell.com\\\/fr\\\/?s={search_term_string}\"},\"query-input\":{\"@type\":\"PropertyValueSpecification\",\"valueRequired\":true,\"valueName\":\"search_term_string\"}}],\"inLanguage\":\"fr-FR\"},{\"@type\":\"Organization\",\"@id\":\"https:\\\/\\\/spacewell.com\\\/fr\\\/#organization\",\"name\":\"Spacewell | A Nemetschek Company\",\"url\":\"https:\\\/\\\/spacewell.com\\\/fr\\\/\",\"logo\":{\"@type\":\"ImageObject\",\"inLanguage\":\"fr-FR\",\"@id\":\"https:\\\/\\\/spacewell.com\\\/fr\\\/#\\\/schema\\\/logo\\\/image\\\/\",\"url\":\"https:\\\/\\\/spacewell.com\\\/wp-content\\\/uploads\\\/2023\\\/05\\\/spacewell-logo-500x88-1.webp\",\"contentUrl\":\"https:\\\/\\\/spacewell.com\\\/wp-content\\\/uploads\\\/2023\\\/05\\\/spacewell-logo-500x88-1.webp\",\"width\":500,\"height\":88,\"caption\":\"Spacewell | A Nemetschek Company\"},\"image\":{\"@id\":\"https:\\\/\\\/spacewell.com\\\/fr\\\/#\\\/schema\\\/logo\\\/image\\\/\"},\"sameAs\":[\"https:\\\/\\\/www.facebook.com\\\/SpacewellHQ\",\"https:\\\/\\\/x.com\\\/Spacewell_HQ\"]}]}<\/script>\n<!-- \/ Yoast SEO Premium plugin. -->","yoast_head_json":{"title":"Legale - Spacewell | A Nemetschek Company","description":"Politique en mati\u00e8re de cookies, politique de confidentialit\u00e9 et conditions d'utilisation - pour une compr\u00e9hension claire de la mani\u00e8re dont nous traitons vos informations et de nos lignes directrices en mati\u00e8re de services.","robots":{"index":"index","follow":"follow","max-snippet":"max-snippet:-1","max-image-preview":"max-image-preview:large","max-video-preview":"max-video-preview:-1"},"canonical":"https:\/\/spacewell.com\/fr\/mentions-legales\/","og_locale":"fr_FR","og_type":"article","og_title":"Legale","og_description":"Politique en mati\u00e8re de cookies, politique de confidentialit\u00e9 et conditions d'utilisation - pour une compr\u00e9hension claire de la mani\u00e8re dont nous traitons vos informations et de nos lignes directrices en mati\u00e8re de services.","og_url":"https:\/\/spacewell.com\/fr\/mentions-legales\/","og_site_name":"Spacewell | A Nemetschek Company","article_publisher":"https:\/\/www.facebook.com\/SpacewellHQ","article_modified_time":"2023-11-22T13:18:32+00:00","og_image":[{"width":1200,"height":630,"url":"https:\/\/spacewell.com\/wp-content\/uploads\/2023\/10\/open-meeting-space-1200x630-1.png","type":"image\/png"}],"twitter_card":"summary_large_image","twitter_site":"@Spacewell_HQ","twitter_misc":{"Dur\u00e9e de lecture estim\u00e9e":"1 minute"},"schema":{"@context":"https:\/\/schema.org","@graph":[{"@type":"WebPage","@id":"https:\/\/spacewell.com\/fr\/mentions-legales\/","url":"https:\/\/spacewell.com\/fr\/mentions-legales\/","name":"Legale - Spacewell | A Nemetschek Company","isPartOf":{"@id":"https:\/\/spacewell.com\/fr\/#website"},"primaryImageOfPage":{"@id":"https:\/\/spacewell.com\/fr\/mentions-legales\/#primaryimage"},"image":{"@id":"https:\/\/spacewell.com\/fr\/mentions-legales\/#primaryimage"},"thumbnailUrl":"https:\/\/spacewell.com\/wp-content\/uploads\/2023\/10\/open-meeting-space-1200x630-1.png","datePublished":"2023-06-01T11:33:58+00:00","dateModified":"2023-11-22T13:18:32+00:00","description":"Politique en mati\u00e8re de cookies, politique de confidentialit\u00e9 et conditions d'utilisation - pour une compr\u00e9hension claire de la mani\u00e8re dont nous traitons vos informations et de nos lignes directrices en mati\u00e8re de services.","breadcrumb":{"@id":"https:\/\/spacewell.com\/fr\/mentions-legales\/#breadcrumb"},"inLanguage":"fr-FR","potentialAction":[{"@type":"ReadAction","target":["https:\/\/spacewell.com\/fr\/mentions-legales\/"]}]},{"@type":"ImageObject","inLanguage":"fr-FR","@id":"https:\/\/spacewell.com\/fr\/mentions-legales\/#primaryimage","url":"https:\/\/spacewell.com\/wp-content\/uploads\/2023\/10\/open-meeting-space-1200x630-1.png","contentUrl":"https:\/\/spacewell.com\/wp-content\/uploads\/2023\/10\/open-meeting-space-1200x630-1.png","width":1200,"height":630,"caption":"Espace de rencontre ouvert o\u00f9 les gens s'assoient et se prom\u00e8nent"},{"@type":"BreadcrumbList","@id":"https:\/\/spacewell.com\/fr\/mentions-legales\/#breadcrumb","itemListElement":[{"@type":"ListItem","position":1,"name":"Home","item":"https:\/\/spacewell.com\/fr\/"},{"@type":"ListItem","position":2,"name":"Legale"}]},{"@type":"WebSite","@id":"https:\/\/spacewell.com\/fr\/#website","url":"https:\/\/spacewell.com\/fr\/","name":"Spacewell | A Nemetschek Company","description":"Make buildings work for people","publisher":{"@id":"https:\/\/spacewell.com\/fr\/#organization"},"potentialAction":[{"@type":"SearchAction","target":{"@type":"EntryPoint","urlTemplate":"https:\/\/spacewell.com\/fr\/?s={search_term_string}"},"query-input":{"@type":"PropertyValueSpecification","valueRequired":true,"valueName":"search_term_string"}}],"inLanguage":"fr-FR"},{"@type":"Organization","@id":"https:\/\/spacewell.com\/fr\/#organization","name":"Spacewell | A Nemetschek Company","url":"https:\/\/spacewell.com\/fr\/","logo":{"@type":"ImageObject","inLanguage":"fr-FR","@id":"https:\/\/spacewell.com\/fr\/#\/schema\/logo\/image\/","url":"https:\/\/spacewell.com\/wp-content\/uploads\/2023\/05\/spacewell-logo-500x88-1.webp","contentUrl":"https:\/\/spacewell.com\/wp-content\/uploads\/2023\/05\/spacewell-logo-500x88-1.webp","width":500,"height":88,"caption":"Spacewell | A Nemetschek Company"},"image":{"@id":"https:\/\/spacewell.com\/fr\/#\/schema\/logo\/image\/"},"sameAs":["https:\/\/www.facebook.com\/SpacewellHQ","https:\/\/x.com\/Spacewell_HQ"]}]}},"_links":{"self":[{"href":"https:\/\/spacewell.com\/fr\/wp-json\/wp\/v2\/pages\/521","targetHints":{"allow":["GET"]}}],"collection":[{"href":"https:\/\/spacewell.com\/fr\/wp-json\/wp\/v2\/pages"}],"about":[{"href":"https:\/\/spacewell.com\/fr\/wp-json\/wp\/v2\/types\/page"}],"author":[{"embeddable":true,"href":"https:\/\/spacewell.com\/fr\/wp-json\/wp\/v2\/users\/29"}],"replies":[{"embeddable":true,"href":"https:\/\/spacewell.com\/fr\/wp-json\/wp\/v2\/comments?post=521"}],"version-history":[{"count":11,"href":"https:\/\/spacewell.com\/fr\/wp-json\/wp\/v2\/pages\/521\/revisions"}],"predecessor-version":[{"id":27980,"href":"https:\/\/spacewell.com\/fr\/wp-json\/wp\/v2\/pages\/521\/revisions\/27980"}],"wp:featuredmedia":[{"embeddable":true,"href":"https:\/\/spacewell.com\/fr\/wp-json\/wp\/v2\/media\/23744"}],"wp:attachment":[{"href":"https:\/\/spacewell.com\/fr\/wp-json\/wp\/v2\/media?parent=521"}],"curies":[{"name":"wp","href":"https:\/\/api.w.org\/{rel}","templated":true}]}}