


{"id":48626,"date":"2025-10-16T12:18:00","date_gmt":"2025-10-16T10:18:00","guid":{"rendered":"https:\/\/spacewell.com\/o-prognose\/"},"modified":"2026-03-23T15:27:11","modified_gmt":"2026-03-23T14:27:11","slug":"o-prognose","status":"publish","type":"page","link":"https:\/\/spacewell.com\/fr\/o-prognose\/","title":{"rendered":"O-Prognose fait d\u00e9sormais partie de Spacewell"},"content":{"rendered":"\n<div class=\"wp-block-columns is-layout-flex wp-container-core-columns-is-layout-9d6595d7 wp-block-columns-is-layout-flex\">\n<div class=\"wp-block-column is-layout-flow wp-block-column-is-layout-flow\" style=\"flex-basis:100%\"><div class=\"gb-container gb-container-bf6ce8c2\"><\/div>\n\n<div class=\"gb-container gb-container-c5680ef1\">\n\n<h2 class=\"gb-headline gb-headline-0da7e5de gb-headline-text gb-headline-902a6ace\">Du pronostic O \u00e0 la planification de la maintenance des Spacewell<\/h2>\n\n<\/div><\/div>\n<\/div>\n\n<h2 class=\"gb-headline gb-headline-09291e12 gb-headline-text gb-headline-902a6ace\">La fondation de confiance de Plandatis, qui fait d\u00e9sormais partie de Spacewell<\/h2>\n\n<div class=\"wp-block-media-text has-media-on-the-right is-stacked-on-mobile\"><div class=\"wp-block-media-text__content\">\n<pre class=\"wp-block-preformatted\"><strong>Plandatis, fond\u00e9e en 1989 aux Pays-Bas, est un pionnier dans le domaine des logiciels de planification de la maintenance \u00e0 long terme.<\/strong><br\/><br\/>Son produit phare, O-Prognose, \u00e9tablit la norme en mati\u00e8re de pr\u00e9visions de maintenance fiables et bas\u00e9es sur des donn\u00e9es, permettant \u00e0 des milliers d'organisations de planifier des budgets, de rester conformes et de prolonger la dur\u00e9e de vie de leurs b\u00e2timents en toute confiance.<br\/><br\/>Aujourd'hui, O-Prognose continue d'\u00e9voluer, passant d'un outil sp\u00e9cialis\u00e9 \u00e0 un partenaire de confiance pour les organisations des secteurs public et priv\u00e9, des associations de logement aux universit\u00e9s et aux municipalit\u00e9s. Il reste unique dans son approche : il traduit les donn\u00e9es techniques des b\u00e2timents en informations claires et exploitables qui comblent le foss\u00e9 entre les ing\u00e9nieurs, les contr\u00f4leurs financiers et les d\u00e9cideurs politiques. <br\/><br\/>En 2019, Plandatis rejoint <strong>Spacewell<\/strong>, qui fait partie du <strong>groupe Nemetschek<\/strong>, l'un des principaux \u00e9diteurs europ\u00e9ens de logiciels pour l'environnement b\u00e2ti. Ce moment marque le d\u00e9but d'un nouveau chapitre qui m\u00eale la profonde expertise de domaine de Plandatis \u00e0 l'\u00e9cosyst\u00e8me plus large de Spacewell pour la <strong>gestion des actifs, des lieux de travail et de l'\u00e9nergie<\/strong>. Ensemble, nous poursuivons la mission entam\u00e9e il y a plus de 30 ans : aider les organisations \u00e0 am\u00e9liorer le fonctionnement des b\u00e2timents, pour les personnes et pour la plan\u00e8te.  <\/pre>\n<\/div><figure class=\"wp-block-media-text__media\"><img loading=\"lazy\" decoding=\"async\" width=\"1024\" height=\"700\" src=\"https:\/\/spacewell.com\/wp-content\/uploads\/2025\/06\/Asset-Maintenance-Planning-Update-Adjust-Anytime-White-1024x700.webp\" alt=\"\" class=\"wp-image-34244 size-full\" srcset=\"https:\/\/spacewell.com\/wp-content\/uploads\/2025\/06\/Asset-Maintenance-Planning-Update-Adjust-Anytime-White-1024x700.webp 1024w, https:\/\/spacewell.com\/wp-content\/uploads\/2025\/06\/Asset-Maintenance-Planning-Update-Adjust-Anytime-White-500x342.webp 500w, https:\/\/spacewell.com\/wp-content\/uploads\/2025\/06\/Asset-Maintenance-Planning-Update-Adjust-Anytime-White-768x525.webp 768w, https:\/\/spacewell.com\/wp-content\/uploads\/2025\/06\/Asset-Maintenance-Planning-Update-Adjust-Anytime-White-1536x1050.webp 1536w, https:\/\/spacewell.com\/wp-content\/uploads\/2025\/06\/Asset-Maintenance-Planning-Update-Adjust-Anytime-White-2048x1399.webp 2048w\" sizes=\"auto, (max-width: 1024px) 100vw, 1024px\" \/><\/figure><\/div>\n<div class=\"gb-container gb-container-a893a51d\">\n<div class=\"gb-container gb-container-11919da1 gb-container-6bcb6de9\">\n\n<h3 class=\"gb-headline gb-headline-073914e0 gb-headline-text m-0\">L&rsquo;\u00e9quipe Plandatis fait d\u00e9sormais partie int\u00e9grante de Spacewell. Les solutions demeurent, soutenues par les m\u00eames personnes. B\u00e9n\u00e9ficiez d&rsquo;une innovation plus large, de fonctionnalit\u00e9s impactantes et d&rsquo;un support plus solide.  <\/h3>\n\n\n<div class=\"gb-container gb-container-5acbf036\">\n<div class=\"gb-grid-wrapper gb-grid-wrapper-2b68a45c\">\n<div class=\"gb-grid-column gb-grid-column-898fc539 gb-grid-column-6bcb6de9\"><div class=\"gb-container gb-container-898fc539 gb-container-6bcb6de9\"><\/div><\/div>\n\n<div class=\"gb-grid-column gb-grid-column-0dcfc61b gb-grid-column-6bcb6de9\"><div class=\"gb-container gb-container-0dcfc61b gb-container-6bcb6de9\">\n\n<figure class=\"gb-block-image gb-block-image-63f33936\"><img loading=\"lazy\" decoding=\"async\" width=\"501\" height=\"463\" class=\"gb-image gb-image-63f33936\" src=\"https:\/\/spacewell.com\/wp-content\/uploads\/2025\/10\/o-prognose.jpg\" alt=\"\" title=\"o-prognostic\"><\/figure>\n\n<\/div><\/div>\n\n<div class=\"gb-grid-column gb-grid-column-6485170f gb-grid-column-6bcb6de9\"><div class=\"gb-container gb-container-6485170f gb-container-6bcb6de9\">\n\n<figure class=\"gb-block-image gb-block-image-7d45f25a\"><img loading=\"lazy\" decoding=\"async\" width=\"501\" height=\"463\" class=\"gb-image gb-image-7d45f25a\" src=\"https:\/\/spacewell.com\/wp-content\/uploads\/2025\/10\/Plus.png\" alt=\"\" title=\"Plus\"><\/figure>\n\n<\/div><\/div>\n\n<div class=\"gb-grid-column gb-grid-column-420d9bd9 gb-grid-column-6bcb6de9\"><div class=\"gb-container gb-container-420d9bd9 gb-container-6bcb6de9\">\n\n<figure class=\"gb-block-image gb-block-image-5766502f\"><img loading=\"lazy\" decoding=\"async\" width=\"512\" height=\"512\" class=\"gb-image gb-image-5766502f\" src=\"https:\/\/spacewell.com\/wp-content\/uploads\/2023\/05\/cropped-spacewell-avatar-512x512-1.png\" alt=\"\" title=\"cropped-spacewell-avatar-512x512-1.png\" srcset=\"https:\/\/spacewell.com\/wp-content\/uploads\/2023\/05\/cropped-spacewell-avatar-512x512-1.png 512w, https:\/\/spacewell.com\/wp-content\/uploads\/2023\/05\/cropped-spacewell-avatar-512x512-1-300x300.png 300w, https:\/\/spacewell.com\/wp-content\/uploads\/2023\/05\/cropped-spacewell-avatar-512x512-1-150x150.png 150w, https:\/\/spacewell.com\/wp-content\/uploads\/2023\/05\/cropped-spacewell-avatar-512x512-1-270x270.png 270w, https:\/\/spacewell.com\/wp-content\/uploads\/2023\/05\/cropped-spacewell-avatar-512x512-1-192x192.png 192w, https:\/\/spacewell.com\/wp-content\/uploads\/2023\/05\/cropped-spacewell-avatar-512x512-1-180x180.png 180w, https:\/\/spacewell.com\/wp-content\/uploads\/2023\/05\/cropped-spacewell-avatar-512x512-1-32x32.png 32w\" sizes=\"auto, (max-width: 512px) 100vw, 512px\" \/><\/figure>\n\n<\/div><\/div>\n\n<div class=\"gb-grid-column gb-grid-column-2185c708 gb-grid-column-6bcb6de9\"><div class=\"gb-container gb-container-2185c708 gb-container-6bcb6de9\"><\/div><\/div>\n<\/div>\n<\/div>\n<\/div>\n<\/div><div class=\"gb-container gb-container-a10f64bb\">\n\n<p><\/p>\n\n\n\n<h4 class=\"gb-headline gb-headline-4429fb73 gb-headline-text\">\u00c9voluer dans un but pr\u00e9cis<\/h4>\n\n\n\n<p>Aujourd&rsquo;hui, O-Prognose \u00e9volue pour devenir Spacewell <strong>Maintenance Planning (O-Prognose)<\/strong>: une plateforme moderne, bas\u00e9e sur le cloud et con\u00e7ue pour l&rsquo;avenir de la gestion de la maintenance. Construite sur le m\u00eame ADN de confiance, elle rassemble tout ce que les clients aimaient dans O-Prognose, am\u00e9lior\u00e9 par l&rsquo;\u00e9volutivit\u00e9, les int\u00e9grations et la puissance d&rsquo;analyse de Spacewell. <\/p>\n\n\n\n<h3 class=\"gb-headline gb-headline-65573509 gb-headline-text\">Ce qui est nouveau et ce qui reste inchang\u00e9<\/h3>\n\n\n\n<p>&#x2705; <strong>M\u00eame fiabilit\u00e9<\/strong> soutenue par des d\u00e9cennies d&rsquo;expertise en ing\u00e9nierie et en maintenance<br\/>&#x2705; <strong>Nouvelle interface<\/strong>; un design frais et intuitif qui s&rsquo;aligne sur l&rsquo;exp\u00e9rience utilisateur de Spacewell<br\/>&#x2705; <strong>Int\u00e9gration plus \u00e9troite ;<\/strong> fonctionne de mani\u00e8re transparente avec Spacewell Asset pour une gestion compl\u00e8te du cycle de vie<br\/>&#x2705; <strong>SaaS \u00e0 l&rsquo;\u00e9preuve du temps<\/strong>; s\u00e9curis\u00e9, \u00e9volutif et toujours \u00e0 jour dans le nuage.<\/p>\n\n\n\n<p>Cette \u00e9volution signifie que les clients peuvent continuer \u00e0 s&rsquo;appuyer sur la logique et la pr\u00e9cision famili\u00e8res d&rsquo;O-Prognose tout en acc\u00e9dant \u00e0 des capacit\u00e9s de nouvelle g\u00e9n\u00e9ration pour la planification num\u00e9rique de la maintenance.<\/p>\n\n<\/div><div class=\"gb-container gb-container-d75f8d0f gb-container-6bcb6de9\">\n\n<h3 class=\"gb-headline gb-headline-19e02963 gb-headline-text\">Des organisations de premier plan lui font confiance.<\/h3>\n\n\n\n<p>O-Prognose et Spacewell Maintenance Planning (O-Prognose) sont utilis\u00e9s par des centaines d&rsquo;organisations pour pr\u00e9server la qualit\u00e9 et la long\u00e9vit\u00e9 de leurs portefeuilles immobiliers.<\/p>\n\n\n<div class=\"gb-container gb-container-fde3baec\">\n<div class=\"gb-grid-wrapper gb-grid-wrapper-d58c56f1\">\n<div class=\"gb-grid-column gb-grid-column-e8c1b443 gb-grid-column-6bcb6de9\"><div class=\"gb-container gb-container-e8c1b443 gb-container-6bcb6de9\">\n\n<figure class=\"gb-block-image gb-block-image-9191be0d\"><img loading=\"lazy\" decoding=\"async\" width=\"500\" height=\"281\" class=\"gb-image gb-image-9191be0d\" src=\"https:\/\/spacewell.com\/wp-content\/uploads\/2025\/10\/utrecht-university.jpg\" alt=\"\" title=\"universit\u00e9 d'utrecht\"><\/figure>\n\n<\/div><\/div>\n\n<div class=\"gb-grid-column gb-grid-column-a5fcba76 gb-grid-column-6bcb6de9\"><div class=\"gb-container gb-container-a5fcba76 gb-container-6bcb6de9\">\n\n<figure class=\"gb-block-image gb-block-image-afa5b959\"><img loading=\"lazy\" decoding=\"async\" width=\"500\" height=\"281\" class=\"gb-image gb-image-afa5b959\" src=\"https:\/\/spacewell.com\/wp-content\/uploads\/2025\/10\/gemeente-deventer-1.jpg\" alt=\"\" title=\"gemeente deventer\"><\/figure>\n\n<\/div><\/div>\n\n<div class=\"gb-grid-column gb-grid-column-3fd29e0d gb-grid-column-6bcb6de9\"><div class=\"gb-container gb-container-3fd29e0d gb-container-6bcb6de9\">\n\n<figure class=\"gb-block-image gb-block-image-2be81995\"><img loading=\"lazy\" decoding=\"async\" width=\"500\" height=\"281\" class=\"gb-image gb-image-2be81995\" src=\"https:\/\/spacewell.com\/wp-content\/uploads\/2025\/10\/vereniging-eigen-huis.jpg\" alt=\"\" title=\"vereniging eigen huis\"><\/figure>\n\n<\/div><\/div>\n\n<div class=\"gb-grid-column gb-grid-column-cbc8bf97 gb-grid-column-6bcb6de9\"><div class=\"gb-container gb-container-cbc8bf97 gb-container-6bcb6de9\">\n\n<figure class=\"gb-block-image gb-block-image-339ccfc0\"><img loading=\"lazy\" decoding=\"async\" width=\"500\" height=\"281\" class=\"gb-image gb-image-339ccfc0\" src=\"https:\/\/spacewell.com\/wp-content\/uploads\/2025\/10\/NRG-pallas.jpg\" alt=\"\" title=\"NRG pallas\"><\/figure>\n\n<\/div><\/div>\n\n<div class=\"gb-grid-column gb-grid-column-b6af6326 gb-grid-column-6bcb6de9\"><div class=\"gb-container gb-container-b6af6326 gb-container-6bcb6de9\">\n\n<figure class=\"gb-block-image gb-block-image-c7041019\"><img loading=\"lazy\" decoding=\"async\" width=\"500\" height=\"281\" class=\"gb-image gb-image-c7041019\" src=\"https:\/\/spacewell.com\/wp-content\/uploads\/2025\/10\/gemeente-oosterhout.jpg\" alt=\"\" title=\"gemeente oosterhout\"><\/figure>\n\n<\/div><\/div>\n\n<div class=\"gb-grid-column gb-grid-column-4a6ff36f gb-grid-column-6bcb6de9\"><div class=\"gb-container gb-container-4a6ff36f gb-container-6bcb6de9\">\n\n<figure class=\"gb-block-image gb-block-image-c5b8e67a\"><img loading=\"lazy\" decoding=\"async\" width=\"500\" height=\"281\" class=\"gb-image gb-image-c5b8e67a\" src=\"https:\/\/spacewell.com\/wp-content\/uploads\/2025\/10\/erasmus-universiteit-rotterdam.jpg\" alt=\"\" title=\"erasmus universiteit rotterdam\"><\/figure>\n\n<\/div><\/div>\n<\/div>\n<\/div>\n\n\n<p><em>Ces logos repr\u00e9sentent l&rsquo;h\u00e9ritage de confiance qui se perp\u00e9tue sous le nom de Spacewell.<\/em><\/p>\n\n<\/div><div class=\"gb-container gb-container-b439a613\">\n<div class=\"gb-grid-wrapper gb-grid-wrapper-0b8554ba\">\n<div class=\"gb-grid-column gb-grid-column-84017347\"><div class=\"gb-container gb-container-84017347\">\n\n<figure class=\"gb-block-image gb-block-image-f6010fe5\"><img loading=\"lazy\" decoding=\"async\" width=\"500\" height=\"500\" class=\"gb-image gb-image-f6010fe5 gb-image-b19acb23\" src=\"https:\/\/spacewell.com\/wp-content\/uploads\/2025\/06\/Energy-Option-1-_-All-Energy-Related-Pages-Platform-Solutions-500x500.webp\" alt=\"\" title=\"Energy - Option 1 _ Toutes les pages relatives \u00e0 l'Energy (Platform &amp; Solutions)\" srcset=\"https:\/\/spacewell.com\/wp-content\/uploads\/2025\/06\/Energy-Option-1-_-All-Energy-Related-Pages-Platform-Solutions-500x500.webp 500w, https:\/\/spacewell.com\/wp-content\/uploads\/2025\/06\/Energy-Option-1-_-All-Energy-Related-Pages-Platform-Solutions-1024x1024.webp 1024w, https:\/\/spacewell.com\/wp-content\/uploads\/2025\/06\/Energy-Option-1-_-All-Energy-Related-Pages-Platform-Solutions-250x250.webp 250w, https:\/\/spacewell.com\/wp-content\/uploads\/2025\/06\/Energy-Option-1-_-All-Energy-Related-Pages-Platform-Solutions-768x768.webp 768w, https:\/\/spacewell.com\/wp-content\/uploads\/2025\/06\/Energy-Option-1-_-All-Energy-Related-Pages-Platform-Solutions-1536x1536.webp 1536w, https:\/\/spacewell.com\/wp-content\/uploads\/2025\/06\/Energy-Option-1-_-All-Energy-Related-Pages-Platform-Solutions.webp 1700w\" sizes=\"auto, (max-width: 500px) 100vw, 500px\" \/><\/figure>\n\n<\/div><\/div>\n\n<div class=\"gb-grid-column gb-grid-column-a6728a11 gb-grid-column-6bcb6de9\"><div class=\"gb-container gb-container-a6728a11 gb-container-6bcb6de9\">\n\n<h5 class=\"gb-headline gb-headline-fce5f685 gb-headline-text gb-headline-902a6ace\">Bienvenue sur le site de Spacewell Maintenance Planning.<\/h5>\n\n\n<div class=\"gb-container gb-container-ada3c05d\">\n\n<p>La base de confiance d&rsquo;O-Prognose perdure : plus forte, plus intelligente et connect\u00e9e de mani\u00e8re transparente.<\/p>\n\n\n\n<script charset=\"utf-8\" type=\"text\/javascript\" src=\"\/\/js.hsforms.net\/forms\/embed\/v2.js\"><\/script><script>hbspt.forms.create({\n    portalId: \"437281\",\n    formId: \"0ad06476-449e-433e-b57b-cce106e4b7cd\",\n    region: \"na1\"\n  });\n<\/script>\n\n<\/div>\n<\/div><\/div>\n<\/div>\n<\/div><div class=\"gb-container gb-container-929b256e\">\n<div class=\"gb-container gb-container-7c92b900\">\n<div class=\"gb-grid-wrapper gb-grid-wrapper-31302c15\">\n<div class=\"gb-grid-column gb-grid-column-7042952c\"><div class=\"gb-container gb-container-7042952c\">\n\n<p><\/p>\n\n\n<div class=\"gb-container gb-container-f186ee3d\">\n<div class=\"gb-container gb-container-2b330a21\">\n\n<h1 class=\"wp-block-heading has-text-align-center has-medium-font-size\" id=\"h-discover-spacewell-maintenance-planning\"><a href=\"https:\/\/spacewell.com\/fr\/logiciel-de-gestion-des-actifs-et-des-installation\/planification-de-la-maintenance\/\">D\u00e9couvrez la planification de la maintenance des Spacewell<\/a><\/h1>\n\n<\/div>\n<\/div>\n\n\n<p class=\"has-text-align-center\"><a href=\"https:\/\/spacewell.com\/fr\/\">D\u00e9couvrez toutes les solutions Spacewell<\/a><\/p>\n\n\n\n<p><\/p>\n\n\n\n<p>Plandatis et O-Prognose font d\u00e9sormais partie de Spacewell, une soci\u00e9t\u00e9 du groupe Nemetschek.<br\/>Links : <a href=\"https:\/\/spacewell.com\/fr\/customer-support\/\">Contactez le service d&rsquo;assistance<\/a> | <a href=\"https:\/\/spacewell.com\/fr\/\">Spacewell.com<\/a><\/p>\n\n<\/div><\/div>\n<\/div>\n<\/div>\n<\/div>\n<p><\/p>\n","protected":false},"excerpt":{"rendered":"<p>Du pronostic O \u00e0 la planification de la maintenance des Spacewell La fondation de confiance de Plandatis, qui fait d\u00e9sormais partie de Spacewell Plandatis, fond\u00e9e en 1989 aux Pays-Bas, est un pionnier dans le domaine des logiciels de planification de la maintenance \u00e0 long terme.Son produit phare, O-Prognose, \u00e9tablit la norme en mati\u00e8re de pr\u00e9visions &#8230; <a title=\"O-Prognose fait d\u00e9sormais partie de Spacewell\" class=\"read-more\" href=\"https:\/\/spacewell.com\/fr\/o-prognose\/\" aria-label=\"En savoir plus sur O-Prognose fait d\u00e9sormais partie de Spacewell\">Lire plus<\/a><\/p>\n","protected":false},"author":45,"featured_media":0,"parent":0,"menu_order":0,"comment_status":"closed","ping_status":"closed","template":"","meta":{"_acf_changed":false,"footnotes":""},"class_list":{"0":"post-48626","1":"page","2":"type-page","3":"status-publish","5":"no-featured-image-padding"},"acf":[],"yoast_head":"<!-- This site is optimized with the Yoast SEO Premium plugin v26.0 (Yoast SEO v27.4) - https:\/\/yoast.com\/product\/yoast-seo-premium-wordpress\/ -->\n<title>O-Prognose | Spacewell<\/title>\n<meta name=\"description\" content=\"Fond\u00e9e en 1989 aux Pays-Bas, Plandatis est devenue une pionni\u00e8re dans le domaine des logiciels de planification de la maintenance \u00e0 long terme.\" \/>\n<meta name=\"robots\" content=\"index, follow, max-snippet:-1, max-image-preview:large, max-video-preview:-1\" \/>\n<link rel=\"canonical\" href=\"https:\/\/spacewell.com\/fr\/o-prognose\/\" \/>\n<meta property=\"og:locale\" content=\"fr_FR\" \/>\n<meta property=\"og:type\" content=\"article\" \/>\n<meta property=\"og:title\" content=\"O-Prognose fait d\u00e9sormais partie de Spacewell\" \/>\n<meta property=\"og:description\" content=\"Fond\u00e9e en 1989 aux Pays-Bas, Plandatis est devenue une pionni\u00e8re dans le domaine des logiciels de planification de la maintenance \u00e0 long terme.\" \/>\n<meta property=\"og:url\" content=\"https:\/\/spacewell.com\/fr\/o-prognose\/\" \/>\n<meta property=\"og:site_name\" content=\"Spacewell | A Nemetschek Company\" \/>\n<meta property=\"article:publisher\" content=\"https:\/\/www.facebook.com\/SpacewellHQ\" \/>\n<meta property=\"article:modified_time\" content=\"2026-03-23T14:27:11+00:00\" \/>\n<meta property=\"og:image\" content=\"https:\/\/spacewell.com\/wp-content\/uploads\/2025\/06\/Asset-Maintenance-Planning-Update-Adjust-Anytime-White.webp\" \/>\n\t<meta property=\"og:image:width\" content=\"2400\" \/>\n\t<meta property=\"og:image:height\" content=\"1640\" \/>\n\t<meta property=\"og:image:type\" content=\"image\/webp\" \/>\n<meta name=\"twitter:card\" content=\"summary_large_image\" \/>\n<meta name=\"twitter:site\" content=\"@Spacewell_HQ\" \/>\n<meta name=\"twitter:label1\" content=\"Dur\u00e9e de lecture estim\u00e9e\" \/>\n\t<meta name=\"twitter:data1\" content=\"3 minutes\" \/>\n<script type=\"application\/ld+json\" class=\"yoast-schema-graph\">{\"@context\":\"https:\\\/\\\/schema.org\",\"@graph\":[{\"@type\":\"WebPage\",\"@id\":\"https:\\\/\\\/spacewell.com\\\/fr\\\/o-prognose\\\/\",\"url\":\"https:\\\/\\\/spacewell.com\\\/fr\\\/o-prognose\\\/\",\"name\":\"O-Prognose | Spacewell\",\"isPartOf\":{\"@id\":\"https:\\\/\\\/spacewell.com\\\/fr\\\/#website\"},\"primaryImageOfPage\":{\"@id\":\"https:\\\/\\\/spacewell.com\\\/fr\\\/o-prognose\\\/#primaryimage\"},\"image\":{\"@id\":\"https:\\\/\\\/spacewell.com\\\/fr\\\/o-prognose\\\/#primaryimage\"},\"thumbnailUrl\":\"https:\\\/\\\/spacewell.com\\\/wp-content\\\/uploads\\\/2025\\\/06\\\/Asset-Maintenance-Planning-Update-Adjust-Anytime-White-1024x700.webp\",\"datePublished\":\"2025-10-16T10:18:00+00:00\",\"dateModified\":\"2026-03-23T14:27:11+00:00\",\"description\":\"Fond\u00e9e en 1989 aux Pays-Bas, Plandatis est devenue une pionni\u00e8re dans le domaine des logiciels de planification de la maintenance \u00e0 long terme.\",\"breadcrumb\":{\"@id\":\"https:\\\/\\\/spacewell.com\\\/fr\\\/o-prognose\\\/#breadcrumb\"},\"inLanguage\":\"fr-FR\",\"potentialAction\":[{\"@type\":\"ReadAction\",\"target\":[\"https:\\\/\\\/spacewell.com\\\/fr\\\/o-prognose\\\/\"]}]},{\"@type\":\"ImageObject\",\"inLanguage\":\"fr-FR\",\"@id\":\"https:\\\/\\\/spacewell.com\\\/fr\\\/o-prognose\\\/#primaryimage\",\"url\":\"https:\\\/\\\/spacewell.com\\\/wp-content\\\/uploads\\\/2025\\\/06\\\/Asset-Maintenance-Planning-Update-Adjust-Anytime-White-1024x700.webp\",\"contentUrl\":\"https:\\\/\\\/spacewell.com\\\/wp-content\\\/uploads\\\/2025\\\/06\\\/Asset-Maintenance-Planning-Update-Adjust-Anytime-White-1024x700.webp\"},{\"@type\":\"BreadcrumbList\",\"@id\":\"https:\\\/\\\/spacewell.com\\\/fr\\\/o-prognose\\\/#breadcrumb\",\"itemListElement\":[{\"@type\":\"ListItem\",\"position\":1,\"name\":\"Home\",\"item\":\"https:\\\/\\\/spacewell.com\\\/fr\\\/\"},{\"@type\":\"ListItem\",\"position\":2,\"name\":\"O-Prognose fait d\u00e9sormais partie de Spacewell\"}]},{\"@type\":\"WebSite\",\"@id\":\"https:\\\/\\\/spacewell.com\\\/fr\\\/#website\",\"url\":\"https:\\\/\\\/spacewell.com\\\/fr\\\/\",\"name\":\"Spacewell | A Nemetschek Company\",\"description\":\"Make buildings work for people\",\"publisher\":{\"@id\":\"https:\\\/\\\/spacewell.com\\\/fr\\\/#organization\"},\"potentialAction\":[{\"@type\":\"SearchAction\",\"target\":{\"@type\":\"EntryPoint\",\"urlTemplate\":\"https:\\\/\\\/spacewell.com\\\/fr\\\/?s={search_term_string}\"},\"query-input\":{\"@type\":\"PropertyValueSpecification\",\"valueRequired\":true,\"valueName\":\"search_term_string\"}}],\"inLanguage\":\"fr-FR\"},{\"@type\":\"Organization\",\"@id\":\"https:\\\/\\\/spacewell.com\\\/fr\\\/#organization\",\"name\":\"Spacewell | A Nemetschek Company\",\"url\":\"https:\\\/\\\/spacewell.com\\\/fr\\\/\",\"logo\":{\"@type\":\"ImageObject\",\"inLanguage\":\"fr-FR\",\"@id\":\"https:\\\/\\\/spacewell.com\\\/fr\\\/#\\\/schema\\\/logo\\\/image\\\/\",\"url\":\"https:\\\/\\\/spacewell.com\\\/wp-content\\\/uploads\\\/2023\\\/05\\\/spacewell-logo-500x88-1.webp\",\"contentUrl\":\"https:\\\/\\\/spacewell.com\\\/wp-content\\\/uploads\\\/2023\\\/05\\\/spacewell-logo-500x88-1.webp\",\"width\":500,\"height\":88,\"caption\":\"Spacewell | A Nemetschek Company\"},\"image\":{\"@id\":\"https:\\\/\\\/spacewell.com\\\/fr\\\/#\\\/schema\\\/logo\\\/image\\\/\"},\"sameAs\":[\"https:\\\/\\\/www.facebook.com\\\/SpacewellHQ\",\"https:\\\/\\\/x.com\\\/Spacewell_HQ\"]}]}<\/script>\n<!-- \/ Yoast SEO Premium plugin. -->","yoast_head_json":{"title":"O-Prognose | Spacewell","description":"Fond\u00e9e en 1989 aux Pays-Bas, Plandatis est devenue une pionni\u00e8re dans le domaine des logiciels de planification de la maintenance \u00e0 long terme.","robots":{"index":"index","follow":"follow","max-snippet":"max-snippet:-1","max-image-preview":"max-image-preview:large","max-video-preview":"max-video-preview:-1"},"canonical":"https:\/\/spacewell.com\/fr\/o-prognose\/","og_locale":"fr_FR","og_type":"article","og_title":"O-Prognose fait d\u00e9sormais partie de Spacewell","og_description":"Fond\u00e9e en 1989 aux Pays-Bas, Plandatis est devenue une pionni\u00e8re dans le domaine des logiciels de planification de la maintenance \u00e0 long terme.","og_url":"https:\/\/spacewell.com\/fr\/o-prognose\/","og_site_name":"Spacewell | A Nemetschek Company","article_publisher":"https:\/\/www.facebook.com\/SpacewellHQ","article_modified_time":"2026-03-23T14:27:11+00:00","og_image":[{"width":2400,"height":1640,"url":"https:\/\/spacewell.com\/wp-content\/uploads\/2025\/06\/Asset-Maintenance-Planning-Update-Adjust-Anytime-White.webp","type":"image\/webp"}],"twitter_card":"summary_large_image","twitter_site":"@Spacewell_HQ","twitter_misc":{"Dur\u00e9e de lecture estim\u00e9e":"3 minutes"},"schema":{"@context":"https:\/\/schema.org","@graph":[{"@type":"WebPage","@id":"https:\/\/spacewell.com\/fr\/o-prognose\/","url":"https:\/\/spacewell.com\/fr\/o-prognose\/","name":"O-Prognose | Spacewell","isPartOf":{"@id":"https:\/\/spacewell.com\/fr\/#website"},"primaryImageOfPage":{"@id":"https:\/\/spacewell.com\/fr\/o-prognose\/#primaryimage"},"image":{"@id":"https:\/\/spacewell.com\/fr\/o-prognose\/#primaryimage"},"thumbnailUrl":"https:\/\/spacewell.com\/wp-content\/uploads\/2025\/06\/Asset-Maintenance-Planning-Update-Adjust-Anytime-White-1024x700.webp","datePublished":"2025-10-16T10:18:00+00:00","dateModified":"2026-03-23T14:27:11+00:00","description":"Fond\u00e9e en 1989 aux Pays-Bas, Plandatis est devenue une pionni\u00e8re dans le domaine des logiciels de planification de la maintenance \u00e0 long terme.","breadcrumb":{"@id":"https:\/\/spacewell.com\/fr\/o-prognose\/#breadcrumb"},"inLanguage":"fr-FR","potentialAction":[{"@type":"ReadAction","target":["https:\/\/spacewell.com\/fr\/o-prognose\/"]}]},{"@type":"ImageObject","inLanguage":"fr-FR","@id":"https:\/\/spacewell.com\/fr\/o-prognose\/#primaryimage","url":"https:\/\/spacewell.com\/wp-content\/uploads\/2025\/06\/Asset-Maintenance-Planning-Update-Adjust-Anytime-White-1024x700.webp","contentUrl":"https:\/\/spacewell.com\/wp-content\/uploads\/2025\/06\/Asset-Maintenance-Planning-Update-Adjust-Anytime-White-1024x700.webp"},{"@type":"BreadcrumbList","@id":"https:\/\/spacewell.com\/fr\/o-prognose\/#breadcrumb","itemListElement":[{"@type":"ListItem","position":1,"name":"Home","item":"https:\/\/spacewell.com\/fr\/"},{"@type":"ListItem","position":2,"name":"O-Prognose fait d\u00e9sormais partie de Spacewell"}]},{"@type":"WebSite","@id":"https:\/\/spacewell.com\/fr\/#website","url":"https:\/\/spacewell.com\/fr\/","name":"Spacewell | A Nemetschek Company","description":"Make buildings work for people","publisher":{"@id":"https:\/\/spacewell.com\/fr\/#organization"},"potentialAction":[{"@type":"SearchAction","target":{"@type":"EntryPoint","urlTemplate":"https:\/\/spacewell.com\/fr\/?s={search_term_string}"},"query-input":{"@type":"PropertyValueSpecification","valueRequired":true,"valueName":"search_term_string"}}],"inLanguage":"fr-FR"},{"@type":"Organization","@id":"https:\/\/spacewell.com\/fr\/#organization","name":"Spacewell | A Nemetschek Company","url":"https:\/\/spacewell.com\/fr\/","logo":{"@type":"ImageObject","inLanguage":"fr-FR","@id":"https:\/\/spacewell.com\/fr\/#\/schema\/logo\/image\/","url":"https:\/\/spacewell.com\/wp-content\/uploads\/2023\/05\/spacewell-logo-500x88-1.webp","contentUrl":"https:\/\/spacewell.com\/wp-content\/uploads\/2023\/05\/spacewell-logo-500x88-1.webp","width":500,"height":88,"caption":"Spacewell | A Nemetschek Company"},"image":{"@id":"https:\/\/spacewell.com\/fr\/#\/schema\/logo\/image\/"},"sameAs":["https:\/\/www.facebook.com\/SpacewellHQ","https:\/\/x.com\/Spacewell_HQ"]}]}},"_links":{"self":[{"href":"https:\/\/spacewell.com\/fr\/wp-json\/wp\/v2\/pages\/48626","targetHints":{"allow":["GET"]}}],"collection":[{"href":"https:\/\/spacewell.com\/fr\/wp-json\/wp\/v2\/pages"}],"about":[{"href":"https:\/\/spacewell.com\/fr\/wp-json\/wp\/v2\/types\/page"}],"author":[{"embeddable":true,"href":"https:\/\/spacewell.com\/fr\/wp-json\/wp\/v2\/users\/45"}],"replies":[{"embeddable":true,"href":"https:\/\/spacewell.com\/fr\/wp-json\/wp\/v2\/comments?post=48626"}],"version-history":[{"count":11,"href":"https:\/\/spacewell.com\/fr\/wp-json\/wp\/v2\/pages\/48626\/revisions"}],"predecessor-version":[{"id":48631,"href":"https:\/\/spacewell.com\/fr\/wp-json\/wp\/v2\/pages\/48626\/revisions\/48631"}],"wp:attachment":[{"href":"https:\/\/spacewell.com\/fr\/wp-json\/wp\/v2\/media?parent=48626"}],"curies":[{"name":"wp","href":"https:\/\/api.w.org\/{rel}","templated":true}]}}