


{"id":456,"date":"2023-06-01T12:39:55","date_gmt":"2023-06-01T10:39:55","guid":{"rendered":"https:\/\/spacewell.com\/centre-daide\/"},"modified":"2026-03-11T10:54:36","modified_gmt":"2026-03-11T09:54:36","slug":"customer-support","status":"publish","type":"page","link":"https:\/\/spacewell.com\/fr\/customer-support\/","title":{"rendered":"Soutien \u00e0 la client\u00e8le"},"content":{"rendered":"<div class=\"gb-container gb-container-174a0b63 gb-container-6bcb6de9\">\n<div class=\"gb-container gb-container-05bc57a6\">\n\n<h1 class=\"gb-headline gb-headline-2da60f8c gb-headline-text gb-headline-902a6ace\">Centre d\u2019aide<\/h1>\n\n\n\n<p>Avez-vous besoin d\u2019assistance ? La r\u00e9ponse \u00e0 votre question se trouve probablement sur notre site web d&rsquo;assistance. <\/p>\n\n\n\n<a class=\"gb-button gb-button-0143350a gb-button-6182fe5e\" href=\"https:\/\/support.spacewell.com\" target=\"_blank\" rel=\"noopener noreferrer\"><span class=\"gb-button-text\">Acc\u00e9dez au site web de soutien (Workplace et Asset)<\/span><span class=\"gb-icon\"><svg xmlns=\"http:\/\/www.w3.org\/2000\/svg\" xml:space=\"preserve\" viewbox=\"0 0 1000 1000\">\n  <path d=\"M506.8 128.4c-30.9 30.9-30.9 80.8 0 111.6l181 181H88.9c-43.5.1-78.9 35.4-78.9 79s35.4 78.9 78.9 78.9h598.9l-181 181c-30.9 30.9-30.9 80.8 0 111.6 15.4 15.4 35.6 23.1 55.8 23.1 20.2 0 40.4-7.7 55.8-23.1L990 500 618.4 128.4c-30.9-30.8-80.7-30.8-111.6 0z\"><\/path>\n<\/svg><\/span><\/a>\n\n\n\n<p><\/p>\n\n\n\n<a class=\"gb-button gb-button-36e56614 gb-button-6182fe5e\" href=\"https:\/\/support.dexma.com\/hc\/en-gb\" target=\"_blank\" rel=\"noopener noreferrer\"><span class=\"gb-button-text\">Aller sur le site web de soutien (Energy)<\/span><span class=\"gb-icon\"><svg xmlns=\"http:\/\/www.w3.org\/2000\/svg\" xml:space=\"preserve\" viewbox=\"0 0 1000 1000\">\n  <path d=\"M506.8 128.4c-30.9 30.9-30.9 80.8 0 111.6l181 181H88.9c-43.5.1-78.9 35.4-78.9 79s35.4 78.9 78.9 78.9h598.9l-181 181c-30.9 30.9-30.9 80.8 0 111.6 15.4 15.4 35.6 23.1 55.8 23.1 20.2 0 40.4-7.7 55.8-23.1L990 500 618.4 128.4c-30.9-30.8-80.7-30.8-111.6 0z\"><\/path>\n<\/svg><\/span><\/a>\n\n\n\n<p><\/p>\n\n\n\n<p>Vous n&rsquo;avez pas trouv\u00e9 ce que vous cherchiez ? Nous sommes l\u00e0 pour vous aider.  <\/p>\n\n\n\n<h3 class=\"wp-block-heading\" id=\"h-mail-us-for-support\">Envoyez-nous un courrier pour obtenir de l&rsquo;aide<\/h3>\n\n\n\n<a class=\"gb-button gb-button-db104dd1 gb-button-6182fe5e smooth-scroll\" href=\"mailto:support@spacewell.com\"><span class=\"gb-button-text\">support@spacewell.com<\/span><span class=\"gb-icon\"><svg xmlns=\"http:\/\/www.w3.org\/2000\/svg\" xml:space=\"preserve\" viewbox=\"0 0 1000 1000\">\n  <path d=\"M506.8 128.4c-30.9 30.9-30.9 80.8 0 111.6l181 181H88.9c-43.5.1-78.9 35.4-78.9 79s35.4 78.9 78.9 78.9h598.9l-181 181c-30.9 30.9-30.9 80.8 0 111.6 15.4 15.4 35.6 23.1 55.8 23.1 20.2 0 40.4-7.7 55.8-23.1L990 500 618.4 128.4c-30.9-30.8-80.7-30.8-111.6 0z\"><\/path>\n<\/svg><\/span><\/a>\n\n\n\n<h3 class=\"gb-headline gb-headline-9664a463 gb-headline-text\"><br>Prenez contact avec le service des ventes<\/h3>\n\n\n\n<a class=\"gb-button gb-button-a1970395 gb-button-6182fe5e\" href=\"https:\/\/spacewell.com\/fr\/contacter-le-service-commercial\/\" target=\"_blank\" rel=\"noopener noreferrer\"><span class=\"gb-button-text\">Demandez une d\u00e9monstration<\/span><span class=\"gb-icon\"><svg xmlns=\"http:\/\/www.w3.org\/2000\/svg\" xml:space=\"preserve\" viewbox=\"0 0 1000 1000\">\n  <path d=\"M506.8 128.4c-30.9 30.9-30.9 80.8 0 111.6l181 181H88.9c-43.5.1-78.9 35.4-78.9 79s35.4 78.9 78.9 78.9h598.9l-181 181c-30.9 30.9-30.9 80.8 0 111.6 15.4 15.4 35.6 23.1 55.8 23.1 20.2 0 40.4-7.7 55.8-23.1L990 500 618.4 128.4c-30.9-30.8-80.7-30.8-111.6 0z\"><\/path>\n<\/svg><\/span><\/a>\n\n<\/div>\n\n\n<a class=\"gb-button gb-button-063bee76 gb-button-6182fe5e\" href=\"mailto:marketing@spacewell.com\" target=\"_blank\" rel=\"noopener noreferrer\"><span class=\"gb-button-text\">marketing@spacewell.com<\/span><span class=\"gb-icon\"><svg xmlns=\"http:\/\/www.w3.org\/2000\/svg\" xml:space=\"preserve\" viewbox=\"0 0 1000 1000\">\n  <path d=\"M506.8 128.4c-30.9 30.9-30.9 80.8 0 111.6l181 181H88.9c-43.5.1-78.9 35.4-78.9 79s35.4 78.9 78.9 78.9h598.9l-181 181c-30.9 30.9-30.9 80.8 0 111.6 15.4 15.4 35.6 23.1 55.8 23.1 20.2 0 40.4-7.7 55.8-23.1L990 500 618.4 128.4c-30.9-30.8-80.7-30.8-111.6 0z\"><\/path>\n<\/svg><\/span><\/a>\n\n\n\n<h3 class=\"gb-headline gb-headline-a29e1694 gb-headline-text\"><br>Conditions contractuelles<\/h3>\n\n\n\n<a class=\"gb-button gb-button-747bba2f gb-button-6182fe5e\" href=\"\/company\/contact-us\/contractual-conditions\/\"><span class=\"gb-button-text\">Obtenir les conditions contractuelles<\/span><span class=\"gb-icon\"><svg xmlns=\"http:\/\/www.w3.org\/2000\/svg\" xml:space=\"preserve\" viewbox=\"0 0 1000 1000\">\n  <path d=\"M506.8 128.4c-30.9 30.9-30.9 80.8 0 111.6l181 181H88.9c-43.5.1-78.9 35.4-78.9 79s35.4 78.9 78.9 78.9h598.9l-181 181c-30.9 30.9-30.9 80.8 0 111.6 15.4 15.4 35.6 23.1 55.8 23.1 20.2 0 40.4-7.7 55.8-23.1L990 500 618.4 128.4c-30.9-30.8-80.7-30.8-111.6 0z\"><\/path>\n<\/svg><\/span><\/a>\n\n\n\n<h3 class=\"gb-headline gb-headline-70341c55 gb-headline-text\"><br>Informations sur le partenariat<\/h3>\n\n\n\n<a class=\"gb-button gb-button-747bba2f gb-button-6182fe5e\" href=\"https:\/\/spacewell.com\/fr\/societe\/partenariats\/\"><span class=\"gb-button-text\">Voir la page Partenariats<\/span><span class=\"gb-icon\"><svg xmlns=\"http:\/\/www.w3.org\/2000\/svg\" xml:space=\"preserve\" viewbox=\"0 0 1000 1000\">\n  <path d=\"M506.8 128.4c-30.9 30.9-30.9 80.8 0 111.6l181 181H88.9c-43.5.1-78.9 35.4-78.9 79s35.4 78.9 78.9 78.9h598.9l-181 181c-30.9 30.9-30.9 80.8 0 111.6 15.4 15.4 35.6 23.1 55.8 23.1 20.2 0 40.4-7.7 55.8-23.1L990 500 618.4 128.4c-30.9-30.8-80.7-30.8-111.6 0z\"><\/path>\n<\/svg><\/span><\/a>\n\n<\/div>\n<p><\/p>\n","protected":false},"excerpt":{"rendered":"<p>Centre d\u2019aide Avez-vous besoin d\u2019assistance ? La r\u00e9ponse \u00e0 votre question se trouve probablement sur notre site web d&rsquo;assistance. Vous n&rsquo;avez pas trouv\u00e9 ce que vous cherchiez ? Nous sommes l\u00e0 pour vous aider. Envoyez-nous un courrier pour obtenir de l&rsquo;aide Prenez contact avec le service des ventes Conditions contractuelles Informations sur le partenariat<\/p>\n","protected":false},"author":29,"featured_media":23942,"parent":0,"menu_order":0,"comment_status":"closed","ping_status":"closed","template":"","meta":{"_acf_changed":false,"footnotes":""},"class_list":{"0":"post-456","1":"page","2":"type-page","3":"status-publish","4":"has-post-thumbnail","6":"no-featured-image-padding"},"acf":[],"yoast_head":"<!-- This site is optimized with the Yoast SEO Premium plugin v26.0 (Yoast SEO v27.4) - https:\/\/yoast.com\/product\/yoast-seo-premium-wordpress\/ -->\n<title>Soutien \u00e0 la client\u00e8le - Spacewell | A Nemetschek Company<\/title>\n<meta name=\"description\" content=\"Vous avez une question concernant l&#039;assistance ? Rendez-vous sur le centre d&#039;aide de Spacewell afin que nous puissions vous apporter l&#039;assistance dont vous avez besoin.\" \/>\n<meta name=\"robots\" content=\"index, follow, max-snippet:-1, max-image-preview:large, max-video-preview:-1\" \/>\n<link rel=\"canonical\" href=\"https:\/\/spacewell.com\/fr\/customer-support\/\" \/>\n<meta property=\"og:locale\" content=\"fr_FR\" \/>\n<meta property=\"og:type\" content=\"article\" \/>\n<meta property=\"og:title\" content=\"Soutien \u00e0 la client\u00e8le\" \/>\n<meta property=\"og:description\" content=\"Vous avez une question concernant l&#039;assistance ? Rendez-vous sur le centre d&#039;aide de Spacewell afin que nous puissions vous apporter l&#039;assistance dont vous avez besoin.\" \/>\n<meta property=\"og:url\" content=\"https:\/\/spacewell.com\/fr\/customer-support\/\" \/>\n<meta property=\"og:site_name\" content=\"Spacewell | A Nemetschek Company\" \/>\n<meta property=\"article:publisher\" content=\"https:\/\/www.facebook.com\/SpacewellHQ\" \/>\n<meta property=\"article:modified_time\" content=\"2026-03-11T09:54:36+00:00\" \/>\n<meta property=\"og:image\" content=\"https:\/\/spacewell.com\/wp-content\/uploads\/2023\/10\/support-operator-1200x630-1.jpg\" \/>\n\t<meta property=\"og:image:width\" content=\"1200\" \/>\n\t<meta property=\"og:image:height\" content=\"630\" \/>\n\t<meta property=\"og:image:type\" content=\"image\/jpeg\" \/>\n<meta name=\"twitter:card\" content=\"summary_large_image\" \/>\n<meta name=\"twitter:site\" content=\"@Spacewell_HQ\" \/>\n<meta name=\"twitter:label1\" content=\"Dur\u00e9e de lecture estim\u00e9e\" \/>\n\t<meta name=\"twitter:data1\" content=\"1 minute\" \/>\n<script type=\"application\/ld+json\" class=\"yoast-schema-graph\">{\"@context\":\"https:\\\/\\\/schema.org\",\"@graph\":[{\"@type\":\"WebPage\",\"@id\":\"https:\\\/\\\/spacewell.com\\\/fr\\\/customer-support\\\/\",\"url\":\"https:\\\/\\\/spacewell.com\\\/fr\\\/customer-support\\\/\",\"name\":\"Soutien \u00e0 la client\u00e8le - Spacewell | A Nemetschek Company\",\"isPartOf\":{\"@id\":\"https:\\\/\\\/spacewell.com\\\/fr\\\/#website\"},\"primaryImageOfPage\":{\"@id\":\"https:\\\/\\\/spacewell.com\\\/fr\\\/customer-support\\\/#primaryimage\"},\"image\":{\"@id\":\"https:\\\/\\\/spacewell.com\\\/fr\\\/customer-support\\\/#primaryimage\"},\"thumbnailUrl\":\"https:\\\/\\\/spacewell.com\\\/wp-content\\\/uploads\\\/2023\\\/10\\\/support-operator-1200x630-1.jpg\",\"datePublished\":\"2023-06-01T10:39:55+00:00\",\"dateModified\":\"2026-03-11T09:54:36+00:00\",\"description\":\"Vous avez une question concernant l'assistance ? Rendez-vous sur le centre d'aide de Spacewell afin que nous puissions vous apporter l'assistance dont vous avez besoin.\",\"breadcrumb\":{\"@id\":\"https:\\\/\\\/spacewell.com\\\/fr\\\/customer-support\\\/#breadcrumb\"},\"inLanguage\":\"fr-FR\",\"potentialAction\":[{\"@type\":\"ReadAction\",\"target\":[\"https:\\\/\\\/spacewell.com\\\/fr\\\/customer-support\\\/\"]}]},{\"@type\":\"ImageObject\",\"inLanguage\":\"fr-FR\",\"@id\":\"https:\\\/\\\/spacewell.com\\\/fr\\\/customer-support\\\/#primaryimage\",\"url\":\"https:\\\/\\\/spacewell.com\\\/wp-content\\\/uploads\\\/2023\\\/10\\\/support-operator-1200x630-1.jpg\",\"contentUrl\":\"https:\\\/\\\/spacewell.com\\\/wp-content\\\/uploads\\\/2023\\\/10\\\/support-operator-1200x630-1.jpg\",\"width\":1200,\"height\":630,\"caption\":\"Op\u00e9rateurs du service d'assistance\"},{\"@type\":\"BreadcrumbList\",\"@id\":\"https:\\\/\\\/spacewell.com\\\/fr\\\/customer-support\\\/#breadcrumb\",\"itemListElement\":[{\"@type\":\"ListItem\",\"position\":1,\"name\":\"Home\",\"item\":\"https:\\\/\\\/spacewell.com\\\/fr\\\/\"},{\"@type\":\"ListItem\",\"position\":2,\"name\":\"Soutien \u00e0 la client\u00e8le\"}]},{\"@type\":\"WebSite\",\"@id\":\"https:\\\/\\\/spacewell.com\\\/fr\\\/#website\",\"url\":\"https:\\\/\\\/spacewell.com\\\/fr\\\/\",\"name\":\"Spacewell | A Nemetschek Company\",\"description\":\"Make buildings work for people\",\"publisher\":{\"@id\":\"https:\\\/\\\/spacewell.com\\\/fr\\\/#organization\"},\"potentialAction\":[{\"@type\":\"SearchAction\",\"target\":{\"@type\":\"EntryPoint\",\"urlTemplate\":\"https:\\\/\\\/spacewell.com\\\/fr\\\/?s={search_term_string}\"},\"query-input\":{\"@type\":\"PropertyValueSpecification\",\"valueRequired\":true,\"valueName\":\"search_term_string\"}}],\"inLanguage\":\"fr-FR\"},{\"@type\":\"Organization\",\"@id\":\"https:\\\/\\\/spacewell.com\\\/fr\\\/#organization\",\"name\":\"Spacewell | A Nemetschek Company\",\"url\":\"https:\\\/\\\/spacewell.com\\\/fr\\\/\",\"logo\":{\"@type\":\"ImageObject\",\"inLanguage\":\"fr-FR\",\"@id\":\"https:\\\/\\\/spacewell.com\\\/fr\\\/#\\\/schema\\\/logo\\\/image\\\/\",\"url\":\"https:\\\/\\\/spacewell.com\\\/wp-content\\\/uploads\\\/2023\\\/05\\\/spacewell-logo-500x88-1.webp\",\"contentUrl\":\"https:\\\/\\\/spacewell.com\\\/wp-content\\\/uploads\\\/2023\\\/05\\\/spacewell-logo-500x88-1.webp\",\"width\":500,\"height\":88,\"caption\":\"Spacewell | A Nemetschek Company\"},\"image\":{\"@id\":\"https:\\\/\\\/spacewell.com\\\/fr\\\/#\\\/schema\\\/logo\\\/image\\\/\"},\"sameAs\":[\"https:\\\/\\\/www.facebook.com\\\/SpacewellHQ\",\"https:\\\/\\\/x.com\\\/Spacewell_HQ\"]}]}<\/script>\n<!-- \/ Yoast SEO Premium plugin. -->","yoast_head_json":{"title":"Soutien \u00e0 la client\u00e8le - Spacewell | A Nemetschek Company","description":"Vous avez une question concernant l'assistance ? Rendez-vous sur le centre d'aide de Spacewell afin que nous puissions vous apporter l'assistance dont vous avez besoin.","robots":{"index":"index","follow":"follow","max-snippet":"max-snippet:-1","max-image-preview":"max-image-preview:large","max-video-preview":"max-video-preview:-1"},"canonical":"https:\/\/spacewell.com\/fr\/customer-support\/","og_locale":"fr_FR","og_type":"article","og_title":"Soutien \u00e0 la client\u00e8le","og_description":"Vous avez une question concernant l'assistance ? Rendez-vous sur le centre d'aide de Spacewell afin que nous puissions vous apporter l'assistance dont vous avez besoin.","og_url":"https:\/\/spacewell.com\/fr\/customer-support\/","og_site_name":"Spacewell | A Nemetschek Company","article_publisher":"https:\/\/www.facebook.com\/SpacewellHQ","article_modified_time":"2026-03-11T09:54:36+00:00","og_image":[{"width":1200,"height":630,"url":"https:\/\/spacewell.com\/wp-content\/uploads\/2023\/10\/support-operator-1200x630-1.jpg","type":"image\/jpeg"}],"twitter_card":"summary_large_image","twitter_site":"@Spacewell_HQ","twitter_misc":{"Dur\u00e9e de lecture estim\u00e9e":"1 minute"},"schema":{"@context":"https:\/\/schema.org","@graph":[{"@type":"WebPage","@id":"https:\/\/spacewell.com\/fr\/customer-support\/","url":"https:\/\/spacewell.com\/fr\/customer-support\/","name":"Soutien \u00e0 la client\u00e8le - Spacewell | A Nemetschek Company","isPartOf":{"@id":"https:\/\/spacewell.com\/fr\/#website"},"primaryImageOfPage":{"@id":"https:\/\/spacewell.com\/fr\/customer-support\/#primaryimage"},"image":{"@id":"https:\/\/spacewell.com\/fr\/customer-support\/#primaryimage"},"thumbnailUrl":"https:\/\/spacewell.com\/wp-content\/uploads\/2023\/10\/support-operator-1200x630-1.jpg","datePublished":"2023-06-01T10:39:55+00:00","dateModified":"2026-03-11T09:54:36+00:00","description":"Vous avez une question concernant l'assistance ? Rendez-vous sur le centre d'aide de Spacewell afin que nous puissions vous apporter l'assistance dont vous avez besoin.","breadcrumb":{"@id":"https:\/\/spacewell.com\/fr\/customer-support\/#breadcrumb"},"inLanguage":"fr-FR","potentialAction":[{"@type":"ReadAction","target":["https:\/\/spacewell.com\/fr\/customer-support\/"]}]},{"@type":"ImageObject","inLanguage":"fr-FR","@id":"https:\/\/spacewell.com\/fr\/customer-support\/#primaryimage","url":"https:\/\/spacewell.com\/wp-content\/uploads\/2023\/10\/support-operator-1200x630-1.jpg","contentUrl":"https:\/\/spacewell.com\/wp-content\/uploads\/2023\/10\/support-operator-1200x630-1.jpg","width":1200,"height":630,"caption":"Op\u00e9rateurs du service d'assistance"},{"@type":"BreadcrumbList","@id":"https:\/\/spacewell.com\/fr\/customer-support\/#breadcrumb","itemListElement":[{"@type":"ListItem","position":1,"name":"Home","item":"https:\/\/spacewell.com\/fr\/"},{"@type":"ListItem","position":2,"name":"Soutien \u00e0 la client\u00e8le"}]},{"@type":"WebSite","@id":"https:\/\/spacewell.com\/fr\/#website","url":"https:\/\/spacewell.com\/fr\/","name":"Spacewell | A Nemetschek Company","description":"Make buildings work for people","publisher":{"@id":"https:\/\/spacewell.com\/fr\/#organization"},"potentialAction":[{"@type":"SearchAction","target":{"@type":"EntryPoint","urlTemplate":"https:\/\/spacewell.com\/fr\/?s={search_term_string}"},"query-input":{"@type":"PropertyValueSpecification","valueRequired":true,"valueName":"search_term_string"}}],"inLanguage":"fr-FR"},{"@type":"Organization","@id":"https:\/\/spacewell.com\/fr\/#organization","name":"Spacewell | A Nemetschek Company","url":"https:\/\/spacewell.com\/fr\/","logo":{"@type":"ImageObject","inLanguage":"fr-FR","@id":"https:\/\/spacewell.com\/fr\/#\/schema\/logo\/image\/","url":"https:\/\/spacewell.com\/wp-content\/uploads\/2023\/05\/spacewell-logo-500x88-1.webp","contentUrl":"https:\/\/spacewell.com\/wp-content\/uploads\/2023\/05\/spacewell-logo-500x88-1.webp","width":500,"height":88,"caption":"Spacewell | A Nemetschek Company"},"image":{"@id":"https:\/\/spacewell.com\/fr\/#\/schema\/logo\/image\/"},"sameAs":["https:\/\/www.facebook.com\/SpacewellHQ","https:\/\/x.com\/Spacewell_HQ"]}]}},"_links":{"self":[{"href":"https:\/\/spacewell.com\/fr\/wp-json\/wp\/v2\/pages\/456","targetHints":{"allow":["GET"]}}],"collection":[{"href":"https:\/\/spacewell.com\/fr\/wp-json\/wp\/v2\/pages"}],"about":[{"href":"https:\/\/spacewell.com\/fr\/wp-json\/wp\/v2\/types\/page"}],"author":[{"embeddable":true,"href":"https:\/\/spacewell.com\/fr\/wp-json\/wp\/v2\/users\/29"}],"replies":[{"embeddable":true,"href":"https:\/\/spacewell.com\/fr\/wp-json\/wp\/v2\/comments?post=456"}],"version-history":[{"count":22,"href":"https:\/\/spacewell.com\/fr\/wp-json\/wp\/v2\/pages\/456\/revisions"}],"predecessor-version":[{"id":48198,"href":"https:\/\/spacewell.com\/fr\/wp-json\/wp\/v2\/pages\/456\/revisions\/48198"}],"wp:featuredmedia":[{"embeddable":true,"href":"https:\/\/spacewell.com\/fr\/wp-json\/wp\/v2\/media\/23942"}],"wp:attachment":[{"href":"https:\/\/spacewell.com\/fr\/wp-json\/wp\/v2\/media?parent=456"}],"curies":[{"name":"wp","href":"https:\/\/api.w.org\/{rel}","templated":true}]}}