


{"id":414,"date":"2023-06-01T11:20:10","date_gmt":"2023-06-01T09:20:10","guid":{"rendered":"https:\/\/spacewell.com\/societe\/responsabilite-des-entreprises-et-developpement-durable\/"},"modified":"2023-10-17T09:40:39","modified_gmt":"2023-10-17T07:40:39","slug":"responsabilite-des-entreprises-et-developpement-durable","status":"publish","type":"page","link":"https:\/\/spacewell.com\/fr\/societe\/responsabilite-des-entreprises-et-developpement-durable\/","title":{"rendered":"Responsabilit\u00e9 des entreprises et d\u00e9veloppement durable"},"content":{"rendered":"<div class=\"gb-container gb-container-7e55cbd5\">\n<figure class=\"gb-block-image gb-block-image-818228c0\"><img loading=\"lazy\" decoding=\"async\" width=\"1200\" height=\"630\" src=\"https:\/\/spacewell.com\/wp-content\/uploads\/2023\/08\/gmao-1200x630-1.jpg\" class=\"gb-image-818228c0\" alt=\"GMAO\" srcset=\"https:\/\/spacewell.com\/wp-content\/uploads\/2023\/08\/gmao-1200x630-1.jpg 1200w, https:\/\/spacewell.com\/wp-content\/uploads\/2023\/08\/gmao-1200x630-1-500x263.jpg 500w, https:\/\/spacewell.com\/wp-content\/uploads\/2023\/08\/gmao-1200x630-1-1024x538.jpg 1024w, https:\/\/spacewell.com\/wp-content\/uploads\/2023\/08\/gmao-1200x630-1-768x403.jpg 768w\" sizes=\"auto, (max-width: 1200px) 100vw, 1200px\" \/><\/figure>\n\n<div class=\"gb-container gb-container-25f7f753\">\n<h1 class=\"gb-headline gb-headline-c67ae295 gb-headline-text\">Responsabilit\u00e9 des entreprises et d\u00e9veloppement durable<\/h1>\n<\/div>\n<\/div>\n\n<div class=\"gb-container gb-container-cbb31126 gb-container-5731d80c\">\n\n<p>Le moment est venu de concr\u00e9tiser les promesses du num\u00e9rique et de la technologie<\/p>\n\n\n\n<h2 class=\"gb-headline gb-headline-55b950a0 gb-headline-text gb-headline-bf2940e3\">Entreprise responsable<\/h2>\n\n\n\n<p>Spacewell, une entreprise du groupe Nemetschek a pour objectif de fonctionner de mani\u00e8re socialement responsable et de contribuer au d\u00e9veloppement durable, conform\u00e9ment \u00e0 la norme internationale <a href=\"https:\/\/www.iso.org\/iso-26000-social-responsibility.html\" target=\"_blank\" rel=\"noreferrer noopener\">ISO 26000 et \u00e0 ses Lignes directrices relatives \u00e0 la responsabilit\u00e9 soci\u00e9tale.<\/a> <br><br>Afin de promouvoir l\u2019\u00e9thique, l\u2019int\u00e9grit\u00e9 et la confiance, le groupe Nemetschek a d\u00e9fini dans son <a href=\"https:\/\/www.nemetschek.com\/sites\/default\/files\/documents\/2021_Code%20of%20Conduct%20-%20Nemetschek%20Group%20-%20EN.pdf\">Code de Conduite<\/a> des normes pour les activit\u00e9s quotidiennes. Ce Code pr\u00e9cise les obligations des employ\u00e9s, notamment la protection des ressources naturelles, les dispositions relatives \u00e0 la lutte contre la corruption et l\u2019obligation de s\u2019abstenir de toute forme de discrimination.<\/p>\n\n\n\n<h2 class=\"gb-headline gb-headline-c7608849 gb-headline-text gb-headline-bf2940e3\">Employ\u00e9s<\/h2>\n\n\n\n<p>Nos employ\u00e9s sont notre plus grand atout. En tant qu\u2019employeur, Spacewell encourage la diversit\u00e9 dans ses \u00e9quipes et b\u00e2tit un environnement d\u2019apprentissage qui permet aux employ\u00e9s de cro\u00eetre, tant du point de vue professionnel qu\u2019individuel. <\/p>\n\n\n\n<p>Nous pensons que la diversit\u00e9, l\u2019inclusion et la collaboration sont essentielles pour b\u00e2tir des \u00e9quipes extraordinaires. Nous n\u2019attendons pas de nos employ\u00e9s qu\u2019ils soient parfaits ou extraordinaires. Nous sommes persuad\u00e9s qu\u2019ils peuvent obtenir des r\u00e9sultats extraordinaires lorsqu\u2019ils collaborent avec un objectif commun. <br><br>Spacewell offre des opportunit\u00e9s de carri\u00e8re \u00e0 des personnes issues de contextes culturels et sociaux diff\u00e9rents. Notre politique de recrutement est neutre en mati\u00e8re de genre, d\u2019orientation sexuelle, d\u2019\u00e2ge, d\u2019origine ethnique, de nationalit\u00e9 ou de croyances religieuses. Une attention toute particuli\u00e8re est accord\u00e9e au bon \u00e9quilibre et \u00e0 l\u2019ouverture d\u2019esprit, dans le respect de la personnalit\u00e9 et des opinions de chacun.<\/p>\n\n<\/div>\n\n\n<figure class=\"gb-block-image gb-block-image-844201f2\"><img loading=\"lazy\" decoding=\"async\" width=\"1200\" height=\"630\" class=\"gb-image gb-image-844201f2 is-style-default\" src=\"\/wp-content\/uploads\/2023\/08\/corporate-responsibility-1200x630-1.jpg\" alt=\"B\u00e2timents et arbres\" srcset=\"https:\/\/spacewell.com\/wp-content\/uploads\/2023\/08\/corporate-responsibility-1200x630-1.jpg 1200w, https:\/\/spacewell.com\/wp-content\/uploads\/2023\/08\/corporate-responsibility-1200x630-1-500x263.jpg 500w, https:\/\/spacewell.com\/wp-content\/uploads\/2023\/08\/corporate-responsibility-1200x630-1-1024x538.jpg 1024w, https:\/\/spacewell.com\/wp-content\/uploads\/2023\/08\/corporate-responsibility-1200x630-1-768x403.jpg 768w\" sizes=\"auto, (max-width: 1200px) 100vw, 1200px\" \/><\/figure>\n\n\n<div class=\"gb-container gb-container-4e33f7e1\">\n<div class=\"gb-container gb-container-26e99ff3 gb-container-5731d80c\">\n\n<h2 class=\"gb-headline gb-headline-0bf022b0 gb-headline-text\">Durabilit\u00e9 et changement climatique<\/h2>\n\n<\/div>\n<\/div>\n\n<div class=\"gb-container gb-container-66bae623 gb-container-5731d80c\">\n\n<h3 class=\"gb-headline gb-headline-5c2a992f gb-headline-text\">Aider les organisations \u00e0 r\u00e9duire leur empreinte carbone<\/h3>\n\n\n\n<p>L\u2019expertise principale de Spacewell est le d\u00e9veloppement de logiciels int\u00e9gr\u00e9s et de solutions de b\u00e2timent intelligent pour une gestion efficace et durable des b\u00e2timents. Nous aidons des organisations de toute taille et de tout secteur d\u2019activit\u00e9 \u00e0 r\u00e9duire leur empreinte carbone en optimisant l\u2019espace et l\u2019efficacit\u00e9 \u00e9nerg\u00e9tique de leur portefeuille de b\u00e2timents, ainsi qu\u2019\u00e0 cr\u00e9er des lieux de travail sains, collaboratifs et centr\u00e9s sur les personnes.<\/p>\n\n\n\n<p><strong>Consultez notre <a href=\"https:\/\/spacewell.com\/fr\/ressources\/etudes-et-analyses\/strategie-esg-basee-sur-les-donnees-comment-la-gestion-des-services-generaux-peut-montrer-la-voie\/\">eGuide sur l\u2019ESG dans la gestion des services g\u00e9n\u00e9raux<\/a><\/strong> : \u00ab Strat\u00e9gie ESG bas\u00e9e sur les donn\u00e9es : Comment la gestion des services g\u00e9n\u00e9raux peut montrer la voie \u00bb<\/p>\n\n\n<div class=\"gb-container gb-container-59481ee3 cursor-pointer\" id=\"open-video-overlay-1\">\n\n<figure class=\"gb-block-image gb-block-image-b00b3e76\"><img loading=\"lazy\" decoding=\"async\" width=\"1280\" height=\"720\" class=\"gb-image gb-image-b00b3e76 gb-image-b19acb23\" src=\"\/wp-content\/uploads\/2023\/08\/maxresdefault.webp\" alt=\"50 Sustainability &amp; Climate Leaders initiative Thumbnail \" title=\"maxresdefault\" srcset=\"https:\/\/spacewell.com\/wp-content\/uploads\/2023\/08\/maxresdefault.webp 1280w, https:\/\/spacewell.com\/wp-content\/uploads\/2023\/08\/maxresdefault-500x281.webp 500w, https:\/\/spacewell.com\/wp-content\/uploads\/2023\/08\/maxresdefault-1024x576.webp 1024w, https:\/\/spacewell.com\/wp-content\/uploads\/2023\/08\/maxresdefault-768x432.webp 768w\" sizes=\"auto, (max-width: 1280px) 100vw, 1280px\" \/><\/figure>\n\n\n<div class=\"gb-container gb-container-6afed2ea play-button\"><\/div>\n<\/div>\n\n<div id=\"video-overlay-1\" data-video-id=\"fcgoPRqDGJY\" class=\"wp-block-sw-blocks-modal-video\">\n  \n\n<div class=\"modal-header\">\n      <div class=\"modal-header-left\">\n      <\/div> \n      <div class=\"modal-header-right\">\n        <button class=\"close-button video-close-button\">\n          <svg xmlns=\"http:\/\/www.w3.org\/2000\/svg\" viewBox=\"0 0 512 512\">\n            <path\n              d=\"M175 175C184.4 165.7 199.6 165.7 208.1 175L255.1 222.1L303 175C312.4 165.7 327.6 165.7 336.1 175C346.3 184.4 346.3 199.6 336.1 208.1L289.9 255.1L336.1 303C346.3 312.4 346.3 327.6 336.1 336.1C327.6 346.3 312.4 346.3 303 336.1L255.1 289.9L208.1 336.1C199.6 346.3 184.4 346.3 175 336.1C165.7 327.6 165.7 312.4 175 303L222.1 255.1L175 208.1C165.7 199.6 165.7 184.4 175 175V175zM512 256C512 397.4 397.4 512 256 512C114.6 512 0 397.4 0 256C0 114.6 114.6 0 256 0C397.4 0 512 114.6 512 256zM256 48C141.1 48 48 141.1 48 256C48 370.9 141.1 464 256 464C370.9 464 464 370.9 464 256C464 141.1 370.9 48 256 48z\"\n              fill=\"currentcolor\" \/>\n          <\/svg>\n        <\/button>\n      <\/div>\n    <\/div>\n    \n    <div class=\"modal video-modal\">\n\n    <div class=\"modal-content-box\">\n      <div class=\"video-content\">\n      <\/div>\n    <\/div>\n\n  <\/div>\n<\/div>\n\n\n<h3 class=\"gb-headline gb-headline-ed48889e gb-headline-text\">Campagne des 50 leaders en mati\u00e8re de durabilit\u00e9 et de climat<\/h3>\n\n\n\n<p>Le r\u00e9chauffement climatique est l\u2019enjeu majeur de notre \u00e9poque. Le groupe Nemetschek est l\u2019un des \u00ab 50 leaders de la durabilit\u00e9 et du climat \u00bb d\u00e9sign\u00e9s par les Nations unies pour leurs bonnes pratiques et leur action positive en faveur du climat.<\/p>\n\n\n\n<h3 class=\"gb-headline gb-headline-c6d70c55 gb-headline-text\">Une for\u00eat Spacewell pour inspirer l\u2019engagement envers la plan\u00e8te Terre<\/h3>\n\n\n\n<p>Nous sommes heureux de soutenir Treedom, une organisation associant projets environnementaux et engagement social dans les pays en d\u00e9veloppement. Planter des arbres aide \u00e0 absorber le CO2, gaz \u00e0 effet de serre de l\u2019atmosph\u00e8re, et \u00e0 lutter contre les destructions environnementales, la d\u00e9forestation et l\u2019\u00e9rosion des sols. <\/p>\n\n\n\n<p>Au d\u00e9but de l\u2019ann\u00e9e 2021, tous les employ\u00e9s de Spacewell ont \u00e9t\u00e9 invit\u00e9s \u00e0 adopter leur arbre. Ainsi, Spacewell et d\u2019autres marques du groupe Nemetschek plantent ce qui s\u2019apparente \u00e0 une for\u00eat d\u2019entreprise avec un total de plus de 2 000 arbres. Chaque arbre est photographi\u00e9, g\u00e9olocalis\u00e9 et affich\u00e9 sur sa propre page de profil. Cela permet d\u2019impliquer nos collaborateurs de mani\u00e8re ludique, d\u2019engager leurs \u00e9motions et \u2014 gr\u00e2ce \u00e0 des mises \u00e0 jour r\u00e9guli\u00e8res \u2014 de leur rappeler l\u2019engagement de notre organisation en mati\u00e8re de durabilit\u00e9.<\/p>\n\n<\/div>\n\n\n<figure class=\"gb-block-image gb-block-image-3145370a\"><img loading=\"lazy\" decoding=\"async\" width=\"1200\" height=\"700\" class=\"gb-image gb-image-3145370a\" src=\"\/wp-content\/uploads\/2023\/08\/treedom-kenya-1200-700.jpg\" alt=\"Des Kenyans tenant des jeunes arbres\" srcset=\"https:\/\/spacewell.com\/wp-content\/uploads\/2023\/08\/treedom-kenya-1200-700.jpg 1200w, https:\/\/spacewell.com\/wp-content\/uploads\/2023\/08\/treedom-kenya-1200-700-500x292.jpg 500w, https:\/\/spacewell.com\/wp-content\/uploads\/2023\/08\/treedom-kenya-1200-700-1024x597.jpg 1024w, https:\/\/spacewell.com\/wp-content\/uploads\/2023\/08\/treedom-kenya-1200-700-768x448.jpg 768w\" sizes=\"auto, (max-width: 1200px) 100vw, 1200px\" \/><\/figure>\n","protected":false},"excerpt":{"rendered":"<p>Responsabilit\u00e9 des entreprises et d\u00e9veloppement durable Le moment est venu de concr\u00e9tiser les promesses du num\u00e9rique et de la technologie Entreprise responsable Spacewell, une entreprise du groupe Nemetschek a pour objectif de fonctionner de mani\u00e8re socialement responsable et de contribuer au d\u00e9veloppement durable, conform\u00e9ment \u00e0 la norme internationale ISO 26000 et \u00e0 ses Lignes directrices &#8230; <a title=\"Responsabilit\u00e9 des entreprises et d\u00e9veloppement durable\" class=\"read-more\" href=\"https:\/\/spacewell.com\/fr\/societe\/responsabilite-des-entreprises-et-developpement-durable\/\" aria-label=\"En savoir plus sur Responsabilit\u00e9 des entreprises et d\u00e9veloppement durable\">Lire plus<\/a><\/p>\n","protected":false},"author":29,"featured_media":13185,"parent":275,"menu_order":0,"comment_status":"closed","ping_status":"closed","template":"","meta":{"_acf_changed":false,"footnotes":""},"class_list":{"0":"post-414","1":"page","2":"type-page","3":"status-publish","4":"has-post-thumbnail","6":"no-featured-image-padding"},"acf":[],"yoast_head":"<!-- This site is optimized with the Yoast SEO Premium plugin v26.0 (Yoast SEO v27.5) - https:\/\/yoast.com\/product\/yoast-seo-premium-wordpress\/ -->\n<title>Responsabilit\u00e9 des entreprises \u2013 SPACEWELL | A Nemetschek Company<\/title>\n<meta name=\"description\" content=\"Spacewell vise \u00e0 agir de mani\u00e8re responsable et qui favorise les pratiques commerciales \u00e9thiques et contribue au d\u00e9veloppement durable\" \/>\n<meta name=\"robots\" content=\"index, follow, max-snippet:-1, max-image-preview:large, max-video-preview:-1\" \/>\n<link rel=\"canonical\" href=\"https:\/\/spacewell.com\/fr\/societe\/responsabilite-des-entreprises-et-developpement-durable\/\" \/>\n<meta property=\"og:locale\" content=\"fr_FR\" \/>\n<meta property=\"og:type\" content=\"article\" \/>\n<meta property=\"og:title\" content=\"Responsabilit\u00e9 des entreprises et d\u00e9veloppement durable\" \/>\n<meta property=\"og:description\" content=\"Spacewell vise \u00e0 agir de mani\u00e8re responsable et qui favorise les pratiques commerciales \u00e9thiques et contribue au d\u00e9veloppement durable\" \/>\n<meta property=\"og:url\" content=\"https:\/\/spacewell.com\/fr\/societe\/responsabilite-des-entreprises-et-developpement-durable\/\" \/>\n<meta property=\"og:site_name\" content=\"Spacewell | A Nemetschek Company\" \/>\n<meta property=\"article:publisher\" content=\"https:\/\/www.facebook.com\/SpacewellHQ\" \/>\n<meta property=\"article:modified_time\" content=\"2023-10-17T07:40:39+00:00\" \/>\n<meta property=\"og:image\" content=\"https:\/\/spacewell.com\/wp-content\/uploads\/2023\/08\/gmao-1200x630-1.jpg\" \/>\n\t<meta property=\"og:image:width\" content=\"1200\" \/>\n\t<meta property=\"og:image:height\" content=\"630\" \/>\n\t<meta property=\"og:image:type\" content=\"image\/jpeg\" \/>\n<meta name=\"twitter:card\" content=\"summary_large_image\" \/>\n<meta name=\"twitter:site\" content=\"@Spacewell_HQ\" \/>\n<meta name=\"twitter:label1\" content=\"Dur\u00e9e de lecture estim\u00e9e\" \/>\n\t<meta name=\"twitter:data1\" content=\"4 minutes\" \/>\n<script type=\"application\/ld+json\" class=\"yoast-schema-graph\">{\"@context\":\"https:\\\/\\\/schema.org\",\"@graph\":[{\"@type\":\"WebPage\",\"@id\":\"https:\\\/\\\/spacewell.com\\\/fr\\\/societe\\\/responsabilite-des-entreprises-et-developpement-durable\\\/\",\"url\":\"https:\\\/\\\/spacewell.com\\\/fr\\\/societe\\\/responsabilite-des-entreprises-et-developpement-durable\\\/\",\"name\":\"Responsabilit\u00e9 des entreprises \u2013 SPACEWELL | A Nemetschek Company\",\"isPartOf\":{\"@id\":\"https:\\\/\\\/spacewell.com\\\/fr\\\/#website\"},\"primaryImageOfPage\":{\"@id\":\"https:\\\/\\\/spacewell.com\\\/fr\\\/societe\\\/responsabilite-des-entreprises-et-developpement-durable\\\/#primaryimage\"},\"image\":{\"@id\":\"https:\\\/\\\/spacewell.com\\\/fr\\\/societe\\\/responsabilite-des-entreprises-et-developpement-durable\\\/#primaryimage\"},\"thumbnailUrl\":\"https:\\\/\\\/spacewell.com\\\/wp-content\\\/uploads\\\/2023\\\/08\\\/gmao-1200x630-1.jpg\",\"datePublished\":\"2023-06-01T09:20:10+00:00\",\"dateModified\":\"2023-10-17T07:40:39+00:00\",\"description\":\"Spacewell vise \u00e0 agir de mani\u00e8re responsable et qui favorise les pratiques commerciales \u00e9thiques et contribue au d\u00e9veloppement durable\",\"breadcrumb\":{\"@id\":\"https:\\\/\\\/spacewell.com\\\/fr\\\/societe\\\/responsabilite-des-entreprises-et-developpement-durable\\\/#breadcrumb\"},\"inLanguage\":\"fr-FR\",\"potentialAction\":[{\"@type\":\"ReadAction\",\"target\":[\"https:\\\/\\\/spacewell.com\\\/fr\\\/societe\\\/responsabilite-des-entreprises-et-developpement-durable\\\/\"]}]},{\"@type\":\"ImageObject\",\"inLanguage\":\"fr-FR\",\"@id\":\"https:\\\/\\\/spacewell.com\\\/fr\\\/societe\\\/responsabilite-des-entreprises-et-developpement-durable\\\/#primaryimage\",\"url\":\"https:\\\/\\\/spacewell.com\\\/wp-content\\\/uploads\\\/2023\\\/08\\\/gmao-1200x630-1.jpg\",\"contentUrl\":\"https:\\\/\\\/spacewell.com\\\/wp-content\\\/uploads\\\/2023\\\/08\\\/gmao-1200x630-1.jpg\",\"width\":1200,\"height\":630,\"caption\":\"GMAO\"},{\"@type\":\"BreadcrumbList\",\"@id\":\"https:\\\/\\\/spacewell.com\\\/fr\\\/societe\\\/responsabilite-des-entreprises-et-developpement-durable\\\/#breadcrumb\",\"itemListElement\":[{\"@type\":\"ListItem\",\"position\":1,\"name\":\"Home\",\"item\":\"https:\\\/\\\/spacewell.com\\\/fr\\\/\"},{\"@type\":\"ListItem\",\"position\":2,\"name\":\"Soci\u00e9t\u00e9\",\"item\":\"https:\\\/\\\/spacewell.com\\\/fr\\\/company\\\/\"},{\"@type\":\"ListItem\",\"position\":3,\"name\":\"Responsabilit\u00e9 des entreprises et d\u00e9veloppement durable\"}]},{\"@type\":\"WebSite\",\"@id\":\"https:\\\/\\\/spacewell.com\\\/fr\\\/#website\",\"url\":\"https:\\\/\\\/spacewell.com\\\/fr\\\/\",\"name\":\"Spacewell | A Nemetschek Company\",\"description\":\"Make buildings work for people\",\"publisher\":{\"@id\":\"https:\\\/\\\/spacewell.com\\\/fr\\\/#organization\"},\"potentialAction\":[{\"@type\":\"SearchAction\",\"target\":{\"@type\":\"EntryPoint\",\"urlTemplate\":\"https:\\\/\\\/spacewell.com\\\/fr\\\/?s={search_term_string}\"},\"query-input\":{\"@type\":\"PropertyValueSpecification\",\"valueRequired\":true,\"valueName\":\"search_term_string\"}}],\"inLanguage\":\"fr-FR\"},{\"@type\":\"Organization\",\"@id\":\"https:\\\/\\\/spacewell.com\\\/fr\\\/#organization\",\"name\":\"Spacewell | A Nemetschek Company\",\"url\":\"https:\\\/\\\/spacewell.com\\\/fr\\\/\",\"logo\":{\"@type\":\"ImageObject\",\"inLanguage\":\"fr-FR\",\"@id\":\"https:\\\/\\\/spacewell.com\\\/fr\\\/#\\\/schema\\\/logo\\\/image\\\/\",\"url\":\"https:\\\/\\\/spacewell.com\\\/wp-content\\\/uploads\\\/2023\\\/05\\\/spacewell-logo-500x88-1.webp\",\"contentUrl\":\"https:\\\/\\\/spacewell.com\\\/wp-content\\\/uploads\\\/2023\\\/05\\\/spacewell-logo-500x88-1.webp\",\"width\":500,\"height\":88,\"caption\":\"Spacewell | A Nemetschek Company\"},\"image\":{\"@id\":\"https:\\\/\\\/spacewell.com\\\/fr\\\/#\\\/schema\\\/logo\\\/image\\\/\"},\"sameAs\":[\"https:\\\/\\\/www.facebook.com\\\/SpacewellHQ\",\"https:\\\/\\\/x.com\\\/Spacewell_HQ\"]}]}<\/script>\n<!-- \/ Yoast SEO Premium plugin. -->","yoast_head_json":{"title":"Responsabilit\u00e9 des entreprises \u2013 SPACEWELL | A Nemetschek Company","description":"Spacewell vise \u00e0 agir de mani\u00e8re responsable et qui favorise les pratiques commerciales \u00e9thiques et contribue au d\u00e9veloppement durable","robots":{"index":"index","follow":"follow","max-snippet":"max-snippet:-1","max-image-preview":"max-image-preview:large","max-video-preview":"max-video-preview:-1"},"canonical":"https:\/\/spacewell.com\/fr\/societe\/responsabilite-des-entreprises-et-developpement-durable\/","og_locale":"fr_FR","og_type":"article","og_title":"Responsabilit\u00e9 des entreprises et d\u00e9veloppement durable","og_description":"Spacewell vise \u00e0 agir de mani\u00e8re responsable et qui favorise les pratiques commerciales \u00e9thiques et contribue au d\u00e9veloppement durable","og_url":"https:\/\/spacewell.com\/fr\/societe\/responsabilite-des-entreprises-et-developpement-durable\/","og_site_name":"Spacewell | A Nemetschek Company","article_publisher":"https:\/\/www.facebook.com\/SpacewellHQ","article_modified_time":"2023-10-17T07:40:39+00:00","og_image":[{"width":1200,"height":630,"url":"https:\/\/spacewell.com\/wp-content\/uploads\/2023\/08\/gmao-1200x630-1.jpg","type":"image\/jpeg"}],"twitter_card":"summary_large_image","twitter_site":"@Spacewell_HQ","twitter_misc":{"Dur\u00e9e de lecture estim\u00e9e":"4 minutes"},"schema":{"@context":"https:\/\/schema.org","@graph":[{"@type":"WebPage","@id":"https:\/\/spacewell.com\/fr\/societe\/responsabilite-des-entreprises-et-developpement-durable\/","url":"https:\/\/spacewell.com\/fr\/societe\/responsabilite-des-entreprises-et-developpement-durable\/","name":"Responsabilit\u00e9 des entreprises \u2013 SPACEWELL | A Nemetschek Company","isPartOf":{"@id":"https:\/\/spacewell.com\/fr\/#website"},"primaryImageOfPage":{"@id":"https:\/\/spacewell.com\/fr\/societe\/responsabilite-des-entreprises-et-developpement-durable\/#primaryimage"},"image":{"@id":"https:\/\/spacewell.com\/fr\/societe\/responsabilite-des-entreprises-et-developpement-durable\/#primaryimage"},"thumbnailUrl":"https:\/\/spacewell.com\/wp-content\/uploads\/2023\/08\/gmao-1200x630-1.jpg","datePublished":"2023-06-01T09:20:10+00:00","dateModified":"2023-10-17T07:40:39+00:00","description":"Spacewell vise \u00e0 agir de mani\u00e8re responsable et qui favorise les pratiques commerciales \u00e9thiques et contribue au d\u00e9veloppement durable","breadcrumb":{"@id":"https:\/\/spacewell.com\/fr\/societe\/responsabilite-des-entreprises-et-developpement-durable\/#breadcrumb"},"inLanguage":"fr-FR","potentialAction":[{"@type":"ReadAction","target":["https:\/\/spacewell.com\/fr\/societe\/responsabilite-des-entreprises-et-developpement-durable\/"]}]},{"@type":"ImageObject","inLanguage":"fr-FR","@id":"https:\/\/spacewell.com\/fr\/societe\/responsabilite-des-entreprises-et-developpement-durable\/#primaryimage","url":"https:\/\/spacewell.com\/wp-content\/uploads\/2023\/08\/gmao-1200x630-1.jpg","contentUrl":"https:\/\/spacewell.com\/wp-content\/uploads\/2023\/08\/gmao-1200x630-1.jpg","width":1200,"height":630,"caption":"GMAO"},{"@type":"BreadcrumbList","@id":"https:\/\/spacewell.com\/fr\/societe\/responsabilite-des-entreprises-et-developpement-durable\/#breadcrumb","itemListElement":[{"@type":"ListItem","position":1,"name":"Home","item":"https:\/\/spacewell.com\/fr\/"},{"@type":"ListItem","position":2,"name":"Soci\u00e9t\u00e9","item":"https:\/\/spacewell.com\/fr\/company\/"},{"@type":"ListItem","position":3,"name":"Responsabilit\u00e9 des entreprises et d\u00e9veloppement durable"}]},{"@type":"WebSite","@id":"https:\/\/spacewell.com\/fr\/#website","url":"https:\/\/spacewell.com\/fr\/","name":"Spacewell | A Nemetschek Company","description":"Make buildings work for people","publisher":{"@id":"https:\/\/spacewell.com\/fr\/#organization"},"potentialAction":[{"@type":"SearchAction","target":{"@type":"EntryPoint","urlTemplate":"https:\/\/spacewell.com\/fr\/?s={search_term_string}"},"query-input":{"@type":"PropertyValueSpecification","valueRequired":true,"valueName":"search_term_string"}}],"inLanguage":"fr-FR"},{"@type":"Organization","@id":"https:\/\/spacewell.com\/fr\/#organization","name":"Spacewell | A Nemetschek Company","url":"https:\/\/spacewell.com\/fr\/","logo":{"@type":"ImageObject","inLanguage":"fr-FR","@id":"https:\/\/spacewell.com\/fr\/#\/schema\/logo\/image\/","url":"https:\/\/spacewell.com\/wp-content\/uploads\/2023\/05\/spacewell-logo-500x88-1.webp","contentUrl":"https:\/\/spacewell.com\/wp-content\/uploads\/2023\/05\/spacewell-logo-500x88-1.webp","width":500,"height":88,"caption":"Spacewell | A Nemetschek Company"},"image":{"@id":"https:\/\/spacewell.com\/fr\/#\/schema\/logo\/image\/"},"sameAs":["https:\/\/www.facebook.com\/SpacewellHQ","https:\/\/x.com\/Spacewell_HQ"]}]}},"_links":{"self":[{"href":"https:\/\/spacewell.com\/fr\/wp-json\/wp\/v2\/pages\/414","targetHints":{"allow":["GET"]}}],"collection":[{"href":"https:\/\/spacewell.com\/fr\/wp-json\/wp\/v2\/pages"}],"about":[{"href":"https:\/\/spacewell.com\/fr\/wp-json\/wp\/v2\/types\/page"}],"author":[{"embeddable":true,"href":"https:\/\/spacewell.com\/fr\/wp-json\/wp\/v2\/users\/29"}],"replies":[{"embeddable":true,"href":"https:\/\/spacewell.com\/fr\/wp-json\/wp\/v2\/comments?post=414"}],"version-history":[{"count":0,"href":"https:\/\/spacewell.com\/fr\/wp-json\/wp\/v2\/pages\/414\/revisions"}],"up":[{"embeddable":true,"href":"https:\/\/spacewell.com\/fr\/wp-json\/wp\/v2\/pages\/275"}],"wp:featuredmedia":[{"embeddable":true,"href":"https:\/\/spacewell.com\/fr\/wp-json\/wp\/v2\/media\/13185"}],"wp:attachment":[{"href":"https:\/\/spacewell.com\/fr\/wp-json\/wp\/v2\/media?parent=414"}],"curies":[{"name":"wp","href":"https:\/\/api.w.org\/{rel}","templated":true}]}}