


{"id":390,"date":"2023-06-01T09:34:29","date_gmt":"2023-06-01T07:34:29","guid":{"rendered":"https:\/\/spacewell.com\/societe\/nous-contacter\/emea\/"},"modified":"2023-10-26T16:14:27","modified_gmt":"2023-10-26T14:14:27","slug":"emea","status":"publish","type":"page","link":"https:\/\/spacewell.com\/fr\/locations\/emea\/","title":{"rendered":"EMEA"},"content":{"rendered":"<div class=\"gb-container gb-container-ff16b206\">\n<div class=\"gb-container gb-container-4f0b20d1\">\n\n<h1 class=\"gb-headline gb-headline-4924d78c gb-headline-text gb-headline-902a6ace m-0\">Contact Spacewell EMEA<\/h1>\n\n<\/div>\n<\/div>\n\n<div class=\"gb-container gb-container-73b50695\">\n<div class=\"wp-block-sw-blocks-map\">\n\t<div id=\"google-map\" style=\"height:500px\"><\/div>\n<\/div>\n<script>\n\tfunction initMap() {\n\t\tconst markers = [{\"address\":\"Sneeuwbeslaan 20, 2610 Antwerpen, Belgium\",\"title\":\"Belgium\"},{\"address\":\"Balcke-D\\u00fcrr-Allee 1, 40882 Ratingen, Germany\",\"title\":\"Germany\"},{\"address\":\"Groningensingel 1, 6835 EA Arnhem, Netherlands\",\"title\":\"Netherlands\"},{\"address\":\"Marma 113, 741 93 Knivsta, Sweden\",\"title\":\"Sweden\"},{\"address\":\"5 Rue du Clo\\u00eetre Saint-Merri, 75004 Paris, France\",\"title\":\"France\"},{\"address\":\"C\\\/ de N\\u00e0pols, 189, bajos d, 08013 Barcelona, Spain\",\"title\":\"Spain\"}];\n\t\tinitialiseMap(markers);\n\t}\n<\/script>\n<\/div>\n\n<div class=\"gb-container gb-container-72d5f8b0\">\n<div class=\"gb-container gb-container-b9476d52 gb-container-5731d80c\">\n<div class=\"gb-container gb-container-184c2c3c\">\n\n<h3 class=\"gb-headline gb-headline-b8685042 gb-headline-text\">EMEA<\/h3>\n\n<\/div>\n\n<div class=\"gb-grid-wrapper gb-grid-wrapper-f6111984\">\n<div class=\"gb-grid-column gb-grid-column-3fbe469c\"><div class=\"gb-container gb-container-3fbe469c\">\n\n<h4 class=\"gb-headline gb-headline-56c8321d gb-headline-text\">Belgique<\/h4>\n\n\n\n<p>Sneeuwbeslaan 20b3<br>2610 Anvers (Belgique)<br>+32 (0)3 829 04 95<br>info@spacewell.com<\/p>\n\n\n\n<h4 class=\"gb-headline gb-headline-67b7c882 gb-headline-text\">Allemagne<\/h4>\n\n\n\n<p>Balcke-D\u00fcrr-Allee 1<br>40882 Ratingen<br>+49 2102 55460<br>Deutschland@spacewell.com<\/p>\n\n\n\n<h4 class=\"gb-headline gb-headline-94280a4c gb-headline-text\">Nordiques &amp; Pays baltes \u2013 Stockholm<\/h4>\n\n\n\n<p>Marma 113<br>74193 Knivsta, Uppsala, Sweden<br>+46 (0)1 871 3600 \/ +46 (0) 727217600<br>Nordics@spacewell.com<\/p>\n\n\n\n<h4 class=\"gb-headline gb-headline-d75cc373 gb-headline-text\">Autres pays de l\u2019EMEA <\/h4>\n\n\n\n<p>+32 (0)3 829 04 95<br>info@spacewell.com<\/p>\n\n<\/div><\/div>\n\n<div class=\"gb-grid-column gb-grid-column-00c17aef\"><div class=\"gb-container gb-container-00c17aef\">\n\n<h4 class=\"gb-headline gb-headline-9a0d80f7 gb-headline-text\">France<\/h4>\n\n\n\n<p>5 Rue du Clo\u00eetre Saint-Merri<br>75004 Paris<br>+33 (0)1 8425 7928<br>France@spacewell.com<\/p>\n\n\n\n<h4 class=\"gb-headline gb-headline-df61d1c6 gb-headline-text\">Espagne (Dexma)<\/h4>\n\n\n\n<p>C\/ N\u00e0pols 189, Bajos D<br>08013 Barcelona, Spain<br>+34 931 810 195<br>marketing@dexma.com<\/p>\n\n\n\n<h4 class=\"gb-headline gb-headline-8249de06 gb-headline-text\">Pays-Bas<\/h4>\n\n\n\n<p>Groningensingel 1 (1er \u00e9tage, aile B)<br>6835 EA Arnhem<br>+31 (0)85 0449 309<br>Nederland@spacewell.com<\/p>\n\n<\/div><\/div>\n<\/div>\n<\/div>\n<\/div>","protected":false},"excerpt":{"rendered":"<p>Contact Spacewell EMEA EMEA<\/p>\n","protected":false},"author":29,"featured_media":23895,"parent":325,"menu_order":0,"comment_status":"closed","ping_status":"closed","template":"","meta":{"_acf_changed":false,"footnotes":""},"class_list":{"0":"post-390","1":"page","2":"type-page","3":"status-publish","4":"has-post-thumbnail","6":"no-featured-image-padding"},"acf":[],"yoast_head":"<!-- This site is optimized with the Yoast SEO Premium plugin v26.0 (Yoast SEO v27.4) - https:\/\/yoast.com\/product\/yoast-seo-premium-wordpress\/ -->\n<title>EMEA | Spacewell<\/title>\n<meta name=\"description\" content=\"Vous cherchez \u00e0 am\u00e9liorer les performances de vos portefeuilles de b\u00e2timents et de vos lieux de travail agiles dans la r\u00e9gion EMEA ? Contactez l&#039;un de nos bureaux d\u00e8s aujourd&#039;hui.\" \/>\n<meta name=\"robots\" content=\"index, follow, max-snippet:-1, max-image-preview:large, max-video-preview:-1\" \/>\n<link rel=\"canonical\" href=\"https:\/\/spacewell.com\/fr\/locations\/emea\/\" \/>\n<meta property=\"og:locale\" content=\"fr_FR\" \/>\n<meta property=\"og:type\" content=\"article\" \/>\n<meta property=\"og:title\" content=\"EMEA\" \/>\n<meta property=\"og:description\" content=\"Vous cherchez \u00e0 am\u00e9liorer les performances de vos portefeuilles de b\u00e2timents et de vos lieux de travail agiles dans la r\u00e9gion EMEA ? Contactez l&#039;un de nos bureaux d\u00e8s aujourd&#039;hui.\" \/>\n<meta property=\"og:url\" content=\"https:\/\/spacewell.com\/fr\/locations\/emea\/\" \/>\n<meta property=\"og:site_name\" content=\"Spacewell | A Nemetschek Company\" \/>\n<meta property=\"article:publisher\" content=\"https:\/\/www.facebook.com\/SpacewellHQ\" \/>\n<meta property=\"article:modified_time\" content=\"2023-10-26T14:14:27+00:00\" \/>\n<meta property=\"og:image\" content=\"https:\/\/spacewell.com\/wp-content\/uploads\/2023\/10\/person-looking-at-laptop-holding-a-phone-1200x630-1.png\" \/>\n\t<meta property=\"og:image:width\" content=\"1200\" \/>\n\t<meta property=\"og:image:height\" content=\"630\" \/>\n\t<meta property=\"og:image:type\" content=\"image\/png\" \/>\n<meta name=\"twitter:card\" content=\"summary_large_image\" \/>\n<meta name=\"twitter:site\" content=\"@Spacewell_HQ\" \/>\n<meta name=\"twitter:label1\" content=\"Dur\u00e9e de lecture estim\u00e9e\" \/>\n\t<meta name=\"twitter:data1\" content=\"1 minute\" \/>\n<script type=\"application\/ld+json\" class=\"yoast-schema-graph\">{\"@context\":\"https:\\\/\\\/schema.org\",\"@graph\":[{\"@type\":\"WebPage\",\"@id\":\"https:\\\/\\\/spacewell.com\\\/fr\\\/locations\\\/emea\\\/\",\"url\":\"https:\\\/\\\/spacewell.com\\\/fr\\\/locations\\\/emea\\\/\",\"name\":\"EMEA | Spacewell\",\"isPartOf\":{\"@id\":\"https:\\\/\\\/spacewell.com\\\/fr\\\/#website\"},\"primaryImageOfPage\":{\"@id\":\"https:\\\/\\\/spacewell.com\\\/fr\\\/locations\\\/emea\\\/#primaryimage\"},\"image\":{\"@id\":\"https:\\\/\\\/spacewell.com\\\/fr\\\/locations\\\/emea\\\/#primaryimage\"},\"thumbnailUrl\":\"https:\\\/\\\/spacewell.com\\\/wp-content\\\/uploads\\\/2023\\\/10\\\/person-looking-at-laptop-holding-a-phone-1200x630-1.png\",\"datePublished\":\"2023-06-01T07:34:29+00:00\",\"dateModified\":\"2023-10-26T14:14:27+00:00\",\"description\":\"Vous cherchez \u00e0 am\u00e9liorer les performances de vos portefeuilles de b\u00e2timents et de vos lieux de travail agiles dans la r\u00e9gion EMEA ? Contactez l'un de nos bureaux d\u00e8s aujourd'hui.\",\"breadcrumb\":{\"@id\":\"https:\\\/\\\/spacewell.com\\\/fr\\\/locations\\\/emea\\\/#breadcrumb\"},\"inLanguage\":\"fr-FR\",\"potentialAction\":[{\"@type\":\"ReadAction\",\"target\":[\"https:\\\/\\\/spacewell.com\\\/fr\\\/locations\\\/emea\\\/\"]}]},{\"@type\":\"ImageObject\",\"inLanguage\":\"fr-FR\",\"@id\":\"https:\\\/\\\/spacewell.com\\\/fr\\\/locations\\\/emea\\\/#primaryimage\",\"url\":\"https:\\\/\\\/spacewell.com\\\/wp-content\\\/uploads\\\/2023\\\/10\\\/person-looking-at-laptop-holding-a-phone-1200x630-1.png\",\"contentUrl\":\"https:\\\/\\\/spacewell.com\\\/wp-content\\\/uploads\\\/2023\\\/10\\\/person-looking-at-laptop-holding-a-phone-1200x630-1.png\",\"width\":1200,\"height\":630,\"caption\":\"Personne regardant un ordinateur portable et tenant un t\u00e9l\u00e9phone\"},{\"@type\":\"BreadcrumbList\",\"@id\":\"https:\\\/\\\/spacewell.com\\\/fr\\\/locations\\\/emea\\\/#breadcrumb\",\"itemListElement\":[{\"@type\":\"ListItem\",\"position\":1,\"name\":\"Home\",\"item\":\"https:\\\/\\\/spacewell.com\\\/fr\\\/\"},{\"@type\":\"ListItem\",\"position\":2,\"name\":\"Localisation des sites\",\"item\":\"https:\\\/\\\/spacewell.com\\\/fr\\\/locations\\\/\"},{\"@type\":\"ListItem\",\"position\":3,\"name\":\"EMEA\"}]},{\"@type\":\"WebSite\",\"@id\":\"https:\\\/\\\/spacewell.com\\\/fr\\\/#website\",\"url\":\"https:\\\/\\\/spacewell.com\\\/fr\\\/\",\"name\":\"Spacewell | A Nemetschek Company\",\"description\":\"Make buildings work for people\",\"publisher\":{\"@id\":\"https:\\\/\\\/spacewell.com\\\/fr\\\/#organization\"},\"potentialAction\":[{\"@type\":\"SearchAction\",\"target\":{\"@type\":\"EntryPoint\",\"urlTemplate\":\"https:\\\/\\\/spacewell.com\\\/fr\\\/?s={search_term_string}\"},\"query-input\":{\"@type\":\"PropertyValueSpecification\",\"valueRequired\":true,\"valueName\":\"search_term_string\"}}],\"inLanguage\":\"fr-FR\"},{\"@type\":\"Organization\",\"@id\":\"https:\\\/\\\/spacewell.com\\\/fr\\\/#organization\",\"name\":\"Spacewell | A Nemetschek Company\",\"url\":\"https:\\\/\\\/spacewell.com\\\/fr\\\/\",\"logo\":{\"@type\":\"ImageObject\",\"inLanguage\":\"fr-FR\",\"@id\":\"https:\\\/\\\/spacewell.com\\\/fr\\\/#\\\/schema\\\/logo\\\/image\\\/\",\"url\":\"https:\\\/\\\/spacewell.com\\\/wp-content\\\/uploads\\\/2023\\\/05\\\/spacewell-logo-500x88-1.webp\",\"contentUrl\":\"https:\\\/\\\/spacewell.com\\\/wp-content\\\/uploads\\\/2023\\\/05\\\/spacewell-logo-500x88-1.webp\",\"width\":500,\"height\":88,\"caption\":\"Spacewell | A Nemetschek Company\"},\"image\":{\"@id\":\"https:\\\/\\\/spacewell.com\\\/fr\\\/#\\\/schema\\\/logo\\\/image\\\/\"},\"sameAs\":[\"https:\\\/\\\/www.facebook.com\\\/SpacewellHQ\",\"https:\\\/\\\/x.com\\\/Spacewell_HQ\"]}]}<\/script>\n<!-- \/ Yoast SEO Premium plugin. -->","yoast_head_json":{"title":"EMEA | Spacewell","description":"Vous cherchez \u00e0 am\u00e9liorer les performances de vos portefeuilles de b\u00e2timents et de vos lieux de travail agiles dans la r\u00e9gion EMEA ? Contactez l'un de nos bureaux d\u00e8s aujourd'hui.","robots":{"index":"index","follow":"follow","max-snippet":"max-snippet:-1","max-image-preview":"max-image-preview:large","max-video-preview":"max-video-preview:-1"},"canonical":"https:\/\/spacewell.com\/fr\/locations\/emea\/","og_locale":"fr_FR","og_type":"article","og_title":"EMEA","og_description":"Vous cherchez \u00e0 am\u00e9liorer les performances de vos portefeuilles de b\u00e2timents et de vos lieux de travail agiles dans la r\u00e9gion EMEA ? Contactez l'un de nos bureaux d\u00e8s aujourd'hui.","og_url":"https:\/\/spacewell.com\/fr\/locations\/emea\/","og_site_name":"Spacewell | A Nemetschek Company","article_publisher":"https:\/\/www.facebook.com\/SpacewellHQ","article_modified_time":"2023-10-26T14:14:27+00:00","og_image":[{"width":1200,"height":630,"url":"https:\/\/spacewell.com\/wp-content\/uploads\/2023\/10\/person-looking-at-laptop-holding-a-phone-1200x630-1.png","type":"image\/png"}],"twitter_card":"summary_large_image","twitter_site":"@Spacewell_HQ","twitter_misc":{"Dur\u00e9e de lecture estim\u00e9e":"1 minute"},"schema":{"@context":"https:\/\/schema.org","@graph":[{"@type":"WebPage","@id":"https:\/\/spacewell.com\/fr\/locations\/emea\/","url":"https:\/\/spacewell.com\/fr\/locations\/emea\/","name":"EMEA | Spacewell","isPartOf":{"@id":"https:\/\/spacewell.com\/fr\/#website"},"primaryImageOfPage":{"@id":"https:\/\/spacewell.com\/fr\/locations\/emea\/#primaryimage"},"image":{"@id":"https:\/\/spacewell.com\/fr\/locations\/emea\/#primaryimage"},"thumbnailUrl":"https:\/\/spacewell.com\/wp-content\/uploads\/2023\/10\/person-looking-at-laptop-holding-a-phone-1200x630-1.png","datePublished":"2023-06-01T07:34:29+00:00","dateModified":"2023-10-26T14:14:27+00:00","description":"Vous cherchez \u00e0 am\u00e9liorer les performances de vos portefeuilles de b\u00e2timents et de vos lieux de travail agiles dans la r\u00e9gion EMEA ? Contactez l'un de nos bureaux d\u00e8s aujourd'hui.","breadcrumb":{"@id":"https:\/\/spacewell.com\/fr\/locations\/emea\/#breadcrumb"},"inLanguage":"fr-FR","potentialAction":[{"@type":"ReadAction","target":["https:\/\/spacewell.com\/fr\/locations\/emea\/"]}]},{"@type":"ImageObject","inLanguage":"fr-FR","@id":"https:\/\/spacewell.com\/fr\/locations\/emea\/#primaryimage","url":"https:\/\/spacewell.com\/wp-content\/uploads\/2023\/10\/person-looking-at-laptop-holding-a-phone-1200x630-1.png","contentUrl":"https:\/\/spacewell.com\/wp-content\/uploads\/2023\/10\/person-looking-at-laptop-holding-a-phone-1200x630-1.png","width":1200,"height":630,"caption":"Personne regardant un ordinateur portable et tenant un t\u00e9l\u00e9phone"},{"@type":"BreadcrumbList","@id":"https:\/\/spacewell.com\/fr\/locations\/emea\/#breadcrumb","itemListElement":[{"@type":"ListItem","position":1,"name":"Home","item":"https:\/\/spacewell.com\/fr\/"},{"@type":"ListItem","position":2,"name":"Localisation des sites","item":"https:\/\/spacewell.com\/fr\/locations\/"},{"@type":"ListItem","position":3,"name":"EMEA"}]},{"@type":"WebSite","@id":"https:\/\/spacewell.com\/fr\/#website","url":"https:\/\/spacewell.com\/fr\/","name":"Spacewell | A Nemetschek Company","description":"Make buildings work for people","publisher":{"@id":"https:\/\/spacewell.com\/fr\/#organization"},"potentialAction":[{"@type":"SearchAction","target":{"@type":"EntryPoint","urlTemplate":"https:\/\/spacewell.com\/fr\/?s={search_term_string}"},"query-input":{"@type":"PropertyValueSpecification","valueRequired":true,"valueName":"search_term_string"}}],"inLanguage":"fr-FR"},{"@type":"Organization","@id":"https:\/\/spacewell.com\/fr\/#organization","name":"Spacewell | A Nemetschek Company","url":"https:\/\/spacewell.com\/fr\/","logo":{"@type":"ImageObject","inLanguage":"fr-FR","@id":"https:\/\/spacewell.com\/fr\/#\/schema\/logo\/image\/","url":"https:\/\/spacewell.com\/wp-content\/uploads\/2023\/05\/spacewell-logo-500x88-1.webp","contentUrl":"https:\/\/spacewell.com\/wp-content\/uploads\/2023\/05\/spacewell-logo-500x88-1.webp","width":500,"height":88,"caption":"Spacewell | A Nemetschek Company"},"image":{"@id":"https:\/\/spacewell.com\/fr\/#\/schema\/logo\/image\/"},"sameAs":["https:\/\/www.facebook.com\/SpacewellHQ","https:\/\/x.com\/Spacewell_HQ"]}]}},"_links":{"self":[{"href":"https:\/\/spacewell.com\/fr\/wp-json\/wp\/v2\/pages\/390","targetHints":{"allow":["GET"]}}],"collection":[{"href":"https:\/\/spacewell.com\/fr\/wp-json\/wp\/v2\/pages"}],"about":[{"href":"https:\/\/spacewell.com\/fr\/wp-json\/wp\/v2\/types\/page"}],"author":[{"embeddable":true,"href":"https:\/\/spacewell.com\/fr\/wp-json\/wp\/v2\/users\/29"}],"replies":[{"embeddable":true,"href":"https:\/\/spacewell.com\/fr\/wp-json\/wp\/v2\/comments?post=390"}],"version-history":[{"count":0,"href":"https:\/\/spacewell.com\/fr\/wp-json\/wp\/v2\/pages\/390\/revisions"}],"up":[{"embeddable":true,"href":"https:\/\/spacewell.com\/fr\/wp-json\/wp\/v2\/pages\/325"}],"wp:featuredmedia":[{"embeddable":true,"href":"https:\/\/spacewell.com\/fr\/wp-json\/wp\/v2\/media\/23895"}],"wp:attachment":[{"href":"https:\/\/spacewell.com\/fr\/wp-json\/wp\/v2\/media?parent=390"}],"curies":[{"name":"wp","href":"https:\/\/api.w.org\/{rel}","templated":true}]}}