


{"id":374,"date":"2023-06-01T09:22:17","date_gmt":"2023-06-01T07:22:17","guid":{"rendered":"https:\/\/spacewell.com\/societe\/nous-contacter\/demande-de-demonstration-gratuite\/"},"modified":"2024-03-08T18:03:34","modified_gmt":"2024-03-08T17:03:34","slug":"demande-demo-gratuite","status":"publish","type":"page","link":"https:\/\/spacewell.com\/fr\/locations\/demande-demo-gratuite\/","title":{"rendered":"Demande de d\u00e9monstration gratuite"},"content":{"rendered":"<div class=\"gb-container gb-container-25d59f89\">\n<div class=\"gb-grid-wrapper gb-grid-wrapper-35974b55\">\n<div class=\"gb-grid-column gb-grid-column-0f1952d4\"><div class=\"gb-container gb-container-0f1952d4\">\n\n<h1 class=\"gb-headline gb-headline-d25ae97a gb-headline-text gb-headline-902a6ace\">Demandez une d\u00e9monstration gratuite et personnalis\u00e9e<\/h1>\n\n\n\n<p>Prenez rendez-vous pour une d\u00e9monstration en direct avec un sp\u00e9cialiste produit<\/p>\n\n\n\n<ul class=\"wp-block-list\">\n<li>100 % <strong>gratuite et sans engagement de votre part<\/strong><\/li>\n\n\n\n<li>Rencontrez un expert en <strong>t\u00eate-\u00e0-t\u00eate<\/strong><\/li>\n\n\n\n<li>Obtenez des <strong>r\u00e9ponses rapides \u00e0 toutes vos questions<\/strong><\/li>\n<\/ul>\n\n<\/div><\/div>\n\n<div class=\"gb-grid-column gb-grid-column-2d2394af\"><div class=\"gb-container gb-container-2d2394af\">\n\n<figure class=\"gb-block-image gb-block-image-4ce3e84e\"><img loading=\"lazy\" decoding=\"async\" width=\"1024\" height=\"1024\" class=\"gb-image gb-image-4ce3e84e\" src=\"\/wp-content\/uploads\/2023\/09\/lady-sitting-at-desk-smiling-1024x1024-1.png\" alt=\"Dame assise \u00e0 son bureau et souriante.\" srcset=\"https:\/\/spacewell.com\/wp-content\/uploads\/2023\/09\/lady-sitting-at-desk-smiling-1024x1024-1.png 1024w, https:\/\/spacewell.com\/wp-content\/uploads\/2023\/09\/lady-sitting-at-desk-smiling-1024x1024-1-500x500.png 500w, https:\/\/spacewell.com\/wp-content\/uploads\/2023\/09\/lady-sitting-at-desk-smiling-1024x1024-1-250x250.png 250w, https:\/\/spacewell.com\/wp-content\/uploads\/2023\/09\/lady-sitting-at-desk-smiling-1024x1024-1-768x768.png 768w\" sizes=\"auto, (max-width: 1024px) 100vw, 1024px\" \/><\/figure>\n\n<\/div><\/div>\n<\/div>\n<\/div>\n\n<div class=\"gb-container gb-container-3dbe651b\">\n<div class=\"gb-grid-wrapper gb-grid-wrapper-8d7a578a\">\n<div class=\"gb-grid-column gb-grid-column-db4611e5\"><div class=\"gb-container gb-container-db4611e5\">\n\n<p>Nous sommes l\u00e0 pour vous assister dans la recherche des solutions les mieux adapt\u00e9es \u00e0 vos besoins. Faites-nous part de vos domaines d\u2019int\u00e9r\u00eat et nous personnaliserons votre d\u00e9monstration pour r\u00e9pondre aux d\u00e9fis uniques de votre entreprise.<\/p>\n\n<\/div><\/div>\n\n<div class=\"gb-grid-column gb-grid-column-a8025aaa\"><div class=\"gb-container gb-container-a8025aaa\">\n\n<script charset=\"utf-8\" type=\"text\/javascript\" src=\"\/\/js.hsforms.net\/forms\/embed\/v2.js\"><\/script>\n<script>\n  hbspt.forms.create({\n    region: \"na1\",\n    portalId: \"437281\",\n    formId: \"ab9d78c4-ba8e-4bd2-b8d1-d9ef22dc6eb6\"\n  });\n<\/script>\n\n<\/div><\/div>\n<\/div>\n<\/div>","protected":false},"excerpt":{"rendered":"","protected":false},"author":29,"featured_media":23903,"parent":325,"menu_order":0,"comment_status":"closed","ping_status":"closed","template":"","meta":{"_acf_changed":false,"footnotes":""},"class_list":{"0":"post-374","1":"page","2":"type-page","3":"status-publish","4":"has-post-thumbnail","6":"no-featured-image-padding"},"acf":[],"yoast_head":"<!-- This site is optimized with the Yoast SEO Premium plugin v26.0 (Yoast SEO v27.4) - https:\/\/yoast.com\/product\/yoast-seo-premium-wordpress\/ -->\n<title>Demande de d\u00e9monstration gratuite | Spacewell<\/title>\n<meta name=\"description\" content=\"Veuillez remplir le formulaire et nous vous contacterons pour l\u2019organiser\" \/>\n<meta name=\"robots\" content=\"index, follow, max-snippet:-1, max-image-preview:large, max-video-preview:-1\" \/>\n<link rel=\"canonical\" href=\"https:\/\/spacewell.com\/fr\/locations\/demande-demo-gratuite\/\" \/>\n<meta property=\"og:locale\" content=\"fr_FR\" \/>\n<meta property=\"og:type\" content=\"article\" \/>\n<meta property=\"og:title\" content=\"Demande de d\u00e9monstration gratuite\" \/>\n<meta property=\"og:description\" content=\"Veuillez remplir le formulaire et nous vous contacterons pour l\u2019organiser\" \/>\n<meta property=\"og:url\" content=\"https:\/\/spacewell.com\/fr\/locations\/demande-demo-gratuite\/\" \/>\n<meta property=\"og:site_name\" content=\"Spacewell | A Nemetschek Company\" \/>\n<meta property=\"article:publisher\" content=\"https:\/\/www.facebook.com\/SpacewellHQ\" \/>\n<meta property=\"article:modified_time\" content=\"2024-03-08T17:03:34+00:00\" \/>\n<meta property=\"og:image\" content=\"https:\/\/spacewell.com\/wp-content\/uploads\/2023\/10\/lady-sitting-at-desk-smiling-1200x630-1.png\" \/>\n\t<meta property=\"og:image:width\" content=\"1200\" \/>\n\t<meta property=\"og:image:height\" content=\"630\" \/>\n\t<meta property=\"og:image:type\" content=\"image\/png\" \/>\n<meta name=\"twitter:card\" content=\"summary_large_image\" \/>\n<meta name=\"twitter:site\" content=\"@Spacewell_HQ\" \/>\n<meta name=\"twitter:label1\" content=\"Dur\u00e9e de lecture estim\u00e9e\" \/>\n\t<meta name=\"twitter:data1\" content=\"1 minute\" \/>\n<script type=\"application\/ld+json\" class=\"yoast-schema-graph\">{\"@context\":\"https:\\\/\\\/schema.org\",\"@graph\":[{\"@type\":\"WebPage\",\"@id\":\"https:\\\/\\\/spacewell.com\\\/fr\\\/locations\\\/demande-demo-gratuite\\\/\",\"url\":\"https:\\\/\\\/spacewell.com\\\/fr\\\/locations\\\/demande-demo-gratuite\\\/\",\"name\":\"Demande de d\u00e9monstration gratuite | Spacewell\",\"isPartOf\":{\"@id\":\"https:\\\/\\\/spacewell.com\\\/fr\\\/#website\"},\"primaryImageOfPage\":{\"@id\":\"https:\\\/\\\/spacewell.com\\\/fr\\\/locations\\\/demande-demo-gratuite\\\/#primaryimage\"},\"image\":{\"@id\":\"https:\\\/\\\/spacewell.com\\\/fr\\\/locations\\\/demande-demo-gratuite\\\/#primaryimage\"},\"thumbnailUrl\":\"https:\\\/\\\/spacewell.com\\\/wp-content\\\/uploads\\\/2023\\\/10\\\/lady-sitting-at-desk-smiling-1200x630-1.png\",\"datePublished\":\"2023-06-01T07:22:17+00:00\",\"dateModified\":\"2024-03-08T17:03:34+00:00\",\"description\":\"Veuillez remplir le formulaire et nous vous contacterons pour l\u2019organiser\",\"breadcrumb\":{\"@id\":\"https:\\\/\\\/spacewell.com\\\/fr\\\/locations\\\/demande-demo-gratuite\\\/#breadcrumb\"},\"inLanguage\":\"fr-FR\",\"potentialAction\":[{\"@type\":\"ReadAction\",\"target\":[\"https:\\\/\\\/spacewell.com\\\/fr\\\/locations\\\/demande-demo-gratuite\\\/\"]}]},{\"@type\":\"ImageObject\",\"inLanguage\":\"fr-FR\",\"@id\":\"https:\\\/\\\/spacewell.com\\\/fr\\\/locations\\\/demande-demo-gratuite\\\/#primaryimage\",\"url\":\"https:\\\/\\\/spacewell.com\\\/wp-content\\\/uploads\\\/2023\\\/10\\\/lady-sitting-at-desk-smiling-1200x630-1.png\",\"contentUrl\":\"https:\\\/\\\/spacewell.com\\\/wp-content\\\/uploads\\\/2023\\\/10\\\/lady-sitting-at-desk-smiling-1200x630-1.png\",\"width\":1200,\"height\":630,\"caption\":\"Lady sitting at desk smiling.\"},{\"@type\":\"BreadcrumbList\",\"@id\":\"https:\\\/\\\/spacewell.com\\\/fr\\\/locations\\\/demande-demo-gratuite\\\/#breadcrumb\",\"itemListElement\":[{\"@type\":\"ListItem\",\"position\":1,\"name\":\"Home\",\"item\":\"https:\\\/\\\/spacewell.com\\\/fr\\\/\"},{\"@type\":\"ListItem\",\"position\":2,\"name\":\"Localisation des sites\",\"item\":\"https:\\\/\\\/spacewell.com\\\/fr\\\/locations\\\/\"},{\"@type\":\"ListItem\",\"position\":3,\"name\":\"Demande de d\u00e9monstration gratuite\"}]},{\"@type\":\"WebSite\",\"@id\":\"https:\\\/\\\/spacewell.com\\\/fr\\\/#website\",\"url\":\"https:\\\/\\\/spacewell.com\\\/fr\\\/\",\"name\":\"Spacewell | A Nemetschek Company\",\"description\":\"Make buildings work for people\",\"publisher\":{\"@id\":\"https:\\\/\\\/spacewell.com\\\/fr\\\/#organization\"},\"potentialAction\":[{\"@type\":\"SearchAction\",\"target\":{\"@type\":\"EntryPoint\",\"urlTemplate\":\"https:\\\/\\\/spacewell.com\\\/fr\\\/?s={search_term_string}\"},\"query-input\":{\"@type\":\"PropertyValueSpecification\",\"valueRequired\":true,\"valueName\":\"search_term_string\"}}],\"inLanguage\":\"fr-FR\"},{\"@type\":\"Organization\",\"@id\":\"https:\\\/\\\/spacewell.com\\\/fr\\\/#organization\",\"name\":\"Spacewell | A Nemetschek Company\",\"url\":\"https:\\\/\\\/spacewell.com\\\/fr\\\/\",\"logo\":{\"@type\":\"ImageObject\",\"inLanguage\":\"fr-FR\",\"@id\":\"https:\\\/\\\/spacewell.com\\\/fr\\\/#\\\/schema\\\/logo\\\/image\\\/\",\"url\":\"https:\\\/\\\/spacewell.com\\\/wp-content\\\/uploads\\\/2023\\\/05\\\/spacewell-logo-500x88-1.webp\",\"contentUrl\":\"https:\\\/\\\/spacewell.com\\\/wp-content\\\/uploads\\\/2023\\\/05\\\/spacewell-logo-500x88-1.webp\",\"width\":500,\"height\":88,\"caption\":\"Spacewell | A Nemetschek Company\"},\"image\":{\"@id\":\"https:\\\/\\\/spacewell.com\\\/fr\\\/#\\\/schema\\\/logo\\\/image\\\/\"},\"sameAs\":[\"https:\\\/\\\/www.facebook.com\\\/SpacewellHQ\",\"https:\\\/\\\/x.com\\\/Spacewell_HQ\"]}]}<\/script>\n<!-- \/ Yoast SEO Premium plugin. -->","yoast_head_json":{"title":"Demande de d\u00e9monstration gratuite | Spacewell","description":"Veuillez remplir le formulaire et nous vous contacterons pour l\u2019organiser","robots":{"index":"index","follow":"follow","max-snippet":"max-snippet:-1","max-image-preview":"max-image-preview:large","max-video-preview":"max-video-preview:-1"},"canonical":"https:\/\/spacewell.com\/fr\/locations\/demande-demo-gratuite\/","og_locale":"fr_FR","og_type":"article","og_title":"Demande de d\u00e9monstration gratuite","og_description":"Veuillez remplir le formulaire et nous vous contacterons pour l\u2019organiser","og_url":"https:\/\/spacewell.com\/fr\/locations\/demande-demo-gratuite\/","og_site_name":"Spacewell | A Nemetschek Company","article_publisher":"https:\/\/www.facebook.com\/SpacewellHQ","article_modified_time":"2024-03-08T17:03:34+00:00","og_image":[{"width":1200,"height":630,"url":"https:\/\/spacewell.com\/wp-content\/uploads\/2023\/10\/lady-sitting-at-desk-smiling-1200x630-1.png","type":"image\/png"}],"twitter_card":"summary_large_image","twitter_site":"@Spacewell_HQ","twitter_misc":{"Dur\u00e9e de lecture estim\u00e9e":"1 minute"},"schema":{"@context":"https:\/\/schema.org","@graph":[{"@type":"WebPage","@id":"https:\/\/spacewell.com\/fr\/locations\/demande-demo-gratuite\/","url":"https:\/\/spacewell.com\/fr\/locations\/demande-demo-gratuite\/","name":"Demande de d\u00e9monstration gratuite | Spacewell","isPartOf":{"@id":"https:\/\/spacewell.com\/fr\/#website"},"primaryImageOfPage":{"@id":"https:\/\/spacewell.com\/fr\/locations\/demande-demo-gratuite\/#primaryimage"},"image":{"@id":"https:\/\/spacewell.com\/fr\/locations\/demande-demo-gratuite\/#primaryimage"},"thumbnailUrl":"https:\/\/spacewell.com\/wp-content\/uploads\/2023\/10\/lady-sitting-at-desk-smiling-1200x630-1.png","datePublished":"2023-06-01T07:22:17+00:00","dateModified":"2024-03-08T17:03:34+00:00","description":"Veuillez remplir le formulaire et nous vous contacterons pour l\u2019organiser","breadcrumb":{"@id":"https:\/\/spacewell.com\/fr\/locations\/demande-demo-gratuite\/#breadcrumb"},"inLanguage":"fr-FR","potentialAction":[{"@type":"ReadAction","target":["https:\/\/spacewell.com\/fr\/locations\/demande-demo-gratuite\/"]}]},{"@type":"ImageObject","inLanguage":"fr-FR","@id":"https:\/\/spacewell.com\/fr\/locations\/demande-demo-gratuite\/#primaryimage","url":"https:\/\/spacewell.com\/wp-content\/uploads\/2023\/10\/lady-sitting-at-desk-smiling-1200x630-1.png","contentUrl":"https:\/\/spacewell.com\/wp-content\/uploads\/2023\/10\/lady-sitting-at-desk-smiling-1200x630-1.png","width":1200,"height":630,"caption":"Lady sitting at desk smiling."},{"@type":"BreadcrumbList","@id":"https:\/\/spacewell.com\/fr\/locations\/demande-demo-gratuite\/#breadcrumb","itemListElement":[{"@type":"ListItem","position":1,"name":"Home","item":"https:\/\/spacewell.com\/fr\/"},{"@type":"ListItem","position":2,"name":"Localisation des sites","item":"https:\/\/spacewell.com\/fr\/locations\/"},{"@type":"ListItem","position":3,"name":"Demande de d\u00e9monstration gratuite"}]},{"@type":"WebSite","@id":"https:\/\/spacewell.com\/fr\/#website","url":"https:\/\/spacewell.com\/fr\/","name":"Spacewell | A Nemetschek Company","description":"Make buildings work for people","publisher":{"@id":"https:\/\/spacewell.com\/fr\/#organization"},"potentialAction":[{"@type":"SearchAction","target":{"@type":"EntryPoint","urlTemplate":"https:\/\/spacewell.com\/fr\/?s={search_term_string}"},"query-input":{"@type":"PropertyValueSpecification","valueRequired":true,"valueName":"search_term_string"}}],"inLanguage":"fr-FR"},{"@type":"Organization","@id":"https:\/\/spacewell.com\/fr\/#organization","name":"Spacewell | A Nemetschek Company","url":"https:\/\/spacewell.com\/fr\/","logo":{"@type":"ImageObject","inLanguage":"fr-FR","@id":"https:\/\/spacewell.com\/fr\/#\/schema\/logo\/image\/","url":"https:\/\/spacewell.com\/wp-content\/uploads\/2023\/05\/spacewell-logo-500x88-1.webp","contentUrl":"https:\/\/spacewell.com\/wp-content\/uploads\/2023\/05\/spacewell-logo-500x88-1.webp","width":500,"height":88,"caption":"Spacewell | A Nemetschek Company"},"image":{"@id":"https:\/\/spacewell.com\/fr\/#\/schema\/logo\/image\/"},"sameAs":["https:\/\/www.facebook.com\/SpacewellHQ","https:\/\/x.com\/Spacewell_HQ"]}]}},"_links":{"self":[{"href":"https:\/\/spacewell.com\/fr\/wp-json\/wp\/v2\/pages\/374","targetHints":{"allow":["GET"]}}],"collection":[{"href":"https:\/\/spacewell.com\/fr\/wp-json\/wp\/v2\/pages"}],"about":[{"href":"https:\/\/spacewell.com\/fr\/wp-json\/wp\/v2\/types\/page"}],"author":[{"embeddable":true,"href":"https:\/\/spacewell.com\/fr\/wp-json\/wp\/v2\/users\/29"}],"replies":[{"embeddable":true,"href":"https:\/\/spacewell.com\/fr\/wp-json\/wp\/v2\/comments?post=374"}],"version-history":[{"count":11,"href":"https:\/\/spacewell.com\/fr\/wp-json\/wp\/v2\/pages\/374\/revisions"}],"predecessor-version":[{"id":28674,"href":"https:\/\/spacewell.com\/fr\/wp-json\/wp\/v2\/pages\/374\/revisions\/28674"}],"up":[{"embeddable":true,"href":"https:\/\/spacewell.com\/fr\/wp-json\/wp\/v2\/pages\/325"}],"wp:featuredmedia":[{"embeddable":true,"href":"https:\/\/spacewell.com\/fr\/wp-json\/wp\/v2\/media\/23903"}],"wp:attachment":[{"href":"https:\/\/spacewell.com\/fr\/wp-json\/wp\/v2\/media?parent=374"}],"curies":[{"name":"wp","href":"https:\/\/api.w.org\/{rel}","templated":true}]}}