


{"id":325,"date":"2023-06-01T08:24:16","date_gmt":"2023-06-01T06:24:16","guid":{"rendered":"https:\/\/spacewell.com\/societe\/nous-contacter\/"},"modified":"2026-03-04T12:11:11","modified_gmt":"2026-03-04T11:11:11","slug":"locations","status":"publish","type":"page","link":"https:\/\/spacewell.com\/fr\/locations\/","title":{"rendered":"Localisation des sites"},"content":{"rendered":"<div class=\"gb-container gb-container-fac85f06 gb-container-6bcb6de9\"><\/div><div class=\"gb-container gb-container-b3a34280 gb-container-6bcb6de9\" id=\"branch-offices\">\n\n<h2 class=\"gb-headline gb-headline-c009c411 gb-headline-text m-0\">Bureaux r\u00e9gionaux <\/h2>\n\n<\/div><div class=\"gb-container gb-container-be23e751\">\n<div class=\"p-0 wp-block-sw-blocks-map\">\n\t<div id=\"google-map\" style=\"height:500px\"><\/div>\n<\/div>\n<script>\n\tfunction initMap() {\n\t\tconst markers = [{\"address\":\"Knivstagatan, 753 23 Uppsala, Sweden\",\"title\":\"Sweden\"},{\"address\":\"Sneeuwbeslaan 20, 2610 Antwerpen, Belgium\",\"title\":\"Belgium\"},{\"address\":\"Groningensingel 1, 6835 EA Arnhem, Netherlands\",\"title\":\"Netherlands\"},{\"address\":\"Balcke-D\\u00fcrr-Allee 1, 40882 Ratingen, Germany\",\"title\":\"Germany\"},{\"address\":\"C\\\/ de N\\u00e0pols, 189, bajos d, 08013 Barcelona, Spain\",\"title\":\"Spain\"},{\"address\":\"530 7th Ave suite 902, New York, NY 10018, USA\",\"title\":\"New York\"},{\"address\":\"White Field Rd, Laxmi Cyber City, Whitefields, HITEC City, Hyderabad, Telangana 500081, India\"}];\n\t\tinitialiseMap(markers);\n\t}\n<\/script>\n<\/div><div class=\"gb-container gb-container-0f70b229\">\n<div class=\"gb-container gb-container-3c2bcf37 gb-container-5731d80c\">\n\n<h3 class=\"gb-headline gb-headline-b986b9ce gb-headline-text\">EMEA<\/h3>\n\n\n<div class=\"gb-grid-wrapper gb-grid-wrapper-5c19d613\">\n<div class=\"gb-grid-column gb-grid-column-397d0855\"><div class=\"gb-container gb-container-397d0855\">\n\n<h4 class=\"gb-headline gb-headline-9a585f0e gb-headline-text\">Belgique<\/h4>\n\n\n\n<p>Sneeuwbeslaan 20b3<br\/>2610 Anvers<br\/>+32 (0)3 829 04 95<br\/>Belgie@spacewell.com<\/p>\n\n\n\n<h4 class=\"gb-headline gb-headline-28608079 gb-headline-text\">Allemagne<\/h4>\n\n\n\n<p>Balcke-D\u00fcrr-Allee 1<br\/>40882 Ratingen<br\/>+49 2102 55460<br\/>Deutschland@spacewell.com<\/p>\n\n\n\n<h4 class=\"gb-headline gb-headline-53295a62 gb-headline-text\">Su\u00e8de<\/h4>\n\n\n\n<p>Kistag\u00e5ngen 12 &#8211; 6\u00e8me \u00e9tage<br\/>164 40 Kista \/ Stockholm<br\/>+46 (0)18-71 36 00<br\/>Nordics@spacewell.com<\/p>\n\n\n\n<h4 class=\"gb-headline gb-headline-d284bc20 gb-headline-text\">Autres pays de l&rsquo;EMEA<\/h4>\n\n\n\n<p>+32 (0)3 829 04 95<br\/>info@spacewell.com<\/p>\n\n<\/div><\/div>\n\n<div class=\"gb-grid-column gb-grid-column-94ff488f\"><div class=\"gb-container gb-container-94ff488f\">\n\n<h4 class=\"gb-headline gb-headline-9d003177 gb-headline-text\">Espagne<\/h4>\n\n\n\n<p>Ronda de Sant Pere 52 (Attico Urquinaona)<br\/>08010 Barcelona<br\/>+34 931 810 195<br\/>marketing@spacewell.com<\/p>\n\n\n\n<h4 class=\"gb-headline gb-headline-6dd91383 gb-headline-text\">Pays-Bas<\/h4>\n\n\n\n<p>Groningensingel 1 (1er \u00e9tage, aile B)<br\/>6835 EA Arnhem<br\/>+31 (0)85 0449 309<br\/>Nederland@spacewell.com<\/p>\n\n\n\n<h4 class=\"gb-headline gb-headline-39dc6f26 gb-headline-text\">Royaume-Uni<\/h4>\n\n\n\n<p>20 Eastbourne Terrace, London W26LG<br\/>Office 5.07 TOG (The Office Group)<br\/>+32 (0)3 829 04 95<br\/>info@spacewell.com<\/p>\n\n<\/div><\/div>\n<\/div>\n<\/div>\n\n<div class=\"gb-container gb-container-b2e3085b gb-container-5731d80c\">\n\n<h3 class=\"gb-headline gb-headline-7a61b6a1 gb-headline-text\">APAC<\/h3>\n\n\n<div class=\"gb-grid-wrapper gb-grid-wrapper-9e204cd3\">\n<div class=\"gb-grid-column gb-grid-column-b4f1defc\"><div class=\"gb-container gb-container-b4f1defc\">\n\n<h4 class=\"gb-headline gb-headline-94fd6f51 gb-headline-text\">Spacewell Inde<\/h4>\n\n\n\n<p>(Nemetschek India Pvt Limited)<br\/>C\/O DevX, 4th floor, &lsquo;B&rsquo; Wing<br\/>Purva Summit Building,<br\/>Whitefields Road<br\/>HITEC City,<br\/>Hyderabad &#8211; 500 081. (Inde)<br\/>+91 40 4646 6600<br\/>APAC@spacewell.com <\/p>\n\n<\/div><\/div>\n\n<div class=\"gb-grid-column gb-grid-column-46476fc2\"><div class=\"gb-container gb-container-46476fc2\">\n\n<h4 class=\"gb-headline gb-headline-55d87b8c gb-headline-text\">Autres pays de l&rsquo;APAC<\/h4>\n\n\n\n<p>+91 40 4646 6600<br\/>APAC@spacewell.com<\/p>\n\n<\/div><\/div>\n<\/div>\n<\/div>\n\n<div class=\"gb-container gb-container-13e47da7 gb-container-5731d80c\"><\/div>\n<\/div>","protected":false},"excerpt":{"rendered":"<p>Bureaux r\u00e9gionaux EMEA APAC<\/p>\n","protected":false},"author":29,"featured_media":23895,"parent":0,"menu_order":0,"comment_status":"closed","ping_status":"closed","template":"","meta":{"_acf_changed":false,"footnotes":""},"class_list":{"0":"post-325","1":"page","2":"type-page","3":"status-publish","4":"has-post-thumbnail","6":"no-featured-image-padding"},"acf":[],"yoast_head":"<!-- This site is optimized with the Yoast SEO Premium plugin v26.0 (Yoast SEO v27.4) - https:\/\/yoast.com\/product\/yoast-seo-premium-wordpress\/ -->\n<title>Nous contacter now | Spacewell | A Nemetschek Company<\/title>\n<meta name=\"description\" content=\"Contactez-nous pour parler aux experts de Spacewell ou demandez une d\u00e9monstration pour voir comment notre logiciel peut profiter \u00e0 votre organisation.\" \/>\n<meta name=\"robots\" content=\"index, follow, max-snippet:-1, max-image-preview:large, max-video-preview:-1\" \/>\n<link rel=\"canonical\" href=\"https:\/\/spacewell.com\/fr\/locations\/\" \/>\n<meta property=\"og:locale\" content=\"fr_FR\" \/>\n<meta property=\"og:type\" content=\"article\" \/>\n<meta property=\"og:title\" content=\"Localisation des sites\" \/>\n<meta property=\"og:description\" content=\"Contactez-nous pour parler aux experts de Spacewell ou demandez une d\u00e9monstration pour voir comment notre logiciel peut profiter \u00e0 votre organisation.\" \/>\n<meta property=\"og:url\" content=\"https:\/\/spacewell.com\/fr\/locations\/\" \/>\n<meta property=\"og:site_name\" content=\"Spacewell | A Nemetschek Company\" \/>\n<meta property=\"article:publisher\" content=\"https:\/\/www.facebook.com\/SpacewellHQ\" \/>\n<meta property=\"article:modified_time\" content=\"2026-03-04T11:11:11+00:00\" \/>\n<meta property=\"og:image\" content=\"https:\/\/spacewell.com\/wp-content\/uploads\/2023\/10\/person-looking-at-laptop-holding-a-phone-1200x630-1.png\" \/>\n\t<meta property=\"og:image:width\" content=\"1200\" \/>\n\t<meta property=\"og:image:height\" content=\"630\" \/>\n\t<meta property=\"og:image:type\" content=\"image\/png\" \/>\n<meta name=\"twitter:card\" content=\"summary_large_image\" \/>\n<meta name=\"twitter:site\" content=\"@Spacewell_HQ\" \/>\n<meta name=\"twitter:label1\" content=\"Dur\u00e9e de lecture estim\u00e9e\" \/>\n\t<meta name=\"twitter:data1\" content=\"1 minute\" \/>\n<script type=\"application\/ld+json\" class=\"yoast-schema-graph\">{\"@context\":\"https:\\\/\\\/schema.org\",\"@graph\":[{\"@type\":\"WebPage\",\"@id\":\"https:\\\/\\\/spacewell.com\\\/fr\\\/locations\\\/\",\"url\":\"https:\\\/\\\/spacewell.com\\\/fr\\\/locations\\\/\",\"name\":\"Nous contacter now | Spacewell | A Nemetschek Company\",\"isPartOf\":{\"@id\":\"https:\\\/\\\/spacewell.com\\\/fr\\\/#website\"},\"primaryImageOfPage\":{\"@id\":\"https:\\\/\\\/spacewell.com\\\/fr\\\/locations\\\/#primaryimage\"},\"image\":{\"@id\":\"https:\\\/\\\/spacewell.com\\\/fr\\\/locations\\\/#primaryimage\"},\"thumbnailUrl\":\"https:\\\/\\\/spacewell.com\\\/wp-content\\\/uploads\\\/2023\\\/10\\\/person-looking-at-laptop-holding-a-phone-1200x630-1.png\",\"datePublished\":\"2023-06-01T06:24:16+00:00\",\"dateModified\":\"2026-03-04T11:11:11+00:00\",\"description\":\"Contactez-nous pour parler aux experts de Spacewell ou demandez une d\u00e9monstration pour voir comment notre logiciel peut profiter \u00e0 votre organisation.\",\"breadcrumb\":{\"@id\":\"https:\\\/\\\/spacewell.com\\\/fr\\\/locations\\\/#breadcrumb\"},\"inLanguage\":\"fr-FR\",\"potentialAction\":[{\"@type\":\"ReadAction\",\"target\":[\"https:\\\/\\\/spacewell.com\\\/fr\\\/locations\\\/\"]}]},{\"@type\":\"ImageObject\",\"inLanguage\":\"fr-FR\",\"@id\":\"https:\\\/\\\/spacewell.com\\\/fr\\\/locations\\\/#primaryimage\",\"url\":\"https:\\\/\\\/spacewell.com\\\/wp-content\\\/uploads\\\/2023\\\/10\\\/person-looking-at-laptop-holding-a-phone-1200x630-1.png\",\"contentUrl\":\"https:\\\/\\\/spacewell.com\\\/wp-content\\\/uploads\\\/2023\\\/10\\\/person-looking-at-laptop-holding-a-phone-1200x630-1.png\",\"width\":1200,\"height\":630,\"caption\":\"Personne regardant un ordinateur portable et tenant un t\u00e9l\u00e9phone\"},{\"@type\":\"BreadcrumbList\",\"@id\":\"https:\\\/\\\/spacewell.com\\\/fr\\\/locations\\\/#breadcrumb\",\"itemListElement\":[{\"@type\":\"ListItem\",\"position\":1,\"name\":\"Home\",\"item\":\"https:\\\/\\\/spacewell.com\\\/fr\\\/\"},{\"@type\":\"ListItem\",\"position\":2,\"name\":\"Localisation des sites\"}]},{\"@type\":\"WebSite\",\"@id\":\"https:\\\/\\\/spacewell.com\\\/fr\\\/#website\",\"url\":\"https:\\\/\\\/spacewell.com\\\/fr\\\/\",\"name\":\"Spacewell | A Nemetschek Company\",\"description\":\"Make buildings work for people\",\"publisher\":{\"@id\":\"https:\\\/\\\/spacewell.com\\\/fr\\\/#organization\"},\"potentialAction\":[{\"@type\":\"SearchAction\",\"target\":{\"@type\":\"EntryPoint\",\"urlTemplate\":\"https:\\\/\\\/spacewell.com\\\/fr\\\/?s={search_term_string}\"},\"query-input\":{\"@type\":\"PropertyValueSpecification\",\"valueRequired\":true,\"valueName\":\"search_term_string\"}}],\"inLanguage\":\"fr-FR\"},{\"@type\":\"Organization\",\"@id\":\"https:\\\/\\\/spacewell.com\\\/fr\\\/#organization\",\"name\":\"Spacewell | A Nemetschek Company\",\"url\":\"https:\\\/\\\/spacewell.com\\\/fr\\\/\",\"logo\":{\"@type\":\"ImageObject\",\"inLanguage\":\"fr-FR\",\"@id\":\"https:\\\/\\\/spacewell.com\\\/fr\\\/#\\\/schema\\\/logo\\\/image\\\/\",\"url\":\"https:\\\/\\\/spacewell.com\\\/wp-content\\\/uploads\\\/2023\\\/05\\\/spacewell-logo-500x88-1.webp\",\"contentUrl\":\"https:\\\/\\\/spacewell.com\\\/wp-content\\\/uploads\\\/2023\\\/05\\\/spacewell-logo-500x88-1.webp\",\"width\":500,\"height\":88,\"caption\":\"Spacewell | A Nemetschek Company\"},\"image\":{\"@id\":\"https:\\\/\\\/spacewell.com\\\/fr\\\/#\\\/schema\\\/logo\\\/image\\\/\"},\"sameAs\":[\"https:\\\/\\\/www.facebook.com\\\/SpacewellHQ\",\"https:\\\/\\\/x.com\\\/Spacewell_HQ\"]}]}<\/script>\n<!-- \/ Yoast SEO Premium plugin. -->","yoast_head_json":{"title":"Nous contacter now | Spacewell | A Nemetschek Company","description":"Contactez-nous pour parler aux experts de Spacewell ou demandez une d\u00e9monstration pour voir comment notre logiciel peut profiter \u00e0 votre organisation.","robots":{"index":"index","follow":"follow","max-snippet":"max-snippet:-1","max-image-preview":"max-image-preview:large","max-video-preview":"max-video-preview:-1"},"canonical":"https:\/\/spacewell.com\/fr\/locations\/","og_locale":"fr_FR","og_type":"article","og_title":"Localisation des sites","og_description":"Contactez-nous pour parler aux experts de Spacewell ou demandez une d\u00e9monstration pour voir comment notre logiciel peut profiter \u00e0 votre organisation.","og_url":"https:\/\/spacewell.com\/fr\/locations\/","og_site_name":"Spacewell | A Nemetschek Company","article_publisher":"https:\/\/www.facebook.com\/SpacewellHQ","article_modified_time":"2026-03-04T11:11:11+00:00","og_image":[{"width":1200,"height":630,"url":"https:\/\/spacewell.com\/wp-content\/uploads\/2023\/10\/person-looking-at-laptop-holding-a-phone-1200x630-1.png","type":"image\/png"}],"twitter_card":"summary_large_image","twitter_site":"@Spacewell_HQ","twitter_misc":{"Dur\u00e9e de lecture estim\u00e9e":"1 minute"},"schema":{"@context":"https:\/\/schema.org","@graph":[{"@type":"WebPage","@id":"https:\/\/spacewell.com\/fr\/locations\/","url":"https:\/\/spacewell.com\/fr\/locations\/","name":"Nous contacter now | Spacewell | A Nemetschek Company","isPartOf":{"@id":"https:\/\/spacewell.com\/fr\/#website"},"primaryImageOfPage":{"@id":"https:\/\/spacewell.com\/fr\/locations\/#primaryimage"},"image":{"@id":"https:\/\/spacewell.com\/fr\/locations\/#primaryimage"},"thumbnailUrl":"https:\/\/spacewell.com\/wp-content\/uploads\/2023\/10\/person-looking-at-laptop-holding-a-phone-1200x630-1.png","datePublished":"2023-06-01T06:24:16+00:00","dateModified":"2026-03-04T11:11:11+00:00","description":"Contactez-nous pour parler aux experts de Spacewell ou demandez une d\u00e9monstration pour voir comment notre logiciel peut profiter \u00e0 votre organisation.","breadcrumb":{"@id":"https:\/\/spacewell.com\/fr\/locations\/#breadcrumb"},"inLanguage":"fr-FR","potentialAction":[{"@type":"ReadAction","target":["https:\/\/spacewell.com\/fr\/locations\/"]}]},{"@type":"ImageObject","inLanguage":"fr-FR","@id":"https:\/\/spacewell.com\/fr\/locations\/#primaryimage","url":"https:\/\/spacewell.com\/wp-content\/uploads\/2023\/10\/person-looking-at-laptop-holding-a-phone-1200x630-1.png","contentUrl":"https:\/\/spacewell.com\/wp-content\/uploads\/2023\/10\/person-looking-at-laptop-holding-a-phone-1200x630-1.png","width":1200,"height":630,"caption":"Personne regardant un ordinateur portable et tenant un t\u00e9l\u00e9phone"},{"@type":"BreadcrumbList","@id":"https:\/\/spacewell.com\/fr\/locations\/#breadcrumb","itemListElement":[{"@type":"ListItem","position":1,"name":"Home","item":"https:\/\/spacewell.com\/fr\/"},{"@type":"ListItem","position":2,"name":"Localisation des sites"}]},{"@type":"WebSite","@id":"https:\/\/spacewell.com\/fr\/#website","url":"https:\/\/spacewell.com\/fr\/","name":"Spacewell | A Nemetschek Company","description":"Make buildings work for people","publisher":{"@id":"https:\/\/spacewell.com\/fr\/#organization"},"potentialAction":[{"@type":"SearchAction","target":{"@type":"EntryPoint","urlTemplate":"https:\/\/spacewell.com\/fr\/?s={search_term_string}"},"query-input":{"@type":"PropertyValueSpecification","valueRequired":true,"valueName":"search_term_string"}}],"inLanguage":"fr-FR"},{"@type":"Organization","@id":"https:\/\/spacewell.com\/fr\/#organization","name":"Spacewell | A Nemetschek Company","url":"https:\/\/spacewell.com\/fr\/","logo":{"@type":"ImageObject","inLanguage":"fr-FR","@id":"https:\/\/spacewell.com\/fr\/#\/schema\/logo\/image\/","url":"https:\/\/spacewell.com\/wp-content\/uploads\/2023\/05\/spacewell-logo-500x88-1.webp","contentUrl":"https:\/\/spacewell.com\/wp-content\/uploads\/2023\/05\/spacewell-logo-500x88-1.webp","width":500,"height":88,"caption":"Spacewell | A Nemetschek Company"},"image":{"@id":"https:\/\/spacewell.com\/fr\/#\/schema\/logo\/image\/"},"sameAs":["https:\/\/www.facebook.com\/SpacewellHQ","https:\/\/x.com\/Spacewell_HQ"]}]}},"_links":{"self":[{"href":"https:\/\/spacewell.com\/fr\/wp-json\/wp\/v2\/pages\/325","targetHints":{"allow":["GET"]}}],"collection":[{"href":"https:\/\/spacewell.com\/fr\/wp-json\/wp\/v2\/pages"}],"about":[{"href":"https:\/\/spacewell.com\/fr\/wp-json\/wp\/v2\/types\/page"}],"author":[{"embeddable":true,"href":"https:\/\/spacewell.com\/fr\/wp-json\/wp\/v2\/users\/29"}],"replies":[{"embeddable":true,"href":"https:\/\/spacewell.com\/fr\/wp-json\/wp\/v2\/comments?post=325"}],"version-history":[{"count":22,"href":"https:\/\/spacewell.com\/fr\/wp-json\/wp\/v2\/pages\/325\/revisions"}],"predecessor-version":[{"id":47788,"href":"https:\/\/spacewell.com\/fr\/wp-json\/wp\/v2\/pages\/325\/revisions\/47788"}],"wp:featuredmedia":[{"embeddable":true,"href":"https:\/\/spacewell.com\/fr\/wp-json\/wp\/v2\/media\/23895"}],"wp:attachment":[{"href":"https:\/\/spacewell.com\/fr\/wp-json\/wp\/v2\/media?parent=325"}],"curies":[{"name":"wp","href":"https:\/\/api.w.org\/{rel}","templated":true}]}}