


{"id":27770,"date":"2023-11-20T14:31:51","date_gmt":"2023-11-20T13:31:51","guid":{"rendered":"https:\/\/spacewell.com\/newsletter-inscription-merci\/"},"modified":"2023-11-20T14:47:44","modified_gmt":"2023-11-20T13:47:44","slug":"newsletter-inscription-merci","status":"publish","type":"page","link":"https:\/\/spacewell.com\/fr\/newsletter-inscription-merci\/","title":{"rendered":"Newsletter inscription merci"},"content":{"rendered":"<div class=\"gb-container gb-container-4bf91dd9 gb-container-5731d80c\">\n\n<h1 class=\"gb-headline gb-headline-2031a84f gb-headline-text\">Bienvenue chez Spacewell<\/h1>\n\n\n\n<p>Merci pour votre inscription \u00e0 notre newsletter. Vous voil\u00e0 maintenant pr\u00eat(e) \u00e0 recevoir r\u00e9guli\u00e8rement de nos nouvelles sur des sujets qui vous int\u00e9ressent. <\/p>\n\n\n\n<p>Voici d\u00e9j\u00e0 un webinaire qui pourrait vous plaire : <a href=\"https:\/\/spacewell.com\/fr\/ressources\/webinaires\/spacewell-verdantix-jumeau-numerique-batiments\/\">L\u2019imminent renouveau de la technologie du jumeau num\u00e9rique dans la gestion des b\u00e2timents.<\/a><\/p>\n\n\n\n<a class=\"gb-button gb-button-d398f0ee gb-button-text gb-button-c33bffb9\" href=\"https:\/\/spacewell.com\/fr\/ressources\/webinaires\/spacewell-verdantix-jumeau-numerique-batiments\/\">Regarder l\u2019enregistrement<\/a>\n\n\n\n<p>Vous souhaitez en savoir plus ?<\/p>\n\n\n\n<a class=\"gb-button gb-button-60a2b6a2 gb-button-text gb-button-c33bffb9\" href=\"https:\/\/spacewell.com\/fr\/ressources\/\">Explorer le centre de ressources<\/a>\n\n\n\n<p>Restez \u00e0 l\u2019\u00e9coute !<br\/>Meilleures salutations. L\u2019\u00e9quipe Spacewell<\/p>\n\n<\/div>","protected":false},"excerpt":{"rendered":"<p>Bienvenue chez Spacewell Merci pour votre inscription \u00e0 notre newsletter. Vous voil\u00e0 maintenant pr\u00eat(e) \u00e0 recevoir r\u00e9guli\u00e8rement de nos nouvelles sur des sujets qui vous int\u00e9ressent. Voici d\u00e9j\u00e0 un webinaire qui pourrait vous plaire : L\u2019imminent renouveau de la technologie du jumeau num\u00e9rique dans la gestion des b\u00e2timents. Vous souhaitez en savoir plus ? Restez &#8230; <a title=\"Newsletter inscription merci\" class=\"read-more\" href=\"https:\/\/spacewell.com\/fr\/newsletter-inscription-merci\/\" aria-label=\"En savoir plus sur Newsletter inscription merci\">Lire plus<\/a><\/p>\n","protected":false},"author":29,"featured_media":23744,"parent":0,"menu_order":0,"comment_status":"closed","ping_status":"closed","template":"","meta":{"_acf_changed":false,"footnotes":""},"class_list":{"0":"post-27770","1":"page","2":"type-page","3":"status-publish","4":"has-post-thumbnail","6":"no-featured-image-padding"},"acf":[],"yoast_head":"<!-- This site is optimized with the Yoast SEO Premium plugin v26.0 (Yoast SEO v27.4) - https:\/\/yoast.com\/product\/yoast-seo-premium-wordpress\/ -->\n<title>Newsletter inscription merci - Spacewell | A Nemetschek Company<\/title>\n<meta name=\"robots\" content=\"index, follow, max-snippet:-1, max-image-preview:large, max-video-preview:-1\" \/>\n<link rel=\"canonical\" href=\"https:\/\/spacewell.com\/fr\/newsletter-inscription-merci\/\" \/>\n<meta property=\"og:locale\" content=\"fr_FR\" \/>\n<meta property=\"og:type\" content=\"article\" \/>\n<meta property=\"og:title\" content=\"Newsletter inscription merci\" \/>\n<meta property=\"og:description\" content=\"Bienvenue chez Spacewell Merci pour votre inscription \u00e0 notre newsletter. Vous voil\u00e0 maintenant pr\u00eat(e) \u00e0 recevoir r\u00e9guli\u00e8rement de nos nouvelles sur des sujets qui vous int\u00e9ressent. Voici d\u00e9j\u00e0 un webinaire qui pourrait vous plaire : L\u2019imminent renouveau de la technologie du jumeau num\u00e9rique dans la gestion des b\u00e2timents. Vous souhaitez en savoir plus ? Restez ... Lire plus\" \/>\n<meta property=\"og:url\" content=\"https:\/\/spacewell.com\/fr\/newsletter-inscription-merci\/\" \/>\n<meta property=\"og:site_name\" content=\"Spacewell | A Nemetschek Company\" \/>\n<meta property=\"article:publisher\" content=\"https:\/\/www.facebook.com\/SpacewellHQ\" \/>\n<meta property=\"article:modified_time\" content=\"2023-11-20T13:47:44+00:00\" \/>\n<meta property=\"og:image\" content=\"https:\/\/spacewell.com\/wp-content\/uploads\/2023\/10\/open-meeting-space-1200x630-1.png\" \/>\n\t<meta property=\"og:image:width\" content=\"1200\" \/>\n\t<meta property=\"og:image:height\" content=\"630\" \/>\n\t<meta property=\"og:image:type\" content=\"image\/png\" \/>\n<meta name=\"twitter:card\" content=\"summary_large_image\" \/>\n<meta name=\"twitter:site\" content=\"@Spacewell_HQ\" \/>\n<meta name=\"twitter:label1\" content=\"Dur\u00e9e de lecture estim\u00e9e\" \/>\n\t<meta name=\"twitter:data1\" content=\"1 minute\" \/>\n<script type=\"application\/ld+json\" class=\"yoast-schema-graph\">{\"@context\":\"https:\\\/\\\/schema.org\",\"@graph\":[{\"@type\":\"WebPage\",\"@id\":\"https:\\\/\\\/spacewell.com\\\/fr\\\/newsletter-inscription-merci\\\/\",\"url\":\"https:\\\/\\\/spacewell.com\\\/fr\\\/newsletter-inscription-merci\\\/\",\"name\":\"Newsletter inscription merci - Spacewell | A Nemetschek Company\",\"isPartOf\":{\"@id\":\"https:\\\/\\\/spacewell.com\\\/fr\\\/#website\"},\"primaryImageOfPage\":{\"@id\":\"https:\\\/\\\/spacewell.com\\\/fr\\\/newsletter-inscription-merci\\\/#primaryimage\"},\"image\":{\"@id\":\"https:\\\/\\\/spacewell.com\\\/fr\\\/newsletter-inscription-merci\\\/#primaryimage\"},\"thumbnailUrl\":\"https:\\\/\\\/spacewell.com\\\/wp-content\\\/uploads\\\/2023\\\/10\\\/open-meeting-space-1200x630-1.png\",\"datePublished\":\"2023-11-20T13:31:51+00:00\",\"dateModified\":\"2023-11-20T13:47:44+00:00\",\"breadcrumb\":{\"@id\":\"https:\\\/\\\/spacewell.com\\\/fr\\\/newsletter-inscription-merci\\\/#breadcrumb\"},\"inLanguage\":\"fr-FR\",\"potentialAction\":[{\"@type\":\"ReadAction\",\"target\":[\"https:\\\/\\\/spacewell.com\\\/fr\\\/newsletter-inscription-merci\\\/\"]}]},{\"@type\":\"ImageObject\",\"inLanguage\":\"fr-FR\",\"@id\":\"https:\\\/\\\/spacewell.com\\\/fr\\\/newsletter-inscription-merci\\\/#primaryimage\",\"url\":\"https:\\\/\\\/spacewell.com\\\/wp-content\\\/uploads\\\/2023\\\/10\\\/open-meeting-space-1200x630-1.png\",\"contentUrl\":\"https:\\\/\\\/spacewell.com\\\/wp-content\\\/uploads\\\/2023\\\/10\\\/open-meeting-space-1200x630-1.png\",\"width\":1200,\"height\":630,\"caption\":\"Espace de rencontre ouvert o\u00f9 les gens s'assoient et se prom\u00e8nent\"},{\"@type\":\"BreadcrumbList\",\"@id\":\"https:\\\/\\\/spacewell.com\\\/fr\\\/newsletter-inscription-merci\\\/#breadcrumb\",\"itemListElement\":[{\"@type\":\"ListItem\",\"position\":1,\"name\":\"Home\",\"item\":\"https:\\\/\\\/spacewell.com\\\/fr\\\/\"},{\"@type\":\"ListItem\",\"position\":2,\"name\":\"Newsletter inscription merci\"}]},{\"@type\":\"WebSite\",\"@id\":\"https:\\\/\\\/spacewell.com\\\/fr\\\/#website\",\"url\":\"https:\\\/\\\/spacewell.com\\\/fr\\\/\",\"name\":\"Spacewell | A Nemetschek Company\",\"description\":\"Make buildings work for people\",\"publisher\":{\"@id\":\"https:\\\/\\\/spacewell.com\\\/fr\\\/#organization\"},\"potentialAction\":[{\"@type\":\"SearchAction\",\"target\":{\"@type\":\"EntryPoint\",\"urlTemplate\":\"https:\\\/\\\/spacewell.com\\\/fr\\\/?s={search_term_string}\"},\"query-input\":{\"@type\":\"PropertyValueSpecification\",\"valueRequired\":true,\"valueName\":\"search_term_string\"}}],\"inLanguage\":\"fr-FR\"},{\"@type\":\"Organization\",\"@id\":\"https:\\\/\\\/spacewell.com\\\/fr\\\/#organization\",\"name\":\"Spacewell | A Nemetschek Company\",\"url\":\"https:\\\/\\\/spacewell.com\\\/fr\\\/\",\"logo\":{\"@type\":\"ImageObject\",\"inLanguage\":\"fr-FR\",\"@id\":\"https:\\\/\\\/spacewell.com\\\/fr\\\/#\\\/schema\\\/logo\\\/image\\\/\",\"url\":\"https:\\\/\\\/spacewell.com\\\/wp-content\\\/uploads\\\/2023\\\/05\\\/spacewell-logo-500x88-1.webp\",\"contentUrl\":\"https:\\\/\\\/spacewell.com\\\/wp-content\\\/uploads\\\/2023\\\/05\\\/spacewell-logo-500x88-1.webp\",\"width\":500,\"height\":88,\"caption\":\"Spacewell | A Nemetschek Company\"},\"image\":{\"@id\":\"https:\\\/\\\/spacewell.com\\\/fr\\\/#\\\/schema\\\/logo\\\/image\\\/\"},\"sameAs\":[\"https:\\\/\\\/www.facebook.com\\\/SpacewellHQ\",\"https:\\\/\\\/x.com\\\/Spacewell_HQ\"]}]}<\/script>\n<!-- \/ Yoast SEO Premium plugin. -->","yoast_head_json":{"title":"Newsletter inscription merci - Spacewell | A Nemetschek Company","robots":{"index":"index","follow":"follow","max-snippet":"max-snippet:-1","max-image-preview":"max-image-preview:large","max-video-preview":"max-video-preview:-1"},"canonical":"https:\/\/spacewell.com\/fr\/newsletter-inscription-merci\/","og_locale":"fr_FR","og_type":"article","og_title":"Newsletter inscription merci","og_description":"Bienvenue chez Spacewell Merci pour votre inscription \u00e0 notre newsletter. Vous voil\u00e0 maintenant pr\u00eat(e) \u00e0 recevoir r\u00e9guli\u00e8rement de nos nouvelles sur des sujets qui vous int\u00e9ressent. Voici d\u00e9j\u00e0 un webinaire qui pourrait vous plaire : L\u2019imminent renouveau de la technologie du jumeau num\u00e9rique dans la gestion des b\u00e2timents. Vous souhaitez en savoir plus ? Restez ... Lire plus","og_url":"https:\/\/spacewell.com\/fr\/newsletter-inscription-merci\/","og_site_name":"Spacewell | A Nemetschek Company","article_publisher":"https:\/\/www.facebook.com\/SpacewellHQ","article_modified_time":"2023-11-20T13:47:44+00:00","og_image":[{"width":1200,"height":630,"url":"https:\/\/spacewell.com\/wp-content\/uploads\/2023\/10\/open-meeting-space-1200x630-1.png","type":"image\/png"}],"twitter_card":"summary_large_image","twitter_site":"@Spacewell_HQ","twitter_misc":{"Dur\u00e9e de lecture estim\u00e9e":"1 minute"},"schema":{"@context":"https:\/\/schema.org","@graph":[{"@type":"WebPage","@id":"https:\/\/spacewell.com\/fr\/newsletter-inscription-merci\/","url":"https:\/\/spacewell.com\/fr\/newsletter-inscription-merci\/","name":"Newsletter inscription merci - Spacewell | A Nemetschek Company","isPartOf":{"@id":"https:\/\/spacewell.com\/fr\/#website"},"primaryImageOfPage":{"@id":"https:\/\/spacewell.com\/fr\/newsletter-inscription-merci\/#primaryimage"},"image":{"@id":"https:\/\/spacewell.com\/fr\/newsletter-inscription-merci\/#primaryimage"},"thumbnailUrl":"https:\/\/spacewell.com\/wp-content\/uploads\/2023\/10\/open-meeting-space-1200x630-1.png","datePublished":"2023-11-20T13:31:51+00:00","dateModified":"2023-11-20T13:47:44+00:00","breadcrumb":{"@id":"https:\/\/spacewell.com\/fr\/newsletter-inscription-merci\/#breadcrumb"},"inLanguage":"fr-FR","potentialAction":[{"@type":"ReadAction","target":["https:\/\/spacewell.com\/fr\/newsletter-inscription-merci\/"]}]},{"@type":"ImageObject","inLanguage":"fr-FR","@id":"https:\/\/spacewell.com\/fr\/newsletter-inscription-merci\/#primaryimage","url":"https:\/\/spacewell.com\/wp-content\/uploads\/2023\/10\/open-meeting-space-1200x630-1.png","contentUrl":"https:\/\/spacewell.com\/wp-content\/uploads\/2023\/10\/open-meeting-space-1200x630-1.png","width":1200,"height":630,"caption":"Espace de rencontre ouvert o\u00f9 les gens s'assoient et se prom\u00e8nent"},{"@type":"BreadcrumbList","@id":"https:\/\/spacewell.com\/fr\/newsletter-inscription-merci\/#breadcrumb","itemListElement":[{"@type":"ListItem","position":1,"name":"Home","item":"https:\/\/spacewell.com\/fr\/"},{"@type":"ListItem","position":2,"name":"Newsletter inscription merci"}]},{"@type":"WebSite","@id":"https:\/\/spacewell.com\/fr\/#website","url":"https:\/\/spacewell.com\/fr\/","name":"Spacewell | A Nemetschek Company","description":"Make buildings work for people","publisher":{"@id":"https:\/\/spacewell.com\/fr\/#organization"},"potentialAction":[{"@type":"SearchAction","target":{"@type":"EntryPoint","urlTemplate":"https:\/\/spacewell.com\/fr\/?s={search_term_string}"},"query-input":{"@type":"PropertyValueSpecification","valueRequired":true,"valueName":"search_term_string"}}],"inLanguage":"fr-FR"},{"@type":"Organization","@id":"https:\/\/spacewell.com\/fr\/#organization","name":"Spacewell | A Nemetschek Company","url":"https:\/\/spacewell.com\/fr\/","logo":{"@type":"ImageObject","inLanguage":"fr-FR","@id":"https:\/\/spacewell.com\/fr\/#\/schema\/logo\/image\/","url":"https:\/\/spacewell.com\/wp-content\/uploads\/2023\/05\/spacewell-logo-500x88-1.webp","contentUrl":"https:\/\/spacewell.com\/wp-content\/uploads\/2023\/05\/spacewell-logo-500x88-1.webp","width":500,"height":88,"caption":"Spacewell | A Nemetschek Company"},"image":{"@id":"https:\/\/spacewell.com\/fr\/#\/schema\/logo\/image\/"},"sameAs":["https:\/\/www.facebook.com\/SpacewellHQ","https:\/\/x.com\/Spacewell_HQ"]}]}},"_links":{"self":[{"href":"https:\/\/spacewell.com\/fr\/wp-json\/wp\/v2\/pages\/27770","targetHints":{"allow":["GET"]}}],"collection":[{"href":"https:\/\/spacewell.com\/fr\/wp-json\/wp\/v2\/pages"}],"about":[{"href":"https:\/\/spacewell.com\/fr\/wp-json\/wp\/v2\/types\/page"}],"author":[{"embeddable":true,"href":"https:\/\/spacewell.com\/fr\/wp-json\/wp\/v2\/users\/29"}],"replies":[{"embeddable":true,"href":"https:\/\/spacewell.com\/fr\/wp-json\/wp\/v2\/comments?post=27770"}],"version-history":[{"count":11,"href":"https:\/\/spacewell.com\/fr\/wp-json\/wp\/v2\/pages\/27770\/revisions"}],"predecessor-version":[{"id":27773,"href":"https:\/\/spacewell.com\/fr\/wp-json\/wp\/v2\/pages\/27770\/revisions\/27773"}],"wp:featuredmedia":[{"embeddable":true,"href":"https:\/\/spacewell.com\/fr\/wp-json\/wp\/v2\/media\/23744"}],"wp:attachment":[{"href":"https:\/\/spacewell.com\/fr\/wp-json\/wp\/v2\/media?parent=27770"}],"curies":[{"name":"wp","href":"https:\/\/api.w.org\/{rel}","templated":true}]}}