


{"id":549,"date":"2023-06-01T13:42:19","date_gmt":"2023-06-01T11:42:19","guid":{"rendered":"https:\/\/spacewell.com\/juridico\/politica-de-cookies\/"},"modified":"2023-10-20T06:08:24","modified_gmt":"2023-10-20T04:08:24","slug":"politica-de-cookies","status":"publish","type":"page","link":"https:\/\/spacewell.com\/es\/juridico\/politica-de-cookies\/","title":{"rendered":"Pol\u00edtica de cookies"},"content":{"rendered":"<div class=\"gb-container gb-container-be2333f1 gb-container-5731d80c\">\n\n<h1 class=\"gb-headline gb-headline-f12419ca gb-headline-text\">Pol\u00edtica de cookies<\/h1>\n\n\n\n<p>Fecha de entrada en vigor: 15 de marzo de 2021<\/p>\n\n<\/div><div class=\"gb-container gb-container-33963922 gb-container-5731d80c\">\n\n<button type=\"button\" id=\"hs_show_banner_button\" style=\"  display: inline-flex; flex-direction: row; align-items: center; justify-content: center; text-align: center; font-size: 16px; font-weight: 600; padding: 15px 20px; border-radius: 4px; border: 1px solid var(--accent); background-color: var(--accent); color: #ffffff; margin-bottom: 32px;\" onclick=\"(function(){ var _hsp = window._hsp = window._hsp || []; _hsp.push(['showBanner']); })()\">\n Actualizar mi configuraci\u00f3n de cookies\n<\/button>\n\n\n\n<p>Spacewell International NV, con domicilio social en Sneeuwbeslaan 20 bus 3, 2610 Wilrijk, constituida de conformidad con la legislaci\u00f3n belga y registrada en el Crossroad Bank of Enterprises con el n\u00famero BE 0846.845.929 (\u00abSpacewell International NV\u00bb, \u00abnosotros\u00bb, \u00abnuestro\/a\u00bb) cree en la transparencia cuando se trata de la protecci\u00f3n de sus datos personales. Con esta pol\u00edtica de cookies le proporcionamos informaci\u00f3n detallada sobre c\u00f3mo y cu\u00e1ndo utilizamos cookies, qu\u00e9 diferentes tipos de cookies y tecnolog\u00edas utilizamos y c\u00f3mo se aplica todo esto al sitio web de Spacewell. Dado que nuestro objetivo es estar al d\u00eda en las \u00faltimas tecnolog\u00edas y en la legislaci\u00f3n en materia de protecci\u00f3n de datos, es posible que modifiquemos nuestra pol\u00edtica de cookies con el tiempo. Consulte la \u00abfecha de entrada en vigor\u00bb en la parte superior de esta p\u00e1gina para ver cu\u00e1ndo se modific\u00f3 por \u00faltima vez esta pol\u00edtica de cookies.<\/p>\n\n\n\n<h2 class=\"gb-headline gb-headline-ee582b71 gb-headline-text\">Gracias por esta agradable introducci\u00f3n, pero \u00bfqu\u00e9 son exactamente las cookies?<\/h2>\n\n\n\n<p>Las cookies son peque\u00f1os archivos que se almacenan en el ordenador del usuario. Est\u00e1n dise\u00f1ados para contener una modesta cantidad de datos espec\u00edficos de un cliente y un sitio web, y se puede acceder a ellos desde el servidor web o desde el ordenador del cliente. Cada cookie es una peque\u00f1a tabla de b\u00fasqueda que contiene pares de valores (clave, datos), por ejemplo (nombre, Gloria) (apellido, Montalvo). Una vez que la cookie ha sido le\u00edda por el c\u00f3digo del servidor o del ordenador cliente, los datos pueden ser recuperados y utilizados para personalizar adecuadamente una p\u00e1gina web.<\/p>\n\n\n\n<h2 class=\"gb-headline gb-headline-b3c0e4f0 gb-headline-text\">Vale, entonces una cookie no es m\u00e1s que informaci\u00f3n que se almacena en mi dispositivo. \u00bfPero qu\u00e9 inter\u00e9s tiene y para qu\u00e9 la quiero?<\/h2>\n\n\n\n<p>Utilizamos cookies, por ejemplo, para aumentar la facilidad de uso de nuestro sitio web y adaptarlo mejor a sus deseos y preferencias. Por ejemplo, con las cookies podemos recordar su preferencia de idioma. De este modo, cuando vuelva a visitar nuestro sitio web en el futuro, no tendr\u00e1 que volver a indicarnos su preferencia de idioma y disfrutar\u00e1 de una mejor experiencia.<\/p>\n\n\n\n<p>Tambi\u00e9n utilizamos cookies para recopilar informaci\u00f3n sobre c\u00f3mo utiliza nuestro sitio web. Vemos el n\u00famero de visitantes, cu\u00e1les son las p\u00e1ginas web m\u00e1s populares y el tiempo que los visitantes pasan en una p\u00e1gina web. Bas\u00e1ndonos en c\u00f3mo se comportan los usuarios en nuestro sitio web, podemos optimizar y personalizar la experiencia del usuario. Existen todo tipo de cookies, que pueden clasificarse por funci\u00f3n, origen y vida \u00fatil. Para una visi\u00f3n general de los tipos de cookies, puede ir a http:\/\/www.allaboutcookies.es.<\/p>\n\n\n\n<h2 class=\"gb-headline gb-headline-1f347003 gb-headline-text\">Entiendo la idea que hay detr\u00e1s de las cookies, pero me gustar\u00eda que me dijeran qu\u00e9 cookies van a almacenar exactamente en mi dispositivo.<\/h2>\n\n\n\n<h3 class=\"gb-headline gb-headline-0f800802 gb-headline-text\">Cookies esenciales<\/h3>\n\n\n\n<p>Estas son las cookies que no querr\u00e1 perderse. Son necesarias para el funcionamiento de nuestra web, para permitirle moverse por ella y utilizar sus funciones. Incluyen, por ejemplo, cookies que permiten iniciar sesi\u00f3n en \u00e1reas seguras de nuestro sitio. Sin estas cookies, el sitio web no podr\u00e1 funcionar plenamente.<\/p>\n\n\n\n<figure class=\"wp-block-table\"><table><tbody><tr><td><strong>Nombre de la cookie<\/strong><\/td><td><strong>\u00bfPor qu\u00e9 ponemos esta cookie?<\/strong><\/td><td><strong>\u00bfCu\u00e1ndo caducan las cookies?<\/strong><\/td><td><strong>\u00bfCookies propias o de terceros?<\/strong><\/td><\/tr><tr><td>PHPSESSID (MODX)<\/td><td>Para almacenar el nombre de usuario y la clave cifrada del usuario conectado. Sin esta cookie, el usuario no puede acceder a las zonas del sitio web que requieren un acceso autenticado.<\/td><td>Caduca 30 minutos despu\u00e9s de que se cierre el navegador del usuario.<\/td><td>Propia<\/td><\/tr><\/tbody><\/table><\/figure>\n\n\n\n<h3 class=\"gb-headline gb-headline-9d907590 gb-headline-text\">Cookies funcionales<\/h3>\n\n\n\n<p>Se utilizan para reconocerle cuando vuelve a nuestros sitios y aplicaciones. Adem\u00e1s, nos permiten recordar las elecciones que hace al utilizarlos. Esto nos permite personalizar nuestro contenido para usted, saludarle por su nombre y recordar sus preferencias (por ejemplo, su elecci\u00f3n de idioma o regi\u00f3n).<\/p>\n\n\n\n<p>B\u00e1sicamente, las cookies funcionales facilitan el funcionamiento de nuestros sitios web y aplicaciones. Adem\u00e1s, proporcionan una experiencia de navegaci\u00f3n personalizada. Sin ellas, nuestra web seguir\u00e1 funcionando, pero ser\u00e1 menos personalizada y menos fluida.<\/p>\n\n\n\n<figure class=\"wp-block-table\"><table><tbody><tr><td><strong>Nombre de la cookie<\/strong><\/td><td><strong>\u00bfPor qu\u00e9 ponemos esta cookie?<\/strong><\/td><td><strong>\u00bfCu\u00e1ndo caducan las cookies?<\/strong><\/td><td><strong>\u00bfCookies propias o de terceros?<\/strong><\/td><\/tr><tr><td>_icl_current_language<\/td><td>Para recordar su preferencia de idioma.<\/td><td>Caduca a los 24 meses<\/td><td>Propia<\/td><\/tr><tr><td>euCookie<\/td><td>Para avisar con un mensaje a los usuarios que acceden por primera vez de que nuestro sitio web utiliza cookies.<\/td><td>Caduca a los 12 meses<\/td><td>Propia<\/td><\/tr><\/tbody><\/table><\/figure>\n\n\n\n<h3 class=\"gb-headline gb-headline-fd2bf865 gb-headline-text\">Cookies de redes sociales<\/h3>\n\n\n\n<p>Si aprovecha la oportunidad de compartir contenido de nuestra web a trav\u00e9s de nuestros botones de redes sociales (por ejemplo, Facebook, Twitter, LinkedIn, YouTube, etc.), debe saber que es probable que estos sitios recopilen informaci\u00f3n sobre sus actividades en l\u00ednea. Nosotros no podemos controlar eso. La informaci\u00f3n que recopilan se almacena de forma an\u00f3nima. La informaci\u00f3n es enviada por y a Twitter, Facebook, YouTube y LinkedIn en servidores de Estados Unidos. Se aplica un nivel adecuado de protecci\u00f3n del uso de cualquier posible dato personal.<\/p>\n\n\n\n<p>Le sugerimos que consulte las pol\u00edticas de privacidad (si las hubiera) de dichos sitios web de terceros para obtener m\u00e1s informaci\u00f3n sobre el uso que hacen de su informaci\u00f3n y c\u00f3mo excluir o eliminar dicha informaci\u00f3n.<\/p>\n\n\n\n<figure class=\"wp-block-table\"><table><tbody><tr><td><strong>Nombre de la cookie<\/strong><\/td><td><strong>\u00bfPor qu\u00e9 ponemos esta cookie?<\/strong><\/td><td><strong>\u00bfCu\u00e1ndo caducan las cookies?<\/strong><\/td><td><strong>\u00bfCookies propias o de terceros?<\/strong><\/td><\/tr><tr><td>__stid<\/td><td>Nuestro sitio web utiliza un widget de ShareThis que permite compartir nuestros contenidos en las redes sociales de forma r\u00e1pida y sencilla.<\/td><td>Caduca a los 12 meses<\/td><td>Terceros<\/td><\/tr><tr><td>__unam<\/td><td>Esta cookie tambi\u00e9n es de ShareThis; monitoriza el flujo de clics y el tiempo de permanencia en la p\u00e1gina.<\/td><td>Caduca a los 9 meses<\/td><td>Terceros<\/td><\/tr><tr><td>wd<\/td><td>Esta cookie es de <a href=\"https:\/\/www.facebook.com\/policies\/cookies\/\" target=\"_blank\" rel=\"noreferrer noopener\">Facebook<\/a> y rastrea a los miembros\/no miembros de las redes sociales para ofrecer publicidad basada en el comportamiento, an\u00e1lisis e investigaci\u00f3n de mercado.<\/td><td>Fin de la sesi\u00f3n<\/td><td>Terceros<\/td><\/tr><tr><td>fr<\/td><td>Esta cookie es de <a href=\"https:\/\/www.facebook.com\/policies\/cookies\/\" target=\"_blank\" rel=\"noreferrer noopener\">Facebook<\/a> y rastrea a los miembros\/no miembros de las redes sociales para ofrecer publicidad basada en el comportamiento, an\u00e1lisis e investigaci\u00f3n de mercado.<\/td><td>Caduca a los 2 meses<\/td><td>Terceros<\/td><\/tr><\/tbody><\/table><\/figure>\n\n\n\n<h3 class=\"gb-headline gb-headline-f6284111 gb-headline-text\">Cookies anal\u00edticas<\/h3>\n\n\n\n<p>Estas cookies recopilan informaci\u00f3n sobre el uso de nuestros sitios web, como el n\u00famero de visitantes, cu\u00e1les son las p\u00e1ginas web m\u00e1s populares y el tiempo que los usuarios pasan en una p\u00e1gina web concreta. Bas\u00e1ndonos en el comportamiento de nuestros usuarios, podemos mejorar el funcionamiento de nuestros sitios web y aplicaciones, por ejemplo, asegur\u00e1ndonos de que los usuarios encuentran f\u00e1cilmente lo que buscan. Tambi\u00e9n utilizamos cookies de terceros como:<\/p>\n\n\n\n<figure class=\"wp-block-table\"><table><tbody><tr><td><strong>Nombre de la cookie<\/strong><\/td><td><strong>Herramienta<\/strong><\/td><td><strong>\u00bfPor qu\u00e9 ponemos esta cookie?<\/strong><\/td><td><strong>\u00bfCu\u00e1ndo caducan las cookies?<\/strong><\/td><td><strong>\u00bfCookies propias o de terceros?<\/strong><\/td><\/tr><tr><td>_ga<\/td><td>Google analytics<\/td><td>Seguimiento del tr\u00e1fico web<\/td><td>Caduca a los 24 meses<\/td><td>Terceros<\/td><\/tr><tr><td>_gid<\/td><td>Google analytics<\/td><td>Seguimiento del tr\u00e1fico web<\/td><td>Caduca a los 24 meses<\/td><td>Terceros<\/td><\/tr><tr><td>_dc_gtm_ua<\/td><td>Google analytics<\/td><td>Seguimiento del tr\u00e1fico web<\/td><td>Caduca a los 24 meses<\/td><td>Terceros<\/td><\/tr><\/tbody><\/table><\/figure>\n\n\n\n<h3 class=\"gb-headline gb-headline-7a4d9c64 gb-headline-text\">Cookies de marketing<\/h3>\n\n\n\n<p>Estas cookies se utilizan con fines de marketing. Registran su visita a nuestro sitio, las p\u00e1ginas que ha visitado y los enlaces que ha seguido. Utilizando estas cookies, podemos enviarle contenidos o consultas m\u00e1s relevantes para sus intereses.<\/p>\n\n\n\n<figure class=\"wp-block-table\"><table><tbody><tr><td><strong>Nombre de la cookie<\/strong><\/td><td><strong>Herramienta<\/strong><\/td><td><strong>\u00bfPor qu\u00e9 ponemos esta cookie?<\/strong><\/td><td><strong>\u00bfCu\u00e1ndo caducan las cookies?<\/strong><\/td><td><strong>\u00bfCookies propias o de terceros?<\/strong><\/td><\/tr><tr><td>__hs_cookie_cat_pref<\/td><td>Hubspot<\/td><td>Esta cookie se utiliza para registrar las categor\u00edas a las que un visitante ha dado su consentimiento.<\/td><td>Caduca a los 6 meses<\/td><td>Terceros<\/td><\/tr><tr><td>__cf_bm<\/td><td>Hubspot<\/td><td>Esta cookie la establece el proveedor de CDN de HubSpot y es una cookie necesaria para la protecci\u00f3n frente a bots.<\/td><td>Caduca a los 30 minutos<\/td><td>Terceros<\/td><\/tr><tr><td>__hstc<\/td><td>Hubspot<\/td><td>The main cookie for tracking visitors.<\/td><td>Caduca a los 6 meses<\/td><td>Terceros<\/td><\/tr><tr><td>hubspotutk<\/td><td>Hubspot<\/td><td>Esta cookie mantiene un registro de la identidad del visitante. Se transmite a HubSpot al enviar el formulario y se utiliza al deduplicar contactos.<\/td><td>Caduca a los 6 meses<\/td><td>Terceros<\/td><\/tr><tr><td>__hssc<\/td><td>Hubspot<\/td><td>Esta cookie realiza un seguimiento de las sesiones.<\/td><td>Caduca a los 6 meses<\/td><td>Terceros<\/td><\/tr><tr><td>__hssrc<\/td><td>Hubspot<\/td><td>Cada vez que HubSpot cambia la cookie de sesi\u00f3n, esta cookie tambi\u00e9n se establece para determinar si el visitante ha reiniciado su navegador.<\/td><td>Caduca al final de la sesi\u00f3n.<\/td><td>Terceros<\/td><\/tr><\/tbody><\/table><\/figure>\n\n\n\n<h3 class=\"gb-headline gb-headline-caf69558 gb-headline-text\">Vale, me han convencido. Ahora d\u00edgame c\u00f3mo acepto las cookies.<\/h3>\n\n\n\n<p>Puede optar por aceptar las cookies a trav\u00e9s de nuestra barra de cookies o mediante la configuraci\u00f3n de su navegador. Si decide desactivar esta funci\u00f3n, es posible que no pueda utilizar nuestro sitio web de forma \u00f3ptima. Para comprobar si su navegador est\u00e1 configurado para permitir cookies, visite la p\u00e1gina Cookie checker. Esta p\u00e1gina intentar\u00e1 crear una cookie e informar\u00e1 de si lo ha conseguido.<\/p>\n\n\n\n<h3 class=\"gb-headline gb-headline-cd87fe70 gb-headline-text\">He cambiado de opini\u00f3n. \u00bfC\u00f3mo desactivo las cookies?<\/h3>\n\n\n\n<p>Puede desactivar las cookies de nuestro sitio web siempre que lo desee. Aqu\u00ed se explica c\u00f3mo puede desactivar o eliminar las cookies: <a href=\"http:\/\/www.allaboutcookies.org\">http:\/\/www.allaboutcookies.org<\/a> o <a href=\"http:\/\/aboutcookies.org\">http:\/\/aboutcookies.org<\/a>. Tenga en cuenta que, si desactivan las cookies, es posible que el sitio web o algunos de sus elementos no funcionen de forma \u00f3ptima.<\/p>\n\n\n\n<h3 class=\"gb-headline gb-headline-71b2e4b3 gb-headline-text\">Me gustar\u00eda tener m\u00e1s informaci\u00f3n\u2026<\/h3>\n\n\n\n<p>Si tiene alguna pregunta sobre nuestra pol\u00edtica de cookies, p\u00f3ngase en contacto con nosotros por correo electr\u00f3nico en <a href=\"mailto:dataprotection@spacewell.com\">dataprotection@spacewell.com<\/a><\/p>\n\n<\/div>","protected":false},"excerpt":{"rendered":"<p>Pol\u00edtica de cookies Fecha de entrada en vigor: 15 de marzo de 2021 Actualizar mi configuraci\u00f3n de cookies Spacewell International NV, con domicilio social en Sneeuwbeslaan 20 bus 3, 2610 Wilrijk, constituida de conformidad con la legislaci\u00f3n belga y registrada en el Crossroad Bank of Enterprises con el n\u00famero BE 0846.845.929 (\u00abSpacewell International NV\u00bb, \u00abnosotros\u00bb, &#8230; <a title=\"Pol\u00edtica de cookies\" class=\"read-more\" href=\"https:\/\/spacewell.com\/es\/juridico\/politica-de-cookies\/\" aria-label=\"Leer m\u00e1s sobre Pol\u00edtica de cookies\">Leer m\u00e1s<\/a><\/p>\n","protected":false},"author":29,"featured_media":23746,"parent":525,"menu_order":0,"comment_status":"closed","ping_status":"closed","template":"","meta":{"_acf_changed":false,"footnotes":""},"class_list":{"0":"post-549","1":"page","2":"type-page","3":"status-publish","4":"has-post-thumbnail","6":"no-featured-image-padding"},"acf":[],"yoast_head":"<!-- This site is optimized with the Yoast SEO Premium plugin v26.0 (Yoast SEO v27.5) - https:\/\/yoast.com\/product\/yoast-seo-premium-wordpress\/ -->\n<title>Pol\u00edtica de cookies - Spacewell | A Nemetschek Company<\/title>\n<meta name=\"description\" content=\"Con esta pol\u00edtica de cookies proporcionamos informaci\u00f3n sobre qu\u00e9 tipos de cookies y tecnolog\u00edas utilizamos y c\u00f3mo se aplica todo esto al sitio web de Spacewell.\" \/>\n<meta name=\"robots\" content=\"index, follow, max-snippet:-1, max-image-preview:large, max-video-preview:-1\" \/>\n<link rel=\"canonical\" href=\"https:\/\/spacewell.com\/es\/juridico\/politica-de-cookies\/\" \/>\n<meta property=\"og:locale\" content=\"es_ES\" \/>\n<meta property=\"og:type\" content=\"article\" \/>\n<meta property=\"og:title\" content=\"Pol\u00edtica de cookies\" \/>\n<meta property=\"og:description\" content=\"Con esta pol\u00edtica de cookies proporcionamos informaci\u00f3n sobre qu\u00e9 tipos de cookies y tecnolog\u00edas utilizamos y c\u00f3mo se aplica todo esto al sitio web de Spacewell.\" \/>\n<meta property=\"og:url\" content=\"https:\/\/spacewell.com\/es\/juridico\/politica-de-cookies\/\" \/>\n<meta property=\"og:site_name\" content=\"Spacewell | A Nemetschek Company\" \/>\n<meta property=\"article:publisher\" content=\"https:\/\/www.facebook.com\/SpacewellHQ\" \/>\n<meta property=\"article:modified_time\" content=\"2023-10-20T04:08:24+00:00\" \/>\n<meta property=\"og:image\" content=\"https:\/\/spacewell.com\/wp-content\/uploads\/2023\/10\/open-meeting-space-1200x630-1.png\" \/>\n\t<meta property=\"og:image:width\" content=\"1200\" \/>\n\t<meta property=\"og:image:height\" content=\"630\" \/>\n\t<meta property=\"og:image:type\" content=\"image\/png\" \/>\n<meta name=\"twitter:card\" content=\"summary_large_image\" \/>\n<meta name=\"twitter:site\" content=\"@Spacewell_HQ\" \/>\n<meta name=\"twitter:label1\" content=\"Tiempo de lectura\" \/>\n\t<meta name=\"twitter:data1\" content=\"7 minutos\" \/>\n<script type=\"application\/ld+json\" class=\"yoast-schema-graph\">{\"@context\":\"https:\\\/\\\/schema.org\",\"@graph\":[{\"@type\":\"WebPage\",\"@id\":\"https:\\\/\\\/spacewell.com\\\/es\\\/juridico\\\/politica-de-cookies\\\/\",\"url\":\"https:\\\/\\\/spacewell.com\\\/es\\\/juridico\\\/politica-de-cookies\\\/\",\"name\":\"Pol\u00edtica de cookies - Spacewell | A Nemetschek Company\",\"isPartOf\":{\"@id\":\"https:\\\/\\\/spacewell.com\\\/es\\\/#website\"},\"primaryImageOfPage\":{\"@id\":\"https:\\\/\\\/spacewell.com\\\/es\\\/juridico\\\/politica-de-cookies\\\/#primaryimage\"},\"image\":{\"@id\":\"https:\\\/\\\/spacewell.com\\\/es\\\/juridico\\\/politica-de-cookies\\\/#primaryimage\"},\"thumbnailUrl\":\"https:\\\/\\\/spacewell.com\\\/wp-content\\\/uploads\\\/2023\\\/10\\\/open-meeting-space-1200x630-1.png\",\"datePublished\":\"2023-06-01T11:42:19+00:00\",\"dateModified\":\"2023-10-20T04:08:24+00:00\",\"description\":\"Con esta pol\u00edtica de cookies proporcionamos informaci\u00f3n sobre qu\u00e9 tipos de cookies y tecnolog\u00edas utilizamos y c\u00f3mo se aplica todo esto al sitio web de Spacewell.\",\"breadcrumb\":{\"@id\":\"https:\\\/\\\/spacewell.com\\\/es\\\/juridico\\\/politica-de-cookies\\\/#breadcrumb\"},\"inLanguage\":\"es\",\"potentialAction\":[{\"@type\":\"ReadAction\",\"target\":[\"https:\\\/\\\/spacewell.com\\\/es\\\/juridico\\\/politica-de-cookies\\\/\"]}]},{\"@type\":\"ImageObject\",\"inLanguage\":\"es\",\"@id\":\"https:\\\/\\\/spacewell.com\\\/es\\\/juridico\\\/politica-de-cookies\\\/#primaryimage\",\"url\":\"https:\\\/\\\/spacewell.com\\\/wp-content\\\/uploads\\\/2023\\\/10\\\/open-meeting-space-1200x630-1.png\",\"contentUrl\":\"https:\\\/\\\/spacewell.com\\\/wp-content\\\/uploads\\\/2023\\\/10\\\/open-meeting-space-1200x630-1.png\",\"width\":1200,\"height\":630,\"caption\":\"Espacio de oficina abierta con empleados\"},{\"@type\":\"BreadcrumbList\",\"@id\":\"https:\\\/\\\/spacewell.com\\\/es\\\/juridico\\\/politica-de-cookies\\\/#breadcrumb\",\"itemListElement\":[{\"@type\":\"ListItem\",\"position\":1,\"name\":\"Home\",\"item\":\"https:\\\/\\\/spacewell.com\\\/es\\\/\"},{\"@type\":\"ListItem\",\"position\":2,\"name\":\"Jur\u00eddico\",\"item\":\"https:\\\/\\\/spacewell.com\\\/es\\\/juridico\\\/\"},{\"@type\":\"ListItem\",\"position\":3,\"name\":\"Pol\u00edtica de cookies\"}]},{\"@type\":\"WebSite\",\"@id\":\"https:\\\/\\\/spacewell.com\\\/es\\\/#website\",\"url\":\"https:\\\/\\\/spacewell.com\\\/es\\\/\",\"name\":\"Spacewell | A Nemetschek Company\",\"description\":\"Make buildings work for people\",\"publisher\":{\"@id\":\"https:\\\/\\\/spacewell.com\\\/es\\\/#organization\"},\"potentialAction\":[{\"@type\":\"SearchAction\",\"target\":{\"@type\":\"EntryPoint\",\"urlTemplate\":\"https:\\\/\\\/spacewell.com\\\/es\\\/?s={search_term_string}\"},\"query-input\":{\"@type\":\"PropertyValueSpecification\",\"valueRequired\":true,\"valueName\":\"search_term_string\"}}],\"inLanguage\":\"es\"},{\"@type\":\"Organization\",\"@id\":\"https:\\\/\\\/spacewell.com\\\/es\\\/#organization\",\"name\":\"Spacewell | A Nemetschek Company\",\"url\":\"https:\\\/\\\/spacewell.com\\\/es\\\/\",\"logo\":{\"@type\":\"ImageObject\",\"inLanguage\":\"es\",\"@id\":\"https:\\\/\\\/spacewell.com\\\/es\\\/#\\\/schema\\\/logo\\\/image\\\/\",\"url\":\"https:\\\/\\\/spacewell.com\\\/wp-content\\\/uploads\\\/2023\\\/05\\\/spacewell-logo-500x88-1.webp\",\"contentUrl\":\"https:\\\/\\\/spacewell.com\\\/wp-content\\\/uploads\\\/2023\\\/05\\\/spacewell-logo-500x88-1.webp\",\"width\":500,\"height\":88,\"caption\":\"Spacewell | A Nemetschek Company\"},\"image\":{\"@id\":\"https:\\\/\\\/spacewell.com\\\/es\\\/#\\\/schema\\\/logo\\\/image\\\/\"},\"sameAs\":[\"https:\\\/\\\/www.facebook.com\\\/SpacewellHQ\",\"https:\\\/\\\/x.com\\\/Spacewell_HQ\"]}]}<\/script>\n<!-- \/ Yoast SEO Premium plugin. -->","yoast_head_json":{"title":"Pol\u00edtica de cookies - Spacewell | A Nemetschek Company","description":"Con esta pol\u00edtica de cookies proporcionamos informaci\u00f3n sobre qu\u00e9 tipos de cookies y tecnolog\u00edas utilizamos y c\u00f3mo se aplica todo esto al sitio web de Spacewell.","robots":{"index":"index","follow":"follow","max-snippet":"max-snippet:-1","max-image-preview":"max-image-preview:large","max-video-preview":"max-video-preview:-1"},"canonical":"https:\/\/spacewell.com\/es\/juridico\/politica-de-cookies\/","og_locale":"es_ES","og_type":"article","og_title":"Pol\u00edtica de cookies","og_description":"Con esta pol\u00edtica de cookies proporcionamos informaci\u00f3n sobre qu\u00e9 tipos de cookies y tecnolog\u00edas utilizamos y c\u00f3mo se aplica todo esto al sitio web de Spacewell.","og_url":"https:\/\/spacewell.com\/es\/juridico\/politica-de-cookies\/","og_site_name":"Spacewell | A Nemetschek Company","article_publisher":"https:\/\/www.facebook.com\/SpacewellHQ","article_modified_time":"2023-10-20T04:08:24+00:00","og_image":[{"width":1200,"height":630,"url":"https:\/\/spacewell.com\/wp-content\/uploads\/2023\/10\/open-meeting-space-1200x630-1.png","type":"image\/png"}],"twitter_card":"summary_large_image","twitter_site":"@Spacewell_HQ","twitter_misc":{"Tiempo de lectura":"7 minutos"},"schema":{"@context":"https:\/\/schema.org","@graph":[{"@type":"WebPage","@id":"https:\/\/spacewell.com\/es\/juridico\/politica-de-cookies\/","url":"https:\/\/spacewell.com\/es\/juridico\/politica-de-cookies\/","name":"Pol\u00edtica de cookies - Spacewell | A Nemetschek Company","isPartOf":{"@id":"https:\/\/spacewell.com\/es\/#website"},"primaryImageOfPage":{"@id":"https:\/\/spacewell.com\/es\/juridico\/politica-de-cookies\/#primaryimage"},"image":{"@id":"https:\/\/spacewell.com\/es\/juridico\/politica-de-cookies\/#primaryimage"},"thumbnailUrl":"https:\/\/spacewell.com\/wp-content\/uploads\/2023\/10\/open-meeting-space-1200x630-1.png","datePublished":"2023-06-01T11:42:19+00:00","dateModified":"2023-10-20T04:08:24+00:00","description":"Con esta pol\u00edtica de cookies proporcionamos informaci\u00f3n sobre qu\u00e9 tipos de cookies y tecnolog\u00edas utilizamos y c\u00f3mo se aplica todo esto al sitio web de Spacewell.","breadcrumb":{"@id":"https:\/\/spacewell.com\/es\/juridico\/politica-de-cookies\/#breadcrumb"},"inLanguage":"es","potentialAction":[{"@type":"ReadAction","target":["https:\/\/spacewell.com\/es\/juridico\/politica-de-cookies\/"]}]},{"@type":"ImageObject","inLanguage":"es","@id":"https:\/\/spacewell.com\/es\/juridico\/politica-de-cookies\/#primaryimage","url":"https:\/\/spacewell.com\/wp-content\/uploads\/2023\/10\/open-meeting-space-1200x630-1.png","contentUrl":"https:\/\/spacewell.com\/wp-content\/uploads\/2023\/10\/open-meeting-space-1200x630-1.png","width":1200,"height":630,"caption":"Espacio de oficina abierta con empleados"},{"@type":"BreadcrumbList","@id":"https:\/\/spacewell.com\/es\/juridico\/politica-de-cookies\/#breadcrumb","itemListElement":[{"@type":"ListItem","position":1,"name":"Home","item":"https:\/\/spacewell.com\/es\/"},{"@type":"ListItem","position":2,"name":"Jur\u00eddico","item":"https:\/\/spacewell.com\/es\/juridico\/"},{"@type":"ListItem","position":3,"name":"Pol\u00edtica de cookies"}]},{"@type":"WebSite","@id":"https:\/\/spacewell.com\/es\/#website","url":"https:\/\/spacewell.com\/es\/","name":"Spacewell | A Nemetschek Company","description":"Make buildings work for people","publisher":{"@id":"https:\/\/spacewell.com\/es\/#organization"},"potentialAction":[{"@type":"SearchAction","target":{"@type":"EntryPoint","urlTemplate":"https:\/\/spacewell.com\/es\/?s={search_term_string}"},"query-input":{"@type":"PropertyValueSpecification","valueRequired":true,"valueName":"search_term_string"}}],"inLanguage":"es"},{"@type":"Organization","@id":"https:\/\/spacewell.com\/es\/#organization","name":"Spacewell | A Nemetschek Company","url":"https:\/\/spacewell.com\/es\/","logo":{"@type":"ImageObject","inLanguage":"es","@id":"https:\/\/spacewell.com\/es\/#\/schema\/logo\/image\/","url":"https:\/\/spacewell.com\/wp-content\/uploads\/2023\/05\/spacewell-logo-500x88-1.webp","contentUrl":"https:\/\/spacewell.com\/wp-content\/uploads\/2023\/05\/spacewell-logo-500x88-1.webp","width":500,"height":88,"caption":"Spacewell | A Nemetschek Company"},"image":{"@id":"https:\/\/spacewell.com\/es\/#\/schema\/logo\/image\/"},"sameAs":["https:\/\/www.facebook.com\/SpacewellHQ","https:\/\/x.com\/Spacewell_HQ"]}]}},"_links":{"self":[{"href":"https:\/\/spacewell.com\/es\/wp-json\/wp\/v2\/pages\/549","targetHints":{"allow":["GET"]}}],"collection":[{"href":"https:\/\/spacewell.com\/es\/wp-json\/wp\/v2\/pages"}],"about":[{"href":"https:\/\/spacewell.com\/es\/wp-json\/wp\/v2\/types\/page"}],"author":[{"embeddable":true,"href":"https:\/\/spacewell.com\/es\/wp-json\/wp\/v2\/users\/29"}],"replies":[{"embeddable":true,"href":"https:\/\/spacewell.com\/es\/wp-json\/wp\/v2\/comments?post=549"}],"version-history":[{"count":0,"href":"https:\/\/spacewell.com\/es\/wp-json\/wp\/v2\/pages\/549\/revisions"}],"up":[{"embeddable":true,"href":"https:\/\/spacewell.com\/es\/wp-json\/wp\/v2\/pages\/525"}],"wp:featuredmedia":[{"embeddable":true,"href":"https:\/\/spacewell.com\/es\/wp-json\/wp\/v2\/media\/23746"}],"wp:attachment":[{"href":"https:\/\/spacewell.com\/es\/wp-json\/wp\/v2\/media?parent=549"}],"curies":[{"name":"wp","href":"https:\/\/api.w.org\/{rel}","templated":true}]}}