


{"id":525,"date":"2023-06-01T13:33:58","date_gmt":"2023-06-01T11:33:58","guid":{"rendered":"https:\/\/spacewell.com\/juridico\/"},"modified":"2023-11-22T14:27:51","modified_gmt":"2023-11-22T13:27:51","slug":"juridico","status":"publish","type":"page","link":"https:\/\/spacewell.com\/es\/juridico\/","title":{"rendered":"Jur\u00eddico"},"content":{"rendered":"<div class=\"gb-container gb-container-9115b388 gb-container-5731d80c\">\n\n<h1 class=\"gb-headline gb-headline-f78d9b60 gb-headline-text\">Jur\u00eddico<\/h1>\n\n\n\n<p>Las p\u00e1ginas jur\u00eddicas publicadas en este sitio web<\/p>\n\n<\/div>\n\n<div class=\"gb-container gb-container-38efb51e\">\n<div class=\"gb-grid-wrapper gb-grid-wrapper-3461ef97\">\n<div class=\"gb-grid-column gb-grid-column-b8b17a04\"><div class=\"gb-container gb-container-b8b17a04\">\n\n<a class=\"gb-button gb-button-00c580bd gb-button-text gb-button-c33bffb9 pointer\" href=\"https:\/\/spacewell.com\/es\/juridico\/politica-de-cookies\/\">Pol\u00edtica de cookies<\/a>\n\n<\/div><\/div>\n\n<div class=\"gb-grid-column gb-grid-column-5809d48f\"><div class=\"gb-container gb-container-5809d48f\">\n\n<a class=\"gb-button gb-button-de18f37e gb-button-text gb-button-c33bffb9 pointer\" href=\"https:\/\/spacewell.com\/legal\/privacy-policy\/\">Privacy policy<\/a>\n\n<\/div><\/div>\n\n<div class=\"gb-grid-column gb-grid-column-fd6c7d3b\"><div class=\"gb-container gb-container-fd6c7d3b\">\n\n<a class=\"gb-button gb-button-74e4b6e5 gb-button-text gb-button-c33bffb9 pointer\" href=\"https:\/\/spacewell.com\/es\/juridico\/condiciones-de-uso\/\">Condiciones de uso<\/a>\n\n<\/div><\/div>\n\n<div class=\"gb-grid-column gb-grid-column-a4ab3ff1\"><div class=\"gb-container gb-container-a4ab3ff1\">\n\n<a class=\"gb-button gb-button-f4df2b23 gb-button-text gb-button-c33bffb9 pointer\" href=\"https:\/\/spacewell.com\/legal\/legal-notice-spacewell-apps\/\">Aviso jur\u00eddico para las aplicaciones de Spacewell<\/a>\n\n<\/div><\/div>\n<\/div>\n<\/div>","protected":false},"excerpt":{"rendered":"<p>Jur\u00eddico Las p\u00e1ginas jur\u00eddicas publicadas en este sitio web<\/p>\n","protected":false},"author":29,"featured_media":23746,"parent":0,"menu_order":0,"comment_status":"closed","ping_status":"closed","template":"","meta":{"_acf_changed":false,"footnotes":""},"class_list":{"0":"post-525","1":"page","2":"type-page","3":"status-publish","4":"has-post-thumbnail","6":"no-featured-image-padding"},"acf":[],"yoast_head":"<!-- This site is optimized with the Yoast SEO Premium plugin v26.0 (Yoast SEO v27.4) - https:\/\/yoast.com\/product\/yoast-seo-premium-wordpress\/ -->\n<title>Jur\u00eddico - Spacewell | A Nemetschek Company<\/title>\n<meta name=\"description\" content=\"Pol\u00edtica de cookies, Pol\u00edtica de privacidad y Condiciones de uso: para entender claramente c\u00f3mo tratamos su informaci\u00f3n y nuestras directrices de servicio.\" \/>\n<meta name=\"robots\" content=\"index, follow, max-snippet:-1, max-image-preview:large, max-video-preview:-1\" \/>\n<link rel=\"canonical\" href=\"https:\/\/spacewell.com\/es\/juridico\/\" \/>\n<meta property=\"og:locale\" content=\"es_ES\" \/>\n<meta property=\"og:type\" content=\"article\" \/>\n<meta property=\"og:title\" content=\"Jur\u00eddico\" \/>\n<meta property=\"og:description\" content=\"Pol\u00edtica de cookies, Pol\u00edtica de privacidad y Condiciones de uso: para entender claramente c\u00f3mo tratamos su informaci\u00f3n y nuestras directrices de servicio.\" \/>\n<meta property=\"og:url\" content=\"https:\/\/spacewell.com\/es\/juridico\/\" \/>\n<meta property=\"og:site_name\" content=\"Spacewell | A Nemetschek Company\" \/>\n<meta property=\"article:publisher\" content=\"https:\/\/www.facebook.com\/SpacewellHQ\" \/>\n<meta property=\"article:modified_time\" content=\"2023-11-22T13:27:51+00:00\" \/>\n<meta property=\"og:image\" content=\"https:\/\/spacewell.com\/wp-content\/uploads\/2023\/10\/open-meeting-space-1200x630-1.png\" \/>\n\t<meta property=\"og:image:width\" content=\"1200\" \/>\n\t<meta property=\"og:image:height\" content=\"630\" \/>\n\t<meta property=\"og:image:type\" content=\"image\/png\" \/>\n<meta name=\"twitter:card\" content=\"summary_large_image\" \/>\n<meta name=\"twitter:site\" content=\"@Spacewell_HQ\" \/>\n<meta name=\"twitter:label1\" content=\"Tiempo de lectura\" \/>\n\t<meta name=\"twitter:data1\" content=\"1 minuto\" \/>\n<script type=\"application\/ld+json\" class=\"yoast-schema-graph\">{\"@context\":\"https:\\\/\\\/schema.org\",\"@graph\":[{\"@type\":\"WebPage\",\"@id\":\"https:\\\/\\\/spacewell.com\\\/es\\\/juridico\\\/\",\"url\":\"https:\\\/\\\/spacewell.com\\\/es\\\/juridico\\\/\",\"name\":\"Jur\u00eddico - Spacewell | A Nemetschek Company\",\"isPartOf\":{\"@id\":\"https:\\\/\\\/spacewell.com\\\/es\\\/#website\"},\"primaryImageOfPage\":{\"@id\":\"https:\\\/\\\/spacewell.com\\\/es\\\/juridico\\\/#primaryimage\"},\"image\":{\"@id\":\"https:\\\/\\\/spacewell.com\\\/es\\\/juridico\\\/#primaryimage\"},\"thumbnailUrl\":\"https:\\\/\\\/spacewell.com\\\/wp-content\\\/uploads\\\/2023\\\/10\\\/open-meeting-space-1200x630-1.png\",\"datePublished\":\"2023-06-01T11:33:58+00:00\",\"dateModified\":\"2023-11-22T13:27:51+00:00\",\"description\":\"Pol\u00edtica de cookies, Pol\u00edtica de privacidad y Condiciones de uso: para entender claramente c\u00f3mo tratamos su informaci\u00f3n y nuestras directrices de servicio.\",\"breadcrumb\":{\"@id\":\"https:\\\/\\\/spacewell.com\\\/es\\\/juridico\\\/#breadcrumb\"},\"inLanguage\":\"es\",\"potentialAction\":[{\"@type\":\"ReadAction\",\"target\":[\"https:\\\/\\\/spacewell.com\\\/es\\\/juridico\\\/\"]}]},{\"@type\":\"ImageObject\",\"inLanguage\":\"es\",\"@id\":\"https:\\\/\\\/spacewell.com\\\/es\\\/juridico\\\/#primaryimage\",\"url\":\"https:\\\/\\\/spacewell.com\\\/wp-content\\\/uploads\\\/2023\\\/10\\\/open-meeting-space-1200x630-1.png\",\"contentUrl\":\"https:\\\/\\\/spacewell.com\\\/wp-content\\\/uploads\\\/2023\\\/10\\\/open-meeting-space-1200x630-1.png\",\"width\":1200,\"height\":630,\"caption\":\"Espacio de oficina abierta con empleados\"},{\"@type\":\"BreadcrumbList\",\"@id\":\"https:\\\/\\\/spacewell.com\\\/es\\\/juridico\\\/#breadcrumb\",\"itemListElement\":[{\"@type\":\"ListItem\",\"position\":1,\"name\":\"Home\",\"item\":\"https:\\\/\\\/spacewell.com\\\/es\\\/\"},{\"@type\":\"ListItem\",\"position\":2,\"name\":\"Jur\u00eddico\"}]},{\"@type\":\"WebSite\",\"@id\":\"https:\\\/\\\/spacewell.com\\\/es\\\/#website\",\"url\":\"https:\\\/\\\/spacewell.com\\\/es\\\/\",\"name\":\"Spacewell | A Nemetschek Company\",\"description\":\"Make buildings work for people\",\"publisher\":{\"@id\":\"https:\\\/\\\/spacewell.com\\\/es\\\/#organization\"},\"potentialAction\":[{\"@type\":\"SearchAction\",\"target\":{\"@type\":\"EntryPoint\",\"urlTemplate\":\"https:\\\/\\\/spacewell.com\\\/es\\\/?s={search_term_string}\"},\"query-input\":{\"@type\":\"PropertyValueSpecification\",\"valueRequired\":true,\"valueName\":\"search_term_string\"}}],\"inLanguage\":\"es\"},{\"@type\":\"Organization\",\"@id\":\"https:\\\/\\\/spacewell.com\\\/es\\\/#organization\",\"name\":\"Spacewell | A Nemetschek Company\",\"url\":\"https:\\\/\\\/spacewell.com\\\/es\\\/\",\"logo\":{\"@type\":\"ImageObject\",\"inLanguage\":\"es\",\"@id\":\"https:\\\/\\\/spacewell.com\\\/es\\\/#\\\/schema\\\/logo\\\/image\\\/\",\"url\":\"https:\\\/\\\/spacewell.com\\\/wp-content\\\/uploads\\\/2023\\\/05\\\/spacewell-logo-500x88-1.webp\",\"contentUrl\":\"https:\\\/\\\/spacewell.com\\\/wp-content\\\/uploads\\\/2023\\\/05\\\/spacewell-logo-500x88-1.webp\",\"width\":500,\"height\":88,\"caption\":\"Spacewell | A Nemetschek Company\"},\"image\":{\"@id\":\"https:\\\/\\\/spacewell.com\\\/es\\\/#\\\/schema\\\/logo\\\/image\\\/\"},\"sameAs\":[\"https:\\\/\\\/www.facebook.com\\\/SpacewellHQ\",\"https:\\\/\\\/x.com\\\/Spacewell_HQ\"]}]}<\/script>\n<!-- \/ Yoast SEO Premium plugin. -->","yoast_head_json":{"title":"Jur\u00eddico - Spacewell | A Nemetschek Company","description":"Pol\u00edtica de cookies, Pol\u00edtica de privacidad y Condiciones de uso: para entender claramente c\u00f3mo tratamos su informaci\u00f3n y nuestras directrices de servicio.","robots":{"index":"index","follow":"follow","max-snippet":"max-snippet:-1","max-image-preview":"max-image-preview:large","max-video-preview":"max-video-preview:-1"},"canonical":"https:\/\/spacewell.com\/es\/juridico\/","og_locale":"es_ES","og_type":"article","og_title":"Jur\u00eddico","og_description":"Pol\u00edtica de cookies, Pol\u00edtica de privacidad y Condiciones de uso: para entender claramente c\u00f3mo tratamos su informaci\u00f3n y nuestras directrices de servicio.","og_url":"https:\/\/spacewell.com\/es\/juridico\/","og_site_name":"Spacewell | A Nemetschek Company","article_publisher":"https:\/\/www.facebook.com\/SpacewellHQ","article_modified_time":"2023-11-22T13:27:51+00:00","og_image":[{"width":1200,"height":630,"url":"https:\/\/spacewell.com\/wp-content\/uploads\/2023\/10\/open-meeting-space-1200x630-1.png","type":"image\/png"}],"twitter_card":"summary_large_image","twitter_site":"@Spacewell_HQ","twitter_misc":{"Tiempo de lectura":"1 minuto"},"schema":{"@context":"https:\/\/schema.org","@graph":[{"@type":"WebPage","@id":"https:\/\/spacewell.com\/es\/juridico\/","url":"https:\/\/spacewell.com\/es\/juridico\/","name":"Jur\u00eddico - Spacewell | A Nemetschek Company","isPartOf":{"@id":"https:\/\/spacewell.com\/es\/#website"},"primaryImageOfPage":{"@id":"https:\/\/spacewell.com\/es\/juridico\/#primaryimage"},"image":{"@id":"https:\/\/spacewell.com\/es\/juridico\/#primaryimage"},"thumbnailUrl":"https:\/\/spacewell.com\/wp-content\/uploads\/2023\/10\/open-meeting-space-1200x630-1.png","datePublished":"2023-06-01T11:33:58+00:00","dateModified":"2023-11-22T13:27:51+00:00","description":"Pol\u00edtica de cookies, Pol\u00edtica de privacidad y Condiciones de uso: para entender claramente c\u00f3mo tratamos su informaci\u00f3n y nuestras directrices de servicio.","breadcrumb":{"@id":"https:\/\/spacewell.com\/es\/juridico\/#breadcrumb"},"inLanguage":"es","potentialAction":[{"@type":"ReadAction","target":["https:\/\/spacewell.com\/es\/juridico\/"]}]},{"@type":"ImageObject","inLanguage":"es","@id":"https:\/\/spacewell.com\/es\/juridico\/#primaryimage","url":"https:\/\/spacewell.com\/wp-content\/uploads\/2023\/10\/open-meeting-space-1200x630-1.png","contentUrl":"https:\/\/spacewell.com\/wp-content\/uploads\/2023\/10\/open-meeting-space-1200x630-1.png","width":1200,"height":630,"caption":"Espacio de oficina abierta con empleados"},{"@type":"BreadcrumbList","@id":"https:\/\/spacewell.com\/es\/juridico\/#breadcrumb","itemListElement":[{"@type":"ListItem","position":1,"name":"Home","item":"https:\/\/spacewell.com\/es\/"},{"@type":"ListItem","position":2,"name":"Jur\u00eddico"}]},{"@type":"WebSite","@id":"https:\/\/spacewell.com\/es\/#website","url":"https:\/\/spacewell.com\/es\/","name":"Spacewell | A Nemetschek Company","description":"Make buildings work for people","publisher":{"@id":"https:\/\/spacewell.com\/es\/#organization"},"potentialAction":[{"@type":"SearchAction","target":{"@type":"EntryPoint","urlTemplate":"https:\/\/spacewell.com\/es\/?s={search_term_string}"},"query-input":{"@type":"PropertyValueSpecification","valueRequired":true,"valueName":"search_term_string"}}],"inLanguage":"es"},{"@type":"Organization","@id":"https:\/\/spacewell.com\/es\/#organization","name":"Spacewell | A Nemetschek Company","url":"https:\/\/spacewell.com\/es\/","logo":{"@type":"ImageObject","inLanguage":"es","@id":"https:\/\/spacewell.com\/es\/#\/schema\/logo\/image\/","url":"https:\/\/spacewell.com\/wp-content\/uploads\/2023\/05\/spacewell-logo-500x88-1.webp","contentUrl":"https:\/\/spacewell.com\/wp-content\/uploads\/2023\/05\/spacewell-logo-500x88-1.webp","width":500,"height":88,"caption":"Spacewell | A Nemetschek Company"},"image":{"@id":"https:\/\/spacewell.com\/es\/#\/schema\/logo\/image\/"},"sameAs":["https:\/\/www.facebook.com\/SpacewellHQ","https:\/\/x.com\/Spacewell_HQ"]}]}},"_links":{"self":[{"href":"https:\/\/spacewell.com\/es\/wp-json\/wp\/v2\/pages\/525","targetHints":{"allow":["GET"]}}],"collection":[{"href":"https:\/\/spacewell.com\/es\/wp-json\/wp\/v2\/pages"}],"about":[{"href":"https:\/\/spacewell.com\/es\/wp-json\/wp\/v2\/types\/page"}],"author":[{"embeddable":true,"href":"https:\/\/spacewell.com\/es\/wp-json\/wp\/v2\/users\/29"}],"replies":[{"embeddable":true,"href":"https:\/\/spacewell.com\/es\/wp-json\/wp\/v2\/comments?post=525"}],"version-history":[{"count":11,"href":"https:\/\/spacewell.com\/es\/wp-json\/wp\/v2\/pages\/525\/revisions"}],"predecessor-version":[{"id":27986,"href":"https:\/\/spacewell.com\/es\/wp-json\/wp\/v2\/pages\/525\/revisions\/27986"}],"wp:featuredmedia":[{"embeddable":true,"href":"https:\/\/spacewell.com\/es\/wp-json\/wp\/v2\/media\/23746"}],"wp:attachment":[{"href":"https:\/\/spacewell.com\/es\/wp-json\/wp\/v2\/media?parent=525"}],"curies":[{"name":"wp","href":"https:\/\/api.w.org\/{rel}","templated":true}]}}