


{"id":48622,"date":"2025-10-16T12:18:00","date_gmt":"2025-10-16T10:18:00","guid":{"rendered":"https:\/\/spacewell.com\/o-prognose\/"},"modified":"2026-03-23T15:27:11","modified_gmt":"2026-03-23T14:27:11","slug":"o-prognose","status":"publish","type":"page","link":"https:\/\/spacewell.com\/es\/o-prognose\/","title":{"rendered":"O-Prognose ahora forma parte de Spacewell"},"content":{"rendered":"\n<div class=\"wp-block-columns is-layout-flex wp-container-core-columns-is-layout-9d6595d7 wp-block-columns-is-layout-flex\">\n<div class=\"wp-block-column is-layout-flow wp-block-column-is-layout-flow\" style=\"flex-basis:100%\"><div class=\"gb-container gb-container-bf6ce8c2\"><\/div>\n\n<div class=\"gb-container gb-container-c5680ef1\">\n\n<h2 class=\"gb-headline gb-headline-0da7e5de gb-headline-text gb-headline-902a6ace\">De la O-Prognose a la Planificaci\u00f3n del Mantenimiento de Spacewell<\/h2>\n\n<\/div><\/div>\n<\/div>\n\n<h2 class=\"gb-headline gb-headline-09291e12 gb-headline-text gb-headline-902a6ace\">La fundaci\u00f3n de confianza de Plandatis, ahora parte de Spacewell<\/h2>\n\n<div class=\"wp-block-media-text has-media-on-the-right is-stacked-on-mobile\"><div class=\"wp-block-media-text__content\">\n<pre class=\"wp-block-preformatted\"><strong>Plandatis, fundada en 1989 en Holanda, es pionera en software de planificaci\u00f3n del mantenimiento a largo plazo.<\/strong><br\/><br\/>Su producto estrella, O-Prognose, establece el est\u00e1ndar para previsiones de mantenimiento fiables y basadas en datos, permitiendo a miles de organizaciones planificar presupuestos, cumplir la normativa y ampliar la vida \u00fatil de sus edificios con confianza.<br\/><br\/>En la actualidad, O-Prognose sigue evolucionando, pasando de ser una herramienta especializada a un socio de confianza para organizaciones de los sectores p\u00fablico y privado, desde asociaciones de viviendas a universidades y municipios. Su enfoque sigue siendo \u00fanico: traducir los datos t\u00e9cnicos de los edificios en perspectivas claras y procesables que acorten la distancia entre ingenieros, controladores financieros y responsables pol\u00edticos. <br\/><br\/>En 2019, Plandatis se une a <strong>Spacewell<\/strong>, parte del <strong>Grupo Nemetschek<\/strong>, una de las principales empresas europeas de software para el entorno construido. Este momento marca el comienzo de un nuevo cap\u00edtulo que combina la profunda experiencia de Plandatis con el ecosistema m\u00e1s amplio de Spacewell para la <strong>Gesti\u00f3n de Asset, Workplace y Energy<\/strong>. Juntos, continuamos la misi\u00f3n que empez\u00f3 hace m\u00e1s de 30 a\u00f1os: ayudar a las organizaciones a hacer que los edificios funcionen mejor, para las personas y para el planeta.  <\/pre>\n<\/div><figure class=\"wp-block-media-text__media\"><img loading=\"lazy\" decoding=\"async\" width=\"1024\" height=\"700\" src=\"https:\/\/spacewell.com\/wp-content\/uploads\/2025\/06\/Asset-Maintenance-Planning-Update-Adjust-Anytime-White-1024x700.webp\" alt=\"\" class=\"wp-image-34244 size-full\" srcset=\"https:\/\/spacewell.com\/wp-content\/uploads\/2025\/06\/Asset-Maintenance-Planning-Update-Adjust-Anytime-White-1024x700.webp 1024w, https:\/\/spacewell.com\/wp-content\/uploads\/2025\/06\/Asset-Maintenance-Planning-Update-Adjust-Anytime-White-500x342.webp 500w, https:\/\/spacewell.com\/wp-content\/uploads\/2025\/06\/Asset-Maintenance-Planning-Update-Adjust-Anytime-White-768x525.webp 768w, https:\/\/spacewell.com\/wp-content\/uploads\/2025\/06\/Asset-Maintenance-Planning-Update-Adjust-Anytime-White-1536x1050.webp 1536w, https:\/\/spacewell.com\/wp-content\/uploads\/2025\/06\/Asset-Maintenance-Planning-Update-Adjust-Anytime-White-2048x1399.webp 2048w\" sizes=\"auto, (max-width: 1024px) 100vw, 1024px\" \/><\/figure><\/div>\n<div class=\"gb-container gb-container-a893a51d\">\n<div class=\"gb-container gb-container-11919da1 gb-container-6bcb6de9\">\n\n<h3 class=\"gb-headline gb-headline-073914e0 gb-headline-text m-0\">El equipo de Plandatis ya forma parte de Spacewell. Las soluciones permanecen, respaldadas por las mismas personas. Obt\u00e9n una innovaci\u00f3n m\u00e1s amplia, caracter\u00edsticas impactantes y un soporte m\u00e1s s\u00f3lido.  <\/h3>\n\n\n<div class=\"gb-container gb-container-5acbf036\">\n<div class=\"gb-grid-wrapper gb-grid-wrapper-2b68a45c\">\n<div class=\"gb-grid-column gb-grid-column-898fc539 gb-grid-column-6bcb6de9\"><div class=\"gb-container gb-container-898fc539 gb-container-6bcb6de9\"><\/div><\/div>\n\n<div class=\"gb-grid-column gb-grid-column-0dcfc61b gb-grid-column-6bcb6de9\"><div class=\"gb-container gb-container-0dcfc61b gb-container-6bcb6de9\">\n\n<figure class=\"gb-block-image gb-block-image-63f33936\"><img loading=\"lazy\" decoding=\"async\" width=\"501\" height=\"463\" class=\"gb-image gb-image-63f33936\" src=\"https:\/\/spacewell.com\/wp-content\/uploads\/2025\/10\/o-prognose.jpg\" alt=\"\" title=\"o-prognose\"><\/figure>\n\n<\/div><\/div>\n\n<div class=\"gb-grid-column gb-grid-column-6485170f gb-grid-column-6bcb6de9\"><div class=\"gb-container gb-container-6485170f gb-container-6bcb6de9\">\n\n<figure class=\"gb-block-image gb-block-image-7d45f25a\"><img loading=\"lazy\" decoding=\"async\" width=\"501\" height=\"463\" class=\"gb-image gb-image-7d45f25a\" src=\"https:\/\/spacewell.com\/wp-content\/uploads\/2025\/10\/Plus.png\" alt=\"\" title=\"M\u00e1s\"><\/figure>\n\n<\/div><\/div>\n\n<div class=\"gb-grid-column gb-grid-column-420d9bd9 gb-grid-column-6bcb6de9\"><div class=\"gb-container gb-container-420d9bd9 gb-container-6bcb6de9\">\n\n<figure class=\"gb-block-image gb-block-image-5766502f\"><img loading=\"lazy\" decoding=\"async\" width=\"512\" height=\"512\" class=\"gb-image gb-image-5766502f\" src=\"https:\/\/spacewell.com\/wp-content\/uploads\/2023\/05\/cropped-spacewell-avatar-512x512-1.png\" alt=\"\" title=\"cropped-spacewell-avatar-512x512-1.png\" srcset=\"https:\/\/spacewell.com\/wp-content\/uploads\/2023\/05\/cropped-spacewell-avatar-512x512-1.png 512w, https:\/\/spacewell.com\/wp-content\/uploads\/2023\/05\/cropped-spacewell-avatar-512x512-1-300x300.png 300w, https:\/\/spacewell.com\/wp-content\/uploads\/2023\/05\/cropped-spacewell-avatar-512x512-1-150x150.png 150w, https:\/\/spacewell.com\/wp-content\/uploads\/2023\/05\/cropped-spacewell-avatar-512x512-1-270x270.png 270w, https:\/\/spacewell.com\/wp-content\/uploads\/2023\/05\/cropped-spacewell-avatar-512x512-1-192x192.png 192w, https:\/\/spacewell.com\/wp-content\/uploads\/2023\/05\/cropped-spacewell-avatar-512x512-1-180x180.png 180w, https:\/\/spacewell.com\/wp-content\/uploads\/2023\/05\/cropped-spacewell-avatar-512x512-1-32x32.png 32w\" sizes=\"auto, (max-width: 512px) 100vw, 512px\" \/><\/figure>\n\n<\/div><\/div>\n\n<div class=\"gb-grid-column gb-grid-column-2185c708 gb-grid-column-6bcb6de9\"><div class=\"gb-container gb-container-2185c708 gb-container-6bcb6de9\"><\/div><\/div>\n<\/div>\n<\/div>\n<\/div>\n<\/div><div class=\"gb-container gb-container-a10f64bb\">\n\n<p><\/p>\n\n\n\n<h4 class=\"gb-headline gb-headline-4429fb73 gb-headline-text\">Evolucionar con un prop\u00f3sito<\/h4>\n\n\n\n<p>En la actualidad, O-Prognose est\u00e1 evolucionando para convertirse en <strong>Spacewell Maintenance Planning (O-Prognose)<\/strong>: una plataforma moderna, basada en la nube y dise\u00f1ada para el futuro de la gesti\u00f3n del mantenimiento. Construida sobre el mismo ADN de confianza, re\u00fane todo lo que los clientes adoraban de O-Prognose, mejorado con la escalabilidad, las integraciones y la potencia anal\u00edtica de Spacewell. <\/p>\n\n\n\n<h3 class=\"gb-headline gb-headline-65573509 gb-headline-text\">Lo nuevo y lo que sigue igual<\/h3>\n\n\n\n<p><strong>&#x2705; La misma fiabilidad<\/strong> respaldada por d\u00e9cadas de experiencia en ingenier\u00eda y mantenimiento<br\/>&#x2705; <strong>Nueva interfaz<\/strong>; un dise\u00f1o fresco e intuitivo que se alinea con la experiencia de usuario de Spacewell<br\/>&#x2705; <strong>Mayor integraci\u00f3n;<\/strong> funciona a la perfecci\u00f3n con Spacewell Asset para una gesti\u00f3n completa del ciclo de vida<br\/>&#x2705; <strong>SaaS preparado para el futuro<\/strong>; seguro, escalable y siempre actualizado en la nube.<\/p>\n\n\n\n<p>Esta evoluci\u00f3n significa que los clientes pueden seguir confiando en la l\u00f3gica familiar y la precisi\u00f3n de O-Prognose, al tiempo que acceden a las capacidades de pr\u00f3xima generaci\u00f3n para la planificaci\u00f3n digital del mantenimiento.<\/p>\n\n<\/div><div class=\"gb-container gb-container-d75f8d0f gb-container-6bcb6de9\">\n\n<h3 class=\"gb-headline gb-headline-19e02963 gb-headline-text\">Con la confianza de organizaciones l\u00edderes.<\/h3>\n\n\n\n<p>Cientos de organizaciones utilizan O-Prognose y la Planificaci\u00f3n del Mantenimiento de Spacewell para salvaguardar la calidad y longevidad de sus carteras inmobiliarias.<\/p>\n\n\n<div class=\"gb-container gb-container-fde3baec\">\n<div class=\"gb-grid-wrapper gb-grid-wrapper-d58c56f1\">\n<div class=\"gb-grid-column gb-grid-column-e8c1b443 gb-grid-column-6bcb6de9\"><div class=\"gb-container gb-container-e8c1b443 gb-container-6bcb6de9\">\n\n<figure class=\"gb-block-image gb-block-image-9191be0d\"><img loading=\"lazy\" decoding=\"async\" width=\"500\" height=\"281\" class=\"gb-image gb-image-9191be0d\" src=\"https:\/\/spacewell.com\/wp-content\/uploads\/2025\/10\/utrecht-university.jpg\" alt=\"\" title=\"universidad de utrecht\"><\/figure>\n\n<\/div><\/div>\n\n<div class=\"gb-grid-column gb-grid-column-a5fcba76 gb-grid-column-6bcb6de9\"><div class=\"gb-container gb-container-a5fcba76 gb-container-6bcb6de9\">\n\n<figure class=\"gb-block-image gb-block-image-afa5b959\"><img loading=\"lazy\" decoding=\"async\" width=\"500\" height=\"281\" class=\"gb-image gb-image-afa5b959\" src=\"https:\/\/spacewell.com\/wp-content\/uploads\/2025\/10\/gemeente-deventer-1.jpg\" alt=\"\" title=\"ayuntamiento de deventer\"><\/figure>\n\n<\/div><\/div>\n\n<div class=\"gb-grid-column gb-grid-column-3fd29e0d gb-grid-column-6bcb6de9\"><div class=\"gb-container gb-container-3fd29e0d gb-container-6bcb6de9\">\n\n<figure class=\"gb-block-image gb-block-image-2be81995\"><img loading=\"lazy\" decoding=\"async\" width=\"500\" height=\"281\" class=\"gb-image gb-image-2be81995\" src=\"https:\/\/spacewell.com\/wp-content\/uploads\/2025\/10\/vereniging-eigen-huis.jpg\" alt=\"\" title=\"vereniging eigen huis\"><\/figure>\n\n<\/div><\/div>\n\n<div class=\"gb-grid-column gb-grid-column-cbc8bf97 gb-grid-column-6bcb6de9\"><div class=\"gb-container gb-container-cbc8bf97 gb-container-6bcb6de9\">\n\n<figure class=\"gb-block-image gb-block-image-339ccfc0\"><img loading=\"lazy\" decoding=\"async\" width=\"500\" height=\"281\" class=\"gb-image gb-image-339ccfc0\" src=\"https:\/\/spacewell.com\/wp-content\/uploads\/2025\/10\/NRG-pallas.jpg\" alt=\"\" title=\"NRG pallas\"><\/figure>\n\n<\/div><\/div>\n\n<div class=\"gb-grid-column gb-grid-column-b6af6326 gb-grid-column-6bcb6de9\"><div class=\"gb-container gb-container-b6af6326 gb-container-6bcb6de9\">\n\n<figure class=\"gb-block-image gb-block-image-c7041019\"><img loading=\"lazy\" decoding=\"async\" width=\"500\" height=\"281\" class=\"gb-image gb-image-c7041019\" src=\"https:\/\/spacewell.com\/wp-content\/uploads\/2025\/10\/gemeente-oosterhout.jpg\" alt=\"\" title=\"gemeente oosterhout\"><\/figure>\n\n<\/div><\/div>\n\n<div class=\"gb-grid-column gb-grid-column-4a6ff36f gb-grid-column-6bcb6de9\"><div class=\"gb-container gb-container-4a6ff36f gb-container-6bcb6de9\">\n\n<figure class=\"gb-block-image gb-block-image-c5b8e67a\"><img loading=\"lazy\" decoding=\"async\" width=\"500\" height=\"281\" class=\"gb-image gb-image-c5b8e67a\" src=\"https:\/\/spacewell.com\/wp-content\/uploads\/2025\/10\/erasmus-universiteit-rotterdam.jpg\" alt=\"\" title=\"universidad erasmus de rotterdam\"><\/figure>\n\n<\/div><\/div>\n<\/div>\n<\/div>\n\n\n<p><em>Estos logotipos representan el legado de confianza que contin\u00faa bajo el nombre de Spacewell.<\/em><\/p>\n\n<\/div><div class=\"gb-container gb-container-b439a613\">\n<div class=\"gb-grid-wrapper gb-grid-wrapper-0b8554ba\">\n<div class=\"gb-grid-column gb-grid-column-84017347\"><div class=\"gb-container gb-container-84017347\">\n\n<figure class=\"gb-block-image gb-block-image-f6010fe5\"><img loading=\"lazy\" decoding=\"async\" width=\"500\" height=\"500\" class=\"gb-image gb-image-f6010fe5 gb-image-b19acb23\" src=\"https:\/\/spacewell.com\/wp-content\/uploads\/2025\/06\/Energy-Option-1-_-All-Energy-Related-Pages-Platform-Solutions-500x500.webp\" alt=\"\" title=\"Energ\u00eda - Opci\u00f3n 1 _ Todas las p\u00e1ginas relacionadas con la Energ\u00eda (Plataforma y Soluciones)\" srcset=\"https:\/\/spacewell.com\/wp-content\/uploads\/2025\/06\/Energy-Option-1-_-All-Energy-Related-Pages-Platform-Solutions-500x500.webp 500w, https:\/\/spacewell.com\/wp-content\/uploads\/2025\/06\/Energy-Option-1-_-All-Energy-Related-Pages-Platform-Solutions-1024x1024.webp 1024w, https:\/\/spacewell.com\/wp-content\/uploads\/2025\/06\/Energy-Option-1-_-All-Energy-Related-Pages-Platform-Solutions-250x250.webp 250w, https:\/\/spacewell.com\/wp-content\/uploads\/2025\/06\/Energy-Option-1-_-All-Energy-Related-Pages-Platform-Solutions-768x768.webp 768w, https:\/\/spacewell.com\/wp-content\/uploads\/2025\/06\/Energy-Option-1-_-All-Energy-Related-Pages-Platform-Solutions-1536x1536.webp 1536w, https:\/\/spacewell.com\/wp-content\/uploads\/2025\/06\/Energy-Option-1-_-All-Energy-Related-Pages-Platform-Solutions.webp 1700w\" sizes=\"auto, (max-width: 500px) 100vw, 500px\" \/><\/figure>\n\n<\/div><\/div>\n\n<div class=\"gb-grid-column gb-grid-column-a6728a11 gb-grid-column-6bcb6de9\"><div class=\"gb-container gb-container-a6728a11 gb-container-6bcb6de9\">\n\n<h5 class=\"gb-headline gb-headline-fce5f685 gb-headline-text gb-headline-902a6ace\">Bienvenido a Spacewell Planificaci\u00f3n del Mantenimiento.<\/h5>\n\n\n<div class=\"gb-container gb-container-ada3c05d\">\n\n<p>La base de confianza de O-Prognose sigue viva: m\u00e1s fuerte, m\u00e1s inteligente y perfectamente conectada.<\/p>\n\n\n\n<script charset=\"utf-8\" type=\"text\/javascript\" src=\"\/\/js.hsforms.net\/forms\/embed\/v2.js\"><\/script><script>hbspt.forms.create({\n    portalId: \"437281\",\n    formId: \"0ad06476-449e-433e-b57b-cce106e4b7cd\",\n    region: \"na1\"\n  });\n<\/script>\n\n<\/div>\n<\/div><\/div>\n<\/div>\n<\/div><div class=\"gb-container gb-container-929b256e\">\n<div class=\"gb-container gb-container-7c92b900\">\n<div class=\"gb-grid-wrapper gb-grid-wrapper-31302c15\">\n<div class=\"gb-grid-column gb-grid-column-7042952c\"><div class=\"gb-container gb-container-7042952c\">\n\n<p><\/p>\n\n\n<div class=\"gb-container gb-container-f186ee3d\">\n<div class=\"gb-container gb-container-2b330a21\">\n\n<h1 class=\"wp-block-heading has-text-align-center has-medium-font-size\" id=\"h-discover-spacewell-maintenance-planning\"><a href=\"https:\/\/spacewell.com\/es\/software-de-gestion-de-activos-e-instalaciones\/maintenance-planning-software\/\">Descubre Spacewell Planificaci\u00f3n del mantenimiento<\/a><\/h1>\n\n<\/div>\n<\/div>\n\n\n<p class=\"has-text-align-center\"><a href=\"https:\/\/spacewell.com\/es\/\">Explora todas las soluciones Spacewell<\/a><\/p>\n\n\n\n<p><\/p>\n\n\n\n<p>Plandatis y O-Prognose forman parte ahora de Spacewell, una empresa del Grupo Nemetschek.<br\/>Enlaces: <a href=\"https:\/\/spacewell.com\/es\/customer-support\/\">Contacta con el servicio de asistencia<\/a> | <a href=\"https:\/\/spacewell.com\/es\/\">Spacewell.com<\/a><\/p>\n\n<\/div><\/div>\n<\/div>\n<\/div>\n<\/div>\n<p><\/p>\n","protected":false},"excerpt":{"rendered":"<p>De la O-Prognose a la Planificaci\u00f3n del Mantenimiento de Spacewell La fundaci\u00f3n de confianza de Plandatis, ahora parte de Spacewell Plandatis, fundada en 1989 en Holanda, es pionera en software de planificaci\u00f3n del mantenimiento a largo plazo.Su producto estrella, O-Prognose, establece el est\u00e1ndar para previsiones de mantenimiento fiables y basadas en datos, permitiendo a miles &#8230; <a title=\"O-Prognose ahora forma parte de Spacewell\" class=\"read-more\" href=\"https:\/\/spacewell.com\/es\/o-prognose\/\" aria-label=\"Leer m\u00e1s sobre O-Prognose ahora forma parte de Spacewell\">Leer m\u00e1s<\/a><\/p>\n","protected":false},"author":45,"featured_media":0,"parent":0,"menu_order":0,"comment_status":"closed","ping_status":"closed","template":"","meta":{"_acf_changed":false,"footnotes":""},"class_list":{"0":"post-48622","1":"page","2":"type-page","3":"status-publish","5":"no-featured-image-padding"},"acf":[],"yoast_head":"<!-- This site is optimized with the Yoast SEO Premium plugin v26.0 (Yoast SEO v27.4) - https:\/\/yoast.com\/product\/yoast-seo-premium-wordpress\/ -->\n<title>O-Prognose | Spacewell<\/title>\n<meta name=\"description\" content=\"Fundada en 1989 en Holanda, Plandatis se convirti\u00f3 en pionera del software de planificaci\u00f3n del mantenimiento a largo plazo.\" \/>\n<meta name=\"robots\" content=\"index, follow, max-snippet:-1, max-image-preview:large, max-video-preview:-1\" \/>\n<link rel=\"canonical\" href=\"https:\/\/spacewell.com\/es\/o-prognose\/\" \/>\n<meta property=\"og:locale\" content=\"es_ES\" \/>\n<meta property=\"og:type\" content=\"article\" \/>\n<meta property=\"og:title\" content=\"O-Prognose ahora forma parte de Spacewell\" \/>\n<meta property=\"og:description\" content=\"Fundada en 1989 en Holanda, Plandatis se convirti\u00f3 en pionera del software de planificaci\u00f3n del mantenimiento a largo plazo.\" \/>\n<meta property=\"og:url\" content=\"https:\/\/spacewell.com\/es\/o-prognose\/\" \/>\n<meta property=\"og:site_name\" content=\"Spacewell | A Nemetschek Company\" \/>\n<meta property=\"article:publisher\" content=\"https:\/\/www.facebook.com\/SpacewellHQ\" \/>\n<meta property=\"article:modified_time\" content=\"2026-03-23T14:27:11+00:00\" \/>\n<meta property=\"og:image\" content=\"https:\/\/spacewell.com\/wp-content\/uploads\/2025\/06\/Asset-Maintenance-Planning-Update-Adjust-Anytime-White.webp\" \/>\n\t<meta property=\"og:image:width\" content=\"2400\" \/>\n\t<meta property=\"og:image:height\" content=\"1640\" \/>\n\t<meta property=\"og:image:type\" content=\"image\/webp\" \/>\n<meta name=\"twitter:card\" content=\"summary_large_image\" \/>\n<meta name=\"twitter:site\" content=\"@Spacewell_HQ\" \/>\n<meta name=\"twitter:label1\" content=\"Tiempo de lectura\" \/>\n\t<meta name=\"twitter:data1\" content=\"3 minutos\" \/>\n<script type=\"application\/ld+json\" class=\"yoast-schema-graph\">{\"@context\":\"https:\\\/\\\/schema.org\",\"@graph\":[{\"@type\":\"WebPage\",\"@id\":\"https:\\\/\\\/spacewell.com\\\/es\\\/o-prognose\\\/\",\"url\":\"https:\\\/\\\/spacewell.com\\\/es\\\/o-prognose\\\/\",\"name\":\"O-Prognose | Spacewell\",\"isPartOf\":{\"@id\":\"https:\\\/\\\/spacewell.com\\\/es\\\/#website\"},\"primaryImageOfPage\":{\"@id\":\"https:\\\/\\\/spacewell.com\\\/es\\\/o-prognose\\\/#primaryimage\"},\"image\":{\"@id\":\"https:\\\/\\\/spacewell.com\\\/es\\\/o-prognose\\\/#primaryimage\"},\"thumbnailUrl\":\"https:\\\/\\\/spacewell.com\\\/wp-content\\\/uploads\\\/2025\\\/06\\\/Asset-Maintenance-Planning-Update-Adjust-Anytime-White-1024x700.webp\",\"datePublished\":\"2025-10-16T10:18:00+00:00\",\"dateModified\":\"2026-03-23T14:27:11+00:00\",\"description\":\"Fundada en 1989 en Holanda, Plandatis se convirti\u00f3 en pionera del software de planificaci\u00f3n del mantenimiento a largo plazo.\",\"breadcrumb\":{\"@id\":\"https:\\\/\\\/spacewell.com\\\/es\\\/o-prognose\\\/#breadcrumb\"},\"inLanguage\":\"es\",\"potentialAction\":[{\"@type\":\"ReadAction\",\"target\":[\"https:\\\/\\\/spacewell.com\\\/es\\\/o-prognose\\\/\"]}]},{\"@type\":\"ImageObject\",\"inLanguage\":\"es\",\"@id\":\"https:\\\/\\\/spacewell.com\\\/es\\\/o-prognose\\\/#primaryimage\",\"url\":\"https:\\\/\\\/spacewell.com\\\/wp-content\\\/uploads\\\/2025\\\/06\\\/Asset-Maintenance-Planning-Update-Adjust-Anytime-White-1024x700.webp\",\"contentUrl\":\"https:\\\/\\\/spacewell.com\\\/wp-content\\\/uploads\\\/2025\\\/06\\\/Asset-Maintenance-Planning-Update-Adjust-Anytime-White-1024x700.webp\"},{\"@type\":\"BreadcrumbList\",\"@id\":\"https:\\\/\\\/spacewell.com\\\/es\\\/o-prognose\\\/#breadcrumb\",\"itemListElement\":[{\"@type\":\"ListItem\",\"position\":1,\"name\":\"Home\",\"item\":\"https:\\\/\\\/spacewell.com\\\/es\\\/\"},{\"@type\":\"ListItem\",\"position\":2,\"name\":\"O-Prognose ahora forma parte de Spacewell\"}]},{\"@type\":\"WebSite\",\"@id\":\"https:\\\/\\\/spacewell.com\\\/es\\\/#website\",\"url\":\"https:\\\/\\\/spacewell.com\\\/es\\\/\",\"name\":\"Spacewell | A Nemetschek Company\",\"description\":\"Make buildings work for people\",\"publisher\":{\"@id\":\"https:\\\/\\\/spacewell.com\\\/es\\\/#organization\"},\"potentialAction\":[{\"@type\":\"SearchAction\",\"target\":{\"@type\":\"EntryPoint\",\"urlTemplate\":\"https:\\\/\\\/spacewell.com\\\/es\\\/?s={search_term_string}\"},\"query-input\":{\"@type\":\"PropertyValueSpecification\",\"valueRequired\":true,\"valueName\":\"search_term_string\"}}],\"inLanguage\":\"es\"},{\"@type\":\"Organization\",\"@id\":\"https:\\\/\\\/spacewell.com\\\/es\\\/#organization\",\"name\":\"Spacewell | A Nemetschek Company\",\"url\":\"https:\\\/\\\/spacewell.com\\\/es\\\/\",\"logo\":{\"@type\":\"ImageObject\",\"inLanguage\":\"es\",\"@id\":\"https:\\\/\\\/spacewell.com\\\/es\\\/#\\\/schema\\\/logo\\\/image\\\/\",\"url\":\"https:\\\/\\\/spacewell.com\\\/wp-content\\\/uploads\\\/2023\\\/05\\\/spacewell-logo-500x88-1.webp\",\"contentUrl\":\"https:\\\/\\\/spacewell.com\\\/wp-content\\\/uploads\\\/2023\\\/05\\\/spacewell-logo-500x88-1.webp\",\"width\":500,\"height\":88,\"caption\":\"Spacewell | A Nemetschek Company\"},\"image\":{\"@id\":\"https:\\\/\\\/spacewell.com\\\/es\\\/#\\\/schema\\\/logo\\\/image\\\/\"},\"sameAs\":[\"https:\\\/\\\/www.facebook.com\\\/SpacewellHQ\",\"https:\\\/\\\/x.com\\\/Spacewell_HQ\"]}]}<\/script>\n<!-- \/ Yoast SEO Premium plugin. -->","yoast_head_json":{"title":"O-Prognose | Spacewell","description":"Fundada en 1989 en Holanda, Plandatis se convirti\u00f3 en pionera del software de planificaci\u00f3n del mantenimiento a largo plazo.","robots":{"index":"index","follow":"follow","max-snippet":"max-snippet:-1","max-image-preview":"max-image-preview:large","max-video-preview":"max-video-preview:-1"},"canonical":"https:\/\/spacewell.com\/es\/o-prognose\/","og_locale":"es_ES","og_type":"article","og_title":"O-Prognose ahora forma parte de Spacewell","og_description":"Fundada en 1989 en Holanda, Plandatis se convirti\u00f3 en pionera del software de planificaci\u00f3n del mantenimiento a largo plazo.","og_url":"https:\/\/spacewell.com\/es\/o-prognose\/","og_site_name":"Spacewell | A Nemetschek Company","article_publisher":"https:\/\/www.facebook.com\/SpacewellHQ","article_modified_time":"2026-03-23T14:27:11+00:00","og_image":[{"width":2400,"height":1640,"url":"https:\/\/spacewell.com\/wp-content\/uploads\/2025\/06\/Asset-Maintenance-Planning-Update-Adjust-Anytime-White.webp","type":"image\/webp"}],"twitter_card":"summary_large_image","twitter_site":"@Spacewell_HQ","twitter_misc":{"Tiempo de lectura":"3 minutos"},"schema":{"@context":"https:\/\/schema.org","@graph":[{"@type":"WebPage","@id":"https:\/\/spacewell.com\/es\/o-prognose\/","url":"https:\/\/spacewell.com\/es\/o-prognose\/","name":"O-Prognose | Spacewell","isPartOf":{"@id":"https:\/\/spacewell.com\/es\/#website"},"primaryImageOfPage":{"@id":"https:\/\/spacewell.com\/es\/o-prognose\/#primaryimage"},"image":{"@id":"https:\/\/spacewell.com\/es\/o-prognose\/#primaryimage"},"thumbnailUrl":"https:\/\/spacewell.com\/wp-content\/uploads\/2025\/06\/Asset-Maintenance-Planning-Update-Adjust-Anytime-White-1024x700.webp","datePublished":"2025-10-16T10:18:00+00:00","dateModified":"2026-03-23T14:27:11+00:00","description":"Fundada en 1989 en Holanda, Plandatis se convirti\u00f3 en pionera del software de planificaci\u00f3n del mantenimiento a largo plazo.","breadcrumb":{"@id":"https:\/\/spacewell.com\/es\/o-prognose\/#breadcrumb"},"inLanguage":"es","potentialAction":[{"@type":"ReadAction","target":["https:\/\/spacewell.com\/es\/o-prognose\/"]}]},{"@type":"ImageObject","inLanguage":"es","@id":"https:\/\/spacewell.com\/es\/o-prognose\/#primaryimage","url":"https:\/\/spacewell.com\/wp-content\/uploads\/2025\/06\/Asset-Maintenance-Planning-Update-Adjust-Anytime-White-1024x700.webp","contentUrl":"https:\/\/spacewell.com\/wp-content\/uploads\/2025\/06\/Asset-Maintenance-Planning-Update-Adjust-Anytime-White-1024x700.webp"},{"@type":"BreadcrumbList","@id":"https:\/\/spacewell.com\/es\/o-prognose\/#breadcrumb","itemListElement":[{"@type":"ListItem","position":1,"name":"Home","item":"https:\/\/spacewell.com\/es\/"},{"@type":"ListItem","position":2,"name":"O-Prognose ahora forma parte de Spacewell"}]},{"@type":"WebSite","@id":"https:\/\/spacewell.com\/es\/#website","url":"https:\/\/spacewell.com\/es\/","name":"Spacewell | A Nemetschek Company","description":"Make buildings work for people","publisher":{"@id":"https:\/\/spacewell.com\/es\/#organization"},"potentialAction":[{"@type":"SearchAction","target":{"@type":"EntryPoint","urlTemplate":"https:\/\/spacewell.com\/es\/?s={search_term_string}"},"query-input":{"@type":"PropertyValueSpecification","valueRequired":true,"valueName":"search_term_string"}}],"inLanguage":"es"},{"@type":"Organization","@id":"https:\/\/spacewell.com\/es\/#organization","name":"Spacewell | A Nemetschek Company","url":"https:\/\/spacewell.com\/es\/","logo":{"@type":"ImageObject","inLanguage":"es","@id":"https:\/\/spacewell.com\/es\/#\/schema\/logo\/image\/","url":"https:\/\/spacewell.com\/wp-content\/uploads\/2023\/05\/spacewell-logo-500x88-1.webp","contentUrl":"https:\/\/spacewell.com\/wp-content\/uploads\/2023\/05\/spacewell-logo-500x88-1.webp","width":500,"height":88,"caption":"Spacewell | A Nemetschek Company"},"image":{"@id":"https:\/\/spacewell.com\/es\/#\/schema\/logo\/image\/"},"sameAs":["https:\/\/www.facebook.com\/SpacewellHQ","https:\/\/x.com\/Spacewell_HQ"]}]}},"_links":{"self":[{"href":"https:\/\/spacewell.com\/es\/wp-json\/wp\/v2\/pages\/48622","targetHints":{"allow":["GET"]}}],"collection":[{"href":"https:\/\/spacewell.com\/es\/wp-json\/wp\/v2\/pages"}],"about":[{"href":"https:\/\/spacewell.com\/es\/wp-json\/wp\/v2\/types\/page"}],"author":[{"embeddable":true,"href":"https:\/\/spacewell.com\/es\/wp-json\/wp\/v2\/users\/45"}],"replies":[{"embeddable":true,"href":"https:\/\/spacewell.com\/es\/wp-json\/wp\/v2\/comments?post=48622"}],"version-history":[{"count":11,"href":"https:\/\/spacewell.com\/es\/wp-json\/wp\/v2\/pages\/48622\/revisions"}],"predecessor-version":[{"id":48629,"href":"https:\/\/spacewell.com\/es\/wp-json\/wp\/v2\/pages\/48622\/revisions\/48629"}],"wp:attachment":[{"href":"https:\/\/spacewell.com\/es\/wp-json\/wp\/v2\/media?parent=48622"}],"curies":[{"name":"wp","href":"https:\/\/api.w.org\/{rel}","templated":true}]}}