


{"id":418,"date":"2023-06-01T11:20:10","date_gmt":"2023-06-01T09:20:10","guid":{"rendered":"https:\/\/spacewell.com\/empresa\/responsabilidad-corporativa-y-desarrollo-sostenible\/"},"modified":"2023-10-25T13:59:27","modified_gmt":"2023-10-25T11:59:27","slug":"responsabilidad-corporativa-y-desarrollo-sostenible","status":"publish","type":"page","link":"https:\/\/spacewell.com\/es\/empresa\/responsabilidad-corporativa-y-desarrollo-sostenible\/","title":{"rendered":"Responsabilidad corporativa y desarrollo sostenible"},"content":{"rendered":"<div class=\"gb-container gb-container-7e55cbd5\">\n<figure class=\"gb-block-image gb-block-image-818228c0\"><img loading=\"lazy\" decoding=\"async\" width=\"1200\" height=\"630\" src=\"https:\/\/spacewell.com\/wp-content\/uploads\/2023\/08\/gmao-1200x630-1.jpg\" class=\"gb-image-818228c0\" alt=\"GMAO\" srcset=\"https:\/\/spacewell.com\/wp-content\/uploads\/2023\/08\/gmao-1200x630-1.jpg 1200w, https:\/\/spacewell.com\/wp-content\/uploads\/2023\/08\/gmao-1200x630-1-500x263.jpg 500w, https:\/\/spacewell.com\/wp-content\/uploads\/2023\/08\/gmao-1200x630-1-1024x538.jpg 1024w, https:\/\/spacewell.com\/wp-content\/uploads\/2023\/08\/gmao-1200x630-1-768x403.jpg 768w\" sizes=\"auto, (max-width: 1200px) 100vw, 1200px\" \/><\/figure>\n\n<div class=\"gb-container gb-container-25f7f753\">\n<h1 class=\"gb-headline gb-headline-c67ae295 gb-headline-text\">Responsabilidad corporativa y desarrollo sostenible<\/h1>\n<\/div>\n<\/div><div class=\"gb-container gb-container-cbb31126 gb-container-5731d80c\">\n\n<p>Es el momento de cumplir la promesa digital y tecnol\u00f3gica<\/p>\n\n\n\n<h2 class=\"gb-headline gb-headline-55b950a0 gb-headline-text gb-headline-bf2940e3\">Empresa responsable<\/h2>\n\n\n\n<p>Spacewell | A Nemetschek Company tiene por objeto operar de manera socialmente responsable y contribuir al desarrollo sostenible, de acuerdo con la norma internacional ISO 26000 Gu\u00eda sobre Responsabilidad Social. <a href=\"https:\/\/www.iso.org\/iso-26000-social-responsibility.html\" target=\"_blank\" rel=\"noreferrer noopener\">ISO 26000 Guidance on Social Responsibility<\/a>. <br\/><br\/>Para promover la \u00e9tica, la integridad y la confianza, el Grupo Nemetschek ha redactado su <a href=\"https:\/\/www.nemetschek.com\/sites\/default\/files\/documents\/2021_Code%20of%20Conduct%20-%20Nemetschek%20Group%20-%20EN.pdf\">Codigo de Conducta<\/a>, donde define las normas para su actividad cotidiana y especifica los deberes de los empleados, incluida la protecci\u00f3n de los recursos naturales, las disposiciones para la lucha contra la corrupci\u00f3n y la obligaci\u00f3n de abstenerse de cualquier forma de discriminaci\u00f3n.<\/p>\n\n\n\n<h2 class=\"gb-headline gb-headline-c7608849 gb-headline-text gb-headline-bf2940e3\">Personas<\/h2>\n\n\n\n<p>Nuestro equipo humano es nuestro mayor activo. Como empresa, Spacewell fomenta la diversidad en sus equipos y construye un entorno de aprendizaje que permite a las personas crecer tanto profesional como individualmente. <\/p>\n\n\n\n<p>Creemos que la diversidad, la inclusi\u00f3n y la colaboraci\u00f3n son la clave para construir equipos extraordinarios. No esperamos que nuestra gente sea perfecta o excepcional, pero s\u00ed creemos que se pueden lograr resultados asombrosos cuando trabajamos juntos con un prop\u00f3sito com\u00fan. <br\/><br\/>Spacewell ofrece oportunidades profesionales para personas de diferentes or\u00edgenes culturales y sociales. Nuestra pol\u00edtica de contrataci\u00f3n es imparcial con respecto al g\u00e9nero, la orientaci\u00f3n sexual, la edad, el origen \u00e9tnico, la nacionalidad o las creencias religiosas. Prestamos la debida atenci\u00f3n para propiciar un buen equilibrio y una cultura abierta respeto a la personalidad y las opiniones de todos.<\/p>\n\n<\/div>\n<figure class=\"gb-block-image gb-block-image-844201f2\"><img loading=\"lazy\" decoding=\"async\" width=\"1200\" height=\"630\" class=\"gb-image gb-image-844201f2 is-style-default\" src=\"\/wp-content\/uploads\/2023\/08\/corporate-responsibility-1200x630-1.jpg\" alt=\"Buildings with trees overlay\" srcset=\"https:\/\/spacewell.com\/wp-content\/uploads\/2023\/08\/corporate-responsibility-1200x630-1.jpg 1200w, https:\/\/spacewell.com\/wp-content\/uploads\/2023\/08\/corporate-responsibility-1200x630-1-500x263.jpg 500w, https:\/\/spacewell.com\/wp-content\/uploads\/2023\/08\/corporate-responsibility-1200x630-1-1024x538.jpg 1024w, https:\/\/spacewell.com\/wp-content\/uploads\/2023\/08\/corporate-responsibility-1200x630-1-768x403.jpg 768w\" sizes=\"auto, (max-width: 1200px) 100vw, 1200px\" \/><\/figure>\n<div class=\"gb-container gb-container-4e33f7e1\">\n<div class=\"gb-container gb-container-26e99ff3 gb-container-5731d80c\">\n\n<h2 class=\"gb-headline gb-headline-0bf022b0 gb-headline-text\">Sostenibilidad y cambio clim\u00e1tico<\/h2>\n\n<\/div>\n<\/div><div class=\"gb-container gb-container-66bae623 gb-container-5731d80c\">\n\n<h3 class=\"gb-headline gb-headline-5c2a992f gb-headline-text\">Ayudar a las organizaciones a reducir su huella de carbono<\/h3>\n\n\n\n<p>La competencia principal de Spacewell es la gesti\u00f3n eficaz y sostenible de edificios e instalaciones. Ayudamos a todo tipo de organizaciones, grandes y peque\u00f1as, a reducir su huella de carbono al optimizar el espacio y la eficiencia energ\u00e9tica, y las ayudamos a crear espacios de trabajo centrados en las personas y que sean colaborativos y saludables.<\/p>\n\n\n\n<p><strong>Consulte nuestra <a href=\"https:\/\/spacewell.com\/es\/recursos\/investigacion-y-conocimientos\/estrategia-esg-basada-en-datos-como-la-gestion-de-instalaciones-puede-abrir-el-camino\/\">gu\u00eda electr\u00f3nica sobre ASG\/ESG en la gesti\u00f3n de instalaciones<\/a><\/strong>: \u00abEstrategia ESG basada en datos: c\u00f3mo la gesti\u00f3n de instalaciones puede abrir el camino\u00bb<\/p>\n\n\n<div class=\"gb-container gb-container-59481ee3 cursor-pointer\" id=\"open-video-overlay-1\">\n\n<figure class=\"gb-block-image gb-block-image-b00b3e76\"><img loading=\"lazy\" decoding=\"async\" width=\"1280\" height=\"720\" class=\"gb-image gb-image-b00b3e76 gb-image-b19acb23\" src=\"\/wp-content\/uploads\/2023\/08\/maxresdefault.webp\" alt=\"50 Sustainability &amp; Climate Leaders initiative Thumbnail \" title=\"maxresdefault\" srcset=\"https:\/\/spacewell.com\/wp-content\/uploads\/2023\/08\/maxresdefault.webp 1280w, https:\/\/spacewell.com\/wp-content\/uploads\/2023\/08\/maxresdefault-500x281.webp 500w, https:\/\/spacewell.com\/wp-content\/uploads\/2023\/08\/maxresdefault-1024x576.webp 1024w, https:\/\/spacewell.com\/wp-content\/uploads\/2023\/08\/maxresdefault-768x432.webp 768w\" sizes=\"auto, (max-width: 1280px) 100vw, 1280px\" \/><\/figure>\n\n\n<div class=\"gb-container gb-container-6afed2ea play-button\"><\/div>\n<\/div>\n\n<div id=\"video-overlay-1\" data-video-id=\"fcgoPRqDGJY\" class=\"wp-block-sw-blocks-modal-video\">\n  \n\n<div class=\"modal-header\">\n      <div class=\"modal-header-left\">\n      <\/div> \n      <div class=\"modal-header-right\">\n        <button class=\"close-button video-close-button\">\n          <svg xmlns=\"http:\/\/www.w3.org\/2000\/svg\" viewBox=\"0 0 512 512\">\n            <path\n              d=\"M175 175C184.4 165.7 199.6 165.7 208.1 175L255.1 222.1L303 175C312.4 165.7 327.6 165.7 336.1 175C346.3 184.4 346.3 199.6 336.1 208.1L289.9 255.1L336.1 303C346.3 312.4 346.3 327.6 336.1 336.1C327.6 346.3 312.4 346.3 303 336.1L255.1 289.9L208.1 336.1C199.6 346.3 184.4 346.3 175 336.1C165.7 327.6 165.7 312.4 175 303L222.1 255.1L175 208.1C165.7 199.6 165.7 184.4 175 175V175zM512 256C512 397.4 397.4 512 256 512C114.6 512 0 397.4 0 256C0 114.6 114.6 0 256 0C397.4 0 512 114.6 512 256zM256 48C141.1 48 48 141.1 48 256C48 370.9 141.1 464 256 464C370.9 464 464 370.9 464 256C464 141.1 370.9 48 256 48z\"\n              fill=\"currentcolor\" \/>\n          <\/svg>\n        <\/button>\n      <\/div>\n    <\/div>\n    \n    <div class=\"modal video-modal\">\n\n    <div class=\"modal-content-box\">\n      <div class=\"video-content\">\n      <\/div>\n    <\/div>\n\n  <\/div>\n<\/div>\n\n\n<h3 class=\"gb-headline gb-headline-ed48889e gb-headline-text\">Iniciativa de los 50 l\u00edderes de la sostenibilidad y el clima<\/h3>\n\n\n\n<p>El cambio clim\u00e1tico es el problema que define nuestro tiempo. El Grupo Nemetschek es uno de los \u00ab50 L\u00edderes de la Sostenibilidad y el Clima\u00bb designados por las Naciones Unidas, que demuestran las mejores pr\u00e1cticas y una acci\u00f3n clim\u00e1tica positiva.<\/p>\n\n\n\n<h3 class=\"gb-headline gb-headline-c6d70c55 gb-headline-text\">Un bosque de Spacewell para inspirar el compromiso con el planeta Tierra<\/h3>\n\n\n\n<p>Nos complace apoyar a Treedom, una organizaci\u00f3n que combina proyectos medioambientales con el compromiso social en pa\u00edses en desarrollo. La plantaci\u00f3n de \u00e1rboles ayuda a absorber el gas de efecto invernadero CO2 de la atm\u00f3sfera y a contrarrestar los da\u00f1os medioambientales, la deforestaci\u00f3n y la erosi\u00f3n del suelo. <\/p>\n\n\n\n<p>A principios de 2021, se invit\u00f3 a todos los empleados de Spacewell a adoptar su propio \u00e1rbol. De este modo, Spacewell y otras marcas del Grupo Nemetschek est\u00e1n plantando un bosque virtual de la empresa, con un total de m\u00e1s de 2 000 \u00e1rboles. Cada \u00e1rbol es fotografiado, geolocalizado y expuesto en la p\u00e1gina de perfil. Esta iniciativa involucra a nuestro personal de una manera l\u00fadica, los implica emocionalmente y, a trav\u00e9s de actualizaciones peri\u00f3dicas, les recuerda el compromiso de sostenibilidad de nuestra organizaci\u00f3n a largo plazo.<\/p>\n\n<\/div>\n<figure class=\"gb-block-image gb-block-image-3145370a\"><img loading=\"lazy\" decoding=\"async\" width=\"1200\" height=\"700\" class=\"gb-image gb-image-3145370a\" src=\"\/wp-content\/uploads\/2023\/08\/treedom-kenya-1200-700.jpg\" alt=\"Kenyan people holding sapling trees\" srcset=\"https:\/\/spacewell.com\/wp-content\/uploads\/2023\/08\/treedom-kenya-1200-700.jpg 1200w, https:\/\/spacewell.com\/wp-content\/uploads\/2023\/08\/treedom-kenya-1200-700-500x292.jpg 500w, https:\/\/spacewell.com\/wp-content\/uploads\/2023\/08\/treedom-kenya-1200-700-1024x597.jpg 1024w, https:\/\/spacewell.com\/wp-content\/uploads\/2023\/08\/treedom-kenya-1200-700-768x448.jpg 768w\" sizes=\"auto, (max-width: 1200px) 100vw, 1200px\" \/><\/figure>\n","protected":false},"excerpt":{"rendered":"<p>Responsabilidad corporativa y desarrollo sostenible Es el momento de cumplir la promesa digital y tecnol\u00f3gica Empresa responsable Spacewell | A Nemetschek Company tiene por objeto operar de manera socialmente responsable y contribuir al desarrollo sostenible, de acuerdo con la norma internacional ISO 26000 Gu\u00eda sobre Responsabilidad Social. ISO 26000 Guidance on Social Responsibility. Para promover &#8230; <a title=\"Responsabilidad corporativa y desarrollo sostenible\" class=\"read-more\" href=\"https:\/\/spacewell.com\/es\/empresa\/responsabilidad-corporativa-y-desarrollo-sostenible\/\" aria-label=\"Leer m\u00e1s sobre Responsabilidad corporativa y desarrollo sostenible\">Leer m\u00e1s<\/a><\/p>\n","protected":false},"author":29,"featured_media":13187,"parent":279,"menu_order":0,"comment_status":"closed","ping_status":"closed","template":"","meta":{"_acf_changed":false,"footnotes":""},"class_list":{"0":"post-418","1":"page","2":"type-page","3":"status-publish","4":"has-post-thumbnail","6":"no-featured-image-padding"},"acf":[],"yoast_head":"<!-- This site is optimized with the Yoast SEO Premium plugin v26.0 (Yoast SEO v27.5) - https:\/\/yoast.com\/product\/yoast-seo-premium-wordpress\/ -->\n<title>Responsabilidad corporativa \u2013 SPACEWELL | A Nemetschek Company<\/title>\n<meta name=\"description\" content=\"Spacewell tiene por objeto operar de manera socialmente responsable y contribuir al desarrollo sostenible.\" \/>\n<meta name=\"robots\" content=\"index, follow, max-snippet:-1, max-image-preview:large, max-video-preview:-1\" \/>\n<link rel=\"canonical\" href=\"https:\/\/spacewell.com\/es\/empresa\/responsabilidad-corporativa-y-desarrollo-sostenible\/\" \/>\n<meta property=\"og:locale\" content=\"es_ES\" \/>\n<meta property=\"og:type\" content=\"article\" \/>\n<meta property=\"og:title\" content=\"Responsabilidad corporativa y desarrollo sostenible\" \/>\n<meta property=\"og:description\" content=\"Spacewell tiene por objeto operar de manera socialmente responsable y contribuir al desarrollo sostenible.\" \/>\n<meta property=\"og:url\" content=\"https:\/\/spacewell.com\/es\/empresa\/responsabilidad-corporativa-y-desarrollo-sostenible\/\" \/>\n<meta property=\"og:site_name\" content=\"Spacewell | A Nemetschek Company\" \/>\n<meta property=\"article:publisher\" content=\"https:\/\/www.facebook.com\/SpacewellHQ\" \/>\n<meta property=\"article:modified_time\" content=\"2023-10-25T11:59:27+00:00\" \/>\n<meta property=\"og:image\" content=\"https:\/\/spacewell.com\/wp-content\/uploads\/2023\/08\/gmao-1200x630-1.jpg\" \/>\n\t<meta property=\"og:image:width\" content=\"1200\" \/>\n\t<meta property=\"og:image:height\" content=\"630\" \/>\n\t<meta property=\"og:image:type\" content=\"image\/jpeg\" \/>\n<meta name=\"twitter:card\" content=\"summary_large_image\" \/>\n<meta name=\"twitter:site\" content=\"@Spacewell_HQ\" \/>\n<meta name=\"twitter:label1\" content=\"Tiempo de lectura\" \/>\n\t<meta name=\"twitter:data1\" content=\"3 minutos\" \/>\n<script type=\"application\/ld+json\" class=\"yoast-schema-graph\">{\"@context\":\"https:\\\/\\\/schema.org\",\"@graph\":[{\"@type\":\"WebPage\",\"@id\":\"https:\\\/\\\/spacewell.com\\\/es\\\/empresa\\\/responsabilidad-corporativa-y-desarrollo-sostenible\\\/\",\"url\":\"https:\\\/\\\/spacewell.com\\\/es\\\/empresa\\\/responsabilidad-corporativa-y-desarrollo-sostenible\\\/\",\"name\":\"Responsabilidad corporativa \u2013 SPACEWELL | A Nemetschek Company\",\"isPartOf\":{\"@id\":\"https:\\\/\\\/spacewell.com\\\/es\\\/#website\"},\"primaryImageOfPage\":{\"@id\":\"https:\\\/\\\/spacewell.com\\\/es\\\/empresa\\\/responsabilidad-corporativa-y-desarrollo-sostenible\\\/#primaryimage\"},\"image\":{\"@id\":\"https:\\\/\\\/spacewell.com\\\/es\\\/empresa\\\/responsabilidad-corporativa-y-desarrollo-sostenible\\\/#primaryimage\"},\"thumbnailUrl\":\"https:\\\/\\\/spacewell.com\\\/wp-content\\\/uploads\\\/2023\\\/08\\\/gmao-1200x630-1.jpg\",\"datePublished\":\"2023-06-01T09:20:10+00:00\",\"dateModified\":\"2023-10-25T11:59:27+00:00\",\"description\":\"Spacewell tiene por objeto operar de manera socialmente responsable y contribuir al desarrollo sostenible.\",\"breadcrumb\":{\"@id\":\"https:\\\/\\\/spacewell.com\\\/es\\\/empresa\\\/responsabilidad-corporativa-y-desarrollo-sostenible\\\/#breadcrumb\"},\"inLanguage\":\"es\",\"potentialAction\":[{\"@type\":\"ReadAction\",\"target\":[\"https:\\\/\\\/spacewell.com\\\/es\\\/empresa\\\/responsabilidad-corporativa-y-desarrollo-sostenible\\\/\"]}]},{\"@type\":\"ImageObject\",\"inLanguage\":\"es\",\"@id\":\"https:\\\/\\\/spacewell.com\\\/es\\\/empresa\\\/responsabilidad-corporativa-y-desarrollo-sostenible\\\/#primaryimage\",\"url\":\"https:\\\/\\\/spacewell.com\\\/wp-content\\\/uploads\\\/2023\\\/08\\\/gmao-1200x630-1.jpg\",\"contentUrl\":\"https:\\\/\\\/spacewell.com\\\/wp-content\\\/uploads\\\/2023\\\/08\\\/gmao-1200x630-1.jpg\",\"width\":1200,\"height\":630,\"caption\":\"GMAO\"},{\"@type\":\"BreadcrumbList\",\"@id\":\"https:\\\/\\\/spacewell.com\\\/es\\\/empresa\\\/responsabilidad-corporativa-y-desarrollo-sostenible\\\/#breadcrumb\",\"itemListElement\":[{\"@type\":\"ListItem\",\"position\":1,\"name\":\"Home\",\"item\":\"https:\\\/\\\/spacewell.com\\\/es\\\/\"},{\"@type\":\"ListItem\",\"position\":2,\"name\":\"Empresa\",\"item\":\"https:\\\/\\\/spacewell.com\\\/es\\\/empresa\\\/\"},{\"@type\":\"ListItem\",\"position\":3,\"name\":\"Responsabilidad corporativa y desarrollo sostenible\"}]},{\"@type\":\"WebSite\",\"@id\":\"https:\\\/\\\/spacewell.com\\\/es\\\/#website\",\"url\":\"https:\\\/\\\/spacewell.com\\\/es\\\/\",\"name\":\"Spacewell | A Nemetschek Company\",\"description\":\"Make buildings work for people\",\"publisher\":{\"@id\":\"https:\\\/\\\/spacewell.com\\\/es\\\/#organization\"},\"potentialAction\":[{\"@type\":\"SearchAction\",\"target\":{\"@type\":\"EntryPoint\",\"urlTemplate\":\"https:\\\/\\\/spacewell.com\\\/es\\\/?s={search_term_string}\"},\"query-input\":{\"@type\":\"PropertyValueSpecification\",\"valueRequired\":true,\"valueName\":\"search_term_string\"}}],\"inLanguage\":\"es\"},{\"@type\":\"Organization\",\"@id\":\"https:\\\/\\\/spacewell.com\\\/es\\\/#organization\",\"name\":\"Spacewell | A Nemetschek Company\",\"url\":\"https:\\\/\\\/spacewell.com\\\/es\\\/\",\"logo\":{\"@type\":\"ImageObject\",\"inLanguage\":\"es\",\"@id\":\"https:\\\/\\\/spacewell.com\\\/es\\\/#\\\/schema\\\/logo\\\/image\\\/\",\"url\":\"https:\\\/\\\/spacewell.com\\\/wp-content\\\/uploads\\\/2023\\\/05\\\/spacewell-logo-500x88-1.webp\",\"contentUrl\":\"https:\\\/\\\/spacewell.com\\\/wp-content\\\/uploads\\\/2023\\\/05\\\/spacewell-logo-500x88-1.webp\",\"width\":500,\"height\":88,\"caption\":\"Spacewell | A Nemetschek Company\"},\"image\":{\"@id\":\"https:\\\/\\\/spacewell.com\\\/es\\\/#\\\/schema\\\/logo\\\/image\\\/\"},\"sameAs\":[\"https:\\\/\\\/www.facebook.com\\\/SpacewellHQ\",\"https:\\\/\\\/x.com\\\/Spacewell_HQ\"]}]}<\/script>\n<!-- \/ Yoast SEO Premium plugin. -->","yoast_head_json":{"title":"Responsabilidad corporativa \u2013 SPACEWELL | A Nemetschek Company","description":"Spacewell tiene por objeto operar de manera socialmente responsable y contribuir al desarrollo sostenible.","robots":{"index":"index","follow":"follow","max-snippet":"max-snippet:-1","max-image-preview":"max-image-preview:large","max-video-preview":"max-video-preview:-1"},"canonical":"https:\/\/spacewell.com\/es\/empresa\/responsabilidad-corporativa-y-desarrollo-sostenible\/","og_locale":"es_ES","og_type":"article","og_title":"Responsabilidad corporativa y desarrollo sostenible","og_description":"Spacewell tiene por objeto operar de manera socialmente responsable y contribuir al desarrollo sostenible.","og_url":"https:\/\/spacewell.com\/es\/empresa\/responsabilidad-corporativa-y-desarrollo-sostenible\/","og_site_name":"Spacewell | A Nemetschek Company","article_publisher":"https:\/\/www.facebook.com\/SpacewellHQ","article_modified_time":"2023-10-25T11:59:27+00:00","og_image":[{"width":1200,"height":630,"url":"https:\/\/spacewell.com\/wp-content\/uploads\/2023\/08\/gmao-1200x630-1.jpg","type":"image\/jpeg"}],"twitter_card":"summary_large_image","twitter_site":"@Spacewell_HQ","twitter_misc":{"Tiempo de lectura":"3 minutos"},"schema":{"@context":"https:\/\/schema.org","@graph":[{"@type":"WebPage","@id":"https:\/\/spacewell.com\/es\/empresa\/responsabilidad-corporativa-y-desarrollo-sostenible\/","url":"https:\/\/spacewell.com\/es\/empresa\/responsabilidad-corporativa-y-desarrollo-sostenible\/","name":"Responsabilidad corporativa \u2013 SPACEWELL | A Nemetschek Company","isPartOf":{"@id":"https:\/\/spacewell.com\/es\/#website"},"primaryImageOfPage":{"@id":"https:\/\/spacewell.com\/es\/empresa\/responsabilidad-corporativa-y-desarrollo-sostenible\/#primaryimage"},"image":{"@id":"https:\/\/spacewell.com\/es\/empresa\/responsabilidad-corporativa-y-desarrollo-sostenible\/#primaryimage"},"thumbnailUrl":"https:\/\/spacewell.com\/wp-content\/uploads\/2023\/08\/gmao-1200x630-1.jpg","datePublished":"2023-06-01T09:20:10+00:00","dateModified":"2023-10-25T11:59:27+00:00","description":"Spacewell tiene por objeto operar de manera socialmente responsable y contribuir al desarrollo sostenible.","breadcrumb":{"@id":"https:\/\/spacewell.com\/es\/empresa\/responsabilidad-corporativa-y-desarrollo-sostenible\/#breadcrumb"},"inLanguage":"es","potentialAction":[{"@type":"ReadAction","target":["https:\/\/spacewell.com\/es\/empresa\/responsabilidad-corporativa-y-desarrollo-sostenible\/"]}]},{"@type":"ImageObject","inLanguage":"es","@id":"https:\/\/spacewell.com\/es\/empresa\/responsabilidad-corporativa-y-desarrollo-sostenible\/#primaryimage","url":"https:\/\/spacewell.com\/wp-content\/uploads\/2023\/08\/gmao-1200x630-1.jpg","contentUrl":"https:\/\/spacewell.com\/wp-content\/uploads\/2023\/08\/gmao-1200x630-1.jpg","width":1200,"height":630,"caption":"GMAO"},{"@type":"BreadcrumbList","@id":"https:\/\/spacewell.com\/es\/empresa\/responsabilidad-corporativa-y-desarrollo-sostenible\/#breadcrumb","itemListElement":[{"@type":"ListItem","position":1,"name":"Home","item":"https:\/\/spacewell.com\/es\/"},{"@type":"ListItem","position":2,"name":"Empresa","item":"https:\/\/spacewell.com\/es\/empresa\/"},{"@type":"ListItem","position":3,"name":"Responsabilidad corporativa y desarrollo sostenible"}]},{"@type":"WebSite","@id":"https:\/\/spacewell.com\/es\/#website","url":"https:\/\/spacewell.com\/es\/","name":"Spacewell | A Nemetschek Company","description":"Make buildings work for people","publisher":{"@id":"https:\/\/spacewell.com\/es\/#organization"},"potentialAction":[{"@type":"SearchAction","target":{"@type":"EntryPoint","urlTemplate":"https:\/\/spacewell.com\/es\/?s={search_term_string}"},"query-input":{"@type":"PropertyValueSpecification","valueRequired":true,"valueName":"search_term_string"}}],"inLanguage":"es"},{"@type":"Organization","@id":"https:\/\/spacewell.com\/es\/#organization","name":"Spacewell | A Nemetschek Company","url":"https:\/\/spacewell.com\/es\/","logo":{"@type":"ImageObject","inLanguage":"es","@id":"https:\/\/spacewell.com\/es\/#\/schema\/logo\/image\/","url":"https:\/\/spacewell.com\/wp-content\/uploads\/2023\/05\/spacewell-logo-500x88-1.webp","contentUrl":"https:\/\/spacewell.com\/wp-content\/uploads\/2023\/05\/spacewell-logo-500x88-1.webp","width":500,"height":88,"caption":"Spacewell | A Nemetschek Company"},"image":{"@id":"https:\/\/spacewell.com\/es\/#\/schema\/logo\/image\/"},"sameAs":["https:\/\/www.facebook.com\/SpacewellHQ","https:\/\/x.com\/Spacewell_HQ"]}]}},"_links":{"self":[{"href":"https:\/\/spacewell.com\/es\/wp-json\/wp\/v2\/pages\/418","targetHints":{"allow":["GET"]}}],"collection":[{"href":"https:\/\/spacewell.com\/es\/wp-json\/wp\/v2\/pages"}],"about":[{"href":"https:\/\/spacewell.com\/es\/wp-json\/wp\/v2\/types\/page"}],"author":[{"embeddable":true,"href":"https:\/\/spacewell.com\/es\/wp-json\/wp\/v2\/users\/29"}],"replies":[{"embeddable":true,"href":"https:\/\/spacewell.com\/es\/wp-json\/wp\/v2\/comments?post=418"}],"version-history":[{"count":0,"href":"https:\/\/spacewell.com\/es\/wp-json\/wp\/v2\/pages\/418\/revisions"}],"up":[{"embeddable":true,"href":"https:\/\/spacewell.com\/es\/wp-json\/wp\/v2\/pages\/279"}],"wp:featuredmedia":[{"embeddable":true,"href":"https:\/\/spacewell.com\/es\/wp-json\/wp\/v2\/media\/13187"}],"wp:attachment":[{"href":"https:\/\/spacewell.com\/es\/wp-json\/wp\/v2\/media?parent=418"}],"curies":[{"name":"wp","href":"https:\/\/api.w.org\/{rel}","templated":true}]}}