


{"id":41798,"date":"2023-06-01T12:39:55","date_gmt":"2023-06-01T10:39:55","guid":{"rendered":"https:\/\/spacewell.com\/soporte\/"},"modified":"2026-03-11T10:59:55","modified_gmt":"2026-03-11T09:59:55","slug":"customer-support","status":"publish","type":"page","link":"https:\/\/spacewell.com\/es\/customer-support\/","title":{"rendered":"Atenci\u00f3n al cliente"},"content":{"rendered":"<div class=\"gb-container gb-container-174a0b63 gb-container-6bcb6de9\">\n<div class=\"gb-container gb-container-05bc57a6\">\n\n<h1 class=\"gb-headline gb-headline-2da60f8c gb-headline-text gb-headline-902a6ace\">Help center<\/h1>\n\n\n\n<p>\u00bfTienes una pregunta de soporte? Lo m\u00e1s probable es que encuentres la respuesta a tu pregunta en nuestro sitio web de asistencia. <\/p>\n\n\n\n<a class=\"gb-button gb-button-0143350a gb-button-6182fe5e\" href=\"https:\/\/support.spacewell.com\" target=\"_blank\" rel=\"noopener noreferrer\"><span class=\"gb-button-text\">Ir al sitio web de Apoyo (Workplace y Asset)<\/span><span class=\"gb-icon\"><svg xmlns=\"http:\/\/www.w3.org\/2000\/svg\" xml:space=\"preserve\" viewbox=\"0 0 1000 1000\">\n  <path d=\"M506.8 128.4c-30.9 30.9-30.9 80.8 0 111.6l181 181H88.9c-43.5.1-78.9 35.4-78.9 79s35.4 78.9 78.9 78.9h598.9l-181 181c-30.9 30.9-30.9 80.8 0 111.6 15.4 15.4 35.6 23.1 55.8 23.1 20.2 0 40.4-7.7 55.8-23.1L990 500 618.4 128.4c-30.9-30.8-80.7-30.8-111.6 0z\"><\/path>\n<\/svg><\/span><\/a>\n\n\n\n<p><\/p>\n\n\n\n<a class=\"gb-button gb-button-36e56614 gb-button-6182fe5e\" href=\"https:\/\/support.dexma.com\/hc\/en-gb\" target=\"_blank\" rel=\"noopener noreferrer\"><span class=\"gb-button-text\">Ir al sitio web de apoyo (Energy)<\/span><span class=\"gb-icon\"><svg xmlns=\"http:\/\/www.w3.org\/2000\/svg\" xml:space=\"preserve\" viewbox=\"0 0 1000 1000\">\n  <path d=\"M506.8 128.4c-30.9 30.9-30.9 80.8 0 111.6l181 181H88.9c-43.5.1-78.9 35.4-78.9 79s35.4 78.9 78.9 78.9h598.9l-181 181c-30.9 30.9-30.9 80.8 0 111.6 15.4 15.4 35.6 23.1 55.8 23.1 20.2 0 40.4-7.7 55.8-23.1L990 500 618.4 128.4c-30.9-30.8-80.7-30.8-111.6 0z\"><\/path>\n<\/svg><\/span><\/a>\n\n\n\n<p><\/p>\n\n\n\n<p>\u00bfNo has encontrado lo que buscabas? Estamos aqu\u00ed para ayudarte.   <\/p>\n\n\n\n<h3 class=\"wp-block-heading\" id=\"h-mail-us-for-support\">Env\u00edanos un correo para solicitar ayuda<\/h3>\n\n\n\n<a class=\"gb-button gb-button-db104dd1 gb-button-6182fe5e smooth-scroll\" href=\"mailto:support@spacewell.com\"><span class=\"gb-button-text\">support@spacewell.com<\/span><span class=\"gb-icon\"><svg xmlns=\"http:\/\/www.w3.org\/2000\/svg\" xml:space=\"preserve\" viewbox=\"0 0 1000 1000\">\n  <path d=\"M506.8 128.4c-30.9 30.9-30.9 80.8 0 111.6l181 181H88.9c-43.5.1-78.9 35.4-78.9 79s35.4 78.9 78.9 78.9h598.9l-181 181c-30.9 30.9-30.9 80.8 0 111.6 15.4 15.4 35.6 23.1 55.8 23.1 20.2 0 40.4-7.7 55.8-23.1L990 500 618.4 128.4c-30.9-30.8-80.7-30.8-111.6 0z\"><\/path>\n<\/svg><\/span><\/a>\n\n\n\n<h3 class=\"gb-headline gb-headline-9664a463 gb-headline-text\"><br>Ponte en contacto con ventas<\/h3>\n\n\n\n<a class=\"gb-button gb-button-a1970395 gb-button-6182fe5e\" href=\"https:\/\/spacewell.com\/es\/contacto-con-ventas\/\" target=\"_blank\" rel=\"noopener noreferrer\"><span class=\"gb-button-text\">Solicita una demostraci\u00f3n<\/span><span class=\"gb-icon\"><svg xmlns=\"http:\/\/www.w3.org\/2000\/svg\" xml:space=\"preserve\" viewbox=\"0 0 1000 1000\">\n  <path d=\"M506.8 128.4c-30.9 30.9-30.9 80.8 0 111.6l181 181H88.9c-43.5.1-78.9 35.4-78.9 79s35.4 78.9 78.9 78.9h598.9l-181 181c-30.9 30.9-30.9 80.8 0 111.6 15.4 15.4 35.6 23.1 55.8 23.1 20.2 0 40.4-7.7 55.8-23.1L990 500 618.4 128.4c-30.9-30.8-80.7-30.8-111.6 0z\"><\/path>\n<\/svg><\/span><\/a>\n\n<\/div>\n\n\n<a class=\"gb-button gb-button-063bee76 gb-button-6182fe5e\" href=\"mailto:marketing@spacewell.com\" target=\"_blank\" rel=\"noopener noreferrer\"><span class=\"gb-button-text\">marketing@spacewell.com<\/span><span class=\"gb-icon\"><svg xmlns=\"http:\/\/www.w3.org\/2000\/svg\" xml:space=\"preserve\" viewbox=\"0 0 1000 1000\">\n  <path d=\"M506.8 128.4c-30.9 30.9-30.9 80.8 0 111.6l181 181H88.9c-43.5.1-78.9 35.4-78.9 79s35.4 78.9 78.9 78.9h598.9l-181 181c-30.9 30.9-30.9 80.8 0 111.6 15.4 15.4 35.6 23.1 55.8 23.1 20.2 0 40.4-7.7 55.8-23.1L990 500 618.4 128.4c-30.9-30.8-80.7-30.8-111.6 0z\"><\/path>\n<\/svg><\/span><\/a>\n\n\n\n<h3 class=\"gb-headline gb-headline-a29e1694 gb-headline-text\"><br>Condiciones contractuales<\/h3>\n\n\n\n<a class=\"gb-button gb-button-747bba2f gb-button-6182fe5e\" href=\"\/company\/contact-us\/contractual-conditions\/\"><span class=\"gb-button-text\">Consigue las condiciones contractuales<\/span><span class=\"gb-icon\"><svg xmlns=\"http:\/\/www.w3.org\/2000\/svg\" xml:space=\"preserve\" viewbox=\"0 0 1000 1000\">\n  <path d=\"M506.8 128.4c-30.9 30.9-30.9 80.8 0 111.6l181 181H88.9c-43.5.1-78.9 35.4-78.9 79s35.4 78.9 78.9 78.9h598.9l-181 181c-30.9 30.9-30.9 80.8 0 111.6 15.4 15.4 35.6 23.1 55.8 23.1 20.2 0 40.4-7.7 55.8-23.1L990 500 618.4 128.4c-30.9-30.8-80.7-30.8-111.6 0z\"><\/path>\n<\/svg><\/span><\/a>\n\n\n\n<h3 class=\"gb-headline gb-headline-70341c55 gb-headline-text\"><br>Informaci\u00f3n sobre la asociaci\u00f3n<\/h3>\n\n\n\n<a class=\"gb-button gb-button-747bba2f gb-button-6182fe5e\" href=\"https:\/\/spacewell.com\/es\/empresa\/partnerships-2\/\"><span class=\"gb-button-text\">Ver la p\u00e1gina de Partnerships<\/span><span class=\"gb-icon\"><svg xmlns=\"http:\/\/www.w3.org\/2000\/svg\" xml:space=\"preserve\" viewbox=\"0 0 1000 1000\">\n  <path d=\"M506.8 128.4c-30.9 30.9-30.9 80.8 0 111.6l181 181H88.9c-43.5.1-78.9 35.4-78.9 79s35.4 78.9 78.9 78.9h598.9l-181 181c-30.9 30.9-30.9 80.8 0 111.6 15.4 15.4 35.6 23.1 55.8 23.1 20.2 0 40.4-7.7 55.8-23.1L990 500 618.4 128.4c-30.9-30.8-80.7-30.8-111.6 0z\"><\/path>\n<\/svg><\/span><\/a>\n\n<\/div>\n<p><\/p>\n","protected":false},"excerpt":{"rendered":"<p>Help center \u00bfTienes una pregunta de soporte? Lo m\u00e1s probable es que encuentres la respuesta a tu pregunta en nuestro sitio web de asistencia. \u00bfNo has encontrado lo que buscabas? Estamos aqu\u00ed para ayudarte. Env\u00edanos un correo para solicitar ayuda Ponte en contacto con ventas Condiciones contractuales Informaci\u00f3n sobre la asociaci\u00f3n<\/p>\n","protected":false},"author":29,"featured_media":23944,"parent":0,"menu_order":0,"comment_status":"closed","ping_status":"closed","template":"","meta":{"_acf_changed":false,"footnotes":""},"class_list":{"0":"post-41798","1":"page","2":"type-page","3":"status-publish","4":"has-post-thumbnail","6":"no-featured-image-padding"},"acf":[],"yoast_head":"<!-- This site is optimized with the Yoast SEO Premium plugin v26.0 (Yoast SEO v27.4) - https:\/\/yoast.com\/product\/yoast-seo-premium-wordpress\/ -->\n<title>Atenci\u00f3n al cliente - Spacewell | A Nemetschek Company<\/title>\n<meta name=\"description\" content=\"\u00bfTienes alguna pregunta de soporte? Dir\u00edgete al centro de ayuda de Spacewell para que podamos proporcionarte la asistencia que necesitas.\" \/>\n<meta name=\"robots\" content=\"index, follow, max-snippet:-1, max-image-preview:large, max-video-preview:-1\" \/>\n<link rel=\"canonical\" href=\"https:\/\/spacewell.com\/es\/customer-support\/\" \/>\n<meta property=\"og:locale\" content=\"es_ES\" \/>\n<meta property=\"og:type\" content=\"article\" \/>\n<meta property=\"og:title\" content=\"Atenci\u00f3n al cliente\" \/>\n<meta property=\"og:description\" content=\"\u00bfTienes alguna pregunta de soporte? Dir\u00edgete al centro de ayuda de Spacewell para que podamos proporcionarte la asistencia que necesitas.\" \/>\n<meta property=\"og:url\" content=\"https:\/\/spacewell.com\/es\/customer-support\/\" \/>\n<meta property=\"og:site_name\" content=\"Spacewell | A Nemetschek Company\" \/>\n<meta property=\"article:publisher\" content=\"https:\/\/www.facebook.com\/SpacewellHQ\" \/>\n<meta property=\"article:modified_time\" content=\"2026-03-11T09:59:55+00:00\" \/>\n<meta property=\"og:image\" content=\"https:\/\/spacewell.com\/wp-content\/uploads\/2023\/10\/support-operator-1200x630-1.jpg\" \/>\n\t<meta property=\"og:image:width\" content=\"1200\" \/>\n\t<meta property=\"og:image:height\" content=\"630\" \/>\n\t<meta property=\"og:image:type\" content=\"image\/jpeg\" \/>\n<meta name=\"twitter:card\" content=\"summary_large_image\" \/>\n<meta name=\"twitter:site\" content=\"@Spacewell_HQ\" \/>\n<meta name=\"twitter:label1\" content=\"Tiempo de lectura\" \/>\n\t<meta name=\"twitter:data1\" content=\"1 minuto\" \/>\n<script type=\"application\/ld+json\" class=\"yoast-schema-graph\">{\"@context\":\"https:\\\/\\\/schema.org\",\"@graph\":[{\"@type\":\"WebPage\",\"@id\":\"https:\\\/\\\/spacewell.com\\\/es\\\/customer-support\\\/\",\"url\":\"https:\\\/\\\/spacewell.com\\\/es\\\/customer-support\\\/\",\"name\":\"Atenci\u00f3n al cliente - Spacewell | A Nemetschek Company\",\"isPartOf\":{\"@id\":\"https:\\\/\\\/spacewell.com\\\/es\\\/#website\"},\"primaryImageOfPage\":{\"@id\":\"https:\\\/\\\/spacewell.com\\\/es\\\/customer-support\\\/#primaryimage\"},\"image\":{\"@id\":\"https:\\\/\\\/spacewell.com\\\/es\\\/customer-support\\\/#primaryimage\"},\"thumbnailUrl\":\"https:\\\/\\\/spacewell.com\\\/wp-content\\\/uploads\\\/2023\\\/10\\\/support-operator-1200x630-1.jpg\",\"datePublished\":\"2023-06-01T10:39:55+00:00\",\"dateModified\":\"2026-03-11T09:59:55+00:00\",\"description\":\"\u00bfTienes alguna pregunta de soporte? Dir\u00edgete al centro de ayuda de Spacewell para que podamos proporcionarte la asistencia que necesitas.\",\"breadcrumb\":{\"@id\":\"https:\\\/\\\/spacewell.com\\\/es\\\/customer-support\\\/#breadcrumb\"},\"inLanguage\":\"es\",\"potentialAction\":[{\"@type\":\"ReadAction\",\"target\":[\"https:\\\/\\\/spacewell.com\\\/es\\\/customer-support\\\/\"]}]},{\"@type\":\"ImageObject\",\"inLanguage\":\"es\",\"@id\":\"https:\\\/\\\/spacewell.com\\\/es\\\/customer-support\\\/#primaryimage\",\"url\":\"https:\\\/\\\/spacewell.com\\\/wp-content\\\/uploads\\\/2023\\\/10\\\/support-operator-1200x630-1.jpg\",\"contentUrl\":\"https:\\\/\\\/spacewell.com\\\/wp-content\\\/uploads\\\/2023\\\/10\\\/support-operator-1200x630-1.jpg\",\"width\":1200,\"height\":630,\"caption\":\"Oparadores del servicio de asistencia\"},{\"@type\":\"BreadcrumbList\",\"@id\":\"https:\\\/\\\/spacewell.com\\\/es\\\/customer-support\\\/#breadcrumb\",\"itemListElement\":[{\"@type\":\"ListItem\",\"position\":1,\"name\":\"Home\",\"item\":\"https:\\\/\\\/spacewell.com\\\/es\\\/\"},{\"@type\":\"ListItem\",\"position\":2,\"name\":\"Atenci\u00f3n al cliente\"}]},{\"@type\":\"WebSite\",\"@id\":\"https:\\\/\\\/spacewell.com\\\/es\\\/#website\",\"url\":\"https:\\\/\\\/spacewell.com\\\/es\\\/\",\"name\":\"Spacewell | A Nemetschek Company\",\"description\":\"Make buildings work for people\",\"publisher\":{\"@id\":\"https:\\\/\\\/spacewell.com\\\/es\\\/#organization\"},\"potentialAction\":[{\"@type\":\"SearchAction\",\"target\":{\"@type\":\"EntryPoint\",\"urlTemplate\":\"https:\\\/\\\/spacewell.com\\\/es\\\/?s={search_term_string}\"},\"query-input\":{\"@type\":\"PropertyValueSpecification\",\"valueRequired\":true,\"valueName\":\"search_term_string\"}}],\"inLanguage\":\"es\"},{\"@type\":\"Organization\",\"@id\":\"https:\\\/\\\/spacewell.com\\\/es\\\/#organization\",\"name\":\"Spacewell | A Nemetschek Company\",\"url\":\"https:\\\/\\\/spacewell.com\\\/es\\\/\",\"logo\":{\"@type\":\"ImageObject\",\"inLanguage\":\"es\",\"@id\":\"https:\\\/\\\/spacewell.com\\\/es\\\/#\\\/schema\\\/logo\\\/image\\\/\",\"url\":\"https:\\\/\\\/spacewell.com\\\/wp-content\\\/uploads\\\/2023\\\/05\\\/spacewell-logo-500x88-1.webp\",\"contentUrl\":\"https:\\\/\\\/spacewell.com\\\/wp-content\\\/uploads\\\/2023\\\/05\\\/spacewell-logo-500x88-1.webp\",\"width\":500,\"height\":88,\"caption\":\"Spacewell | A Nemetschek Company\"},\"image\":{\"@id\":\"https:\\\/\\\/spacewell.com\\\/es\\\/#\\\/schema\\\/logo\\\/image\\\/\"},\"sameAs\":[\"https:\\\/\\\/www.facebook.com\\\/SpacewellHQ\",\"https:\\\/\\\/x.com\\\/Spacewell_HQ\"]}]}<\/script>\n<!-- \/ Yoast SEO Premium plugin. -->","yoast_head_json":{"title":"Atenci\u00f3n al cliente - Spacewell | A Nemetschek Company","description":"\u00bfTienes alguna pregunta de soporte? Dir\u00edgete al centro de ayuda de Spacewell para que podamos proporcionarte la asistencia que necesitas.","robots":{"index":"index","follow":"follow","max-snippet":"max-snippet:-1","max-image-preview":"max-image-preview:large","max-video-preview":"max-video-preview:-1"},"canonical":"https:\/\/spacewell.com\/es\/customer-support\/","og_locale":"es_ES","og_type":"article","og_title":"Atenci\u00f3n al cliente","og_description":"\u00bfTienes alguna pregunta de soporte? Dir\u00edgete al centro de ayuda de Spacewell para que podamos proporcionarte la asistencia que necesitas.","og_url":"https:\/\/spacewell.com\/es\/customer-support\/","og_site_name":"Spacewell | A Nemetschek Company","article_publisher":"https:\/\/www.facebook.com\/SpacewellHQ","article_modified_time":"2026-03-11T09:59:55+00:00","og_image":[{"width":1200,"height":630,"url":"https:\/\/spacewell.com\/wp-content\/uploads\/2023\/10\/support-operator-1200x630-1.jpg","type":"image\/jpeg"}],"twitter_card":"summary_large_image","twitter_site":"@Spacewell_HQ","twitter_misc":{"Tiempo de lectura":"1 minuto"},"schema":{"@context":"https:\/\/schema.org","@graph":[{"@type":"WebPage","@id":"https:\/\/spacewell.com\/es\/customer-support\/","url":"https:\/\/spacewell.com\/es\/customer-support\/","name":"Atenci\u00f3n al cliente - Spacewell | A Nemetschek Company","isPartOf":{"@id":"https:\/\/spacewell.com\/es\/#website"},"primaryImageOfPage":{"@id":"https:\/\/spacewell.com\/es\/customer-support\/#primaryimage"},"image":{"@id":"https:\/\/spacewell.com\/es\/customer-support\/#primaryimage"},"thumbnailUrl":"https:\/\/spacewell.com\/wp-content\/uploads\/2023\/10\/support-operator-1200x630-1.jpg","datePublished":"2023-06-01T10:39:55+00:00","dateModified":"2026-03-11T09:59:55+00:00","description":"\u00bfTienes alguna pregunta de soporte? Dir\u00edgete al centro de ayuda de Spacewell para que podamos proporcionarte la asistencia que necesitas.","breadcrumb":{"@id":"https:\/\/spacewell.com\/es\/customer-support\/#breadcrumb"},"inLanguage":"es","potentialAction":[{"@type":"ReadAction","target":["https:\/\/spacewell.com\/es\/customer-support\/"]}]},{"@type":"ImageObject","inLanguage":"es","@id":"https:\/\/spacewell.com\/es\/customer-support\/#primaryimage","url":"https:\/\/spacewell.com\/wp-content\/uploads\/2023\/10\/support-operator-1200x630-1.jpg","contentUrl":"https:\/\/spacewell.com\/wp-content\/uploads\/2023\/10\/support-operator-1200x630-1.jpg","width":1200,"height":630,"caption":"Oparadores del servicio de asistencia"},{"@type":"BreadcrumbList","@id":"https:\/\/spacewell.com\/es\/customer-support\/#breadcrumb","itemListElement":[{"@type":"ListItem","position":1,"name":"Home","item":"https:\/\/spacewell.com\/es\/"},{"@type":"ListItem","position":2,"name":"Atenci\u00f3n al cliente"}]},{"@type":"WebSite","@id":"https:\/\/spacewell.com\/es\/#website","url":"https:\/\/spacewell.com\/es\/","name":"Spacewell | A Nemetschek Company","description":"Make buildings work for people","publisher":{"@id":"https:\/\/spacewell.com\/es\/#organization"},"potentialAction":[{"@type":"SearchAction","target":{"@type":"EntryPoint","urlTemplate":"https:\/\/spacewell.com\/es\/?s={search_term_string}"},"query-input":{"@type":"PropertyValueSpecification","valueRequired":true,"valueName":"search_term_string"}}],"inLanguage":"es"},{"@type":"Organization","@id":"https:\/\/spacewell.com\/es\/#organization","name":"Spacewell | A Nemetschek Company","url":"https:\/\/spacewell.com\/es\/","logo":{"@type":"ImageObject","inLanguage":"es","@id":"https:\/\/spacewell.com\/es\/#\/schema\/logo\/image\/","url":"https:\/\/spacewell.com\/wp-content\/uploads\/2023\/05\/spacewell-logo-500x88-1.webp","contentUrl":"https:\/\/spacewell.com\/wp-content\/uploads\/2023\/05\/spacewell-logo-500x88-1.webp","width":500,"height":88,"caption":"Spacewell | A Nemetschek Company"},"image":{"@id":"https:\/\/spacewell.com\/es\/#\/schema\/logo\/image\/"},"sameAs":["https:\/\/www.facebook.com\/SpacewellHQ","https:\/\/x.com\/Spacewell_HQ"]}]}},"_links":{"self":[{"href":"https:\/\/spacewell.com\/es\/wp-json\/wp\/v2\/pages\/41798","targetHints":{"allow":["GET"]}}],"collection":[{"href":"https:\/\/spacewell.com\/es\/wp-json\/wp\/v2\/pages"}],"about":[{"href":"https:\/\/spacewell.com\/es\/wp-json\/wp\/v2\/types\/page"}],"author":[{"embeddable":true,"href":"https:\/\/spacewell.com\/es\/wp-json\/wp\/v2\/users\/29"}],"replies":[{"embeddable":true,"href":"https:\/\/spacewell.com\/es\/wp-json\/wp\/v2\/comments?post=41798"}],"version-history":[{"count":22,"href":"https:\/\/spacewell.com\/es\/wp-json\/wp\/v2\/pages\/41798\/revisions"}],"predecessor-version":[{"id":48207,"href":"https:\/\/spacewell.com\/es\/wp-json\/wp\/v2\/pages\/41798\/revisions\/48207"}],"wp:featuredmedia":[{"embeddable":true,"href":"https:\/\/spacewell.com\/es\/wp-json\/wp\/v2\/media\/23944"}],"wp:attachment":[{"href":"https:\/\/spacewell.com\/es\/wp-json\/wp\/v2\/media?parent=41798"}],"curies":[{"name":"wp","href":"https:\/\/api.w.org\/{rel}","templated":true}]}}