


{"id":378,"date":"2023-06-01T09:22:17","date_gmt":"2023-06-01T07:22:17","guid":{"rendered":"https:\/\/spacewell.com\/empresa\/contactar\/demobegaran\/"},"modified":"2024-03-08T18:57:53","modified_gmt":"2024-03-08T17:57:53","slug":"demostracion","status":"publish","type":"page","link":"https:\/\/spacewell.com\/es\/ubicaciones\/demostracion\/","title":{"rendered":"Demostraci\u00f3n"},"content":{"rendered":"<div class=\"gb-container gb-container-25d59f89\">\n<div class=\"gb-grid-wrapper gb-grid-wrapper-35974b55\">\n<div class=\"gb-grid-column gb-grid-column-0f1952d4\"><div class=\"gb-container gb-container-0f1952d4\">\n\n<h1 class=\"gb-headline gb-headline-d25ae97a gb-headline-text gb-headline-902a6ace\">Programe su demostraci\u00f3n gratuita y personalizada<\/h1>\n\n\n\n<p>Reserve una demostraci\u00f3n gratuita en directo con un especialista del producto<\/p>\n\n\n\n<ul class=\"wp-block-list\">\n<li>Demostraci\u00f3n <strong>sin ning\u00fan compromiso<\/strong><\/li>\n\n\n\n<li>Reuni\u00f3n <strong>individual con un experto<\/strong><\/li>\n\n\n\n<li>Obtenga respuestas <strong>r\u00e1pidas a todas sus preguntas<\/strong><\/li>\n<\/ul>\n\n<\/div><\/div>\n\n<div class=\"gb-grid-column gb-grid-column-2d2394af\"><div class=\"gb-container gb-container-2d2394af\">\n\n<figure class=\"gb-block-image gb-block-image-4ce3e84e\"><img loading=\"lazy\" decoding=\"async\" width=\"1024\" height=\"1024\" class=\"gb-image gb-image-4ce3e84e\" src=\"\/wp-content\/uploads\/2023\/09\/lady-sitting-at-desk-smiling-1024x1024-1.png\" alt=\"Lady sitting at desk smiling.\" srcset=\"https:\/\/spacewell.com\/wp-content\/uploads\/2023\/09\/lady-sitting-at-desk-smiling-1024x1024-1.png 1024w, https:\/\/spacewell.com\/wp-content\/uploads\/2023\/09\/lady-sitting-at-desk-smiling-1024x1024-1-500x500.png 500w, https:\/\/spacewell.com\/wp-content\/uploads\/2023\/09\/lady-sitting-at-desk-smiling-1024x1024-1-250x250.png 250w, https:\/\/spacewell.com\/wp-content\/uploads\/2023\/09\/lady-sitting-at-desk-smiling-1024x1024-1-768x768.png 768w\" sizes=\"auto, (max-width: 1024px) 100vw, 1024px\" \/><\/figure>\n\n<\/div><\/div>\n<\/div>\n<\/div>\n\n<div class=\"gb-container gb-container-3dbe651b\">\n<div class=\"gb-grid-wrapper gb-grid-wrapper-8d7a578a\">\n<div class=\"gb-grid-column gb-grid-column-db4611e5\"><div class=\"gb-container gb-container-db4611e5\">\n\n<p>Estamos aqu\u00ed para ayudarle a encontrar las soluciones adecuadas para usted. D\u00edganos cu\u00e1les son sus \u00e1reas de inter\u00e9s y adaptaremos la demostraci\u00f3n a los retos de su negocio.<\/p>\n\n<\/div><\/div>\n\n<div class=\"gb-grid-column gb-grid-column-a8025aaa\"><div class=\"gb-container gb-container-a8025aaa\">\n\n<script charset=\"utf-8\" type=\"text\/javascript\" src=\"\/\/js.hsforms.net\/forms\/embed\/v2.js\"><\/script>\n<script>\n  hbspt.forms.create({\n    region: \"na1\",\n    portalId: \"437281\",\n    formId: \"338298cc-fe44-4d63-ba6b-c211ffd4eec4\"\n  });\n<\/script>\n\n<\/div><\/div>\n<\/div>\n<\/div>","protected":false},"excerpt":{"rendered":"","protected":false},"author":29,"featured_media":23905,"parent":329,"menu_order":0,"comment_status":"closed","ping_status":"closed","template":"","meta":{"_acf_changed":false,"footnotes":""},"class_list":{"0":"post-378","1":"page","2":"type-page","3":"status-publish","4":"has-post-thumbnail","6":"no-featured-image-padding"},"acf":[],"yoast_head":"<!-- This site is optimized with the Yoast SEO Premium plugin v26.0 (Yoast SEO v27.3) - https:\/\/yoast.com\/product\/yoast-seo-premium-wordpress\/ -->\n<title>Demostraci\u00f3n - Spacewell<\/title>\n<meta name=\"description\" content=\"Rellene todos los campos obligatorios del siguiente formulario para solicitar una demostraci\u00f3n gratuita de nuestro software y nos pondremos en contacto con usted.\" \/>\n<meta name=\"robots\" content=\"index, follow, max-snippet:-1, max-image-preview:large, max-video-preview:-1\" \/>\n<link rel=\"canonical\" href=\"https:\/\/spacewell.com\/es\/ubicaciones\/demostracion\/\" \/>\n<meta property=\"og:locale\" content=\"es_ES\" \/>\n<meta property=\"og:type\" content=\"article\" \/>\n<meta property=\"og:title\" content=\"Demostraci\u00f3n\" \/>\n<meta property=\"og:description\" content=\"Rellene todos los campos obligatorios del siguiente formulario para solicitar una demostraci\u00f3n gratuita de nuestro software y nos pondremos en contacto con usted.\" \/>\n<meta property=\"og:url\" content=\"https:\/\/spacewell.com\/es\/ubicaciones\/demostracion\/\" \/>\n<meta property=\"og:site_name\" content=\"Spacewell | A Nemetschek Company\" \/>\n<meta property=\"article:publisher\" content=\"https:\/\/www.facebook.com\/SpacewellHQ\" \/>\n<meta property=\"article:modified_time\" content=\"2024-03-08T17:57:53+00:00\" \/>\n<meta property=\"og:image\" content=\"https:\/\/spacewell.com\/wp-content\/uploads\/2023\/10\/lady-sitting-at-desk-smiling-1200x630-1.png\" \/>\n\t<meta property=\"og:image:width\" content=\"1200\" \/>\n\t<meta property=\"og:image:height\" content=\"630\" \/>\n\t<meta property=\"og:image:type\" content=\"image\/png\" \/>\n<meta name=\"twitter:card\" content=\"summary_large_image\" \/>\n<meta name=\"twitter:site\" content=\"@Spacewell_HQ\" \/>\n<meta name=\"twitter:label1\" content=\"Tiempo de lectura\" \/>\n\t<meta name=\"twitter:data1\" content=\"1 minuto\" \/>\n<script type=\"application\/ld+json\" class=\"yoast-schema-graph\">{\"@context\":\"https:\\\/\\\/schema.org\",\"@graph\":[{\"@type\":\"WebPage\",\"@id\":\"https:\\\/\\\/spacewell.com\\\/es\\\/ubicaciones\\\/demostracion\\\/\",\"url\":\"https:\\\/\\\/spacewell.com\\\/es\\\/ubicaciones\\\/demostracion\\\/\",\"name\":\"Demostraci\u00f3n - Spacewell\",\"isPartOf\":{\"@id\":\"https:\\\/\\\/spacewell.com\\\/es\\\/#website\"},\"primaryImageOfPage\":{\"@id\":\"https:\\\/\\\/spacewell.com\\\/es\\\/ubicaciones\\\/demostracion\\\/#primaryimage\"},\"image\":{\"@id\":\"https:\\\/\\\/spacewell.com\\\/es\\\/ubicaciones\\\/demostracion\\\/#primaryimage\"},\"thumbnailUrl\":\"https:\\\/\\\/spacewell.com\\\/wp-content\\\/uploads\\\/2023\\\/10\\\/lady-sitting-at-desk-smiling-1200x630-1.png\",\"datePublished\":\"2023-06-01T07:22:17+00:00\",\"dateModified\":\"2024-03-08T17:57:53+00:00\",\"description\":\"Rellene todos los campos obligatorios del siguiente formulario para solicitar una demostraci\u00f3n gratuita de nuestro software y nos pondremos en contacto con usted.\",\"breadcrumb\":{\"@id\":\"https:\\\/\\\/spacewell.com\\\/es\\\/ubicaciones\\\/demostracion\\\/#breadcrumb\"},\"inLanguage\":\"es\",\"potentialAction\":[{\"@type\":\"ReadAction\",\"target\":[\"https:\\\/\\\/spacewell.com\\\/es\\\/ubicaciones\\\/demostracion\\\/\"]}]},{\"@type\":\"ImageObject\",\"inLanguage\":\"es\",\"@id\":\"https:\\\/\\\/spacewell.com\\\/es\\\/ubicaciones\\\/demostracion\\\/#primaryimage\",\"url\":\"https:\\\/\\\/spacewell.com\\\/wp-content\\\/uploads\\\/2023\\\/10\\\/lady-sitting-at-desk-smiling-1200x630-1.png\",\"contentUrl\":\"https:\\\/\\\/spacewell.com\\\/wp-content\\\/uploads\\\/2023\\\/10\\\/lady-sitting-at-desk-smiling-1200x630-1.png\",\"width\":1200,\"height\":630,\"caption\":\"Lady sitting at desk smiling.\"},{\"@type\":\"BreadcrumbList\",\"@id\":\"https:\\\/\\\/spacewell.com\\\/es\\\/ubicaciones\\\/demostracion\\\/#breadcrumb\",\"itemListElement\":[{\"@type\":\"ListItem\",\"position\":1,\"name\":\"Home\",\"item\":\"https:\\\/\\\/spacewell.com\\\/es\\\/\"},{\"@type\":\"ListItem\",\"position\":2,\"name\":\"Ubicaciones\",\"item\":\"https:\\\/\\\/spacewell.com\\\/es\\\/ubicaciones\\\/\"},{\"@type\":\"ListItem\",\"position\":3,\"name\":\"Demostraci\u00f3n\"}]},{\"@type\":\"WebSite\",\"@id\":\"https:\\\/\\\/spacewell.com\\\/es\\\/#website\",\"url\":\"https:\\\/\\\/spacewell.com\\\/es\\\/\",\"name\":\"Spacewell | A Nemetschek Company\",\"description\":\"Make buildings work for people\",\"publisher\":{\"@id\":\"https:\\\/\\\/spacewell.com\\\/es\\\/#organization\"},\"potentialAction\":[{\"@type\":\"SearchAction\",\"target\":{\"@type\":\"EntryPoint\",\"urlTemplate\":\"https:\\\/\\\/spacewell.com\\\/es\\\/?s={search_term_string}\"},\"query-input\":{\"@type\":\"PropertyValueSpecification\",\"valueRequired\":true,\"valueName\":\"search_term_string\"}}],\"inLanguage\":\"es\"},{\"@type\":\"Organization\",\"@id\":\"https:\\\/\\\/spacewell.com\\\/es\\\/#organization\",\"name\":\"Spacewell | A Nemetschek Company\",\"url\":\"https:\\\/\\\/spacewell.com\\\/es\\\/\",\"logo\":{\"@type\":\"ImageObject\",\"inLanguage\":\"es\",\"@id\":\"https:\\\/\\\/spacewell.com\\\/es\\\/#\\\/schema\\\/logo\\\/image\\\/\",\"url\":\"https:\\\/\\\/spacewell.com\\\/wp-content\\\/uploads\\\/2023\\\/05\\\/spacewell-logo-500x88-1.webp\",\"contentUrl\":\"https:\\\/\\\/spacewell.com\\\/wp-content\\\/uploads\\\/2023\\\/05\\\/spacewell-logo-500x88-1.webp\",\"width\":500,\"height\":88,\"caption\":\"Spacewell | A Nemetschek Company\"},\"image\":{\"@id\":\"https:\\\/\\\/spacewell.com\\\/es\\\/#\\\/schema\\\/logo\\\/image\\\/\"},\"sameAs\":[\"https:\\\/\\\/www.facebook.com\\\/SpacewellHQ\",\"https:\\\/\\\/x.com\\\/Spacewell_HQ\"]}]}<\/script>\n<!-- \/ Yoast SEO Premium plugin. -->","yoast_head_json":{"title":"Demostraci\u00f3n - Spacewell","description":"Rellene todos los campos obligatorios del siguiente formulario para solicitar una demostraci\u00f3n gratuita de nuestro software y nos pondremos en contacto con usted.","robots":{"index":"index","follow":"follow","max-snippet":"max-snippet:-1","max-image-preview":"max-image-preview:large","max-video-preview":"max-video-preview:-1"},"canonical":"https:\/\/spacewell.com\/es\/ubicaciones\/demostracion\/","og_locale":"es_ES","og_type":"article","og_title":"Demostraci\u00f3n","og_description":"Rellene todos los campos obligatorios del siguiente formulario para solicitar una demostraci\u00f3n gratuita de nuestro software y nos pondremos en contacto con usted.","og_url":"https:\/\/spacewell.com\/es\/ubicaciones\/demostracion\/","og_site_name":"Spacewell | A Nemetschek Company","article_publisher":"https:\/\/www.facebook.com\/SpacewellHQ","article_modified_time":"2024-03-08T17:57:53+00:00","og_image":[{"width":1200,"height":630,"url":"https:\/\/spacewell.com\/wp-content\/uploads\/2023\/10\/lady-sitting-at-desk-smiling-1200x630-1.png","type":"image\/png"}],"twitter_card":"summary_large_image","twitter_site":"@Spacewell_HQ","twitter_misc":{"Tiempo de lectura":"1 minuto"},"schema":{"@context":"https:\/\/schema.org","@graph":[{"@type":"WebPage","@id":"https:\/\/spacewell.com\/es\/ubicaciones\/demostracion\/","url":"https:\/\/spacewell.com\/es\/ubicaciones\/demostracion\/","name":"Demostraci\u00f3n - Spacewell","isPartOf":{"@id":"https:\/\/spacewell.com\/es\/#website"},"primaryImageOfPage":{"@id":"https:\/\/spacewell.com\/es\/ubicaciones\/demostracion\/#primaryimage"},"image":{"@id":"https:\/\/spacewell.com\/es\/ubicaciones\/demostracion\/#primaryimage"},"thumbnailUrl":"https:\/\/spacewell.com\/wp-content\/uploads\/2023\/10\/lady-sitting-at-desk-smiling-1200x630-1.png","datePublished":"2023-06-01T07:22:17+00:00","dateModified":"2024-03-08T17:57:53+00:00","description":"Rellene todos los campos obligatorios del siguiente formulario para solicitar una demostraci\u00f3n gratuita de nuestro software y nos pondremos en contacto con usted.","breadcrumb":{"@id":"https:\/\/spacewell.com\/es\/ubicaciones\/demostracion\/#breadcrumb"},"inLanguage":"es","potentialAction":[{"@type":"ReadAction","target":["https:\/\/spacewell.com\/es\/ubicaciones\/demostracion\/"]}]},{"@type":"ImageObject","inLanguage":"es","@id":"https:\/\/spacewell.com\/es\/ubicaciones\/demostracion\/#primaryimage","url":"https:\/\/spacewell.com\/wp-content\/uploads\/2023\/10\/lady-sitting-at-desk-smiling-1200x630-1.png","contentUrl":"https:\/\/spacewell.com\/wp-content\/uploads\/2023\/10\/lady-sitting-at-desk-smiling-1200x630-1.png","width":1200,"height":630,"caption":"Lady sitting at desk smiling."},{"@type":"BreadcrumbList","@id":"https:\/\/spacewell.com\/es\/ubicaciones\/demostracion\/#breadcrumb","itemListElement":[{"@type":"ListItem","position":1,"name":"Home","item":"https:\/\/spacewell.com\/es\/"},{"@type":"ListItem","position":2,"name":"Ubicaciones","item":"https:\/\/spacewell.com\/es\/ubicaciones\/"},{"@type":"ListItem","position":3,"name":"Demostraci\u00f3n"}]},{"@type":"WebSite","@id":"https:\/\/spacewell.com\/es\/#website","url":"https:\/\/spacewell.com\/es\/","name":"Spacewell | A Nemetschek Company","description":"Make buildings work for people","publisher":{"@id":"https:\/\/spacewell.com\/es\/#organization"},"potentialAction":[{"@type":"SearchAction","target":{"@type":"EntryPoint","urlTemplate":"https:\/\/spacewell.com\/es\/?s={search_term_string}"},"query-input":{"@type":"PropertyValueSpecification","valueRequired":true,"valueName":"search_term_string"}}],"inLanguage":"es"},{"@type":"Organization","@id":"https:\/\/spacewell.com\/es\/#organization","name":"Spacewell | A Nemetschek Company","url":"https:\/\/spacewell.com\/es\/","logo":{"@type":"ImageObject","inLanguage":"es","@id":"https:\/\/spacewell.com\/es\/#\/schema\/logo\/image\/","url":"https:\/\/spacewell.com\/wp-content\/uploads\/2023\/05\/spacewell-logo-500x88-1.webp","contentUrl":"https:\/\/spacewell.com\/wp-content\/uploads\/2023\/05\/spacewell-logo-500x88-1.webp","width":500,"height":88,"caption":"Spacewell | A Nemetschek Company"},"image":{"@id":"https:\/\/spacewell.com\/es\/#\/schema\/logo\/image\/"},"sameAs":["https:\/\/www.facebook.com\/SpacewellHQ","https:\/\/x.com\/Spacewell_HQ"]}]}},"_links":{"self":[{"href":"https:\/\/spacewell.com\/es\/wp-json\/wp\/v2\/pages\/378","targetHints":{"allow":["GET"]}}],"collection":[{"href":"https:\/\/spacewell.com\/es\/wp-json\/wp\/v2\/pages"}],"about":[{"href":"https:\/\/spacewell.com\/es\/wp-json\/wp\/v2\/types\/page"}],"author":[{"embeddable":true,"href":"https:\/\/spacewell.com\/es\/wp-json\/wp\/v2\/users\/29"}],"replies":[{"embeddable":true,"href":"https:\/\/spacewell.com\/es\/wp-json\/wp\/v2\/comments?post=378"}],"version-history":[{"count":11,"href":"https:\/\/spacewell.com\/es\/wp-json\/wp\/v2\/pages\/378\/revisions"}],"predecessor-version":[{"id":28677,"href":"https:\/\/spacewell.com\/es\/wp-json\/wp\/v2\/pages\/378\/revisions\/28677"}],"up":[{"embeddable":true,"href":"https:\/\/spacewell.com\/es\/wp-json\/wp\/v2\/pages\/329"}],"wp:featuredmedia":[{"embeddable":true,"href":"https:\/\/spacewell.com\/es\/wp-json\/wp\/v2\/media\/23905"}],"wp:attachment":[{"href":"https:\/\/spacewell.com\/es\/wp-json\/wp\/v2\/media?parent=378"}],"curies":[{"name":"wp","href":"https:\/\/api.w.org\/{rel}","templated":true}]}}