


{"id":547,"date":"2023-06-01T13:42:19","date_gmt":"2023-06-01T11:42:19","guid":{"rendered":"https:\/\/spacewell.com\/legal\/cookie-richtlinie\/"},"modified":"2023-10-25T08:28:58","modified_gmt":"2023-10-25T06:28:58","slug":"cookie-richtlinie","status":"publish","type":"page","link":"https:\/\/spacewell.com\/de\/legal\/cookie-richtlinie\/","title":{"rendered":"Cookie-Richtlinie"},"content":{"rendered":"<div class=\"gb-container gb-container-be2333f1 gb-container-5731d80c\">\n\n<h1 class=\"gb-headline gb-headline-f12419ca gb-headline-text\">Cookie-Richtlinie<\/h1>\n\n\n\n<p>Datum des Inkrafttretens: 21. Mai 2018<\/p>\n\n<\/div>\n\n<div class=\"gb-container gb-container-33963922 gb-container-5731d80c\">\n\n<button type=\"button\" id=\"hs_show_banner_button\" style=\"  display: inline-flex; flex-direction: row; align-items: center; justify-content: center; text-align: center; font-size: 16px; font-weight: 600; padding: 15px 20px; border-radius: 4px; border: 1px solid var(--accent); background-color: var(--accent); color: #ffffff; margin-bottom: 32px;\" onclick=\"(function(){ var _hsp = window._hsp = window._hsp || []; _hsp.push(['showBanner']); })()\">\n Meine Cookie-Einstellungen aktualisieren\n<\/button>\n\n\n\n<p>Bei Spacewell glauben wir an Transparenz, wenn es um den Schutz Ihrer pers\u00f6nlichen Daten geht. Mit dieser Cookie-Richtlinie geben wir Ihnen detaillierte Informationen dar\u00fcber, wie und wann wir Cookies verwenden, welche verschiedenen Arten von Cookies und Technologien wir verwenden und wie dies alles auf die Website von Spacewell zutrifft. Da wir immer, auf dem neuesten Stand der Datenschutztechnologie und der Datenschutzgesetzgebung bleiben wollen, behalten wir uns vor, unsere Cookie-Richtlinien im Laufe der Zeit anzupassen. Bitte beachten Sie den \u201eStichtag\u201c oben auf dieser Seite, um zu sehen, wann diese Cookie-Richtlinie zuletzt ge\u00e4ndert wurde.<\/p>\n\n\n\n<h2 class=\"gb-headline gb-headline-ee582b71 gb-headline-text\">Danke f\u00fcr diese nette Einf\u00fchrung, aber was sind Cookies genau?<\/h2>\n\n\n\n<p>Cookies sind kleine Textdateien, die auf dem Computer eines Benutzers gespeichert werden. Sie sind so angelegt, dass sie eine bescheidene Menge an Daten enthalten, die f\u00fcr einen Kunden und eine Website spezifisch sind, und k\u00f6nnen entweder vom Webserver oder vom Computer des Kunden aufgerufen werden. Praktisch gesehen ist jedes Cookie eine kleine Tabelle, die Paare von Werten (Schl\u00fcssel, Daten) enth\u00e4lt \u2013 zum Beispiel (Vorname, John) (Nachname, Smith). Sobald das Cookie von der Software auf dem Server oder Computer des Kunden gelesen wurde, k\u00f6nnen die Daten abgerufen und benutzt werden, um eine Webseite entsprechend anzupassen.<\/p>\n\n\n\n<h2 class=\"gb-headline gb-headline-b3c0e4f0 gb-headline-text\">Ok, ein Cookie ist also nichts anderes als eine kleine Menge Daten, die Sie auf meinem Ger\u00e4t speichern. Aber warum sollten Sie das wollen, und warum sollte ich das wollen?<\/h2>\n\n\n\n<p>Wir verwenden Cookies beispielsweise, um die Benutzerfreundlichkeit unserer Website zu erh\u00f6hen, indem wir sie besser auf Ihre W\u00fcnsche und Pr\u00e4ferenzen abstimmen. Zum Beispiel k\u00f6nnen wir uns mit Cookies Ihre Sprachpr\u00e4ferenz merken. So m\u00fcssen Sie uns bei einem erneuten Besuch unserer Website nicht noch einmal Ihre Sprachpr\u00e4ferenz mitteilen und haben eine bessere Benutzererfahrung.<\/p>\n\n\n\n<p>Wir verwenden Cookies auch, um Informationen dar\u00fcber zu sammeln, wie Sie unsere Website nutzen. Wir verfolgen die Anzahl der Besucher, welches beliebte Seiten sind, und die Zeit, die Besucher auf einer Webseite verbringen. Auf Basis des Verhaltens der Benutzer auf unserer Website k\u00f6nnen wir die Benutzererfahrung optimieren und personalisieren. Es gibt alle m\u00f6glichen Arten von Cookies, die nach Funktion, Herkunft und Lebensdauer klassifiziert werden k\u00f6nnen. Eine vollst\u00e4ndige \u00dcbersicht \u00fcber die Arten von Cookies finden Sie unter http:\/\/www.allaboutcookies.org.<\/p>\n\n\n\n<h2 class=\"gb-headline gb-headline-1f347003 gb-headline-text\">Gut, ich habe die Idee, die hinter Cookies steckt verstanden, trotzdem m\u00f6chte ich, dass Sie mir sagen, welche Cookies Sie genau auf meinem Ger\u00e4t speichern werden.<\/h2>\n\n\n\n<h3 class=\"gb-headline gb-headline-0f800802 gb-headline-text\">Die wichtigsten Cookies<\/h3>\n\n\n\n<p>Das sind die Cookies, auf die Sie nicht verzichten wollen. Sie werden f\u00fcr den Betrieb unserer Website ben\u00f6tigt, damit Sie sich auf unserer Website bewegen und deren Funktionen nutzen k\u00f6nnen. Dazu geh\u00f6ren beispielsweise Cookies, mit denen Sie sich in gesch\u00fctzte Bereiche unserer Website einloggen k\u00f6nnen. Ohne diese Cookies kann die Website nicht richtig funktionieren.<\/p>\n\n\n\n<figure class=\"wp-block-table\"><table><tbody><tr><td><strong>Bezeichnung des Cookies<\/strong><\/td><td><strong>Warum setzen wir dieses Cookie?<\/strong><\/td><td><strong>Wann l\u00e4uft das Cookie ab?<\/strong><\/td><td><strong>Eigenes Cookie oder Cookie eines Dritten?<\/strong><\/td><\/tr><tr><td>PHPSESSID (MODX)<\/td><td>Um den Benutzernamen und den Schl\u00fcssel des angemeldeten Benutzers in verschl\u00fcsselter Form zu speichern. Ohne dieses Cookie kann ein Benutzer nicht auf die Bereiche der Website zugreifen, die einen authentifizierten Zugriff erfordern.<\/td><td>Dieses Cookie l\u00e4uft 30 Minuten nachdem der Browser des Benutzers geschlossen wurde, ab.<\/td><td>Eigenes Cookie<\/td><\/tr><\/tbody><\/table><\/figure>\n\n\n\n<h3 class=\"gb-headline gb-headline-9d907590 gb-headline-text\">Funktionale Cookies<\/h3>\n\n\n\n<p>Diese werden benutzt, um Sie zu erkennen, wenn Sie auf unsere Websites und Anwendungen zur\u00fcckkehren, und um uns zu erm\u00f6glichen, uns Ihre Auswahlen zu merken, die Sie machen, wenn Sie diese nutzen. Das macht es uns m\u00f6glich, unsere Inhalte f\u00fcr Sie zu personalisieren, Sie mit Ihrem Namen zu begr\u00fc\u00dfen und Ihre Pr\u00e4ferenzen (bspw. Ihre gew\u00e4hlte Sprache oder Region) zu speichern.<\/p>\n\n\n\n<p>Grunds\u00e4tzlich erleichtern funktionale Cookies das Funktionieren unserer Websites und Apps und erm\u00f6glichen ein personalisiertes Surfen. Ohne diese Cookies wird die Website immer noch funktionieren, aber sie wird weniger personalisiert sein und nicht so reibungslos und bequem.<\/p>\n\n\n\n<figure class=\"wp-block-table\"><table><tbody><tr><td><strong>Bezeichnung des Cookies<\/strong><\/td><td><strong>Warum setzen wir dieses Cookie?<\/strong><\/td><td><strong>Wann l\u00e4uft das Cookie ab?<\/strong><\/td><td><strong>Eigenes Cookie oder Cookie eines Dritten?<\/strong><\/td><\/tr><tr><td>_icl_current_language<\/td><td>Um sich Ihre Sprachpr\u00e4ferenz zu merken<\/td><td>L\u00e4uft nach 24 Monaten ab<\/td><td>Eigenes Cookie<\/td><\/tr><tr><td>euCookie<\/td><td>Um Erstanwendern eine Meldung zu zeigen, dass unsere Website Cookies verwendet.<\/td><td>L\u00e4uft nach 12 Monaten ab<\/td><td>Eigenes Cookie<\/td><\/tr><\/tbody><\/table><\/figure>\n\n\n\n<h3 class=\"gb-headline gb-headline-fd2bf865 gb-headline-text\">Social Media-Cookies<\/h3>\n\n\n\n<p>Wenn Sie die M\u00f6glichkeit nutzen, Inhalte unserer Website \u00fcber unsere Buttons f\u00fcr die sozialen Netze (bspw. Facebook, Twitter, LinkedIn, YouTube, etc.) zu teilen, sollten Sie sich im Klaren dar\u00fcber sein, dass deren Websites wahrscheinlich Informationen \u00fcber Ihre Online-Aktivit\u00e4ten sammeln. Wir haben keinen Einfluss darauf. Die Daten, die von denen gesammelt werden, werden anonymisiert gespeichert. Die Daten werden von Twitter, Facebook, YouTube und LinkedIn von und an Server in den USA gesendet. Es gilt ein angemessener Schutz bei der Verwendung m\u00f6glicher personenbezogener Daten.<\/p>\n\n\n\n<p>Wir empfehlen Ihnen, die Datenschutzrichtlinien (falls vorhanden) solcher Websites Dritter zu \u00fcberpr\u00fcfen, um weitere Informationen \u00fcber deren Verwendung Ihrer Daten zu erhalten und\/oder wie Sie diese Daten ablehnen oder l\u00f6schen k\u00f6nnen.<\/p>\n\n\n\n<figure class=\"wp-block-table\"><table><tbody><tr><td><strong>Bezeichnung des Cookies<\/strong><\/td><td><strong>Warum setzen wir dieses Cookie?<\/strong><\/td><td><strong>Wann l\u00e4uft das Cookie ab?<\/strong><\/td><td><strong>Eigenes Cookie oder Cookie eines Dritten?<\/strong><\/td><\/tr><tr><td>__stid<\/td><td>Unsere Website verwendet ein Widget von ShareThis, mit dem Sie unsere Inhalte schnell und einfach in sozialen Netzwerken teilen k\u00f6nnen.<\/td><td>L\u00e4uft nach 12 Monaten ab<\/td><td>Drittanbietern<\/td><\/tr><tr><td>__unam<\/td><td>Dieses Cookie ist ebenfalls von ShareThis; es \u00fcberwacht den Click-Stream, wie bspw. die auf der Seite verbrachte Zeit.<\/td><td>L\u00e4uft nach 9 Monaten ab<\/td><td>Drittanbietern<\/td><\/tr><tr><td>wd<\/td><td>Dieses Cookie ist von <a href=\"https:\/\/www.facebook.com\/policies\/cookies\/\" target=\"_blank\" rel=\"noreferrer noopener\">Facebook<\/a> und verfolgt Mitglieder\/Nicht-Mitglieder von sozialen Medien f\u00fcr verhaltensbasierte Werbung, Analysen und Marktforschung.<\/td><td>Am Ende der Sitzung<\/td><td>Drittanbietern<\/td><\/tr><tr><td>fr<\/td><td>Dieses Cookie ist von <a href=\"https:\/\/www.facebook.com\/policies\/cookies\/\" target=\"_blank\" rel=\"noreferrer noopener\">Facebook<\/a> und verfolgt Mitglieder\/Nicht-Mitglieder von sozialen Medien f\u00fcr verhaltensbasierte Werbung, Analysen und Marktforschung.<\/td><td>L\u00e4uft nach 2 Monaten ab<\/td><td>Drittanbietern<\/td><\/tr><\/tbody><\/table><\/figure>\n\n\n\n<h3 class=\"gb-headline gb-headline-f6284111 gb-headline-text\">Cookie eines Dritten<\/h3>\n\n\n\n<p>Diese Cookies sammeln Daten \u00fcber die Nutzung unserer Webseiten, wie bspw. die Anzahl der Besucher, welches beliebte Webseiten sind und die Zeit, die die Nutzer auf einer bestimmten Webseite verbringen. Basierend auf dem Benutzerverhalten k\u00f6nnen wir die Funktionsweise unserer Websites und Anwendungen verbessern, indem wir beispielsweise sicherstellen, dass die Nutzer das, was sie suchen leicht finden. Auch hier setzen wir auf Cookies von Drittanbietern:<\/p>\n\n\n\n<figure class=\"wp-block-table\"><table><tbody><tr><td><strong>Bezeichnung des Cookies<\/strong><\/td><td><strong>Tool<\/strong><\/td><td><strong>Warum setzen wir dieses Cookie?<\/strong><\/td><td><strong>Wann l\u00e4uft das Cookie ab?<\/strong><\/td><td><strong>Eigenes Cookie oder Cookie eines Dritten?<\/strong><\/td><\/tr><tr><td>_ga<\/td><td>Google analytics<\/td><td>Verfolgung des Web-Datenverkehrs<\/td><td>L\u00e4uft nach 24 Monaten ab<\/td><td>Drittanbietern<\/td><\/tr><tr><td>_gid<\/td><td>Google analytics<\/td><td>Verfolgung des Web-Datenverkehrs<\/td><td>L\u00e4uft nach 24 Monaten ab<\/td><td>Drittanbietern<\/td><\/tr><tr><td>_dc_gtm_ua<\/td><td>Google analytics<\/td><td>Verfolgung des Web-Datenverkehrs<\/td><td>L\u00e4uft nach 24 Monaten ab<\/td><td>Drittanbietern<\/td><\/tr><\/tbody><\/table><\/figure>\n\n\n\n<h3 class=\"gb-headline gb-headline-7a4d9c64 gb-headline-text\">Marketing-Cookies<\/h3>\n\n\n\n<p>Diese Cookies werden f\u00fcr Marketingzwecke verwendet. Sie speichern Ihren Besuch auf unserer Website, die von Ihnen besuchten Seiten und die von Ihnen verfolgten Links. Mit Hilfe dieser Cookies k\u00f6nnen wir Ihnen Inhalte oder Anfragen senden, die f\u00fcr Ihre Interessen relevanter sind.<\/p>\n\n\n\n<figure class=\"wp-block-table\"><table><tbody><tr><td><strong>Bezeichnung des Cookies<\/strong><\/td><td><strong>Tool<\/strong><\/td><td><strong>Warum setzen wir dieses Cookie?<\/strong><\/td><td><strong>Wann l\u00e4uft das Cookie ab?<\/strong><\/td><td><strong>Eigenes Cookie oder eines Dritten?<\/strong><\/td><\/tr><tr><td>__hs_cookie_cat_pref<\/td><td>Hubspot<\/td><td>Dieses Cookie wird verwendet, um die Kategorien zu erfassen, zu denen ein Besucher eingewilligt hat.<\/td><td>Es ist 6 Monate g\u00fcltig.<\/td><td>Drittanbietern<\/td><\/tr><tr><td>__cf_bm<\/td><td>Hubspot<\/td><td>Dieses Cookie wird durch den CDN-Anbieter von HubSpot festgelegt und ist ein notwendiges Cookie f\u00fcr den Bot-Schutz.<\/td><td>Es l\u00e4uft nach 30 Minuten ab.<\/td><td>Drittanbietern<\/td><\/tr><tr><td>__hstc<\/td><td>Hubspot<\/td><td>Das Haupt-Cookie f\u00fcr das Besucher-Tracking.<\/td><td>Es ist 6 Monate g\u00fcltig.<\/td><td>Drittanbietern<\/td><\/tr><tr><td>hubspotutk<\/td><td>Hubspot<\/td><td>Dieses Cookie verfolgt die Identit\u00e4t eines Besuchers. Dieses Cookie wird bei der Einsendung eines Formulars an die HubSpot-Software \u00fcbergeben und beim De-duplizieren von Kontakten verwendet. <\/td><td>Es ist 6 Monate g\u00fcltig.<\/td><td>Drittanbietern<\/td><\/tr><tr><td>__hssc<\/td><td>Hubspot<\/td><td>Dieses Cookie verfolgt Sitzungen.<\/td><td>Es ist 6 Monate g\u00fcltig.<\/td><td>Drittanbietern<\/td><\/tr><tr><td>__hssrc<\/td><td>Hubspot<\/td><td>Immer dann, wenn die HubSpot-Software das Sitzungscookie \u00e4ndert, wird auch dieses Cookie gesetzt. Damit wird bestimmt, ob der Besucher den Browser erneut gestartet hat.<\/td><td>Es l\u00e4uft am Ende der Sitzung ab.<\/td><td>Drittanbietern<\/td><\/tr><\/tbody><\/table><\/figure>\n\n\n\n<h3 class=\"gb-headline gb-headline-caf69558 gb-headline-text\">Ok, ich bin \u00fcberzeugt. Und jetzt sagen Sie mir, wie ich Cookies akzeptiere.<\/h3>\n\n\n\n<p>Cookies akzeptieren Sie \u00fcber unsere Cookie-Leiste oder \u00fcber die Einstellungen Ihres Browsers. Wenn Sie diese Funktion deaktivieren, k\u00f6nnen Sie unsere Website m\u00f6glicherweise nicht optimal nutzen. Um zu \u00fcberpr\u00fcfen, ob Ihr Browser Cookies zul\u00e4sst, besuchen Sie den Cookie Checker. Diese Seite wird versuchen, ein Cookie zu setzen und meldet, ob der Versuch erfolgreich war.<\/p>\n\n\n\n<h3 class=\"gb-headline gb-headline-cd87fe70 gb-headline-text\">Ich habe es mir anders \u00fcberlegt. Wie kann ich Cookies deaktivieren?<\/h3>\n\n\n\n<p>Sie k\u00f6nnen Cookies f\u00fcr unsere Website jederzeit deaktivieren. Wie Sie Cookies deaktivieren oder l\u00f6schen k\u00f6nnen, erfahren Sie hier: <a href=\"http:\/\/www.allaboutcookies.org\">http:\/\/www.allaboutcookies.org<\/a> oder <a href=\"http:\/\/aboutcookies.org\">http:\/\/aboutcookies.org<\/a>. Bitte beachten Sie, dass bei der Deaktivierung von Cookies die Website oder bestimmte Teile davon m\u00f6glicherweise nicht optimal funktionieren.<\/p>\n\n\n\n<h3 class=\"gb-headline gb-headline-71b2e4b3 gb-headline-text\">Ich w\u00fcrde gerne mehr wissen\u2026<\/h3>\n\n\n\n<p>Wenn Sie Fragen zu unserer Cookie-Richtlinie haben, wenden Sie sich bitte per E-Mail an <a href=\"mailto:dataprotection@spacewell.com\">dataprotection@spacewell.com<\/a><\/p>\n\n<\/div>","protected":false},"excerpt":{"rendered":"<p>Cookie-Richtlinie Datum des Inkrafttretens: 21. Mai 2018 Meine Cookie-Einstellungen aktualisieren Bei Spacewell glauben wir an Transparenz, wenn es um den Schutz Ihrer pers\u00f6nlichen Daten geht. Mit dieser Cookie-Richtlinie geben wir Ihnen detaillierte Informationen dar\u00fcber, wie und wann wir Cookies verwenden, welche verschiedenen Arten von Cookies und Technologien wir verwenden und wie dies alles auf die &#8230; <a title=\"Cookie-Richtlinie\" class=\"read-more\" href=\"https:\/\/spacewell.com\/de\/legal\/cookie-richtlinie\/\" aria-label=\"Mehr Informationen \u00fcber Cookie-Richtlinie\">Weiterlesen &#8230;<\/a><\/p>\n","protected":false},"author":29,"featured_media":23745,"parent":523,"menu_order":0,"comment_status":"closed","ping_status":"closed","template":"","meta":{"_acf_changed":false,"footnotes":""},"class_list":{"0":"post-547","1":"page","2":"type-page","3":"status-publish","4":"has-post-thumbnail","6":"no-featured-image-padding"},"acf":[],"yoast_head":"<!-- This site is optimized with the Yoast SEO Premium plugin v26.0 (Yoast SEO v27.5) - https:\/\/yoast.com\/product\/yoast-seo-premium-wordpress\/ -->\n<title>Cookie-Richtlinie - Spacewell | A Nemetschek Company<\/title>\n<meta name=\"description\" content=\"Mit dieser Cookie-Richtlinie geben wir Ihnen Informationen dar\u00fcber, wie und wann wir Cookies verwenden und welche verschiedenen Arten von Cookies.\" \/>\n<meta name=\"robots\" content=\"index, follow, max-snippet:-1, max-image-preview:large, max-video-preview:-1\" \/>\n<link rel=\"canonical\" href=\"https:\/\/spacewell.com\/de\/legal\/cookie-richtlinie\/\" \/>\n<meta property=\"og:locale\" content=\"de_DE\" \/>\n<meta property=\"og:type\" content=\"article\" \/>\n<meta property=\"og:title\" content=\"Cookie-Richtlinie\" \/>\n<meta property=\"og:description\" content=\"Mit dieser Cookie-Richtlinie geben wir Ihnen Informationen dar\u00fcber, wie und wann wir Cookies verwenden und welche verschiedenen Arten von Cookies.\" \/>\n<meta property=\"og:url\" content=\"https:\/\/spacewell.com\/de\/legal\/cookie-richtlinie\/\" \/>\n<meta property=\"og:site_name\" content=\"Spacewell | A Nemetschek Company\" \/>\n<meta property=\"article:publisher\" content=\"https:\/\/www.facebook.com\/SpacewellHQ\" \/>\n<meta property=\"article:modified_time\" content=\"2023-10-25T06:28:58+00:00\" \/>\n<meta property=\"og:image\" content=\"https:\/\/spacewell.com\/wp-content\/uploads\/2023\/10\/open-meeting-space-1200x630-1.png\" \/>\n\t<meta property=\"og:image:width\" content=\"1200\" \/>\n\t<meta property=\"og:image:height\" content=\"630\" \/>\n\t<meta property=\"og:image:type\" content=\"image\/png\" \/>\n<meta name=\"twitter:card\" content=\"summary_large_image\" \/>\n<meta name=\"twitter:site\" content=\"@Spacewell_HQ\" \/>\n<script type=\"application\/ld+json\" class=\"yoast-schema-graph\">{\"@context\":\"https:\\\/\\\/schema.org\",\"@graph\":[{\"@type\":\"WebPage\",\"@id\":\"https:\\\/\\\/spacewell.com\\\/de\\\/legal\\\/cookie-richtlinie\\\/\",\"url\":\"https:\\\/\\\/spacewell.com\\\/de\\\/legal\\\/cookie-richtlinie\\\/\",\"name\":\"Cookie-Richtlinie - Spacewell | A Nemetschek Company\",\"isPartOf\":{\"@id\":\"https:\\\/\\\/spacewell.com\\\/de\\\/#website\"},\"primaryImageOfPage\":{\"@id\":\"https:\\\/\\\/spacewell.com\\\/de\\\/legal\\\/cookie-richtlinie\\\/#primaryimage\"},\"image\":{\"@id\":\"https:\\\/\\\/spacewell.com\\\/de\\\/legal\\\/cookie-richtlinie\\\/#primaryimage\"},\"thumbnailUrl\":\"https:\\\/\\\/spacewell.com\\\/wp-content\\\/uploads\\\/2023\\\/10\\\/open-meeting-space-1200x630-1.png\",\"datePublished\":\"2023-06-01T11:42:19+00:00\",\"dateModified\":\"2023-10-25T06:28:58+00:00\",\"description\":\"Mit dieser Cookie-Richtlinie geben wir Ihnen Informationen dar\u00fcber, wie und wann wir Cookies verwenden und welche verschiedenen Arten von Cookies.\",\"breadcrumb\":{\"@id\":\"https:\\\/\\\/spacewell.com\\\/de\\\/legal\\\/cookie-richtlinie\\\/#breadcrumb\"},\"inLanguage\":\"de\",\"potentialAction\":[{\"@type\":\"ReadAction\",\"target\":[\"https:\\\/\\\/spacewell.com\\\/de\\\/legal\\\/cookie-richtlinie\\\/\"]}]},{\"@type\":\"ImageObject\",\"inLanguage\":\"de\",\"@id\":\"https:\\\/\\\/spacewell.com\\\/de\\\/legal\\\/cookie-richtlinie\\\/#primaryimage\",\"url\":\"https:\\\/\\\/spacewell.com\\\/wp-content\\\/uploads\\\/2023\\\/10\\\/open-meeting-space-1200x630-1.png\",\"contentUrl\":\"https:\\\/\\\/spacewell.com\\\/wp-content\\\/uploads\\\/2023\\\/10\\\/open-meeting-space-1200x630-1.png\",\"width\":1200,\"height\":630,\"caption\":\"Mit freundlichen Gr\u00fc\u00dfen, Ihr Spacewell-Team\"},{\"@type\":\"BreadcrumbList\",\"@id\":\"https:\\\/\\\/spacewell.com\\\/de\\\/legal\\\/cookie-richtlinie\\\/#breadcrumb\",\"itemListElement\":[{\"@type\":\"ListItem\",\"position\":1,\"name\":\"Home\",\"item\":\"https:\\\/\\\/spacewell.com\\\/de\\\/\"},{\"@type\":\"ListItem\",\"position\":2,\"name\":\"Legal\",\"item\":\"https:\\\/\\\/spacewell.com\\\/de\\\/legal\\\/\"},{\"@type\":\"ListItem\",\"position\":3,\"name\":\"Cookie-Richtlinie\"}]},{\"@type\":\"WebSite\",\"@id\":\"https:\\\/\\\/spacewell.com\\\/de\\\/#website\",\"url\":\"https:\\\/\\\/spacewell.com\\\/de\\\/\",\"name\":\"Spacewell | A Nemetschek Company\",\"description\":\"Make buildings work for people\",\"publisher\":{\"@id\":\"https:\\\/\\\/spacewell.com\\\/de\\\/#organization\"},\"potentialAction\":[{\"@type\":\"SearchAction\",\"target\":{\"@type\":\"EntryPoint\",\"urlTemplate\":\"https:\\\/\\\/spacewell.com\\\/de\\\/?s={search_term_string}\"},\"query-input\":{\"@type\":\"PropertyValueSpecification\",\"valueRequired\":true,\"valueName\":\"search_term_string\"}}],\"inLanguage\":\"de\"},{\"@type\":\"Organization\",\"@id\":\"https:\\\/\\\/spacewell.com\\\/de\\\/#organization\",\"name\":\"Spacewell | A Nemetschek Company\",\"url\":\"https:\\\/\\\/spacewell.com\\\/de\\\/\",\"logo\":{\"@type\":\"ImageObject\",\"inLanguage\":\"de\",\"@id\":\"https:\\\/\\\/spacewell.com\\\/de\\\/#\\\/schema\\\/logo\\\/image\\\/\",\"url\":\"https:\\\/\\\/spacewell.com\\\/wp-content\\\/uploads\\\/2023\\\/05\\\/spacewell-logo-500x88-1.webp\",\"contentUrl\":\"https:\\\/\\\/spacewell.com\\\/wp-content\\\/uploads\\\/2023\\\/05\\\/spacewell-logo-500x88-1.webp\",\"width\":500,\"height\":88,\"caption\":\"Spacewell | A Nemetschek Company\"},\"image\":{\"@id\":\"https:\\\/\\\/spacewell.com\\\/de\\\/#\\\/schema\\\/logo\\\/image\\\/\"},\"sameAs\":[\"https:\\\/\\\/www.facebook.com\\\/SpacewellHQ\",\"https:\\\/\\\/x.com\\\/Spacewell_HQ\"]}]}<\/script>\n<!-- \/ Yoast SEO Premium plugin. -->","yoast_head_json":{"title":"Cookie-Richtlinie - Spacewell | A Nemetschek Company","description":"Mit dieser Cookie-Richtlinie geben wir Ihnen Informationen dar\u00fcber, wie und wann wir Cookies verwenden und welche verschiedenen Arten von Cookies.","robots":{"index":"index","follow":"follow","max-snippet":"max-snippet:-1","max-image-preview":"max-image-preview:large","max-video-preview":"max-video-preview:-1"},"canonical":"https:\/\/spacewell.com\/de\/legal\/cookie-richtlinie\/","og_locale":"de_DE","og_type":"article","og_title":"Cookie-Richtlinie","og_description":"Mit dieser Cookie-Richtlinie geben wir Ihnen Informationen dar\u00fcber, wie und wann wir Cookies verwenden und welche verschiedenen Arten von Cookies.","og_url":"https:\/\/spacewell.com\/de\/legal\/cookie-richtlinie\/","og_site_name":"Spacewell | A Nemetschek Company","article_publisher":"https:\/\/www.facebook.com\/SpacewellHQ","article_modified_time":"2023-10-25T06:28:58+00:00","og_image":[{"width":1200,"height":630,"url":"https:\/\/spacewell.com\/wp-content\/uploads\/2023\/10\/open-meeting-space-1200x630-1.png","type":"image\/png"}],"twitter_card":"summary_large_image","twitter_site":"@Spacewell_HQ","schema":{"@context":"https:\/\/schema.org","@graph":[{"@type":"WebPage","@id":"https:\/\/spacewell.com\/de\/legal\/cookie-richtlinie\/","url":"https:\/\/spacewell.com\/de\/legal\/cookie-richtlinie\/","name":"Cookie-Richtlinie - Spacewell | A Nemetschek Company","isPartOf":{"@id":"https:\/\/spacewell.com\/de\/#website"},"primaryImageOfPage":{"@id":"https:\/\/spacewell.com\/de\/legal\/cookie-richtlinie\/#primaryimage"},"image":{"@id":"https:\/\/spacewell.com\/de\/legal\/cookie-richtlinie\/#primaryimage"},"thumbnailUrl":"https:\/\/spacewell.com\/wp-content\/uploads\/2023\/10\/open-meeting-space-1200x630-1.png","datePublished":"2023-06-01T11:42:19+00:00","dateModified":"2023-10-25T06:28:58+00:00","description":"Mit dieser Cookie-Richtlinie geben wir Ihnen Informationen dar\u00fcber, wie und wann wir Cookies verwenden und welche verschiedenen Arten von Cookies.","breadcrumb":{"@id":"https:\/\/spacewell.com\/de\/legal\/cookie-richtlinie\/#breadcrumb"},"inLanguage":"de","potentialAction":[{"@type":"ReadAction","target":["https:\/\/spacewell.com\/de\/legal\/cookie-richtlinie\/"]}]},{"@type":"ImageObject","inLanguage":"de","@id":"https:\/\/spacewell.com\/de\/legal\/cookie-richtlinie\/#primaryimage","url":"https:\/\/spacewell.com\/wp-content\/uploads\/2023\/10\/open-meeting-space-1200x630-1.png","contentUrl":"https:\/\/spacewell.com\/wp-content\/uploads\/2023\/10\/open-meeting-space-1200x630-1.png","width":1200,"height":630,"caption":"Mit freundlichen Gr\u00fc\u00dfen, Ihr Spacewell-Team"},{"@type":"BreadcrumbList","@id":"https:\/\/spacewell.com\/de\/legal\/cookie-richtlinie\/#breadcrumb","itemListElement":[{"@type":"ListItem","position":1,"name":"Home","item":"https:\/\/spacewell.com\/de\/"},{"@type":"ListItem","position":2,"name":"Legal","item":"https:\/\/spacewell.com\/de\/legal\/"},{"@type":"ListItem","position":3,"name":"Cookie-Richtlinie"}]},{"@type":"WebSite","@id":"https:\/\/spacewell.com\/de\/#website","url":"https:\/\/spacewell.com\/de\/","name":"Spacewell | A Nemetschek Company","description":"Make buildings work for people","publisher":{"@id":"https:\/\/spacewell.com\/de\/#organization"},"potentialAction":[{"@type":"SearchAction","target":{"@type":"EntryPoint","urlTemplate":"https:\/\/spacewell.com\/de\/?s={search_term_string}"},"query-input":{"@type":"PropertyValueSpecification","valueRequired":true,"valueName":"search_term_string"}}],"inLanguage":"de"},{"@type":"Organization","@id":"https:\/\/spacewell.com\/de\/#organization","name":"Spacewell | A Nemetschek Company","url":"https:\/\/spacewell.com\/de\/","logo":{"@type":"ImageObject","inLanguage":"de","@id":"https:\/\/spacewell.com\/de\/#\/schema\/logo\/image\/","url":"https:\/\/spacewell.com\/wp-content\/uploads\/2023\/05\/spacewell-logo-500x88-1.webp","contentUrl":"https:\/\/spacewell.com\/wp-content\/uploads\/2023\/05\/spacewell-logo-500x88-1.webp","width":500,"height":88,"caption":"Spacewell | A Nemetschek Company"},"image":{"@id":"https:\/\/spacewell.com\/de\/#\/schema\/logo\/image\/"},"sameAs":["https:\/\/www.facebook.com\/SpacewellHQ","https:\/\/x.com\/Spacewell_HQ"]}]}},"_links":{"self":[{"href":"https:\/\/spacewell.com\/de\/wp-json\/wp\/v2\/pages\/547","targetHints":{"allow":["GET"]}}],"collection":[{"href":"https:\/\/spacewell.com\/de\/wp-json\/wp\/v2\/pages"}],"about":[{"href":"https:\/\/spacewell.com\/de\/wp-json\/wp\/v2\/types\/page"}],"author":[{"embeddable":true,"href":"https:\/\/spacewell.com\/de\/wp-json\/wp\/v2\/users\/29"}],"replies":[{"embeddable":true,"href":"https:\/\/spacewell.com\/de\/wp-json\/wp\/v2\/comments?post=547"}],"version-history":[{"count":0,"href":"https:\/\/spacewell.com\/de\/wp-json\/wp\/v2\/pages\/547\/revisions"}],"up":[{"embeddable":true,"href":"https:\/\/spacewell.com\/de\/wp-json\/wp\/v2\/pages\/523"}],"wp:featuredmedia":[{"embeddable":true,"href":"https:\/\/spacewell.com\/de\/wp-json\/wp\/v2\/media\/23745"}],"wp:attachment":[{"href":"https:\/\/spacewell.com\/de\/wp-json\/wp\/v2\/media?parent=547"}],"curies":[{"name":"wp","href":"https:\/\/api.w.org\/{rel}","templated":true}]}}