


{"id":48624,"date":"2025-10-16T12:18:00","date_gmt":"2025-10-16T10:18:00","guid":{"rendered":"https:\/\/spacewell.com\/o-prognose\/"},"modified":"2026-03-23T15:27:11","modified_gmt":"2026-03-23T14:27:11","slug":"o-prognose","status":"publish","type":"page","link":"https:\/\/spacewell.com\/de\/o-prognose\/","title":{"rendered":"O-Prognose ist jetzt Teil von Spacewell"},"content":{"rendered":"\n<div class=\"wp-block-columns is-layout-flex wp-container-core-columns-is-layout-9d6595d7 wp-block-columns-is-layout-flex\">\n<div class=\"wp-block-column is-layout-flow wp-block-column-is-layout-flow\" style=\"flex-basis:100%\"><div class=\"gb-container gb-container-bf6ce8c2\"><\/div>\n\n<div class=\"gb-container gb-container-c5680ef1\">\n\n<h2 class=\"gb-headline gb-headline-0da7e5de gb-headline-text gb-headline-902a6ace\">Von der O-Prognose zur Spacewell Wartungsplanung<\/h2>\n\n<\/div><\/div>\n<\/div>\n\n<h2 class=\"gb-headline gb-headline-09291e12 gb-headline-text gb-headline-902a6ace\">Die vertrauensw\u00fcrdige Stiftung von Plandatis, jetzt Teil von Spacewell<\/h2>\n\n<div class=\"wp-block-media-text has-media-on-the-right is-stacked-on-mobile\"><div class=\"wp-block-media-text__content\">\n<pre class=\"wp-block-preformatted\"><strong>Plandatis wurde 1989 in den Niederlanden gegr\u00fcndet und ist ein Pionier auf dem Gebiet der langfristigen Wartungsplanungssoftware.<\/strong><br\/><br\/>Das Vorzeigeprodukt O-Prognose setzt den Standard f\u00fcr zuverl\u00e4ssige, datengest\u00fctzte Wartungsprognosen und erm\u00f6glicht es Tausenden von Unternehmen, Budgets zu planen, die Vorschriften einzuhalten und die Lebensdauer ihrer Geb\u00e4ude zu verl\u00e4ngern.<br\/><br\/>Heute entwickelt sich O-Prognose von einem Spezialwerkzeug zu einem zuverl\u00e4ssigen Partner f\u00fcr Organisationen des \u00f6ffentlichen und privaten Sektors, von Wohnungsbaugesellschaften bis hin zu Universit\u00e4ten und Gemeinden. Der Ansatz von O-Prognose ist nach wie vor einzigartig: Die \u00dcbersetzung technischer Geb\u00e4udedaten in klare, umsetzbare Erkenntnisse, die die Kluft zwischen Ingenieuren, Finanzkontrolleuren und politischen Entscheidungstr\u00e4gern \u00fcberbr\u00fccken. <br\/><br\/>2019 wird Plandatis Teil von <strong>Spacewell<\/strong>, Teil der <strong>Nemetschek Group<\/strong>, einem der f\u00fchrenden europ\u00e4ischen Softwareunternehmen f\u00fcr die gebaute Umwelt. Dieser Moment markiert den Beginn eines neuen Kapitels, das die tiefgreifende Fachkompetenz von Plandatis mit dem breiteren \u00d6kosystem von Spacewell f\u00fcr <strong>Asset-, Workplace- und Energy-Management<\/strong> verbindet. Gemeinsam setzen wir die Mission fort, die vor mehr als 30 Jahren begann: Organisationen dabei zu helfen, dass Geb\u00e4ude besser funktionieren, f\u00fcr die Menschen und f\u00fcr den Planeten.  <\/pre>\n<\/div><figure class=\"wp-block-media-text__media\"><img loading=\"lazy\" decoding=\"async\" width=\"1024\" height=\"700\" src=\"https:\/\/spacewell.com\/wp-content\/uploads\/2025\/06\/Asset-Maintenance-Planning-Update-Adjust-Anytime-White-1024x700.webp\" alt=\"\" class=\"wp-image-34244 size-full\" srcset=\"https:\/\/spacewell.com\/wp-content\/uploads\/2025\/06\/Asset-Maintenance-Planning-Update-Adjust-Anytime-White-1024x700.webp 1024w, https:\/\/spacewell.com\/wp-content\/uploads\/2025\/06\/Asset-Maintenance-Planning-Update-Adjust-Anytime-White-500x342.webp 500w, https:\/\/spacewell.com\/wp-content\/uploads\/2025\/06\/Asset-Maintenance-Planning-Update-Adjust-Anytime-White-768x525.webp 768w, https:\/\/spacewell.com\/wp-content\/uploads\/2025\/06\/Asset-Maintenance-Planning-Update-Adjust-Anytime-White-1536x1050.webp 1536w, https:\/\/spacewell.com\/wp-content\/uploads\/2025\/06\/Asset-Maintenance-Planning-Update-Adjust-Anytime-White-2048x1399.webp 2048w\" sizes=\"auto, (max-width: 1024px) 100vw, 1024px\" \/><\/figure><\/div>\n<div class=\"gb-container gb-container-a893a51d\">\n<div class=\"gb-container gb-container-11919da1 gb-container-6bcb6de9\">\n\n<h3 class=\"gb-headline gb-headline-073914e0 gb-headline-text m-0\">Das Plandatis-Team ist jetzt vollst\u00e4ndig Teil von Spacewell. Die L\u00f6sungen bleiben erhalten und werden von denselben Mitarbeitern unterst\u00fctzt. Profitieren Sie von umfassenderen Innovationen, wirkungsvollen Funktionen und st\u00e4rkerem Support.  <\/h3>\n\n\n<div class=\"gb-container gb-container-5acbf036\">\n<div class=\"gb-grid-wrapper gb-grid-wrapper-2b68a45c\">\n<div class=\"gb-grid-column gb-grid-column-898fc539 gb-grid-column-6bcb6de9\"><div class=\"gb-container gb-container-898fc539 gb-container-6bcb6de9\"><\/div><\/div>\n\n<div class=\"gb-grid-column gb-grid-column-0dcfc61b gb-grid-column-6bcb6de9\"><div class=\"gb-container gb-container-0dcfc61b gb-container-6bcb6de9\">\n\n<figure class=\"gb-block-image gb-block-image-63f33936\"><img loading=\"lazy\" decoding=\"async\" width=\"501\" height=\"463\" class=\"gb-image gb-image-63f33936\" src=\"https:\/\/spacewell.com\/wp-content\/uploads\/2025\/10\/o-prognose.jpg\" alt=\"\" title=\"o-Prognose\"><\/figure>\n\n<\/div><\/div>\n\n<div class=\"gb-grid-column gb-grid-column-6485170f gb-grid-column-6bcb6de9\"><div class=\"gb-container gb-container-6485170f gb-container-6bcb6de9\">\n\n<figure class=\"gb-block-image gb-block-image-7d45f25a\"><img loading=\"lazy\" decoding=\"async\" width=\"501\" height=\"463\" class=\"gb-image gb-image-7d45f25a\" src=\"https:\/\/spacewell.com\/wp-content\/uploads\/2025\/10\/Plus.png\" alt=\"\" title=\"Plus\"><\/figure>\n\n<\/div><\/div>\n\n<div class=\"gb-grid-column gb-grid-column-420d9bd9 gb-grid-column-6bcb6de9\"><div class=\"gb-container gb-container-420d9bd9 gb-container-6bcb6de9\">\n\n<figure class=\"gb-block-image gb-block-image-5766502f\"><img loading=\"lazy\" decoding=\"async\" width=\"512\" height=\"512\" class=\"gb-image gb-image-5766502f\" src=\"https:\/\/spacewell.com\/wp-content\/uploads\/2023\/05\/cropped-spacewell-avatar-512x512-1.png\" alt=\"\" title=\"cropped-spacewell-avatar-512x512-1.png\" srcset=\"https:\/\/spacewell.com\/wp-content\/uploads\/2023\/05\/cropped-spacewell-avatar-512x512-1.png 512w, https:\/\/spacewell.com\/wp-content\/uploads\/2023\/05\/cropped-spacewell-avatar-512x512-1-300x300.png 300w, https:\/\/spacewell.com\/wp-content\/uploads\/2023\/05\/cropped-spacewell-avatar-512x512-1-150x150.png 150w, https:\/\/spacewell.com\/wp-content\/uploads\/2023\/05\/cropped-spacewell-avatar-512x512-1-270x270.png 270w, https:\/\/spacewell.com\/wp-content\/uploads\/2023\/05\/cropped-spacewell-avatar-512x512-1-192x192.png 192w, https:\/\/spacewell.com\/wp-content\/uploads\/2023\/05\/cropped-spacewell-avatar-512x512-1-180x180.png 180w, https:\/\/spacewell.com\/wp-content\/uploads\/2023\/05\/cropped-spacewell-avatar-512x512-1-32x32.png 32w\" sizes=\"auto, (max-width: 512px) 100vw, 512px\" \/><\/figure>\n\n<\/div><\/div>\n\n<div class=\"gb-grid-column gb-grid-column-2185c708 gb-grid-column-6bcb6de9\"><div class=\"gb-container gb-container-2185c708 gb-container-6bcb6de9\"><\/div><\/div>\n<\/div>\n<\/div>\n<\/div>\n<\/div><div class=\"gb-container gb-container-a10f64bb\">\n\n<p><\/p>\n\n\n\n<h4 class=\"gb-headline gb-headline-4429fb73 gb-headline-text\">Entwickeln mit Ziel<\/h4>\n\n\n\n<p>Heute entwickelt sich O-Prognose zu <strong>Spacewell Maintenance Planning (O-Prognose)<\/strong>: eine moderne, cloudbasierte Plattform, die f\u00fcr die Zukunft des Wartungsmanagements entwickelt wurde. Sie basiert auf derselben bew\u00e4hrten DNA und vereint alles, was die Kunden an O-Prognose sch\u00e4tzen, mit der Skalierbarkeit, den Integrationen und der Analyseleistung von Spacewell. <\/p>\n\n\n\n<h3 class=\"gb-headline gb-headline-65573509 gb-headline-text\">Was ist neu und was bleibt gleich?<\/h3>\n\n\n\n<p><strong>&#x2705; Gleiche Zuverl\u00e4ssigkeit<\/strong>, gest\u00fctzt auf jahrzehntelange Erfahrung in Technik und Wartung<br\/>&#x2705; <strong>Neue Benutzeroberfl\u00e4che<\/strong>; ein frisches, intuitives Design, das sich an Spacewells Benutzererfahrung orientiert<br\/>&#x2705; <strong>Engere Integration;<\/strong> arbeitet nahtlos mit Spacewell Asset zusammen, um den gesamten Lebenszyklus zu verwalten<br\/>&#x2705; <strong>Zukunftssichere SaaS<\/strong>; sicher, skalierbar und immer aktuell in der Cloud<\/p>\n\n\n\n<p>Diese Entwicklung bedeutet, dass Kunden sich weiterhin auf die vertraute Logik und Genauigkeit von O-Prognose verlassen k\u00f6nnen und gleichzeitig Zugang zu den Funktionen der n\u00e4chsten Generation f\u00fcr die digitale Wartungsplanung erhalten.<\/p>\n\n<\/div><div class=\"gb-container gb-container-d75f8d0f gb-container-6bcb6de9\">\n\n<h3 class=\"gb-headline gb-headline-19e02963 gb-headline-text\">Das Vertrauen f\u00fchrender Organisationen.<\/h3>\n\n\n\n<p>O-Prognose und Spacewell Maintenance Planning (O-Prognose) werden von Hunderten von Unternehmen eingesetzt, um die Qualit\u00e4t und Langlebigkeit ihrer Immobilienportfolios zu sichern.<\/p>\n\n\n<div class=\"gb-container gb-container-fde3baec\">\n<div class=\"gb-grid-wrapper gb-grid-wrapper-d58c56f1\">\n<div class=\"gb-grid-column gb-grid-column-e8c1b443 gb-grid-column-6bcb6de9\"><div class=\"gb-container gb-container-e8c1b443 gb-container-6bcb6de9\">\n\n<figure class=\"gb-block-image gb-block-image-9191be0d\"><img loading=\"lazy\" decoding=\"async\" width=\"500\" height=\"281\" class=\"gb-image gb-image-9191be0d\" src=\"https:\/\/spacewell.com\/wp-content\/uploads\/2025\/10\/utrecht-university.jpg\" alt=\"\" title=\"Universit\u00e4t Utrecht\"><\/figure>\n\n<\/div><\/div>\n\n<div class=\"gb-grid-column gb-grid-column-a5fcba76 gb-grid-column-6bcb6de9\"><div class=\"gb-container gb-container-a5fcba76 gb-container-6bcb6de9\">\n\n<figure class=\"gb-block-image gb-block-image-afa5b959\"><img loading=\"lazy\" decoding=\"async\" width=\"500\" height=\"281\" class=\"gb-image gb-image-afa5b959\" src=\"https:\/\/spacewell.com\/wp-content\/uploads\/2025\/10\/gemeente-deventer-1.jpg\" alt=\"\" title=\"gemeente deventer\"><\/figure>\n\n<\/div><\/div>\n\n<div class=\"gb-grid-column gb-grid-column-3fd29e0d gb-grid-column-6bcb6de9\"><div class=\"gb-container gb-container-3fd29e0d gb-container-6bcb6de9\">\n\n<figure class=\"gb-block-image gb-block-image-2be81995\"><img loading=\"lazy\" decoding=\"async\" width=\"500\" height=\"281\" class=\"gb-image gb-image-2be81995\" src=\"https:\/\/spacewell.com\/wp-content\/uploads\/2025\/10\/vereniging-eigen-huis.jpg\" alt=\"\" title=\"vereniging eigen huis\"><\/figure>\n\n<\/div><\/div>\n\n<div class=\"gb-grid-column gb-grid-column-cbc8bf97 gb-grid-column-6bcb6de9\"><div class=\"gb-container gb-container-cbc8bf97 gb-container-6bcb6de9\">\n\n<figure class=\"gb-block-image gb-block-image-339ccfc0\"><img loading=\"lazy\" decoding=\"async\" width=\"500\" height=\"281\" class=\"gb-image gb-image-339ccfc0\" src=\"https:\/\/spacewell.com\/wp-content\/uploads\/2025\/10\/NRG-pallas.jpg\" alt=\"\" title=\"NRG pallas\"><\/figure>\n\n<\/div><\/div>\n\n<div class=\"gb-grid-column gb-grid-column-b6af6326 gb-grid-column-6bcb6de9\"><div class=\"gb-container gb-container-b6af6326 gb-container-6bcb6de9\">\n\n<figure class=\"gb-block-image gb-block-image-c7041019\"><img loading=\"lazy\" decoding=\"async\" width=\"500\" height=\"281\" class=\"gb-image gb-image-c7041019\" src=\"https:\/\/spacewell.com\/wp-content\/uploads\/2025\/10\/gemeente-oosterhout.jpg\" alt=\"\" title=\"gemeente oosterhout\"><\/figure>\n\n<\/div><\/div>\n\n<div class=\"gb-grid-column gb-grid-column-4a6ff36f gb-grid-column-6bcb6de9\"><div class=\"gb-container gb-container-4a6ff36f gb-container-6bcb6de9\">\n\n<figure class=\"gb-block-image gb-block-image-c5b8e67a\"><img loading=\"lazy\" decoding=\"async\" width=\"500\" height=\"281\" class=\"gb-image gb-image-c5b8e67a\" src=\"https:\/\/spacewell.com\/wp-content\/uploads\/2025\/10\/erasmus-universiteit-rotterdam.jpg\" alt=\"\" title=\"erasmus universiteit rotterdam\"><\/figure>\n\n<\/div><\/div>\n<\/div>\n<\/div>\n\n\n<p><em>Diese Logos stehen f\u00fcr das Erbe des Vertrauens, das unter dem Namen Spacewell fortbesteht.<\/em><\/p>\n\n<\/div><div class=\"gb-container gb-container-b439a613\">\n<div class=\"gb-grid-wrapper gb-grid-wrapper-0b8554ba\">\n<div class=\"gb-grid-column gb-grid-column-84017347\"><div class=\"gb-container gb-container-84017347\">\n\n<figure class=\"gb-block-image gb-block-image-f6010fe5\"><img loading=\"lazy\" decoding=\"async\" width=\"500\" height=\"500\" class=\"gb-image gb-image-f6010fe5 gb-image-b19acb23\" src=\"https:\/\/spacewell.com\/wp-content\/uploads\/2025\/06\/Energy-Option-1-_-All-Energy-Related-Pages-Platform-Solutions-500x500.webp\" alt=\"\" title=\"Energy - Option 1 _ Alle energiebezogenen Seiten (Plattform &amp; L\u00f6sungen)\" srcset=\"https:\/\/spacewell.com\/wp-content\/uploads\/2025\/06\/Energy-Option-1-_-All-Energy-Related-Pages-Platform-Solutions-500x500.webp 500w, https:\/\/spacewell.com\/wp-content\/uploads\/2025\/06\/Energy-Option-1-_-All-Energy-Related-Pages-Platform-Solutions-1024x1024.webp 1024w, https:\/\/spacewell.com\/wp-content\/uploads\/2025\/06\/Energy-Option-1-_-All-Energy-Related-Pages-Platform-Solutions-250x250.webp 250w, https:\/\/spacewell.com\/wp-content\/uploads\/2025\/06\/Energy-Option-1-_-All-Energy-Related-Pages-Platform-Solutions-768x768.webp 768w, https:\/\/spacewell.com\/wp-content\/uploads\/2025\/06\/Energy-Option-1-_-All-Energy-Related-Pages-Platform-Solutions-1536x1536.webp 1536w, https:\/\/spacewell.com\/wp-content\/uploads\/2025\/06\/Energy-Option-1-_-All-Energy-Related-Pages-Platform-Solutions.webp 1700w\" sizes=\"auto, (max-width: 500px) 100vw, 500px\" \/><\/figure>\n\n<\/div><\/div>\n\n<div class=\"gb-grid-column gb-grid-column-a6728a11 gb-grid-column-6bcb6de9\"><div class=\"gb-container gb-container-a6728a11 gb-container-6bcb6de9\">\n\n<h5 class=\"gb-headline gb-headline-fce5f685 gb-headline-text gb-headline-902a6ace\">Willkommen bei Spacewell Wartungsplanung.<\/h5>\n\n\n<div class=\"gb-container gb-container-ada3c05d\">\n\n<p>Die bew\u00e4hrte Grundlage von O-Prognose lebt weiter: st\u00e4rker, intelligenter und nahtlos verbunden.<\/p>\n\n\n\n<script charset=\"utf-8\" type=\"text\/javascript\" src=\"\/\/js.hsforms.net\/forms\/embed\/v2.js\"><\/script><script>hbspt.forms.create({\n    portalId: \"437281\",\n    formId: \"0ad06476-449e-433e-b57b-cce106e4b7cd\",\n    region: \"na1\"\n  });\n<\/script>\n\n<\/div>\n<\/div><\/div>\n<\/div>\n<\/div><div class=\"gb-container gb-container-929b256e\">\n<div class=\"gb-container gb-container-7c92b900\">\n<div class=\"gb-grid-wrapper gb-grid-wrapper-31302c15\">\n<div class=\"gb-grid-column gb-grid-column-7042952c\"><div class=\"gb-container gb-container-7042952c\">\n\n<p><\/p>\n\n\n<div class=\"gb-container gb-container-f186ee3d\">\n<div class=\"gb-container gb-container-2b330a21\">\n\n<h1 class=\"wp-block-heading has-text-align-center has-medium-font-size\" id=\"h-discover-spacewell-maintenance-planning\"><a href=\"https:\/\/spacewell.com\/de\/software-zur-anlagenverwaltung\/maintenance-planung-software\/\">Entdecken Sie Spacewell Wartungsplanung<\/a><\/h1>\n\n<\/div>\n<\/div>\n\n\n<p class=\"has-text-align-center\"><a href=\"https:\/\/spacewell.com\/de\/\">Entdecken Sie alle Spacewell L\u00f6sungen<\/a><\/p>\n\n\n\n<p><\/p>\n\n\n\n<p>Plandatis und O-Prognose sind jetzt Teil von Spacewell, einem Unternehmen der Nemetschek Gruppe.<br\/>Links: <a href=\"https:\/\/spacewell.com\/de\/customer-support\/\">Kontakt zum Support<\/a> | <a href=\"https:\/\/spacewell.com\/de\/\">Spacewell.com<\/a><\/p>\n\n<\/div><\/div>\n<\/div>\n<\/div>\n<\/div>\n<p><\/p>\n","protected":false},"excerpt":{"rendered":"<p>Von der O-Prognose zur Spacewell Wartungsplanung Die vertrauensw\u00fcrdige Stiftung von Plandatis, jetzt Teil von Spacewell Plandatis wurde 1989 in den Niederlanden gegr\u00fcndet und ist ein Pionier auf dem Gebiet der langfristigen Wartungsplanungssoftware.Das Vorzeigeprodukt O-Prognose setzt den Standard f\u00fcr zuverl\u00e4ssige, datengest\u00fctzte Wartungsprognosen und erm\u00f6glicht es Tausenden von Unternehmen, Budgets zu planen, die Vorschriften einzuhalten und die &#8230; <a title=\"O-Prognose ist jetzt Teil von Spacewell\" class=\"read-more\" href=\"https:\/\/spacewell.com\/de\/o-prognose\/\" aria-label=\"Mehr Informationen \u00fcber O-Prognose ist jetzt Teil von Spacewell\">Weiterlesen &#8230;<\/a><\/p>\n","protected":false},"author":45,"featured_media":0,"parent":0,"menu_order":0,"comment_status":"closed","ping_status":"closed","template":"","meta":{"_acf_changed":false,"footnotes":""},"class_list":{"0":"post-48624","1":"page","2":"type-page","3":"status-publish","5":"no-featured-image-padding"},"acf":[],"yoast_head":"<!-- This site is optimized with the Yoast SEO Premium plugin v26.0 (Yoast SEO v27.4) - https:\/\/yoast.com\/product\/yoast-seo-premium-wordpress\/ -->\n<title>O-Prognose | Spacewell<\/title>\n<meta name=\"description\" content=\"Das 1989 in den Niederlanden gegr\u00fcndete Unternehmen Plandatis ist ein Pionier auf dem Gebiet der Software f\u00fcr die langfristige Wartungsplanung.\" \/>\n<meta name=\"robots\" content=\"index, follow, max-snippet:-1, max-image-preview:large, max-video-preview:-1\" \/>\n<link rel=\"canonical\" href=\"https:\/\/spacewell.com\/de\/o-prognose\/\" \/>\n<meta property=\"og:locale\" content=\"de_DE\" \/>\n<meta property=\"og:type\" content=\"article\" \/>\n<meta property=\"og:title\" content=\"O-Prognose ist jetzt Teil von Spacewell\" \/>\n<meta property=\"og:description\" content=\"Das 1989 in den Niederlanden gegr\u00fcndete Unternehmen Plandatis ist ein Pionier auf dem Gebiet der Software f\u00fcr die langfristige Wartungsplanung.\" \/>\n<meta property=\"og:url\" content=\"https:\/\/spacewell.com\/de\/o-prognose\/\" \/>\n<meta property=\"og:site_name\" content=\"Spacewell | A Nemetschek Company\" \/>\n<meta property=\"article:publisher\" content=\"https:\/\/www.facebook.com\/SpacewellHQ\" \/>\n<meta property=\"article:modified_time\" content=\"2026-03-23T14:27:11+00:00\" \/>\n<meta property=\"og:image\" content=\"https:\/\/spacewell.com\/wp-content\/uploads\/2025\/06\/Asset-Maintenance-Planning-Update-Adjust-Anytime-White.webp\" \/>\n\t<meta property=\"og:image:width\" content=\"2400\" \/>\n\t<meta property=\"og:image:height\" content=\"1640\" \/>\n\t<meta property=\"og:image:type\" content=\"image\/webp\" \/>\n<meta name=\"twitter:card\" content=\"summary_large_image\" \/>\n<meta name=\"twitter:site\" content=\"@Spacewell_HQ\" \/>\n<meta name=\"twitter:label1\" content=\"Gesch\u00e4tzte Lesezeit\" \/>\n\t<meta name=\"twitter:data1\" content=\"2\u00a0Minuten\" \/>\n<script type=\"application\/ld+json\" class=\"yoast-schema-graph\">{\"@context\":\"https:\\\/\\\/schema.org\",\"@graph\":[{\"@type\":\"WebPage\",\"@id\":\"https:\\\/\\\/spacewell.com\\\/de\\\/o-prognose\\\/\",\"url\":\"https:\\\/\\\/spacewell.com\\\/de\\\/o-prognose\\\/\",\"name\":\"O-Prognose | Spacewell\",\"isPartOf\":{\"@id\":\"https:\\\/\\\/spacewell.com\\\/de\\\/#website\"},\"primaryImageOfPage\":{\"@id\":\"https:\\\/\\\/spacewell.com\\\/de\\\/o-prognose\\\/#primaryimage\"},\"image\":{\"@id\":\"https:\\\/\\\/spacewell.com\\\/de\\\/o-prognose\\\/#primaryimage\"},\"thumbnailUrl\":\"https:\\\/\\\/spacewell.com\\\/wp-content\\\/uploads\\\/2025\\\/06\\\/Asset-Maintenance-Planning-Update-Adjust-Anytime-White-1024x700.webp\",\"datePublished\":\"2025-10-16T10:18:00+00:00\",\"dateModified\":\"2026-03-23T14:27:11+00:00\",\"description\":\"Das 1989 in den Niederlanden gegr\u00fcndete Unternehmen Plandatis ist ein Pionier auf dem Gebiet der Software f\u00fcr die langfristige Wartungsplanung.\",\"breadcrumb\":{\"@id\":\"https:\\\/\\\/spacewell.com\\\/de\\\/o-prognose\\\/#breadcrumb\"},\"inLanguage\":\"de\",\"potentialAction\":[{\"@type\":\"ReadAction\",\"target\":[\"https:\\\/\\\/spacewell.com\\\/de\\\/o-prognose\\\/\"]}]},{\"@type\":\"ImageObject\",\"inLanguage\":\"de\",\"@id\":\"https:\\\/\\\/spacewell.com\\\/de\\\/o-prognose\\\/#primaryimage\",\"url\":\"https:\\\/\\\/spacewell.com\\\/wp-content\\\/uploads\\\/2025\\\/06\\\/Asset-Maintenance-Planning-Update-Adjust-Anytime-White-1024x700.webp\",\"contentUrl\":\"https:\\\/\\\/spacewell.com\\\/wp-content\\\/uploads\\\/2025\\\/06\\\/Asset-Maintenance-Planning-Update-Adjust-Anytime-White-1024x700.webp\"},{\"@type\":\"BreadcrumbList\",\"@id\":\"https:\\\/\\\/spacewell.com\\\/de\\\/o-prognose\\\/#breadcrumb\",\"itemListElement\":[{\"@type\":\"ListItem\",\"position\":1,\"name\":\"Home\",\"item\":\"https:\\\/\\\/spacewell.com\\\/de\\\/\"},{\"@type\":\"ListItem\",\"position\":2,\"name\":\"O-Prognose ist jetzt Teil von Spacewell\"}]},{\"@type\":\"WebSite\",\"@id\":\"https:\\\/\\\/spacewell.com\\\/de\\\/#website\",\"url\":\"https:\\\/\\\/spacewell.com\\\/de\\\/\",\"name\":\"Spacewell | A Nemetschek Company\",\"description\":\"Make buildings work for people\",\"publisher\":{\"@id\":\"https:\\\/\\\/spacewell.com\\\/de\\\/#organization\"},\"potentialAction\":[{\"@type\":\"SearchAction\",\"target\":{\"@type\":\"EntryPoint\",\"urlTemplate\":\"https:\\\/\\\/spacewell.com\\\/de\\\/?s={search_term_string}\"},\"query-input\":{\"@type\":\"PropertyValueSpecification\",\"valueRequired\":true,\"valueName\":\"search_term_string\"}}],\"inLanguage\":\"de\"},{\"@type\":\"Organization\",\"@id\":\"https:\\\/\\\/spacewell.com\\\/de\\\/#organization\",\"name\":\"Spacewell | A Nemetschek Company\",\"url\":\"https:\\\/\\\/spacewell.com\\\/de\\\/\",\"logo\":{\"@type\":\"ImageObject\",\"inLanguage\":\"de\",\"@id\":\"https:\\\/\\\/spacewell.com\\\/de\\\/#\\\/schema\\\/logo\\\/image\\\/\",\"url\":\"https:\\\/\\\/spacewell.com\\\/wp-content\\\/uploads\\\/2023\\\/05\\\/spacewell-logo-500x88-1.webp\",\"contentUrl\":\"https:\\\/\\\/spacewell.com\\\/wp-content\\\/uploads\\\/2023\\\/05\\\/spacewell-logo-500x88-1.webp\",\"width\":500,\"height\":88,\"caption\":\"Spacewell | A Nemetschek Company\"},\"image\":{\"@id\":\"https:\\\/\\\/spacewell.com\\\/de\\\/#\\\/schema\\\/logo\\\/image\\\/\"},\"sameAs\":[\"https:\\\/\\\/www.facebook.com\\\/SpacewellHQ\",\"https:\\\/\\\/x.com\\\/Spacewell_HQ\"]}]}<\/script>\n<!-- \/ Yoast SEO Premium plugin. -->","yoast_head_json":{"title":"O-Prognose | Spacewell","description":"Das 1989 in den Niederlanden gegr\u00fcndete Unternehmen Plandatis ist ein Pionier auf dem Gebiet der Software f\u00fcr die langfristige Wartungsplanung.","robots":{"index":"index","follow":"follow","max-snippet":"max-snippet:-1","max-image-preview":"max-image-preview:large","max-video-preview":"max-video-preview:-1"},"canonical":"https:\/\/spacewell.com\/de\/o-prognose\/","og_locale":"de_DE","og_type":"article","og_title":"O-Prognose ist jetzt Teil von Spacewell","og_description":"Das 1989 in den Niederlanden gegr\u00fcndete Unternehmen Plandatis ist ein Pionier auf dem Gebiet der Software f\u00fcr die langfristige Wartungsplanung.","og_url":"https:\/\/spacewell.com\/de\/o-prognose\/","og_site_name":"Spacewell | A Nemetschek Company","article_publisher":"https:\/\/www.facebook.com\/SpacewellHQ","article_modified_time":"2026-03-23T14:27:11+00:00","og_image":[{"width":2400,"height":1640,"url":"https:\/\/spacewell.com\/wp-content\/uploads\/2025\/06\/Asset-Maintenance-Planning-Update-Adjust-Anytime-White.webp","type":"image\/webp"}],"twitter_card":"summary_large_image","twitter_site":"@Spacewell_HQ","twitter_misc":{"Gesch\u00e4tzte Lesezeit":"2\u00a0Minuten"},"schema":{"@context":"https:\/\/schema.org","@graph":[{"@type":"WebPage","@id":"https:\/\/spacewell.com\/de\/o-prognose\/","url":"https:\/\/spacewell.com\/de\/o-prognose\/","name":"O-Prognose | Spacewell","isPartOf":{"@id":"https:\/\/spacewell.com\/de\/#website"},"primaryImageOfPage":{"@id":"https:\/\/spacewell.com\/de\/o-prognose\/#primaryimage"},"image":{"@id":"https:\/\/spacewell.com\/de\/o-prognose\/#primaryimage"},"thumbnailUrl":"https:\/\/spacewell.com\/wp-content\/uploads\/2025\/06\/Asset-Maintenance-Planning-Update-Adjust-Anytime-White-1024x700.webp","datePublished":"2025-10-16T10:18:00+00:00","dateModified":"2026-03-23T14:27:11+00:00","description":"Das 1989 in den Niederlanden gegr\u00fcndete Unternehmen Plandatis ist ein Pionier auf dem Gebiet der Software f\u00fcr die langfristige Wartungsplanung.","breadcrumb":{"@id":"https:\/\/spacewell.com\/de\/o-prognose\/#breadcrumb"},"inLanguage":"de","potentialAction":[{"@type":"ReadAction","target":["https:\/\/spacewell.com\/de\/o-prognose\/"]}]},{"@type":"ImageObject","inLanguage":"de","@id":"https:\/\/spacewell.com\/de\/o-prognose\/#primaryimage","url":"https:\/\/spacewell.com\/wp-content\/uploads\/2025\/06\/Asset-Maintenance-Planning-Update-Adjust-Anytime-White-1024x700.webp","contentUrl":"https:\/\/spacewell.com\/wp-content\/uploads\/2025\/06\/Asset-Maintenance-Planning-Update-Adjust-Anytime-White-1024x700.webp"},{"@type":"BreadcrumbList","@id":"https:\/\/spacewell.com\/de\/o-prognose\/#breadcrumb","itemListElement":[{"@type":"ListItem","position":1,"name":"Home","item":"https:\/\/spacewell.com\/de\/"},{"@type":"ListItem","position":2,"name":"O-Prognose ist jetzt Teil von Spacewell"}]},{"@type":"WebSite","@id":"https:\/\/spacewell.com\/de\/#website","url":"https:\/\/spacewell.com\/de\/","name":"Spacewell | A Nemetschek Company","description":"Make buildings work for people","publisher":{"@id":"https:\/\/spacewell.com\/de\/#organization"},"potentialAction":[{"@type":"SearchAction","target":{"@type":"EntryPoint","urlTemplate":"https:\/\/spacewell.com\/de\/?s={search_term_string}"},"query-input":{"@type":"PropertyValueSpecification","valueRequired":true,"valueName":"search_term_string"}}],"inLanguage":"de"},{"@type":"Organization","@id":"https:\/\/spacewell.com\/de\/#organization","name":"Spacewell | A Nemetschek Company","url":"https:\/\/spacewell.com\/de\/","logo":{"@type":"ImageObject","inLanguage":"de","@id":"https:\/\/spacewell.com\/de\/#\/schema\/logo\/image\/","url":"https:\/\/spacewell.com\/wp-content\/uploads\/2023\/05\/spacewell-logo-500x88-1.webp","contentUrl":"https:\/\/spacewell.com\/wp-content\/uploads\/2023\/05\/spacewell-logo-500x88-1.webp","width":500,"height":88,"caption":"Spacewell | A Nemetschek Company"},"image":{"@id":"https:\/\/spacewell.com\/de\/#\/schema\/logo\/image\/"},"sameAs":["https:\/\/www.facebook.com\/SpacewellHQ","https:\/\/x.com\/Spacewell_HQ"]}]}},"_links":{"self":[{"href":"https:\/\/spacewell.com\/de\/wp-json\/wp\/v2\/pages\/48624","targetHints":{"allow":["GET"]}}],"collection":[{"href":"https:\/\/spacewell.com\/de\/wp-json\/wp\/v2\/pages"}],"about":[{"href":"https:\/\/spacewell.com\/de\/wp-json\/wp\/v2\/types\/page"}],"author":[{"embeddable":true,"href":"https:\/\/spacewell.com\/de\/wp-json\/wp\/v2\/users\/45"}],"replies":[{"embeddable":true,"href":"https:\/\/spacewell.com\/de\/wp-json\/wp\/v2\/comments?post=48624"}],"version-history":[{"count":11,"href":"https:\/\/spacewell.com\/de\/wp-json\/wp\/v2\/pages\/48624\/revisions"}],"predecessor-version":[{"id":48630,"href":"https:\/\/spacewell.com\/de\/wp-json\/wp\/v2\/pages\/48624\/revisions\/48630"}],"wp:attachment":[{"href":"https:\/\/spacewell.com\/de\/wp-json\/wp\/v2\/media?parent=48624"}],"curies":[{"name":"wp","href":"https:\/\/api.w.org\/{rel}","templated":true}]}}