


{"id":458,"date":"2023-06-01T12:39:55","date_gmt":"2023-06-01T10:39:55","guid":{"rendered":"https:\/\/spacewell.com\/help-center\/"},"modified":"2026-03-11T10:54:36","modified_gmt":"2026-03-11T09:54:36","slug":"customer-support","status":"publish","type":"page","link":"https:\/\/spacewell.com\/de\/customer-support\/","title":{"rendered":"Kundenbetreuung"},"content":{"rendered":"<div class=\"gb-container gb-container-174a0b63 gb-container-6bcb6de9\">\n<div class=\"gb-container gb-container-05bc57a6\">\n\n<h1 class=\"gb-headline gb-headline-2da60f8c gb-headline-text gb-headline-902a6ace\">Help center<\/h1>\n\n\n\n<p>Sie haben eine Support-Frage? H\u00f6chstwahrscheinlich werden Sie die Antwort auf Ihre Frage auf unserer Support-Website finden. <\/p>\n\n\n\n<a class=\"gb-button gb-button-0143350a gb-button-6182fe5e\" href=\"https:\/\/support.spacewell.com\" target=\"_blank\" rel=\"noopener noreferrer\"><span class=\"gb-button-text\">Gehen Sie zur Support-Website (Workplace und Asset)<\/span><span class=\"gb-icon\"><svg xmlns=\"http:\/\/www.w3.org\/2000\/svg\" xml:space=\"preserve\" viewbox=\"0 0 1000 1000\">\n  <path d=\"M506.8 128.4c-30.9 30.9-30.9 80.8 0 111.6l181 181H88.9c-43.5.1-78.9 35.4-78.9 79s35.4 78.9 78.9 78.9h598.9l-181 181c-30.9 30.9-30.9 80.8 0 111.6 15.4 15.4 35.6 23.1 55.8 23.1 20.2 0 40.4-7.7 55.8-23.1L990 500 618.4 128.4c-30.9-30.8-80.7-30.8-111.6 0z\"><\/path>\n<\/svg><\/span><\/a>\n\n\n\n<p><\/p>\n\n\n\n<a class=\"gb-button gb-button-36e56614 gb-button-6182fe5e\" href=\"https:\/\/support.dexma.com\/hc\/en-gb\" target=\"_blank\" rel=\"noopener noreferrer\"><span class=\"gb-button-text\">Zur Support-Website gehen (Energy)<\/span><span class=\"gb-icon\"><svg xmlns=\"http:\/\/www.w3.org\/2000\/svg\" xml:space=\"preserve\" viewbox=\"0 0 1000 1000\">\n  <path d=\"M506.8 128.4c-30.9 30.9-30.9 80.8 0 111.6l181 181H88.9c-43.5.1-78.9 35.4-78.9 79s35.4 78.9 78.9 78.9h598.9l-181 181c-30.9 30.9-30.9 80.8 0 111.6 15.4 15.4 35.6 23.1 55.8 23.1 20.2 0 40.4-7.7 55.8-23.1L990 500 618.4 128.4c-30.9-30.8-80.7-30.8-111.6 0z\"><\/path>\n<\/svg><\/span><\/a>\n\n\n\n<p><\/p>\n\n\n\n<p>Haben Sie nicht gefunden, was Sie suchen? Wir helfen Ihnen gerne weiter.  <\/p>\n\n\n\n<h3 class=\"wp-block-heading\" id=\"h-mail-us-for-support\">Mailen Sie uns f\u00fcr Unterst\u00fctzung<\/h3>\n\n\n\n<a class=\"gb-button gb-button-db104dd1 gb-button-6182fe5e smooth-scroll\" href=\"mailto:support@spacewell.com\"><span class=\"gb-button-text\">support@spacewell.com<\/span><span class=\"gb-icon\"><svg xmlns=\"http:\/\/www.w3.org\/2000\/svg\" xml:space=\"preserve\" viewbox=\"0 0 1000 1000\">\n  <path d=\"M506.8 128.4c-30.9 30.9-30.9 80.8 0 111.6l181 181H88.9c-43.5.1-78.9 35.4-78.9 79s35.4 78.9 78.9 78.9h598.9l-181 181c-30.9 30.9-30.9 80.8 0 111.6 15.4 15.4 35.6 23.1 55.8 23.1 20.2 0 40.4-7.7 55.8-23.1L990 500 618.4 128.4c-30.9-30.8-80.7-30.8-111.6 0z\"><\/path>\n<\/svg><\/span><\/a>\n\n\n\n<h3 class=\"gb-headline gb-headline-9664a463 gb-headline-text\"><br>Nehmen Sie Kontakt mit dem Vertrieb auf<\/h3>\n\n\n\n<a class=\"gb-button gb-button-a1970395 gb-button-6182fe5e\" href=\"https:\/\/spacewell.com\/de\/vertrieb-kontaktieren\/\" target=\"_blank\" rel=\"noopener noreferrer\"><span class=\"gb-button-text\">Demo anfordern<\/span><span class=\"gb-icon\"><svg xmlns=\"http:\/\/www.w3.org\/2000\/svg\" xml:space=\"preserve\" viewbox=\"0 0 1000 1000\">\n  <path d=\"M506.8 128.4c-30.9 30.9-30.9 80.8 0 111.6l181 181H88.9c-43.5.1-78.9 35.4-78.9 79s35.4 78.9 78.9 78.9h598.9l-181 181c-30.9 30.9-30.9 80.8 0 111.6 15.4 15.4 35.6 23.1 55.8 23.1 20.2 0 40.4-7.7 55.8-23.1L990 500 618.4 128.4c-30.9-30.8-80.7-30.8-111.6 0z\"><\/path>\n<\/svg><\/span><\/a>\n\n<\/div>\n\n\n<a class=\"gb-button gb-button-063bee76 gb-button-6182fe5e\" href=\"mailto:marketing@spacewell.com\" target=\"_blank\" rel=\"noopener noreferrer\"><span class=\"gb-button-text\">marketing@spacewell.com<\/span><span class=\"gb-icon\"><svg xmlns=\"http:\/\/www.w3.org\/2000\/svg\" xml:space=\"preserve\" viewbox=\"0 0 1000 1000\">\n  <path d=\"M506.8 128.4c-30.9 30.9-30.9 80.8 0 111.6l181 181H88.9c-43.5.1-78.9 35.4-78.9 79s35.4 78.9 78.9 78.9h598.9l-181 181c-30.9 30.9-30.9 80.8 0 111.6 15.4 15.4 35.6 23.1 55.8 23.1 20.2 0 40.4-7.7 55.8-23.1L990 500 618.4 128.4c-30.9-30.8-80.7-30.8-111.6 0z\"><\/path>\n<\/svg><\/span><\/a>\n\n\n\n<h3 class=\"gb-headline gb-headline-a29e1694 gb-headline-text\"><br>Rechtliche Bedingungen<\/h3>\n\n\n\n<a class=\"gb-button gb-button-747bba2f gb-button-6182fe5e\" href=\"\/company\/contact-us\/contractual-conditions\/\"><span class=\"gb-button-text\">Die Rechtliche Bedingungen erhalten<\/span><span class=\"gb-icon\"><svg xmlns=\"http:\/\/www.w3.org\/2000\/svg\" xml:space=\"preserve\" viewbox=\"0 0 1000 1000\">\n  <path d=\"M506.8 128.4c-30.9 30.9-30.9 80.8 0 111.6l181 181H88.9c-43.5.1-78.9 35.4-78.9 79s35.4 78.9 78.9 78.9h598.9l-181 181c-30.9 30.9-30.9 80.8 0 111.6 15.4 15.4 35.6 23.1 55.8 23.1 20.2 0 40.4-7.7 55.8-23.1L990 500 618.4 128.4c-30.9-30.8-80.7-30.8-111.6 0z\"><\/path>\n<\/svg><\/span><\/a>\n\n\n\n<h3 class=\"gb-headline gb-headline-70341c55 gb-headline-text\"><br>Informationen zur Partnerschaft<\/h3>\n\n\n\n<a class=\"gb-button gb-button-747bba2f gb-button-6182fe5e\" href=\"https:\/\/spacewell.com\/de\/unternehmen\/partnerships-2\/\"><span class=\"gb-button-text\">Siehe die Seite Partnerschaften<\/span><span class=\"gb-icon\"><svg xmlns=\"http:\/\/www.w3.org\/2000\/svg\" xml:space=\"preserve\" viewbox=\"0 0 1000 1000\">\n  <path d=\"M506.8 128.4c-30.9 30.9-30.9 80.8 0 111.6l181 181H88.9c-43.5.1-78.9 35.4-78.9 79s35.4 78.9 78.9 78.9h598.9l-181 181c-30.9 30.9-30.9 80.8 0 111.6 15.4 15.4 35.6 23.1 55.8 23.1 20.2 0 40.4-7.7 55.8-23.1L990 500 618.4 128.4c-30.9-30.8-80.7-30.8-111.6 0z\"><\/path>\n<\/svg><\/span><\/a>\n\n<\/div>\n<p><\/p>\n","protected":false},"excerpt":{"rendered":"<p>Help center Sie haben eine Support-Frage? H\u00f6chstwahrscheinlich werden Sie die Antwort auf Ihre Frage auf unserer Support-Website finden. Haben Sie nicht gefunden, was Sie suchen? Wir helfen Ihnen gerne weiter. Mailen Sie uns f\u00fcr Unterst\u00fctzung Nehmen Sie Kontakt mit dem Vertrieb auf Rechtliche Bedingungen Informationen zur Partnerschaft<\/p>\n","protected":false},"author":29,"featured_media":23943,"parent":0,"menu_order":0,"comment_status":"closed","ping_status":"closed","template":"","meta":{"_acf_changed":false,"footnotes":""},"class_list":{"0":"post-458","1":"page","2":"type-page","3":"status-publish","4":"has-post-thumbnail","6":"no-featured-image-padding"},"acf":[],"yoast_head":"<!-- This site is optimized with the Yoast SEO Premium plugin v26.0 (Yoast SEO v27.4) - https:\/\/yoast.com\/product\/yoast-seo-premium-wordpress\/ -->\n<title>Kundenbetreuung - Spacewell | A Nemetschek Company<\/title>\n<meta name=\"description\" content=\"Haben Sie eine Frage zum Support? Gehen Sie zum Spacewell Hilfe-Center, damit wir Ihnen die n\u00f6tige Unterst\u00fctzung bieten k\u00f6nnen.\" \/>\n<meta name=\"robots\" content=\"index, follow, max-snippet:-1, max-image-preview:large, max-video-preview:-1\" \/>\n<link rel=\"canonical\" href=\"https:\/\/spacewell.com\/de\/customer-support\/\" \/>\n<meta property=\"og:locale\" content=\"de_DE\" \/>\n<meta property=\"og:type\" content=\"article\" \/>\n<meta property=\"og:title\" content=\"Kundenbetreuung\" \/>\n<meta property=\"og:description\" content=\"Haben Sie eine Frage zum Support? Gehen Sie zum Spacewell Hilfe-Center, damit wir Ihnen die n\u00f6tige Unterst\u00fctzung bieten k\u00f6nnen.\" \/>\n<meta property=\"og:url\" content=\"https:\/\/spacewell.com\/de\/customer-support\/\" \/>\n<meta property=\"og:site_name\" content=\"Spacewell | A Nemetschek Company\" \/>\n<meta property=\"article:publisher\" content=\"https:\/\/www.facebook.com\/SpacewellHQ\" \/>\n<meta property=\"article:modified_time\" content=\"2026-03-11T09:54:36+00:00\" \/>\n<meta property=\"og:image\" content=\"https:\/\/spacewell.com\/wp-content\/uploads\/2023\/10\/support-operator-1200x630-1.jpg\" \/>\n\t<meta property=\"og:image:width\" content=\"1200\" \/>\n\t<meta property=\"og:image:height\" content=\"630\" \/>\n\t<meta property=\"og:image:type\" content=\"image\/jpeg\" \/>\n<meta name=\"twitter:card\" content=\"summary_large_image\" \/>\n<meta name=\"twitter:site\" content=\"@Spacewell_HQ\" \/>\n<meta name=\"twitter:label1\" content=\"Gesch\u00e4tzte Lesezeit\" \/>\n\t<meta name=\"twitter:data1\" content=\"1\u00a0Minute\" \/>\n<script type=\"application\/ld+json\" class=\"yoast-schema-graph\">{\"@context\":\"https:\\\/\\\/schema.org\",\"@graph\":[{\"@type\":\"WebPage\",\"@id\":\"https:\\\/\\\/spacewell.com\\\/de\\\/customer-support\\\/\",\"url\":\"https:\\\/\\\/spacewell.com\\\/de\\\/customer-support\\\/\",\"name\":\"Kundenbetreuung - Spacewell | A Nemetschek Company\",\"isPartOf\":{\"@id\":\"https:\\\/\\\/spacewell.com\\\/de\\\/#website\"},\"primaryImageOfPage\":{\"@id\":\"https:\\\/\\\/spacewell.com\\\/de\\\/customer-support\\\/#primaryimage\"},\"image\":{\"@id\":\"https:\\\/\\\/spacewell.com\\\/de\\\/customer-support\\\/#primaryimage\"},\"thumbnailUrl\":\"https:\\\/\\\/spacewell.com\\\/wp-content\\\/uploads\\\/2023\\\/10\\\/support-operator-1200x630-1.jpg\",\"datePublished\":\"2023-06-01T10:39:55+00:00\",\"dateModified\":\"2026-03-11T09:54:36+00:00\",\"description\":\"Haben Sie eine Frage zum Support? Gehen Sie zum Spacewell Hilfe-Center, damit wir Ihnen die n\u00f6tige Unterst\u00fctzung bieten k\u00f6nnen.\",\"breadcrumb\":{\"@id\":\"https:\\\/\\\/spacewell.com\\\/de\\\/customer-support\\\/#breadcrumb\"},\"inLanguage\":\"de\",\"potentialAction\":[{\"@type\":\"ReadAction\",\"target\":[\"https:\\\/\\\/spacewell.com\\\/de\\\/customer-support\\\/\"]}]},{\"@type\":\"ImageObject\",\"inLanguage\":\"de\",\"@id\":\"https:\\\/\\\/spacewell.com\\\/de\\\/customer-support\\\/#primaryimage\",\"url\":\"https:\\\/\\\/spacewell.com\\\/wp-content\\\/uploads\\\/2023\\\/10\\\/support-operator-1200x630-1.jpg\",\"contentUrl\":\"https:\\\/\\\/spacewell.com\\\/wp-content\\\/uploads\\\/2023\\\/10\\\/support-operator-1200x630-1.jpg\",\"width\":1200,\"height\":630,\"caption\":\"Support-Desk-Mitarbeiter\"},{\"@type\":\"BreadcrumbList\",\"@id\":\"https:\\\/\\\/spacewell.com\\\/de\\\/customer-support\\\/#breadcrumb\",\"itemListElement\":[{\"@type\":\"ListItem\",\"position\":1,\"name\":\"Home\",\"item\":\"https:\\\/\\\/spacewell.com\\\/de\\\/\"},{\"@type\":\"ListItem\",\"position\":2,\"name\":\"Kundenbetreuung\"}]},{\"@type\":\"WebSite\",\"@id\":\"https:\\\/\\\/spacewell.com\\\/de\\\/#website\",\"url\":\"https:\\\/\\\/spacewell.com\\\/de\\\/\",\"name\":\"Spacewell | A Nemetschek Company\",\"description\":\"Make buildings work for people\",\"publisher\":{\"@id\":\"https:\\\/\\\/spacewell.com\\\/de\\\/#organization\"},\"potentialAction\":[{\"@type\":\"SearchAction\",\"target\":{\"@type\":\"EntryPoint\",\"urlTemplate\":\"https:\\\/\\\/spacewell.com\\\/de\\\/?s={search_term_string}\"},\"query-input\":{\"@type\":\"PropertyValueSpecification\",\"valueRequired\":true,\"valueName\":\"search_term_string\"}}],\"inLanguage\":\"de\"},{\"@type\":\"Organization\",\"@id\":\"https:\\\/\\\/spacewell.com\\\/de\\\/#organization\",\"name\":\"Spacewell | A Nemetschek Company\",\"url\":\"https:\\\/\\\/spacewell.com\\\/de\\\/\",\"logo\":{\"@type\":\"ImageObject\",\"inLanguage\":\"de\",\"@id\":\"https:\\\/\\\/spacewell.com\\\/de\\\/#\\\/schema\\\/logo\\\/image\\\/\",\"url\":\"https:\\\/\\\/spacewell.com\\\/wp-content\\\/uploads\\\/2023\\\/05\\\/spacewell-logo-500x88-1.webp\",\"contentUrl\":\"https:\\\/\\\/spacewell.com\\\/wp-content\\\/uploads\\\/2023\\\/05\\\/spacewell-logo-500x88-1.webp\",\"width\":500,\"height\":88,\"caption\":\"Spacewell | A Nemetschek Company\"},\"image\":{\"@id\":\"https:\\\/\\\/spacewell.com\\\/de\\\/#\\\/schema\\\/logo\\\/image\\\/\"},\"sameAs\":[\"https:\\\/\\\/www.facebook.com\\\/SpacewellHQ\",\"https:\\\/\\\/x.com\\\/Spacewell_HQ\"]}]}<\/script>\n<!-- \/ Yoast SEO Premium plugin. -->","yoast_head_json":{"title":"Kundenbetreuung - Spacewell | A Nemetschek Company","description":"Haben Sie eine Frage zum Support? Gehen Sie zum Spacewell Hilfe-Center, damit wir Ihnen die n\u00f6tige Unterst\u00fctzung bieten k\u00f6nnen.","robots":{"index":"index","follow":"follow","max-snippet":"max-snippet:-1","max-image-preview":"max-image-preview:large","max-video-preview":"max-video-preview:-1"},"canonical":"https:\/\/spacewell.com\/de\/customer-support\/","og_locale":"de_DE","og_type":"article","og_title":"Kundenbetreuung","og_description":"Haben Sie eine Frage zum Support? Gehen Sie zum Spacewell Hilfe-Center, damit wir Ihnen die n\u00f6tige Unterst\u00fctzung bieten k\u00f6nnen.","og_url":"https:\/\/spacewell.com\/de\/customer-support\/","og_site_name":"Spacewell | A Nemetschek Company","article_publisher":"https:\/\/www.facebook.com\/SpacewellHQ","article_modified_time":"2026-03-11T09:54:36+00:00","og_image":[{"width":1200,"height":630,"url":"https:\/\/spacewell.com\/wp-content\/uploads\/2023\/10\/support-operator-1200x630-1.jpg","type":"image\/jpeg"}],"twitter_card":"summary_large_image","twitter_site":"@Spacewell_HQ","twitter_misc":{"Gesch\u00e4tzte Lesezeit":"1\u00a0Minute"},"schema":{"@context":"https:\/\/schema.org","@graph":[{"@type":"WebPage","@id":"https:\/\/spacewell.com\/de\/customer-support\/","url":"https:\/\/spacewell.com\/de\/customer-support\/","name":"Kundenbetreuung - Spacewell | A Nemetschek Company","isPartOf":{"@id":"https:\/\/spacewell.com\/de\/#website"},"primaryImageOfPage":{"@id":"https:\/\/spacewell.com\/de\/customer-support\/#primaryimage"},"image":{"@id":"https:\/\/spacewell.com\/de\/customer-support\/#primaryimage"},"thumbnailUrl":"https:\/\/spacewell.com\/wp-content\/uploads\/2023\/10\/support-operator-1200x630-1.jpg","datePublished":"2023-06-01T10:39:55+00:00","dateModified":"2026-03-11T09:54:36+00:00","description":"Haben Sie eine Frage zum Support? Gehen Sie zum Spacewell Hilfe-Center, damit wir Ihnen die n\u00f6tige Unterst\u00fctzung bieten k\u00f6nnen.","breadcrumb":{"@id":"https:\/\/spacewell.com\/de\/customer-support\/#breadcrumb"},"inLanguage":"de","potentialAction":[{"@type":"ReadAction","target":["https:\/\/spacewell.com\/de\/customer-support\/"]}]},{"@type":"ImageObject","inLanguage":"de","@id":"https:\/\/spacewell.com\/de\/customer-support\/#primaryimage","url":"https:\/\/spacewell.com\/wp-content\/uploads\/2023\/10\/support-operator-1200x630-1.jpg","contentUrl":"https:\/\/spacewell.com\/wp-content\/uploads\/2023\/10\/support-operator-1200x630-1.jpg","width":1200,"height":630,"caption":"Support-Desk-Mitarbeiter"},{"@type":"BreadcrumbList","@id":"https:\/\/spacewell.com\/de\/customer-support\/#breadcrumb","itemListElement":[{"@type":"ListItem","position":1,"name":"Home","item":"https:\/\/spacewell.com\/de\/"},{"@type":"ListItem","position":2,"name":"Kundenbetreuung"}]},{"@type":"WebSite","@id":"https:\/\/spacewell.com\/de\/#website","url":"https:\/\/spacewell.com\/de\/","name":"Spacewell | A Nemetschek Company","description":"Make buildings work for people","publisher":{"@id":"https:\/\/spacewell.com\/de\/#organization"},"potentialAction":[{"@type":"SearchAction","target":{"@type":"EntryPoint","urlTemplate":"https:\/\/spacewell.com\/de\/?s={search_term_string}"},"query-input":{"@type":"PropertyValueSpecification","valueRequired":true,"valueName":"search_term_string"}}],"inLanguage":"de"},{"@type":"Organization","@id":"https:\/\/spacewell.com\/de\/#organization","name":"Spacewell | A Nemetschek Company","url":"https:\/\/spacewell.com\/de\/","logo":{"@type":"ImageObject","inLanguage":"de","@id":"https:\/\/spacewell.com\/de\/#\/schema\/logo\/image\/","url":"https:\/\/spacewell.com\/wp-content\/uploads\/2023\/05\/spacewell-logo-500x88-1.webp","contentUrl":"https:\/\/spacewell.com\/wp-content\/uploads\/2023\/05\/spacewell-logo-500x88-1.webp","width":500,"height":88,"caption":"Spacewell | A Nemetschek Company"},"image":{"@id":"https:\/\/spacewell.com\/de\/#\/schema\/logo\/image\/"},"sameAs":["https:\/\/www.facebook.com\/SpacewellHQ","https:\/\/x.com\/Spacewell_HQ"]}]}},"_links":{"self":[{"href":"https:\/\/spacewell.com\/de\/wp-json\/wp\/v2\/pages\/458","targetHints":{"allow":["GET"]}}],"collection":[{"href":"https:\/\/spacewell.com\/de\/wp-json\/wp\/v2\/pages"}],"about":[{"href":"https:\/\/spacewell.com\/de\/wp-json\/wp\/v2\/types\/page"}],"author":[{"embeddable":true,"href":"https:\/\/spacewell.com\/de\/wp-json\/wp\/v2\/users\/29"}],"replies":[{"embeddable":true,"href":"https:\/\/spacewell.com\/de\/wp-json\/wp\/v2\/comments?post=458"}],"version-history":[{"count":22,"href":"https:\/\/spacewell.com\/de\/wp-json\/wp\/v2\/pages\/458\/revisions"}],"predecessor-version":[{"id":48197,"href":"https:\/\/spacewell.com\/de\/wp-json\/wp\/v2\/pages\/458\/revisions\/48197"}],"wp:featuredmedia":[{"embeddable":true,"href":"https:\/\/spacewell.com\/de\/wp-json\/wp\/v2\/media\/23943"}],"wp:attachment":[{"href":"https:\/\/spacewell.com\/de\/wp-json\/wp\/v2\/media?parent=458"}],"curies":[{"name":"wp","href":"https:\/\/api.w.org\/{rel}","templated":true}]}}