


{"id":416,"date":"2023-06-01T11:20:10","date_gmt":"2023-06-01T09:20:10","guid":{"rendered":"https:\/\/spacewell.com\/unternehmen\/unternehmerische-verantwortung-und-nachhaltige-entwicklung\/"},"modified":"2023-10-25T13:53:37","modified_gmt":"2023-10-25T11:53:37","slug":"unternehmerische-verantwortung-und-nachhaltige-entwicklung","status":"publish","type":"page","link":"https:\/\/spacewell.com\/de\/unternehmen\/unternehmerische-verantwortung-und-nachhaltige-entwicklung\/","title":{"rendered":"Unternehmerische Verantwortung und nachhaltige Entwicklung"},"content":{"rendered":"<div class=\"gb-container gb-container-7e55cbd5\">\n<figure class=\"gb-block-image gb-block-image-818228c0\"><img loading=\"lazy\" decoding=\"async\" width=\"1200\" height=\"630\" src=\"https:\/\/spacewell.com\/wp-content\/uploads\/2023\/08\/gmao-1200x630-1.jpg\" class=\"gb-image-818228c0\" alt=\"GMAO\" srcset=\"https:\/\/spacewell.com\/wp-content\/uploads\/2023\/08\/gmao-1200x630-1.jpg 1200w, https:\/\/spacewell.com\/wp-content\/uploads\/2023\/08\/gmao-1200x630-1-500x263.jpg 500w, https:\/\/spacewell.com\/wp-content\/uploads\/2023\/08\/gmao-1200x630-1-1024x538.jpg 1024w, https:\/\/spacewell.com\/wp-content\/uploads\/2023\/08\/gmao-1200x630-1-768x403.jpg 768w\" sizes=\"auto, (max-width: 1200px) 100vw, 1200px\" \/><\/figure>\n\n<div class=\"gb-container gb-container-25f7f753\">\n<h1 class=\"gb-headline gb-headline-c67ae295 gb-headline-text\">Unternehmerische Verantwortung und nachhaltige Entwicklung<\/h1>\n<\/div>\n<\/div><div class=\"gb-container gb-container-cbb31126 gb-container-5731d80c\">\n\n<p>Es ist an der Zeit, das Versprechen von Digitaltechnik und Technologie einzul\u00f6sen<\/p>\n\n\n\n<h2 class=\"gb-headline gb-headline-55b950a0 gb-headline-text gb-headline-bf2940e3\">Verantwortungsvolle Unternehmensf\u00fchrung<\/h2>\n\n\n\n<p>Spacewell, ein Unternehmen der Nemetschek Group, hat es sich zum Ziel gesetzt, auf gesellschaftlich verantwortliche Weise zu agieren und zur nachhaltigen Entwicklung beizutragen, in \u00dcbereinstimmung mit der internationalen Norm <a href=\"https:\/\/www.iso.org\/iso-26000-social-responsibility.html\" target=\"_blank\" rel=\"noreferrer noopener\">ISO 26000 Leitfaden zur gesellschaftlichen Verantwortung (\u201eGuidance on Social Responsibility\u201c)<\/a>. <br\/><br\/>Um Ethik, Integrit\u00e4t und Vertrauen zu f\u00f6rdern, hat die Nemetschek Group in ihrem <a href=\"https:\/\/www.nemetschek.com\/sites\/default\/files\/documents\/2021_Code%20of%20Conduct%20-%20Nemetschek%20Group%20-%20EN.pdf\">Verhaltenskodex<\/a> Standards f\u00fcr den laufenden Gesch\u00e4ftsverkehr definiert, die die Pflichten der Mitarbeiter festlegen, einschlie\u00dflich des Schutzes nat\u00fcrlicher Ressourcen, Bestimmungen zur Korruptionsbek\u00e4mpfung und der Verpflichtung, sich jeder Form von Diskriminierung zu enthalten.<\/p>\n\n\n\n<h2 class=\"gb-headline gb-headline-c7608849 gb-headline-text gb-headline-bf2940e3\">Mitarbeiter<\/h2>\n\n\n\n<p>Unsere Mitarbeiter sind unser gr\u00f6\u00dftes Kapital. Als Arbeitgeber f\u00f6rdert Spacewell die Vielfalt in seinen Teams und schafft eine Lernumgebung, die es den Menschen erm\u00f6glicht, sich sowohl beruflich als auch pers\u00f6nlich weiterzuentwickeln. <\/p>\n\n\n\n<p>Wir glauben, dass Vielfalt, Integration und Zusammenarbeit entscheidend f\u00fcr die Bildung au\u00dfergew\u00f6hnlicher Teams sind. Wir erwarten nicht von unseren Leuten, perfekt oder au\u00dfergew\u00f6hnlich zu sein. Vielmehr glauben wir, dass sie, wenn sie gemeinsam auf ein Ziel hinarbeiten, au\u00dfergew\u00f6hnliche Ergebnisse erzielen k\u00f6nnen. <br\/><br\/>Spacewell bietet Karrierem\u00f6glichkeiten f\u00fcr Menschen mit unterschiedlichen kulturellen und sozialen Hintergr\u00fcnden. Unsere Einstellungspolitik ist neutral in Bezug auf Geschlecht, sexuelle Orientierung, Alter, ethnische Zugeh\u00f6rigkeit, Nationalit\u00e4t oder religi\u00f6se \u00dcberzeugungen. Dabei wird auf ein vern\u00fcnftiges Gleichgewicht und eine aufgeschlossene Kultur geachtet, in der die Pers\u00f6nlichkeit und die Meinungen jedes Einzelnen geachtet werden.<\/p>\n\n<\/div>\n<figure class=\"gb-block-image gb-block-image-844201f2\"><img loading=\"lazy\" decoding=\"async\" width=\"1200\" height=\"630\" class=\"gb-image gb-image-844201f2 is-style-default\" src=\"\/wp-content\/uploads\/2023\/08\/corporate-responsibility-1200x630-1.jpg\" alt=\"Geb\u00e4ude mit B\u00e4umen\" srcset=\"https:\/\/spacewell.com\/wp-content\/uploads\/2023\/08\/corporate-responsibility-1200x630-1.jpg 1200w, https:\/\/spacewell.com\/wp-content\/uploads\/2023\/08\/corporate-responsibility-1200x630-1-500x263.jpg 500w, https:\/\/spacewell.com\/wp-content\/uploads\/2023\/08\/corporate-responsibility-1200x630-1-1024x538.jpg 1024w, https:\/\/spacewell.com\/wp-content\/uploads\/2023\/08\/corporate-responsibility-1200x630-1-768x403.jpg 768w\" sizes=\"auto, (max-width: 1200px) 100vw, 1200px\" \/><\/figure>\n<div class=\"gb-container gb-container-4e33f7e1\">\n<div class=\"gb-container gb-container-26e99ff3 gb-container-5731d80c\">\n\n<h2 class=\"gb-headline gb-headline-0bf022b0 gb-headline-text\">Nachhaltigkeit und Klimawandel<\/h2>\n\n<\/div>\n<\/div><div class=\"gb-container gb-container-66bae623 gb-container-5731d80c\">\n\n<h3 class=\"gb-headline gb-headline-5c2a992f gb-headline-text\">Unternehmen dabei helfen, ihre CO2-Bilanz zu senken<\/h3>\n\n\n\n<p>Die Kernkompetenz von Spacewell liegt in der Entwicklung von integrierten Software- und Smart-Building-L\u00f6sungen f\u00fcr effektives und nachhaltiges Geb\u00e4udemanagement. Wir helfen allen Unternehmen, ob gro\u00df oder klein und aus jeder Branche, ihren CO2-Fu\u00dfabdruck zu senken, indem wir die Raum- und Energieeffizienz in ihren Geb\u00e4udeportfolios optimieren. Und wir unterst\u00fctzen sie dabei, menschenorientierte, kooperative und gesunde Arbeitspl\u00e4tze zu schaffen.<\/p>\n\n\n\n<p><strong>Lesen Sie unseren <a href=\"https:\/\/spacewell.com\/de\/ressourcen\/forschung-einblicke\/datengestuetzte-esg-strategie-wie-das-facilitymanagement-den-weg-weisen-kann\/\">e-Guide \u00fcber ESG im Facility-Management<\/a><\/strong>: \u201eDatengest\u00fctzte ESG-Strategie: Wie das Facilitymanagement den Weg weisen kann\u201c<\/p>\n\n\n<div class=\"gb-container gb-container-59481ee3 cursor-pointer\" id=\"open-video-overlay-1\">\n\n<figure class=\"gb-block-image gb-block-image-b00b3e76\"><img loading=\"lazy\" decoding=\"async\" width=\"1280\" height=\"720\" class=\"gb-image gb-image-b00b3e76 gb-image-b19acb23\" src=\"\/wp-content\/uploads\/2023\/08\/maxresdefault.webp\" alt=\"Der Klimawandel ist DAS Thema unserer Zeit. \" title=\"50 Sustainability &amp; Climate Leaders initiative Thumbnail\" srcset=\"https:\/\/spacewell.com\/wp-content\/uploads\/2023\/08\/maxresdefault.webp 1280w, https:\/\/spacewell.com\/wp-content\/uploads\/2023\/08\/maxresdefault-500x281.webp 500w, https:\/\/spacewell.com\/wp-content\/uploads\/2023\/08\/maxresdefault-1024x576.webp 1024w, https:\/\/spacewell.com\/wp-content\/uploads\/2023\/08\/maxresdefault-768x432.webp 768w\" sizes=\"auto, (max-width: 1280px) 100vw, 1280px\" \/><\/figure>\n\n\n<div class=\"gb-container gb-container-6afed2ea play-button\"><\/div>\n<\/div>\n\n<div id=\"video-overlay-1\" data-video-id=\"fcgoPRqDGJY\" class=\"wp-block-sw-blocks-modal-video\">\n  \n\n<div class=\"modal-header\">\n      <div class=\"modal-header-left\">\n      <\/div> \n      <div class=\"modal-header-right\">\n        <button class=\"close-button video-close-button\">\n          <svg xmlns=\"http:\/\/www.w3.org\/2000\/svg\" viewBox=\"0 0 512 512\">\n            <path\n              d=\"M175 175C184.4 165.7 199.6 165.7 208.1 175L255.1 222.1L303 175C312.4 165.7 327.6 165.7 336.1 175C346.3 184.4 346.3 199.6 336.1 208.1L289.9 255.1L336.1 303C346.3 312.4 346.3 327.6 336.1 336.1C327.6 346.3 312.4 346.3 303 336.1L255.1 289.9L208.1 336.1C199.6 346.3 184.4 346.3 175 336.1C165.7 327.6 165.7 312.4 175 303L222.1 255.1L175 208.1C165.7 199.6 165.7 184.4 175 175V175zM512 256C512 397.4 397.4 512 256 512C114.6 512 0 397.4 0 256C0 114.6 114.6 0 256 0C397.4 0 512 114.6 512 256zM256 48C141.1 48 48 141.1 48 256C48 370.9 141.1 464 256 464C370.9 464 464 370.9 464 256C464 141.1 370.9 48 256 48z\"\n              fill=\"currentcolor\" \/>\n          <\/svg>\n        <\/button>\n      <\/div>\n    <\/div>\n    \n    <div class=\"modal video-modal\">\n\n    <div class=\"modal-content-box\">\n      <div class=\"video-content\">\n      <\/div>\n    <\/div>\n\n  <\/div>\n<\/div>\n\n\n<h3 class=\"gb-headline gb-headline-ed48889e gb-headline-text\">Nachhaltigkeits- und Klimaschutzinitiative \u201e50 Sustainability &amp; Climate Leaders\u201c<\/h3>\n\n\n\n<p>Der Klimawandel ist DAS Thema unserer Zeit. Die Nemetschek Groupgeh\u00f6rt zu den \u201e50 Sustainability &amp; Climate Leaders\u201c, die von den Vereinten Nationen nominiert wurden und Best Practices und positive Klimaschutzma\u00dfnahmen vorweisen k\u00f6nnen.<\/p>\n\n\n\n<h3 class=\"gb-headline gb-headline-c6d70c55 gb-headline-text\">Ein Spacewell-Wald, der zum Engagement f\u00fcr den Planeten Erde inspiriert<\/h3>\n\n\n\n<p>Wir sind enthusiastische Unterst\u00fctzer von Treedom, einer Organisation, die Umweltprojekte mit sozialem Engagement in Entwicklungsl\u00e4ndern verbindet. Das Pflanzen von B\u00e4umen hilft dabei, das Treibhausgas CO2 aus der Atmosph\u00e4re zu binden und Umweltsch\u00e4den, Entwaldung und Bodenerosion entgegenzuwirken. <\/p>\n\n\n\n<p>Zu Beginn des Jahres 2021 wurden alle Spacewell-Mitarbeiter eingeladen, eine Patenschaft f\u00fcr einen eigenen Baum zu \u00fcbernehmen. Auf diese Weise pflanzen Spacewell und andere Nemetschek-Group-Marken einen virtuellen Unternehmenswald mit insgesamt mehr als 2.000 B\u00e4umen. Jeder Baum wird fotografiert, geografisch lokalisiert und auf seiner eigenen Profilseite angezeigt. Das bezieht unsere Mitarbeiter spielerisch mit ein, beteiligt sie emotional und vergegenw\u00e4rtigt ihnen \u2013 \u00fcber regem\u00e4\u00dfige Updates \u2013 das langfristige Nachhaltigkeitsengagement unseres Unternehmens.<\/p>\n\n<\/div>\n<figure class=\"gb-block-image gb-block-image-3145370a\"><img loading=\"lazy\" decoding=\"async\" width=\"1200\" height=\"700\" class=\"gb-image gb-image-3145370a\" src=\"\/wp-content\/uploads\/2023\/08\/treedom-kenya-1200-700.jpg\" alt=\"Kenianer halten B\u00e4umchen\" srcset=\"https:\/\/spacewell.com\/wp-content\/uploads\/2023\/08\/treedom-kenya-1200-700.jpg 1200w, https:\/\/spacewell.com\/wp-content\/uploads\/2023\/08\/treedom-kenya-1200-700-500x292.jpg 500w, https:\/\/spacewell.com\/wp-content\/uploads\/2023\/08\/treedom-kenya-1200-700-1024x597.jpg 1024w, https:\/\/spacewell.com\/wp-content\/uploads\/2023\/08\/treedom-kenya-1200-700-768x448.jpg 768w\" sizes=\"auto, (max-width: 1200px) 100vw, 1200px\" \/><\/figure>\n","protected":false},"excerpt":{"rendered":"<p>Unternehmerische Verantwortung und nachhaltige Entwicklung Es ist an der Zeit, das Versprechen von Digitaltechnik und Technologie einzul\u00f6sen Verantwortungsvolle Unternehmensf\u00fchrung Spacewell, ein Unternehmen der Nemetschek Group, hat es sich zum Ziel gesetzt, auf gesellschaftlich verantwortliche Weise zu agieren und zur nachhaltigen Entwicklung beizutragen, in \u00dcbereinstimmung mit der internationalen Norm ISO 26000 Leitfaden zur gesellschaftlichen Verantwortung (\u201eGuidance &#8230; <a title=\"Unternehmerische Verantwortung und nachhaltige Entwicklung\" class=\"read-more\" href=\"https:\/\/spacewell.com\/de\/unternehmen\/unternehmerische-verantwortung-und-nachhaltige-entwicklung\/\" aria-label=\"Mehr Informationen \u00fcber Unternehmerische Verantwortung und nachhaltige Entwicklung\">Weiterlesen &#8230;<\/a><\/p>\n","protected":false},"author":29,"featured_media":13186,"parent":277,"menu_order":0,"comment_status":"closed","ping_status":"closed","template":"","meta":{"_acf_changed":false,"footnotes":""},"class_list":{"0":"post-416","1":"page","2":"type-page","3":"status-publish","4":"has-post-thumbnail","6":"no-featured-image-padding"},"acf":[],"yoast_head":"<!-- This site is optimized with the Yoast SEO Premium plugin v26.0 (Yoast SEO v27.5) - https:\/\/yoast.com\/product\/yoast-seo-premium-wordpress\/ -->\n<title>Soziale Verantwortung des Unternehmens | Spacewell<\/title>\n<meta name=\"description\" content=\"Spacewell ist bestrebt, sozial verantwortlich zu handeln, die ethische Gesch\u00e4ftspraktiken f\u00f6rdert und zu einer nachhaltigen Entwicklung beitr\u00e4gt\" \/>\n<meta name=\"robots\" content=\"index, follow, max-snippet:-1, max-image-preview:large, max-video-preview:-1\" \/>\n<link rel=\"canonical\" href=\"https:\/\/spacewell.com\/de\/unternehmen\/unternehmerische-verantwortung-und-nachhaltige-entwicklung\/\" \/>\n<meta property=\"og:locale\" content=\"de_DE\" \/>\n<meta property=\"og:type\" content=\"article\" \/>\n<meta property=\"og:title\" content=\"Unternehmerische Verantwortung und nachhaltige Entwicklung\" \/>\n<meta property=\"og:description\" content=\"Spacewell ist bestrebt, sozial verantwortlich zu handeln, die ethische Gesch\u00e4ftspraktiken f\u00f6rdert und zu einer nachhaltigen Entwicklung beitr\u00e4gt\" \/>\n<meta property=\"og:url\" content=\"https:\/\/spacewell.com\/de\/unternehmen\/unternehmerische-verantwortung-und-nachhaltige-entwicklung\/\" \/>\n<meta property=\"og:site_name\" content=\"Spacewell | A Nemetschek Company\" \/>\n<meta property=\"article:publisher\" content=\"https:\/\/www.facebook.com\/SpacewellHQ\" \/>\n<meta property=\"article:modified_time\" content=\"2023-10-25T11:53:37+00:00\" \/>\n<meta property=\"og:image\" content=\"https:\/\/spacewell.com\/wp-content\/uploads\/2023\/08\/gmao-1200x630-1.jpg\" \/>\n\t<meta property=\"og:image:width\" content=\"1200\" \/>\n\t<meta property=\"og:image:height\" content=\"630\" \/>\n\t<meta property=\"og:image:type\" content=\"image\/jpeg\" \/>\n<meta name=\"twitter:card\" content=\"summary_large_image\" \/>\n<meta name=\"twitter:site\" content=\"@Spacewell_HQ\" \/>\n<meta name=\"twitter:label1\" content=\"Gesch\u00e4tzte Lesezeit\" \/>\n\t<meta name=\"twitter:data1\" content=\"3\u00a0Minuten\" \/>\n<script type=\"application\/ld+json\" class=\"yoast-schema-graph\">{\"@context\":\"https:\\\/\\\/schema.org\",\"@graph\":[{\"@type\":\"WebPage\",\"@id\":\"https:\\\/\\\/spacewell.com\\\/de\\\/unternehmen\\\/unternehmerische-verantwortung-und-nachhaltige-entwicklung\\\/\",\"url\":\"https:\\\/\\\/spacewell.com\\\/de\\\/unternehmen\\\/unternehmerische-verantwortung-und-nachhaltige-entwicklung\\\/\",\"name\":\"Soziale Verantwortung des Unternehmens | Spacewell\",\"isPartOf\":{\"@id\":\"https:\\\/\\\/spacewell.com\\\/de\\\/#website\"},\"primaryImageOfPage\":{\"@id\":\"https:\\\/\\\/spacewell.com\\\/de\\\/unternehmen\\\/unternehmerische-verantwortung-und-nachhaltige-entwicklung\\\/#primaryimage\"},\"image\":{\"@id\":\"https:\\\/\\\/spacewell.com\\\/de\\\/unternehmen\\\/unternehmerische-verantwortung-und-nachhaltige-entwicklung\\\/#primaryimage\"},\"thumbnailUrl\":\"https:\\\/\\\/spacewell.com\\\/wp-content\\\/uploads\\\/2023\\\/08\\\/gmao-1200x630-1.jpg\",\"datePublished\":\"2023-06-01T09:20:10+00:00\",\"dateModified\":\"2023-10-25T11:53:37+00:00\",\"description\":\"Spacewell ist bestrebt, sozial verantwortlich zu handeln, die ethische Gesch\u00e4ftspraktiken f\u00f6rdert und zu einer nachhaltigen Entwicklung beitr\u00e4gt\",\"breadcrumb\":{\"@id\":\"https:\\\/\\\/spacewell.com\\\/de\\\/unternehmen\\\/unternehmerische-verantwortung-und-nachhaltige-entwicklung\\\/#breadcrumb\"},\"inLanguage\":\"de\",\"potentialAction\":[{\"@type\":\"ReadAction\",\"target\":[\"https:\\\/\\\/spacewell.com\\\/de\\\/unternehmen\\\/unternehmerische-verantwortung-und-nachhaltige-entwicklung\\\/\"]}]},{\"@type\":\"ImageObject\",\"inLanguage\":\"de\",\"@id\":\"https:\\\/\\\/spacewell.com\\\/de\\\/unternehmen\\\/unternehmerische-verantwortung-und-nachhaltige-entwicklung\\\/#primaryimage\",\"url\":\"https:\\\/\\\/spacewell.com\\\/wp-content\\\/uploads\\\/2023\\\/08\\\/gmao-1200x630-1.jpg\",\"contentUrl\":\"https:\\\/\\\/spacewell.com\\\/wp-content\\\/uploads\\\/2023\\\/08\\\/gmao-1200x630-1.jpg\",\"width\":1200,\"height\":630,\"caption\":\"GMAO\"},{\"@type\":\"BreadcrumbList\",\"@id\":\"https:\\\/\\\/spacewell.com\\\/de\\\/unternehmen\\\/unternehmerische-verantwortung-und-nachhaltige-entwicklung\\\/#breadcrumb\",\"itemListElement\":[{\"@type\":\"ListItem\",\"position\":1,\"name\":\"Home\",\"item\":\"https:\\\/\\\/spacewell.com\\\/de\\\/\"},{\"@type\":\"ListItem\",\"position\":2,\"name\":\"Unternehmen\",\"item\":\"https:\\\/\\\/spacewell.com\\\/de\\\/unternehmen\\\/\"},{\"@type\":\"ListItem\",\"position\":3,\"name\":\"Unternehmerische Verantwortung und nachhaltige Entwicklung\"}]},{\"@type\":\"WebSite\",\"@id\":\"https:\\\/\\\/spacewell.com\\\/de\\\/#website\",\"url\":\"https:\\\/\\\/spacewell.com\\\/de\\\/\",\"name\":\"Spacewell | A Nemetschek Company\",\"description\":\"Make buildings work for people\",\"publisher\":{\"@id\":\"https:\\\/\\\/spacewell.com\\\/de\\\/#organization\"},\"potentialAction\":[{\"@type\":\"SearchAction\",\"target\":{\"@type\":\"EntryPoint\",\"urlTemplate\":\"https:\\\/\\\/spacewell.com\\\/de\\\/?s={search_term_string}\"},\"query-input\":{\"@type\":\"PropertyValueSpecification\",\"valueRequired\":true,\"valueName\":\"search_term_string\"}}],\"inLanguage\":\"de\"},{\"@type\":\"Organization\",\"@id\":\"https:\\\/\\\/spacewell.com\\\/de\\\/#organization\",\"name\":\"Spacewell | A Nemetschek Company\",\"url\":\"https:\\\/\\\/spacewell.com\\\/de\\\/\",\"logo\":{\"@type\":\"ImageObject\",\"inLanguage\":\"de\",\"@id\":\"https:\\\/\\\/spacewell.com\\\/de\\\/#\\\/schema\\\/logo\\\/image\\\/\",\"url\":\"https:\\\/\\\/spacewell.com\\\/wp-content\\\/uploads\\\/2023\\\/05\\\/spacewell-logo-500x88-1.webp\",\"contentUrl\":\"https:\\\/\\\/spacewell.com\\\/wp-content\\\/uploads\\\/2023\\\/05\\\/spacewell-logo-500x88-1.webp\",\"width\":500,\"height\":88,\"caption\":\"Spacewell | A Nemetschek Company\"},\"image\":{\"@id\":\"https:\\\/\\\/spacewell.com\\\/de\\\/#\\\/schema\\\/logo\\\/image\\\/\"},\"sameAs\":[\"https:\\\/\\\/www.facebook.com\\\/SpacewellHQ\",\"https:\\\/\\\/x.com\\\/Spacewell_HQ\"]}]}<\/script>\n<!-- \/ Yoast SEO Premium plugin. -->","yoast_head_json":{"title":"Soziale Verantwortung des Unternehmens | Spacewell","description":"Spacewell ist bestrebt, sozial verantwortlich zu handeln, die ethische Gesch\u00e4ftspraktiken f\u00f6rdert und zu einer nachhaltigen Entwicklung beitr\u00e4gt","robots":{"index":"index","follow":"follow","max-snippet":"max-snippet:-1","max-image-preview":"max-image-preview:large","max-video-preview":"max-video-preview:-1"},"canonical":"https:\/\/spacewell.com\/de\/unternehmen\/unternehmerische-verantwortung-und-nachhaltige-entwicklung\/","og_locale":"de_DE","og_type":"article","og_title":"Unternehmerische Verantwortung und nachhaltige Entwicklung","og_description":"Spacewell ist bestrebt, sozial verantwortlich zu handeln, die ethische Gesch\u00e4ftspraktiken f\u00f6rdert und zu einer nachhaltigen Entwicklung beitr\u00e4gt","og_url":"https:\/\/spacewell.com\/de\/unternehmen\/unternehmerische-verantwortung-und-nachhaltige-entwicklung\/","og_site_name":"Spacewell | A Nemetschek Company","article_publisher":"https:\/\/www.facebook.com\/SpacewellHQ","article_modified_time":"2023-10-25T11:53:37+00:00","og_image":[{"width":1200,"height":630,"url":"https:\/\/spacewell.com\/wp-content\/uploads\/2023\/08\/gmao-1200x630-1.jpg","type":"image\/jpeg"}],"twitter_card":"summary_large_image","twitter_site":"@Spacewell_HQ","twitter_misc":{"Gesch\u00e4tzte Lesezeit":"3\u00a0Minuten"},"schema":{"@context":"https:\/\/schema.org","@graph":[{"@type":"WebPage","@id":"https:\/\/spacewell.com\/de\/unternehmen\/unternehmerische-verantwortung-und-nachhaltige-entwicklung\/","url":"https:\/\/spacewell.com\/de\/unternehmen\/unternehmerische-verantwortung-und-nachhaltige-entwicklung\/","name":"Soziale Verantwortung des Unternehmens | Spacewell","isPartOf":{"@id":"https:\/\/spacewell.com\/de\/#website"},"primaryImageOfPage":{"@id":"https:\/\/spacewell.com\/de\/unternehmen\/unternehmerische-verantwortung-und-nachhaltige-entwicklung\/#primaryimage"},"image":{"@id":"https:\/\/spacewell.com\/de\/unternehmen\/unternehmerische-verantwortung-und-nachhaltige-entwicklung\/#primaryimage"},"thumbnailUrl":"https:\/\/spacewell.com\/wp-content\/uploads\/2023\/08\/gmao-1200x630-1.jpg","datePublished":"2023-06-01T09:20:10+00:00","dateModified":"2023-10-25T11:53:37+00:00","description":"Spacewell ist bestrebt, sozial verantwortlich zu handeln, die ethische Gesch\u00e4ftspraktiken f\u00f6rdert und zu einer nachhaltigen Entwicklung beitr\u00e4gt","breadcrumb":{"@id":"https:\/\/spacewell.com\/de\/unternehmen\/unternehmerische-verantwortung-und-nachhaltige-entwicklung\/#breadcrumb"},"inLanguage":"de","potentialAction":[{"@type":"ReadAction","target":["https:\/\/spacewell.com\/de\/unternehmen\/unternehmerische-verantwortung-und-nachhaltige-entwicklung\/"]}]},{"@type":"ImageObject","inLanguage":"de","@id":"https:\/\/spacewell.com\/de\/unternehmen\/unternehmerische-verantwortung-und-nachhaltige-entwicklung\/#primaryimage","url":"https:\/\/spacewell.com\/wp-content\/uploads\/2023\/08\/gmao-1200x630-1.jpg","contentUrl":"https:\/\/spacewell.com\/wp-content\/uploads\/2023\/08\/gmao-1200x630-1.jpg","width":1200,"height":630,"caption":"GMAO"},{"@type":"BreadcrumbList","@id":"https:\/\/spacewell.com\/de\/unternehmen\/unternehmerische-verantwortung-und-nachhaltige-entwicklung\/#breadcrumb","itemListElement":[{"@type":"ListItem","position":1,"name":"Home","item":"https:\/\/spacewell.com\/de\/"},{"@type":"ListItem","position":2,"name":"Unternehmen","item":"https:\/\/spacewell.com\/de\/unternehmen\/"},{"@type":"ListItem","position":3,"name":"Unternehmerische Verantwortung und nachhaltige Entwicklung"}]},{"@type":"WebSite","@id":"https:\/\/spacewell.com\/de\/#website","url":"https:\/\/spacewell.com\/de\/","name":"Spacewell | A Nemetschek Company","description":"Make buildings work for people","publisher":{"@id":"https:\/\/spacewell.com\/de\/#organization"},"potentialAction":[{"@type":"SearchAction","target":{"@type":"EntryPoint","urlTemplate":"https:\/\/spacewell.com\/de\/?s={search_term_string}"},"query-input":{"@type":"PropertyValueSpecification","valueRequired":true,"valueName":"search_term_string"}}],"inLanguage":"de"},{"@type":"Organization","@id":"https:\/\/spacewell.com\/de\/#organization","name":"Spacewell | A Nemetschek Company","url":"https:\/\/spacewell.com\/de\/","logo":{"@type":"ImageObject","inLanguage":"de","@id":"https:\/\/spacewell.com\/de\/#\/schema\/logo\/image\/","url":"https:\/\/spacewell.com\/wp-content\/uploads\/2023\/05\/spacewell-logo-500x88-1.webp","contentUrl":"https:\/\/spacewell.com\/wp-content\/uploads\/2023\/05\/spacewell-logo-500x88-1.webp","width":500,"height":88,"caption":"Spacewell | A Nemetschek Company"},"image":{"@id":"https:\/\/spacewell.com\/de\/#\/schema\/logo\/image\/"},"sameAs":["https:\/\/www.facebook.com\/SpacewellHQ","https:\/\/x.com\/Spacewell_HQ"]}]}},"_links":{"self":[{"href":"https:\/\/spacewell.com\/de\/wp-json\/wp\/v2\/pages\/416","targetHints":{"allow":["GET"]}}],"collection":[{"href":"https:\/\/spacewell.com\/de\/wp-json\/wp\/v2\/pages"}],"about":[{"href":"https:\/\/spacewell.com\/de\/wp-json\/wp\/v2\/types\/page"}],"author":[{"embeddable":true,"href":"https:\/\/spacewell.com\/de\/wp-json\/wp\/v2\/users\/29"}],"replies":[{"embeddable":true,"href":"https:\/\/spacewell.com\/de\/wp-json\/wp\/v2\/comments?post=416"}],"version-history":[{"count":0,"href":"https:\/\/spacewell.com\/de\/wp-json\/wp\/v2\/pages\/416\/revisions"}],"up":[{"embeddable":true,"href":"https:\/\/spacewell.com\/de\/wp-json\/wp\/v2\/pages\/277"}],"wp:featuredmedia":[{"embeddable":true,"href":"https:\/\/spacewell.com\/de\/wp-json\/wp\/v2\/media\/13186"}],"wp:attachment":[{"href":"https:\/\/spacewell.com\/de\/wp-json\/wp\/v2\/media?parent=416"}],"curies":[{"name":"wp","href":"https:\/\/api.w.org\/{rel}","templated":true}]}}