


{"id":392,"date":"2023-06-01T09:34:29","date_gmt":"2023-06-01T07:34:29","guid":{"rendered":"https:\/\/spacewell.com\/unternehmen\/kontaktieren-sie-uns\/emea\/"},"modified":"2023-10-26T16:19:18","modified_gmt":"2023-10-26T14:19:18","slug":"emea","status":"publish","type":"page","link":"https:\/\/spacewell.com\/de\/standorte\/emea\/","title":{"rendered":"EMEA"},"content":{"rendered":"<div class=\"gb-container gb-container-ff16b206\">\n<div class=\"gb-container gb-container-4f0b20d1\">\n\n<h1 class=\"gb-headline gb-headline-4924d78c gb-headline-text gb-headline-902a6ace m-0\">EMEA<\/h1>\n\n<\/div>\n<\/div>\n\n<div class=\"gb-container gb-container-73b50695\">\n<div class=\"wp-block-sw-blocks-map\">\n\t<div id=\"google-map\" style=\"height:500px\"><\/div>\n<\/div>\n<script>\n\tfunction initMap() {\n\t\tconst markers = [{\"address\":\"Sneeuwbeslaan 20, 2610 Antwerpen, Belgium\",\"title\":\"Belgium\"},{\"address\":\"Balcke-D\\u00fcrr-Allee 1, 40882 Ratingen, Germany\",\"title\":\"Germany\"},{\"address\":\"Groningensingel 1, 6835 EA Arnhem, Netherlands\",\"title\":\"Netherlands\"},{\"address\":\"Marma 113, 741 93 Knivsta, Sweden\",\"title\":\"Sweden\"},{\"address\":\"5 Rue du Clo\\u00eetre Saint-Merri, 75004 Paris, France\",\"title\":\"France\"},{\"address\":\"C\\\/ de N\\u00e0pols, 189, bajos d, 08013 Barcelona, Spain\",\"title\":\"Spain\"}];\n\t\tinitialiseMap(markers);\n\t}\n<\/script>\n<\/div>\n\n<div class=\"gb-container gb-container-72d5f8b0\">\n<div class=\"gb-container gb-container-b9476d52 gb-container-5731d80c\">\n<div class=\"gb-container gb-container-184c2c3c\">\n\n<h3 class=\"gb-headline gb-headline-b8685042 gb-headline-text\">EMEA<\/h3>\n\n<\/div>\n\n<div class=\"gb-grid-wrapper gb-grid-wrapper-f6111984\">\n<div class=\"gb-grid-column gb-grid-column-3fbe469c\"><div class=\"gb-container gb-container-3fbe469c\">\n\n<h4 class=\"gb-headline gb-headline-56c8321d gb-headline-text\">Belgien<\/h4>\n\n\n\n<p>Sneeuwbeslaan 20b3<br>2610 Antwerp (Belgium)<br>+32 (0)3 829 04 95<br>info@spacewell.com<\/p>\n\n\n\n<h4 class=\"gb-headline gb-headline-67b7c882 gb-headline-text\">Deutschland<\/h4>\n\n\n\n<p>Balcke-D\u00fcrr-Allee 1<br>40882 Ratingen<br>+49 2102 55460<br>Deutschland@spacewell.com<\/p>\n\n\n\n<h4 class=\"gb-headline gb-headline-94280a4c gb-headline-text\">Nordische L\u00e4nder &amp; Baltikum \u2013 Stockholm<\/h4>\n\n\n\n<p>Marma 113<br>74193 Knivsta, Uppsala, Sweden<br>+46 (0)1 871 3600 \/ +46 (0) 727217600<br>Nordics@spacewell.com<\/p>\n\n\n\n<h4 class=\"gb-headline gb-headline-d75cc373 gb-headline-text\">Andere EMEA-L\u00e4nder <\/h4>\n\n\n\n<p>+32 (0)3 829 04 95<br>info@spacewell.com<\/p>\n\n<\/div><\/div>\n\n<div class=\"gb-grid-column gb-grid-column-00c17aef\"><div class=\"gb-container gb-container-00c17aef\">\n\n<h4 class=\"gb-headline gb-headline-9a0d80f7 gb-headline-text\">Frankreich<\/h4>\n\n\n\n<p>5 Rue du Clo\u00eetre Saint-Merri<br>75004 Paris<br>+33 (0)1 8425 7928<br>France@spacewell.com<\/p>\n\n\n\n<h4 class=\"gb-headline gb-headline-df61d1c6 gb-headline-text\">Spanien (Dexma)<\/h4>\n\n\n\n<p>C\/ N\u00e0pols 189, Bajos D<br>08013 Barcelona, Spain<br>+34 931 810 195<br>marketing@dexma.com<\/p>\n\n\n\n<h4 class=\"gb-headline gb-headline-8249de06 gb-headline-text\">Niederlande<\/h4>\n\n\n\n<p>Groningensingel 1 (1. Stock, Fl\u00fcgel B)<br>6835 EA Arnhem<br>+31 (0)85 0449 309<br>Nederland@spacewell.com<\/p>\n\n<\/div><\/div>\n<\/div>\n<\/div>\n<\/div>","protected":false},"excerpt":{"rendered":"<p>EMEA EMEA<\/p>\n","protected":false},"author":29,"featured_media":23896,"parent":327,"menu_order":0,"comment_status":"closed","ping_status":"closed","template":"","meta":{"_acf_changed":false,"footnotes":""},"class_list":{"0":"post-392","1":"page","2":"type-page","3":"status-publish","4":"has-post-thumbnail","6":"no-featured-image-padding"},"acf":[],"yoast_head":"<!-- This site is optimized with the Yoast SEO Premium plugin v26.0 (Yoast SEO v27.4) - https:\/\/yoast.com\/product\/yoast-seo-premium-wordpress\/ -->\n<title>EMEA | Spacewell<\/title>\n<meta name=\"description\" content=\"M\u00f6chten Sie die Leistung Ihres EMEA-Geb\u00e4udeportfolios und Ihrer agilen Arbeitspl\u00e4tze verbessern? Kontaktieren Sie noch heute eine unserer Niederlassungen.&quot; class=&quot;yoast-seo-meta-tag\" \/>\n<meta name=\"robots\" content=\"index, follow, max-snippet:-1, max-image-preview:large, max-video-preview:-1\" \/>\n<link rel=\"canonical\" href=\"https:\/\/spacewell.com\/de\/standorte\/emea\/\" \/>\n<meta property=\"og:locale\" content=\"de_DE\" \/>\n<meta property=\"og:type\" content=\"article\" \/>\n<meta property=\"og:title\" content=\"EMEA\" \/>\n<meta property=\"og:description\" content=\"M\u00f6chten Sie die Leistung Ihres EMEA-Geb\u00e4udeportfolios und Ihrer agilen Arbeitspl\u00e4tze verbessern? Kontaktieren Sie noch heute eine unserer Niederlassungen.&quot; class=&quot;yoast-seo-meta-tag\" \/>\n<meta property=\"og:url\" content=\"https:\/\/spacewell.com\/de\/standorte\/emea\/\" \/>\n<meta property=\"og:site_name\" content=\"Spacewell | A Nemetschek Company\" \/>\n<meta property=\"article:publisher\" content=\"https:\/\/www.facebook.com\/SpacewellHQ\" \/>\n<meta property=\"article:modified_time\" content=\"2023-10-26T14:19:18+00:00\" \/>\n<meta property=\"og:image\" content=\"https:\/\/spacewell.com\/wp-content\/uploads\/2023\/10\/person-looking-at-laptop-holding-a-phone-1200x630-1.png\" \/>\n\t<meta property=\"og:image:width\" content=\"1200\" \/>\n\t<meta property=\"og:image:height\" content=\"630\" \/>\n\t<meta property=\"og:image:type\" content=\"image\/png\" \/>\n<meta name=\"twitter:card\" content=\"summary_large_image\" \/>\n<meta name=\"twitter:site\" content=\"@Spacewell_HQ\" \/>\n<meta name=\"twitter:label1\" content=\"Gesch\u00e4tzte Lesezeit\" \/>\n\t<meta name=\"twitter:data1\" content=\"1\u00a0Minute\" \/>\n<script type=\"application\/ld+json\" class=\"yoast-schema-graph\">{\"@context\":\"https:\\\/\\\/schema.org\",\"@graph\":[{\"@type\":\"WebPage\",\"@id\":\"https:\\\/\\\/spacewell.com\\\/de\\\/standorte\\\/emea\\\/\",\"url\":\"https:\\\/\\\/spacewell.com\\\/de\\\/standorte\\\/emea\\\/\",\"name\":\"EMEA | Spacewell\",\"isPartOf\":{\"@id\":\"https:\\\/\\\/spacewell.com\\\/de\\\/#website\"},\"primaryImageOfPage\":{\"@id\":\"https:\\\/\\\/spacewell.com\\\/de\\\/standorte\\\/emea\\\/#primaryimage\"},\"image\":{\"@id\":\"https:\\\/\\\/spacewell.com\\\/de\\\/standorte\\\/emea\\\/#primaryimage\"},\"thumbnailUrl\":\"https:\\\/\\\/spacewell.com\\\/wp-content\\\/uploads\\\/2023\\\/10\\\/person-looking-at-laptop-holding-a-phone-1200x630-1.png\",\"datePublished\":\"2023-06-01T07:34:29+00:00\",\"dateModified\":\"2023-10-26T14:19:18+00:00\",\"description\":\"M\u00f6chten Sie die Leistung Ihres EMEA-Geb\u00e4udeportfolios und Ihrer agilen Arbeitspl\u00e4tze verbessern? Kontaktieren Sie noch heute eine unserer Niederlassungen.\\\" class=\\\"yoast-seo-meta-tag\",\"breadcrumb\":{\"@id\":\"https:\\\/\\\/spacewell.com\\\/de\\\/standorte\\\/emea\\\/#breadcrumb\"},\"inLanguage\":\"de\",\"potentialAction\":[{\"@type\":\"ReadAction\",\"target\":[\"https:\\\/\\\/spacewell.com\\\/de\\\/standorte\\\/emea\\\/\"]}]},{\"@type\":\"ImageObject\",\"inLanguage\":\"de\",\"@id\":\"https:\\\/\\\/spacewell.com\\\/de\\\/standorte\\\/emea\\\/#primaryimage\",\"url\":\"https:\\\/\\\/spacewell.com\\\/wp-content\\\/uploads\\\/2023\\\/10\\\/person-looking-at-laptop-holding-a-phone-1200x630-1.png\",\"contentUrl\":\"https:\\\/\\\/spacewell.com\\\/wp-content\\\/uploads\\\/2023\\\/10\\\/person-looking-at-laptop-holding-a-phone-1200x630-1.png\",\"width\":1200,\"height\":630,\"caption\":\"Person, die auf einen Laptop schaut und ein Telefon h\u00e4lt\"},{\"@type\":\"BreadcrumbList\",\"@id\":\"https:\\\/\\\/spacewell.com\\\/de\\\/standorte\\\/emea\\\/#breadcrumb\",\"itemListElement\":[{\"@type\":\"ListItem\",\"position\":1,\"name\":\"Home\",\"item\":\"https:\\\/\\\/spacewell.com\\\/de\\\/\"},{\"@type\":\"ListItem\",\"position\":2,\"name\":\"Standorte\",\"item\":\"https:\\\/\\\/spacewell.com\\\/de\\\/standorte\\\/\"},{\"@type\":\"ListItem\",\"position\":3,\"name\":\"EMEA\"}]},{\"@type\":\"WebSite\",\"@id\":\"https:\\\/\\\/spacewell.com\\\/de\\\/#website\",\"url\":\"https:\\\/\\\/spacewell.com\\\/de\\\/\",\"name\":\"Spacewell | A Nemetschek Company\",\"description\":\"Make buildings work for people\",\"publisher\":{\"@id\":\"https:\\\/\\\/spacewell.com\\\/de\\\/#organization\"},\"potentialAction\":[{\"@type\":\"SearchAction\",\"target\":{\"@type\":\"EntryPoint\",\"urlTemplate\":\"https:\\\/\\\/spacewell.com\\\/de\\\/?s={search_term_string}\"},\"query-input\":{\"@type\":\"PropertyValueSpecification\",\"valueRequired\":true,\"valueName\":\"search_term_string\"}}],\"inLanguage\":\"de\"},{\"@type\":\"Organization\",\"@id\":\"https:\\\/\\\/spacewell.com\\\/de\\\/#organization\",\"name\":\"Spacewell | A Nemetschek Company\",\"url\":\"https:\\\/\\\/spacewell.com\\\/de\\\/\",\"logo\":{\"@type\":\"ImageObject\",\"inLanguage\":\"de\",\"@id\":\"https:\\\/\\\/spacewell.com\\\/de\\\/#\\\/schema\\\/logo\\\/image\\\/\",\"url\":\"https:\\\/\\\/spacewell.com\\\/wp-content\\\/uploads\\\/2023\\\/05\\\/spacewell-logo-500x88-1.webp\",\"contentUrl\":\"https:\\\/\\\/spacewell.com\\\/wp-content\\\/uploads\\\/2023\\\/05\\\/spacewell-logo-500x88-1.webp\",\"width\":500,\"height\":88,\"caption\":\"Spacewell | A Nemetschek Company\"},\"image\":{\"@id\":\"https:\\\/\\\/spacewell.com\\\/de\\\/#\\\/schema\\\/logo\\\/image\\\/\"},\"sameAs\":[\"https:\\\/\\\/www.facebook.com\\\/SpacewellHQ\",\"https:\\\/\\\/x.com\\\/Spacewell_HQ\"]}]}<\/script>\n<!-- \/ Yoast SEO Premium plugin. -->","yoast_head_json":{"title":"EMEA | Spacewell","description":"M\u00f6chten Sie die Leistung Ihres EMEA-Geb\u00e4udeportfolios und Ihrer agilen Arbeitspl\u00e4tze verbessern? Kontaktieren Sie noch heute eine unserer Niederlassungen.\" class=\"yoast-seo-meta-tag","robots":{"index":"index","follow":"follow","max-snippet":"max-snippet:-1","max-image-preview":"max-image-preview:large","max-video-preview":"max-video-preview:-1"},"canonical":"https:\/\/spacewell.com\/de\/standorte\/emea\/","og_locale":"de_DE","og_type":"article","og_title":"EMEA","og_description":"M\u00f6chten Sie die Leistung Ihres EMEA-Geb\u00e4udeportfolios und Ihrer agilen Arbeitspl\u00e4tze verbessern? Kontaktieren Sie noch heute eine unserer Niederlassungen.\" class=\"yoast-seo-meta-tag","og_url":"https:\/\/spacewell.com\/de\/standorte\/emea\/","og_site_name":"Spacewell | A Nemetschek Company","article_publisher":"https:\/\/www.facebook.com\/SpacewellHQ","article_modified_time":"2023-10-26T14:19:18+00:00","og_image":[{"width":1200,"height":630,"url":"https:\/\/spacewell.com\/wp-content\/uploads\/2023\/10\/person-looking-at-laptop-holding-a-phone-1200x630-1.png","type":"image\/png"}],"twitter_card":"summary_large_image","twitter_site":"@Spacewell_HQ","twitter_misc":{"Gesch\u00e4tzte Lesezeit":"1\u00a0Minute"},"schema":{"@context":"https:\/\/schema.org","@graph":[{"@type":"WebPage","@id":"https:\/\/spacewell.com\/de\/standorte\/emea\/","url":"https:\/\/spacewell.com\/de\/standorte\/emea\/","name":"EMEA | Spacewell","isPartOf":{"@id":"https:\/\/spacewell.com\/de\/#website"},"primaryImageOfPage":{"@id":"https:\/\/spacewell.com\/de\/standorte\/emea\/#primaryimage"},"image":{"@id":"https:\/\/spacewell.com\/de\/standorte\/emea\/#primaryimage"},"thumbnailUrl":"https:\/\/spacewell.com\/wp-content\/uploads\/2023\/10\/person-looking-at-laptop-holding-a-phone-1200x630-1.png","datePublished":"2023-06-01T07:34:29+00:00","dateModified":"2023-10-26T14:19:18+00:00","description":"M\u00f6chten Sie die Leistung Ihres EMEA-Geb\u00e4udeportfolios und Ihrer agilen Arbeitspl\u00e4tze verbessern? Kontaktieren Sie noch heute eine unserer Niederlassungen.\" class=\"yoast-seo-meta-tag","breadcrumb":{"@id":"https:\/\/spacewell.com\/de\/standorte\/emea\/#breadcrumb"},"inLanguage":"de","potentialAction":[{"@type":"ReadAction","target":["https:\/\/spacewell.com\/de\/standorte\/emea\/"]}]},{"@type":"ImageObject","inLanguage":"de","@id":"https:\/\/spacewell.com\/de\/standorte\/emea\/#primaryimage","url":"https:\/\/spacewell.com\/wp-content\/uploads\/2023\/10\/person-looking-at-laptop-holding-a-phone-1200x630-1.png","contentUrl":"https:\/\/spacewell.com\/wp-content\/uploads\/2023\/10\/person-looking-at-laptop-holding-a-phone-1200x630-1.png","width":1200,"height":630,"caption":"Person, die auf einen Laptop schaut und ein Telefon h\u00e4lt"},{"@type":"BreadcrumbList","@id":"https:\/\/spacewell.com\/de\/standorte\/emea\/#breadcrumb","itemListElement":[{"@type":"ListItem","position":1,"name":"Home","item":"https:\/\/spacewell.com\/de\/"},{"@type":"ListItem","position":2,"name":"Standorte","item":"https:\/\/spacewell.com\/de\/standorte\/"},{"@type":"ListItem","position":3,"name":"EMEA"}]},{"@type":"WebSite","@id":"https:\/\/spacewell.com\/de\/#website","url":"https:\/\/spacewell.com\/de\/","name":"Spacewell | A Nemetschek Company","description":"Make buildings work for people","publisher":{"@id":"https:\/\/spacewell.com\/de\/#organization"},"potentialAction":[{"@type":"SearchAction","target":{"@type":"EntryPoint","urlTemplate":"https:\/\/spacewell.com\/de\/?s={search_term_string}"},"query-input":{"@type":"PropertyValueSpecification","valueRequired":true,"valueName":"search_term_string"}}],"inLanguage":"de"},{"@type":"Organization","@id":"https:\/\/spacewell.com\/de\/#organization","name":"Spacewell | A Nemetschek Company","url":"https:\/\/spacewell.com\/de\/","logo":{"@type":"ImageObject","inLanguage":"de","@id":"https:\/\/spacewell.com\/de\/#\/schema\/logo\/image\/","url":"https:\/\/spacewell.com\/wp-content\/uploads\/2023\/05\/spacewell-logo-500x88-1.webp","contentUrl":"https:\/\/spacewell.com\/wp-content\/uploads\/2023\/05\/spacewell-logo-500x88-1.webp","width":500,"height":88,"caption":"Spacewell | A Nemetschek Company"},"image":{"@id":"https:\/\/spacewell.com\/de\/#\/schema\/logo\/image\/"},"sameAs":["https:\/\/www.facebook.com\/SpacewellHQ","https:\/\/x.com\/Spacewell_HQ"]}]}},"_links":{"self":[{"href":"https:\/\/spacewell.com\/de\/wp-json\/wp\/v2\/pages\/392","targetHints":{"allow":["GET"]}}],"collection":[{"href":"https:\/\/spacewell.com\/de\/wp-json\/wp\/v2\/pages"}],"about":[{"href":"https:\/\/spacewell.com\/de\/wp-json\/wp\/v2\/types\/page"}],"author":[{"embeddable":true,"href":"https:\/\/spacewell.com\/de\/wp-json\/wp\/v2\/users\/29"}],"replies":[{"embeddable":true,"href":"https:\/\/spacewell.com\/de\/wp-json\/wp\/v2\/comments?post=392"}],"version-history":[{"count":0,"href":"https:\/\/spacewell.com\/de\/wp-json\/wp\/v2\/pages\/392\/revisions"}],"up":[{"embeddable":true,"href":"https:\/\/spacewell.com\/de\/wp-json\/wp\/v2\/pages\/327"}],"wp:featuredmedia":[{"embeddable":true,"href":"https:\/\/spacewell.com\/de\/wp-json\/wp\/v2\/media\/23896"}],"wp:attachment":[{"href":"https:\/\/spacewell.com\/de\/wp-json\/wp\/v2\/media?parent=392"}],"curies":[{"name":"wp","href":"https:\/\/api.w.org\/{rel}","templated":true}]}}