


{"id":27774,"date":"2023-11-20T14:31:51","date_gmt":"2023-11-20T13:31:51","guid":{"rendered":"https:\/\/spacewell.com\/newsletter-anmeldung-vielen-dank\/"},"modified":"2023-11-20T14:48:04","modified_gmt":"2023-11-20T13:48:04","slug":"newsletter-anmeldung-vielen-dank","status":"publish","type":"page","link":"https:\/\/spacewell.com\/de\/newsletter-anmeldung-vielen-dank\/","title":{"rendered":"Newsletter Anmeldung vielen Dank"},"content":{"rendered":"<div class=\"gb-container gb-container-4bf91dd9 gb-container-5731d80c\">\n\n<h1 class=\"gb-headline gb-headline-2031a84f gb-headline-text\">Willkommen bei Spacewell<\/h1>\n\n\n\n<p>Vielen Dank, dass Sie unseren Newsletter abonniert haben. Sie werden ab sofort regelm\u00e4\u00dfig von uns \u00fcber Themen informiert, die f\u00fcr Sie von Interesse sind. <\/p>\n\n\n\n<p>Vielleicht m\u00f6chten Sie sich ja bereits das folgende Webinar ansehen? <a href=\"https:\/\/spacewell.com\/de\/ressourcen\/webinars\/spacewell-verdantix-digitale-zwillinge-bebaute-umwelt\/\">Wie digitale Zwillinge das Geb\u00e4udemanagement ver\u00e4ndern.<\/a><\/p>\n\n\n\n<a class=\"gb-button gb-button-d398f0ee gb-button-text gb-button-c33bffb9\" href=\"https:\/\/spacewell.com\/de\/ressourcen\/webinars\/spacewell-verdantix-digitale-zwillinge-bebaute-umwelt\/\">Aufzeichnung ansehen<\/a>\n\n\n\n<p>M\u00f6chten Sie mehr erfahren?<\/p>\n\n\n\n<a class=\"gb-button gb-button-60a2b6a2 gb-button-text gb-button-c33bffb9\" href=\"https:\/\/spacewell.com\/de\/ressourcen\/\">Ressourcen-Center erkunden<\/a>\n\n\n\n<p>Bleiben Sie dran!<br\/>Mit freundlichen Gr\u00fc\u00dfen<\/p>\n\n<\/div>","protected":false},"excerpt":{"rendered":"<p>Willkommen bei Spacewell Vielen Dank, dass Sie unseren Newsletter abonniert haben. Sie werden ab sofort regelm\u00e4\u00dfig von uns \u00fcber Themen informiert, die f\u00fcr Sie von Interesse sind. Vielleicht m\u00f6chten Sie sich ja bereits das folgende Webinar ansehen? Wie digitale Zwillinge das Geb\u00e4udemanagement ver\u00e4ndern. M\u00f6chten Sie mehr erfahren? Bleiben Sie dran!Mit freundlichen Gr\u00fc\u00dfen<\/p>\n","protected":false},"author":29,"featured_media":23745,"parent":0,"menu_order":0,"comment_status":"closed","ping_status":"closed","template":"","meta":{"_acf_changed":false,"footnotes":""},"class_list":{"0":"post-27774","1":"page","2":"type-page","3":"status-publish","4":"has-post-thumbnail","6":"no-featured-image-padding"},"acf":[],"yoast_head":"<!-- This site is optimized with the Yoast SEO Premium plugin v26.0 (Yoast SEO v27.4) - https:\/\/yoast.com\/product\/yoast-seo-premium-wordpress\/ -->\n<title>Newsletter Anmeldung vielen Dank - Spacewell | A Nemetschek Company<\/title>\n<meta name=\"robots\" content=\"index, follow, max-snippet:-1, max-image-preview:large, max-video-preview:-1\" \/>\n<link rel=\"canonical\" href=\"https:\/\/spacewell.com\/de\/newsletter-anmeldung-vielen-dank\/\" \/>\n<meta property=\"og:locale\" content=\"de_DE\" \/>\n<meta property=\"og:type\" content=\"article\" \/>\n<meta property=\"og:title\" content=\"Newsletter Anmeldung vielen Dank\" \/>\n<meta property=\"og:description\" content=\"Willkommen bei Spacewell Vielen Dank, dass Sie unseren Newsletter abonniert haben. Sie werden ab sofort regelm\u00e4\u00dfig von uns \u00fcber Themen informiert, die f\u00fcr Sie von Interesse sind. Vielleicht m\u00f6chten Sie sich ja bereits das folgende Webinar ansehen? Wie digitale Zwillinge das Geb\u00e4udemanagement ver\u00e4ndern. M\u00f6chten Sie mehr erfahren? Bleiben Sie dran!Mit freundlichen Gr\u00fc\u00dfen\" \/>\n<meta property=\"og:url\" content=\"https:\/\/spacewell.com\/de\/newsletter-anmeldung-vielen-dank\/\" \/>\n<meta property=\"og:site_name\" content=\"Spacewell | A Nemetschek Company\" \/>\n<meta property=\"article:publisher\" content=\"https:\/\/www.facebook.com\/SpacewellHQ\" \/>\n<meta property=\"article:modified_time\" content=\"2023-11-20T13:48:04+00:00\" \/>\n<meta property=\"og:image\" content=\"https:\/\/spacewell.com\/wp-content\/uploads\/2023\/10\/open-meeting-space-1200x630-1.png\" \/>\n\t<meta property=\"og:image:width\" content=\"1200\" \/>\n\t<meta property=\"og:image:height\" content=\"630\" \/>\n\t<meta property=\"og:image:type\" content=\"image\/png\" \/>\n<meta name=\"twitter:card\" content=\"summary_large_image\" \/>\n<meta name=\"twitter:site\" content=\"@Spacewell_HQ\" \/>\n<meta name=\"twitter:label1\" content=\"Gesch\u00e4tzte Lesezeit\" \/>\n\t<meta name=\"twitter:data1\" content=\"1\u00a0Minute\" \/>\n<script type=\"application\/ld+json\" class=\"yoast-schema-graph\">{\"@context\":\"https:\\\/\\\/schema.org\",\"@graph\":[{\"@type\":\"WebPage\",\"@id\":\"https:\\\/\\\/spacewell.com\\\/de\\\/newsletter-anmeldung-vielen-dank\\\/\",\"url\":\"https:\\\/\\\/spacewell.com\\\/de\\\/newsletter-anmeldung-vielen-dank\\\/\",\"name\":\"Newsletter Anmeldung vielen Dank - Spacewell | A Nemetschek Company\",\"isPartOf\":{\"@id\":\"https:\\\/\\\/spacewell.com\\\/de\\\/#website\"},\"primaryImageOfPage\":{\"@id\":\"https:\\\/\\\/spacewell.com\\\/de\\\/newsletter-anmeldung-vielen-dank\\\/#primaryimage\"},\"image\":{\"@id\":\"https:\\\/\\\/spacewell.com\\\/de\\\/newsletter-anmeldung-vielen-dank\\\/#primaryimage\"},\"thumbnailUrl\":\"https:\\\/\\\/spacewell.com\\\/wp-content\\\/uploads\\\/2023\\\/10\\\/open-meeting-space-1200x630-1.png\",\"datePublished\":\"2023-11-20T13:31:51+00:00\",\"dateModified\":\"2023-11-20T13:48:04+00:00\",\"breadcrumb\":{\"@id\":\"https:\\\/\\\/spacewell.com\\\/de\\\/newsletter-anmeldung-vielen-dank\\\/#breadcrumb\"},\"inLanguage\":\"de\",\"potentialAction\":[{\"@type\":\"ReadAction\",\"target\":[\"https:\\\/\\\/spacewell.com\\\/de\\\/newsletter-anmeldung-vielen-dank\\\/\"]}]},{\"@type\":\"ImageObject\",\"inLanguage\":\"de\",\"@id\":\"https:\\\/\\\/spacewell.com\\\/de\\\/newsletter-anmeldung-vielen-dank\\\/#primaryimage\",\"url\":\"https:\\\/\\\/spacewell.com\\\/wp-content\\\/uploads\\\/2023\\\/10\\\/open-meeting-space-1200x630-1.png\",\"contentUrl\":\"https:\\\/\\\/spacewell.com\\\/wp-content\\\/uploads\\\/2023\\\/10\\\/open-meeting-space-1200x630-1.png\",\"width\":1200,\"height\":630,\"caption\":\"Mit freundlichen Gr\u00fc\u00dfen, Ihr Spacewell-Team\"},{\"@type\":\"BreadcrumbList\",\"@id\":\"https:\\\/\\\/spacewell.com\\\/de\\\/newsletter-anmeldung-vielen-dank\\\/#breadcrumb\",\"itemListElement\":[{\"@type\":\"ListItem\",\"position\":1,\"name\":\"Home\",\"item\":\"https:\\\/\\\/spacewell.com\\\/de\\\/\"},{\"@type\":\"ListItem\",\"position\":2,\"name\":\"Newsletter Anmeldung vielen Dank\"}]},{\"@type\":\"WebSite\",\"@id\":\"https:\\\/\\\/spacewell.com\\\/de\\\/#website\",\"url\":\"https:\\\/\\\/spacewell.com\\\/de\\\/\",\"name\":\"Spacewell | A Nemetschek Company\",\"description\":\"Make buildings work for people\",\"publisher\":{\"@id\":\"https:\\\/\\\/spacewell.com\\\/de\\\/#organization\"},\"potentialAction\":[{\"@type\":\"SearchAction\",\"target\":{\"@type\":\"EntryPoint\",\"urlTemplate\":\"https:\\\/\\\/spacewell.com\\\/de\\\/?s={search_term_string}\"},\"query-input\":{\"@type\":\"PropertyValueSpecification\",\"valueRequired\":true,\"valueName\":\"search_term_string\"}}],\"inLanguage\":\"de\"},{\"@type\":\"Organization\",\"@id\":\"https:\\\/\\\/spacewell.com\\\/de\\\/#organization\",\"name\":\"Spacewell | A Nemetschek Company\",\"url\":\"https:\\\/\\\/spacewell.com\\\/de\\\/\",\"logo\":{\"@type\":\"ImageObject\",\"inLanguage\":\"de\",\"@id\":\"https:\\\/\\\/spacewell.com\\\/de\\\/#\\\/schema\\\/logo\\\/image\\\/\",\"url\":\"https:\\\/\\\/spacewell.com\\\/wp-content\\\/uploads\\\/2023\\\/05\\\/spacewell-logo-500x88-1.webp\",\"contentUrl\":\"https:\\\/\\\/spacewell.com\\\/wp-content\\\/uploads\\\/2023\\\/05\\\/spacewell-logo-500x88-1.webp\",\"width\":500,\"height\":88,\"caption\":\"Spacewell | A Nemetschek Company\"},\"image\":{\"@id\":\"https:\\\/\\\/spacewell.com\\\/de\\\/#\\\/schema\\\/logo\\\/image\\\/\"},\"sameAs\":[\"https:\\\/\\\/www.facebook.com\\\/SpacewellHQ\",\"https:\\\/\\\/x.com\\\/Spacewell_HQ\"]}]}<\/script>\n<!-- \/ Yoast SEO Premium plugin. -->","yoast_head_json":{"title":"Newsletter Anmeldung vielen Dank - Spacewell | A Nemetschek Company","robots":{"index":"index","follow":"follow","max-snippet":"max-snippet:-1","max-image-preview":"max-image-preview:large","max-video-preview":"max-video-preview:-1"},"canonical":"https:\/\/spacewell.com\/de\/newsletter-anmeldung-vielen-dank\/","og_locale":"de_DE","og_type":"article","og_title":"Newsletter Anmeldung vielen Dank","og_description":"Willkommen bei Spacewell Vielen Dank, dass Sie unseren Newsletter abonniert haben. Sie werden ab sofort regelm\u00e4\u00dfig von uns \u00fcber Themen informiert, die f\u00fcr Sie von Interesse sind. Vielleicht m\u00f6chten Sie sich ja bereits das folgende Webinar ansehen? Wie digitale Zwillinge das Geb\u00e4udemanagement ver\u00e4ndern. M\u00f6chten Sie mehr erfahren? Bleiben Sie dran!Mit freundlichen Gr\u00fc\u00dfen","og_url":"https:\/\/spacewell.com\/de\/newsletter-anmeldung-vielen-dank\/","og_site_name":"Spacewell | A Nemetschek Company","article_publisher":"https:\/\/www.facebook.com\/SpacewellHQ","article_modified_time":"2023-11-20T13:48:04+00:00","og_image":[{"width":1200,"height":630,"url":"https:\/\/spacewell.com\/wp-content\/uploads\/2023\/10\/open-meeting-space-1200x630-1.png","type":"image\/png"}],"twitter_card":"summary_large_image","twitter_site":"@Spacewell_HQ","twitter_misc":{"Gesch\u00e4tzte Lesezeit":"1\u00a0Minute"},"schema":{"@context":"https:\/\/schema.org","@graph":[{"@type":"WebPage","@id":"https:\/\/spacewell.com\/de\/newsletter-anmeldung-vielen-dank\/","url":"https:\/\/spacewell.com\/de\/newsletter-anmeldung-vielen-dank\/","name":"Newsletter Anmeldung vielen Dank - Spacewell | A Nemetschek Company","isPartOf":{"@id":"https:\/\/spacewell.com\/de\/#website"},"primaryImageOfPage":{"@id":"https:\/\/spacewell.com\/de\/newsletter-anmeldung-vielen-dank\/#primaryimage"},"image":{"@id":"https:\/\/spacewell.com\/de\/newsletter-anmeldung-vielen-dank\/#primaryimage"},"thumbnailUrl":"https:\/\/spacewell.com\/wp-content\/uploads\/2023\/10\/open-meeting-space-1200x630-1.png","datePublished":"2023-11-20T13:31:51+00:00","dateModified":"2023-11-20T13:48:04+00:00","breadcrumb":{"@id":"https:\/\/spacewell.com\/de\/newsletter-anmeldung-vielen-dank\/#breadcrumb"},"inLanguage":"de","potentialAction":[{"@type":"ReadAction","target":["https:\/\/spacewell.com\/de\/newsletter-anmeldung-vielen-dank\/"]}]},{"@type":"ImageObject","inLanguage":"de","@id":"https:\/\/spacewell.com\/de\/newsletter-anmeldung-vielen-dank\/#primaryimage","url":"https:\/\/spacewell.com\/wp-content\/uploads\/2023\/10\/open-meeting-space-1200x630-1.png","contentUrl":"https:\/\/spacewell.com\/wp-content\/uploads\/2023\/10\/open-meeting-space-1200x630-1.png","width":1200,"height":630,"caption":"Mit freundlichen Gr\u00fc\u00dfen, Ihr Spacewell-Team"},{"@type":"BreadcrumbList","@id":"https:\/\/spacewell.com\/de\/newsletter-anmeldung-vielen-dank\/#breadcrumb","itemListElement":[{"@type":"ListItem","position":1,"name":"Home","item":"https:\/\/spacewell.com\/de\/"},{"@type":"ListItem","position":2,"name":"Newsletter Anmeldung vielen Dank"}]},{"@type":"WebSite","@id":"https:\/\/spacewell.com\/de\/#website","url":"https:\/\/spacewell.com\/de\/","name":"Spacewell | A Nemetschek Company","description":"Make buildings work for people","publisher":{"@id":"https:\/\/spacewell.com\/de\/#organization"},"potentialAction":[{"@type":"SearchAction","target":{"@type":"EntryPoint","urlTemplate":"https:\/\/spacewell.com\/de\/?s={search_term_string}"},"query-input":{"@type":"PropertyValueSpecification","valueRequired":true,"valueName":"search_term_string"}}],"inLanguage":"de"},{"@type":"Organization","@id":"https:\/\/spacewell.com\/de\/#organization","name":"Spacewell | A Nemetschek Company","url":"https:\/\/spacewell.com\/de\/","logo":{"@type":"ImageObject","inLanguage":"de","@id":"https:\/\/spacewell.com\/de\/#\/schema\/logo\/image\/","url":"https:\/\/spacewell.com\/wp-content\/uploads\/2023\/05\/spacewell-logo-500x88-1.webp","contentUrl":"https:\/\/spacewell.com\/wp-content\/uploads\/2023\/05\/spacewell-logo-500x88-1.webp","width":500,"height":88,"caption":"Spacewell | A Nemetschek Company"},"image":{"@id":"https:\/\/spacewell.com\/de\/#\/schema\/logo\/image\/"},"sameAs":["https:\/\/www.facebook.com\/SpacewellHQ","https:\/\/x.com\/Spacewell_HQ"]}]}},"_links":{"self":[{"href":"https:\/\/spacewell.com\/de\/wp-json\/wp\/v2\/pages\/27774","targetHints":{"allow":["GET"]}}],"collection":[{"href":"https:\/\/spacewell.com\/de\/wp-json\/wp\/v2\/pages"}],"about":[{"href":"https:\/\/spacewell.com\/de\/wp-json\/wp\/v2\/types\/page"}],"author":[{"embeddable":true,"href":"https:\/\/spacewell.com\/de\/wp-json\/wp\/v2\/users\/29"}],"replies":[{"embeddable":true,"href":"https:\/\/spacewell.com\/de\/wp-json\/wp\/v2\/comments?post=27774"}],"version-history":[{"count":11,"href":"https:\/\/spacewell.com\/de\/wp-json\/wp\/v2\/pages\/27774\/revisions"}],"predecessor-version":[{"id":27777,"href":"https:\/\/spacewell.com\/de\/wp-json\/wp\/v2\/pages\/27774\/revisions\/27777"}],"wp:featuredmedia":[{"embeddable":true,"href":"https:\/\/spacewell.com\/de\/wp-json\/wp\/v2\/media\/23745"}],"wp:attachment":[{"href":"https:\/\/spacewell.com\/de\/wp-json\/wp\/v2\/media?parent=27774"}],"curies":[{"name":"wp","href":"https:\/\/api.w.org\/{rel}","templated":true}]}}